{"id":990,"date":"2022-09-01T07:51:58","date_gmt":"2022-09-01T07:51:58","guid":{"rendered":"https:\/\/cover-flip.com\/?page_id=990"},"modified":"2022-09-06T07:07:06","modified_gmt":"2022-09-06T07:07:06","slug":"impressum","status":"publish","type":"page","link":"https:\/\/cover-flip.com\/sv\/impressum\/","title":{"rendered":"Impressum"},"content":{"rendered":"<h2 class=\"wp-block-heading\">Impressum<\/h2>\n\n\n\n<p>Vi f\u00f6rberedde webbplatserna sj\u00e4lva tillsammans med leverant\u00f6ren av webbtj\u00e4nster.<\/p>\n\n\n\n<p>Syftet med webbplatser<\/p>\n\n\n\n<p>Uppgifterna p\u00e5 webbplatsen \u00e4r av presentationskarakt\u00e4r inom omr\u00e5det f\u00f6r den grundl\u00e4ggande verksamhet som vi \u00e4r registrerade f\u00f6r - tillverkning av byggnads- och inredningsm\u00f6bler. Vi \u00e5tar oss att se till att informationen p\u00e5 webbplatsen \u00e4r sann, tillf\u00f6rlitlig och av god kvalitet.<\/p>\n\n\n\n<p>Vi f\u00f6rbeh\u00e5ller oss r\u00e4tten att n\u00e4r som helst och utan f\u00f6reg\u00e5ende meddelande \u00e4ndra inneh\u00e5llet om det inte \u00f6verensst\u00e4mmer med v\u00e5r f\u00f6retagspolicy.<\/p>\n\n\n\n<p>Nyttjander\u00e4tt<\/p>\n\n\n\n<p>Webbplatsen och allt dess inneh\u00e5ll \u00e4r skyddat av industriella och immateriella r\u00e4ttigheter. All information, text, bilder eller andra grafiska element som finns p\u00e5 denna webbplats f\u00e5r endast anv\u00e4ndas f\u00f6r personligt, icke-kommersiellt bruk och f\u00e5r inte, helt eller delvis, reproduceras, \u00e4ndras, distribueras, licensieras eller publiceras i form av publikationer f\u00f6r n\u00e5got annat \u00e4ndam\u00e5l \u00e4n visning utan f\u00f6reg\u00e5ende skriftligt tillst\u00e5nd fr\u00e5n administrat\u00f6ren.<\/p>\n\n\n\n<p>Att ta ansvar<\/p>\n\n\n\n<p>N\u00e4r vi utformar en webbplats f\u00f6rs\u00f6ker vi s\u00e4kerst\u00e4lla att uppgifterna \u00e4r uppdaterade och korrekta. Vi garanterar inte att de \u00e4r korrekta och fullst\u00e4ndiga och tar inte p\u00e5 oss n\u00e5got ansvar f\u00f6r anv\u00e4ndningen av dem. Alla anv\u00e4ndare anv\u00e4nder det publicerade inneh\u00e5llet p\u00e5 egen risk.<\/p>\n\n\n\n<p>Vi f\u00f6rbeh\u00e5ller oss r\u00e4tten att \u00e4ndra inneh\u00e5llet p\u00e5 v\u00e5ra webbplatser n\u00e4r som helst, p\u00e5 vilket s\u00e4tt som helst, av vilken anledning som helst och utan f\u00f6reg\u00e5ende meddelande.<\/p>\n\n\n\n<p>Tekniskt genomf\u00f6rande<\/p>\n\n\n\n<p>Det tekniska genomf\u00f6randet tillhandah\u00f6lls av f\u00f6retaget Marcelino doo i samarbete med v\u00e5rt f\u00f6retag.<\/p>\n\n\n\n<p>F\u00f6retagets namn<br>MARCELINO d.o.o.<\/p>\n\n\n\n<p>Adress<br>Kranj\u010deva ulica 4, Celje, 3000,Celje, Slovenija<\/p>\n\n\n\n<p>E-post: jurij.cvikl@marcelino.si<br>Webbplats: https:\/\/cover-flip.com\/<\/p>\n\n\n\n<p>Kontor: Slovenien<\/p>\n\n\n\n<p>Skattenummer: SI76044157<br>Registrering: 2276038000<\/p>","protected":false},"excerpt":{"rendered":"<p>Impressum Vi har sj\u00e4lva utarbetat webbplatserna tillsammans med leverant\u00f6ren av webbtj\u00e4nster. Webbplatsernas syfte Uppgifterna p\u00e5 webbplatsen \u00e4r av presentationskarakt\u00e4r inom omr\u00e5det f\u00f6r den grundl\u00e4ggande verksamhet som vi \u00e4r registrerade f\u00f6r - tillverkning av byggnads- och inredningsm\u00f6bler. Vi \u00e4r fast beslutna att se till att informationen p\u00e5 [...]<\/p>","protected":false},"author":2,"featured_media":0,"parent":0,"menu_order":0,"comment_status":"closed","ping_status":"open","template":"","meta":{"inline_featured_image":false,"ocean_post_layout":"","ocean_both_sidebars_style":"","ocean_both_sidebars_content_width":0,"ocean_both_sidebars_sidebars_width":0,"ocean_sidebar":"0","ocean_second_sidebar":"0","ocean_disable_margins":"enable","ocean_add_body_class":"","ocean_shortcode_before_top_bar":"","ocean_shortcode_after_top_bar":"","ocean_shortcode_before_header":"","ocean_shortcode_after_header":"","ocean_has_shortcode":"","ocean_shortcode_after_title":"","ocean_shortcode_before_footer_widgets":"","ocean_shortcode_after_footer_widgets":"","ocean_shortcode_before_footer_bottom":"","ocean_shortcode_after_footer_bottom":"","ocean_display_top_bar":"default","ocean_display_header":"default","ocean_header_style":"","ocean_center_header_left_menu":"0","ocean_custom_header_template":"0","ocean_custom_logo":0,"ocean_custom_retina_logo":0,"ocean_custom_logo_max_width":0,"ocean_custom_logo_tablet_max_width":0,"ocean_custom_logo_mobile_max_width":0,"ocean_custom_logo_max_height":0,"ocean_custom_logo_tablet_max_height":0,"ocean_custom_logo_mobile_max_height":0,"ocean_header_custom_menu":"0","ocean_menu_typo_font_family":"0","ocean_menu_typo_font_subset":"","ocean_menu_typo_font_size":0,"ocean_menu_typo_font_size_tablet":0,"ocean_menu_typo_font_size_mobile":0,"ocean_menu_typo_font_size_unit":"px","ocean_menu_typo_font_weight":"","ocean_menu_typo_font_weight_tablet":"","ocean_menu_typo_font_weight_mobile":"","ocean_menu_typo_transform":"","ocean_menu_typo_transform_tablet":"","ocean_menu_typo_transform_mobile":"","ocean_menu_typo_line_height":0,"ocean_menu_typo_line_height_tablet":0,"ocean_menu_typo_line_height_mobile":0,"ocean_menu_typo_line_height_unit":"","ocean_menu_typo_spacing":0,"ocean_menu_typo_spacing_tablet":0,"ocean_menu_typo_spacing_mobile":0,"ocean_menu_typo_spacing_unit":"","ocean_menu_link_color":"","ocean_menu_link_color_hover":"","ocean_menu_link_color_active":"","ocean_menu_link_background":"","ocean_menu_link_hover_background":"","ocean_menu_link_active_background":"","ocean_menu_social_links_bg":"","ocean_menu_social_hover_links_bg":"","ocean_menu_social_links_color":"","ocean_menu_social_hover_links_color":"","ocean_disable_title":"on","ocean_disable_heading":"default","ocean_post_title":"","ocean_post_subheading":"","ocean_post_title_style":"","ocean_post_title_background_color":"","ocean_post_title_background":0,"ocean_post_title_bg_image_position":"","ocean_post_title_bg_image_attachment":"","ocean_post_title_bg_image_repeat":"","ocean_post_title_bg_image_size":"","ocean_post_title_height":0,"ocean_post_title_bg_overlay":0.5,"ocean_post_title_bg_overlay_color":"","ocean_disable_breadcrumbs":"off","ocean_breadcrumbs_color":"","ocean_breadcrumbs_separator_color":"","ocean_breadcrumbs_links_color":"","ocean_breadcrumbs_links_hover_color":"","ocean_display_footer_widgets":"default","ocean_display_footer_bottom":"default","ocean_custom_footer_template":"0","footnotes":""},"aioseo_notices":[],"_links":{"self":[{"href":"https:\/\/cover-flip.com\/sv\/wp-json\/wp\/v2\/pages\/990"}],"collection":[{"href":"https:\/\/cover-flip.com\/sv\/wp-json\/wp\/v2\/pages"}],"about":[{"href":"https:\/\/cover-flip.com\/sv\/wp-json\/wp\/v2\/types\/page"}],"author":[{"embeddable":true,"href":"https:\/\/cover-flip.com\/sv\/wp-json\/wp\/v2\/users\/2"}],"replies":[{"embeddable":true,"href":"https:\/\/cover-flip.com\/sv\/wp-json\/wp\/v2\/comments?post=990"}],"version-history":[{"count":2,"href":"https:\/\/cover-flip.com\/sv\/wp-json\/wp\/v2\/pages\/990\/revisions"}],"predecessor-version":[{"id":1274,"href":"https:\/\/cover-flip.com\/sv\/wp-json\/wp\/v2\/pages\/990\/revisions\/1274"}],"wp:attachment":[{"href":"https:\/\/cover-flip.com\/sv\/wp-json\/wp\/v2\/media?parent=990"}],"curies":[{"name":"wp","href":"https:\/\/api.w.org\/{rel}","templated":true}]}}