{"id":985,"date":"2022-09-01T07:49:33","date_gmt":"2022-09-01T07:49:33","guid":{"rendered":"https:\/\/cover-flip.com\/?page_id=985"},"modified":"2022-09-02T08:43:49","modified_gmt":"2022-09-02T08:43:49","slug":"terms-and-conditions","status":"publish","type":"page","link":"https:\/\/cover-flip.com\/sv\/terms-and-conditions\/","title":{"rendered":"Villkor och best\u00e4mmelser"},"content":{"rendered":"<h2 class=\"wp-block-heading\">Villkor och best\u00e4mmelser<\/h2>\n\n\n\n<p><strong>V\u00e4lkommen till https:\/\/cover-flip.com\/!<\/strong><\/p>\n\n\n\n<p>Dessa villkor beskriver reglerna och best\u00e4mmelserna f\u00f6r anv\u00e4ndning av MARCELINO d.o.o..<\/p>\n\n\n\n<p>Webbplats, som finns p\u00e5&nbsp;<strong>https:\/\/cover-flip.com\/.<\/strong><\/p>\n\n\n\n<p>Genom att g\u00e5 in p\u00e5 denna webbplats antar vi att du accepterar dessa villkor. Forts\u00e4tt inte att anv\u00e4nda&nbsp;<strong>https:\/\/cover-flip.com\/<\/strong>&nbsp;om du inte godk\u00e4nner samtliga villkor som anges p\u00e5 denna sida.<\/p>\n\n\n\n<p>F\u00f6ljande terminologi g\u00e4ller f\u00f6r dessa villkor, integritetspolicy och friskrivningsklausul samt alla avtal: \"Kund\", \"Du\" och \"Din\" avser dig, den person som loggar in p\u00e5 denna webbplats och f\u00f6ljer f\u00f6retagets villkor. \"F\u00f6retaget\", \"Oss sj\u00e4lva\", \"Vi\", \"V\u00e5r\" och \"Oss\" h\u00e4nvisar till v\u00e5rt f\u00f6retag. \"Part\", \"Parter\" eller \"Oss\" avser b\u00e5de Kunden och oss sj\u00e4lva. Alla termer h\u00e4nvisar till erbjudande, godk\u00e4nnande och beaktande av betalning som \u00e4r n\u00f6dv\u00e4ndig f\u00f6r att genomf\u00f6ra processen med v\u00e5rt st\u00f6d till kunden p\u00e5 l\u00e4mpligaste s\u00e4tt f\u00f6r det uttryckliga syftet att tillgodose kundens behov n\u00e4r det g\u00e4ller tillhandah\u00e5llande av f\u00f6retagets angivna tj\u00e4nster, i enlighet med och med f\u00f6rbeh\u00e5ll f\u00f6r r\u00e5dande lag i Slovenien. All anv\u00e4ndning av ovanst\u00e5ende terminologi eller andra ord i singular, plural, stor bokstav och\/eller han\/hon eller de, anses vara utbytbara och h\u00e4nvisar d\u00e4rf\u00f6r till samma sak.<\/p>\n\n\n\n<p><strong>Kakor<\/strong><\/p>\n\n\n\n<p>Vi anv\u00e4nder oss av cookies. Genom att bes\u00f6ka&nbsp;<strong>https:\/\/cover-flip.com\/<\/strong>, samtyckte du till att anv\u00e4nda cookies i enlighet med MARCELINO d.o.o. sekretesspolicy.<\/p>\n\n\n\n<p>De flesta interaktiva webbplatser anv\u00e4nder cookies f\u00f6r att vi ska kunna h\u00e4mta anv\u00e4ndarens uppgifter vid varje bes\u00f6k. Cookies anv\u00e4nds av v\u00e5r webbplats f\u00f6r att m\u00f6jligg\u00f6ra funktionalitet i vissa omr\u00e5den f\u00f6r att g\u00f6ra det enklare f\u00f6r personer som bes\u00f6ker v\u00e5r webbplats. Vissa av v\u00e5ra affiliate-\/reklampartners kan ocks\u00e5 anv\u00e4nda cookies.<\/p>\n\n\n\n<p><strong>Licens<\/strong><\/p>\n\n\n\n<p>Om inte annat anges \u00e4ger MARCELINO d.o.o. och\/eller dess licensgivare de immateriella r\u00e4ttigheterna f\u00f6r allt material p\u00e5 https:\/\/cover-flip.com\/. Alla immateriella r\u00e4ttigheter \u00e4r reserverade. Du kan komma \u00e5t detta fr\u00e5n https:\/\/cover-flip.com\/. f\u00f6r ditt eget personliga bruk underkastat begr\u00e4nsningar som anges i dessa villkor.<\/p>\n\n\n\n<p><strong>Det f\u00e5r du inte:<\/strong><\/p>\n\n\n\n<p>\u00c5terpublicera material fr\u00e5n https:\/\/cover-flip.com\/.<br>S\u00e4lja, hyra eller underlicensiera material fr\u00e5n https:\/\/cover-flip.com\/.<br>Reproducera, duplicera eller kopiera material fr\u00e5n https:\/\/cover-flip.com\/.<br>Vidaredistribuera inneh\u00e5ll fr\u00e5n https:\/\/cover-flip.com\/.<\/p>\n\n\n\n<p>Detta avtal skall b\u00f6rja g\u00e4lla den dag som anges i detta avtal.<\/p>\n\n\n\n<p>Delar av denna webbplats erbjuder en m\u00f6jlighet f\u00f6r anv\u00e4ndare att publicera och utbyta \u00e5sikter och information i vissa omr\u00e5den p\u00e5 webbplatsen. MARCELINO d.o.o. filtrerar, redigerar, publicerar eller granskar inte kommentarer innan de visas p\u00e5 webbplatsen. Kommentarer \u00e5terspeglar inte \u00e5sikter och \u00e5sikter fr\u00e5n MARCELINO d.o.o., dess agenter och \/ eller dotterbolag. Kommentarer \u00e5terspeglar \u00e5sikter och \u00e5sikter fr\u00e5n den person som publicerar sina \u00e5sikter och \u00e5sikter. I den utstr\u00e4ckning som till\u00e5ts enligt g\u00e4llande lagar ska MARCELINO d.o.o. inte h\u00e5llas ansvarig f\u00f6r kommentarerna eller f\u00f6r n\u00e5got ansvar, skador eller kostnader som orsakats och \/ eller lidits till f\u00f6ljd av n\u00e5gon anv\u00e4ndning av och \/ eller publicering av och \/ eller utseende av kommentarerna p\u00e5 denna webbplats.<\/p>\n\n\n\n<p>MARCELINO d.o.o. f\u00f6rbeh\u00e5ller sig r\u00e4tten att \u00f6vervaka alla kommentarer och att ta bort alla kommentarer som kan anses vara ol\u00e4mpliga, st\u00f6tande eller orsakar brott mot dessa villkor.<\/p>\n\n\n\n<p><strong>Du garanterar och f\u00f6rs\u00e4krar att:<\/strong><\/p>\n\n\n\n<p>Du har r\u00e4tt att publicera kommentarerna p\u00e5 v\u00e5r webbplats och har alla n\u00f6dv\u00e4ndiga licenser och samtycken f\u00f6r att g\u00f6ra det;<br>Kommentarerna inkr\u00e4ktar inte p\u00e5 n\u00e5gon immateriell r\u00e4ttighet, inklusive utan begr\u00e4nsning upphovsr\u00e4tt, patent eller varum\u00e4rke f\u00f6r n\u00e5gon tredje part;<br>Kommentarerna inneh\u00e5ller inte n\u00e5got \u00e4rekr\u00e4nkande, \u00e4rekr\u00e4nkande, st\u00f6tande, oanst\u00e4ndigt eller p\u00e5 annat s\u00e4tt olagligt material som \u00e4r en invasion av privatlivet<br>Kommentarerna kommer inte att anv\u00e4ndas f\u00f6r att beg\u00e4ra eller marknadsf\u00f6ra aff\u00e4rer eller anpassade eller nuvarande kommersiella aktiviteter eller olaglig verksamhet.<\/p>\n\n\n\n<p>Du ger h\u00e4rmed MARCELINO d.o.o. en icke-exklusiv licens att anv\u00e4nda, reproducera, redigera och auktorisera andra att anv\u00e4nda, reproducera och redigera n\u00e5gon av dina kommentarer i alla former, format eller media.<\/p>\n\n\n\n<p><strong>Hyperl\u00e4nkning till v\u00e5rt inneh\u00e5ll<\/strong><\/p>\n\n\n\n<p>F\u00f6ljande organisationer f\u00e5r l\u00e4nka till v\u00e5r webbplats utan f\u00f6reg\u00e5ende skriftligt godk\u00e4nnande:<\/p>\n\n\n\n<p>Statliga organ;<br>S\u00f6kmotorer;<br>Nyhetsorganisationer;<br>Distribut\u00f6rer av onlinekataloger kan l\u00e4nka till v\u00e5r webbplats p\u00e5 samma s\u00e4tt som de l\u00e4nkar till webbplatser f\u00f6r andra listade f\u00f6retag; och<br>Ackrediterade f\u00f6retag i hela systemet med undantag f\u00f6r ideella organisationer, shoppingcenter f\u00f6r v\u00e4lg\u00f6renhet och insamlingsgrupper f\u00f6r v\u00e4lg\u00f6renhet som inte f\u00e5r hyperl\u00e4nka till v\u00e5r webbplats.<\/p>\n\n\n\n<p>Dessa organisationer f\u00e5r l\u00e4nka till v\u00e5r hemsida, till publikationer eller till annan information p\u00e5 webbplatsen s\u00e5 l\u00e4nge som l\u00e4nken: (a) inte p\u00e5 n\u00e5got s\u00e4tt \u00e4r vilseledande; (b) inte felaktigt antyder sponsring, st\u00f6d eller godk\u00e4nnande av den l\u00e4nkande parten och dess produkter och\/eller tj\u00e4nster; och (c) passar in i sammanhanget p\u00e5 den l\u00e4nkande partens webbplats.<\/p>\n\n\n\n<p>Vi kan \u00f6verv\u00e4ga och godk\u00e4nna andra l\u00e4nkf\u00f6rfr\u00e5gningar fr\u00e5n f\u00f6ljande typer av organisationer:<\/p>\n\n\n\n<p>allm\u00e4nt k\u00e4nda informationsk\u00e4llor f\u00f6r konsumenter och\/eller f\u00f6retag;<br>comgemenskapens webbplatser;<br>f\u00f6reningar eller andra grupper som f\u00f6retr\u00e4der v\u00e4lg\u00f6renhetsorganisationer;<br>distribut\u00f6rer av onlinekataloger;<br>internetportaler;<br>revisions-, advokat- och konsultf\u00f6retag, och<br>utbildningsinstitutioner och branschorganisationer.<\/p>\n\n\n\n<p>Vi kommer att godk\u00e4nna l\u00e4nkf\u00f6rfr\u00e5gningar fr\u00e5n dessa organisationer om vi beslutar att: (a) l\u00e4nken inte skulle ge oss en negativ bild av oss sj\u00e4lva eller av v\u00e5ra ackrediterade f\u00f6retag; (b) organisationen inte har n\u00e5gra negativa uppgifter om oss; (c) f\u00f6rdelen f\u00f6r oss av att hyperl\u00e4nken \u00e4r synlig kompenserar fr\u00e5nvaron av MARCELINO d.o.o.; och (d) l\u00e4nken \u00e4r i samband med allm\u00e4n resursinformation.<\/p>\n\n\n\n<p>Dessa organisationer f\u00e5r l\u00e4nka till v\u00e5r hemsida s\u00e5 l\u00e4nge l\u00e4nken: (a) inte p\u00e5 n\u00e5got s\u00e4tt \u00e4r vilseledande; (b) inte felaktigt antyder sponsring, st\u00f6d eller godk\u00e4nnande av den l\u00e4nkande parten och dess produkter eller tj\u00e4nster; och (c) passar in i sammanhanget p\u00e5 den l\u00e4nkande partens webbplats.<\/p>\n\n\n\n<p>Om du \u00e4r en av de organisationer som anges i punkt 2 ovan och \u00e4r intresserad av att l\u00e4nka till v\u00e5r webbplats, m\u00e5ste du informera oss genom att skicka ett e-postmeddelande till jurij.cvikl@marcelino.si. V\u00e4nligen inkludera ditt namn, din organisations namn, kontaktinformation samt webbadressen till din webbplats, en lista \u00f6ver alla webbadresser fr\u00e5n vilka du avser att l\u00e4nka till v\u00e5r webbplats och en lista \u00f6ver de webbadresser p\u00e5 v\u00e5r webbplats som du vill l\u00e4nka till. V\u00e4nta 2-3 veckor p\u00e5 svar.<\/p>\n\n\n\n<p>Godk\u00e4nda organisationer f\u00e5r hyperl\u00e4nka till v\u00e5r webbplats enligt f\u00f6ljande:<\/p>\n\n\n\n<p>Genom anv\u00e4ndning av v\u00e5rt f\u00f6retagsnamn; eller<br>Genom anv\u00e4ndning av den enhetliga resurslokaliserare som l\u00e4nkas till, eller<br>Genom att anv\u00e4nda n\u00e5gon annan beskrivning av v\u00e5r webbplats som l\u00e4nkas till som \u00e4r meningsfull i sammanhanget och formatet f\u00f6r inneh\u00e5llet p\u00e5 den l\u00e4nkande partens webbplats.<\/p>\n\n\n\n<p>Ingen anv\u00e4ndning av MARCELINO d.o.o.:s logotyp eller andra illustrationer kommer att till\u00e5tas f\u00f6r l\u00e4nkning utan ett licensavtal f\u00f6r varum\u00e4rket.<\/p>\n\n\n\n<p><strong>iFrames<\/strong><\/p>\n\n\n\n<p>Utan f\u00f6reg\u00e5ende godk\u00e4nnande och skriftligt tillst\u00e5nd f\u00e5r du inte skapa ramar runt v\u00e5ra webbsidor som p\u00e5 n\u00e5got s\u00e4tt f\u00f6r\u00e4ndrar den visuella presentationen eller utseendet p\u00e5 v\u00e5r webbplats.<\/p>\n\n\n\n<p><strong>Ansvar f\u00f6r inneh\u00e5ll<\/strong><\/p>\n\n\n\n<p>Vi ska inte h\u00e5llas ansvariga f\u00f6r n\u00e5got inneh\u00e5ll som visas p\u00e5 din webbplats. Du samtycker till att skydda och f\u00f6rsvara oss mot alla anspr\u00e5k som framf\u00f6rs p\u00e5 din webbplats. Inga l\u00e4nkar f\u00e5r f\u00f6rekomma p\u00e5 n\u00e5gon webbplats som kan tolkas som \u00e4rekr\u00e4nkande, obscen eller kriminell, eller som inkr\u00e4ktar p\u00e5, p\u00e5 annat s\u00e4tt bryter mot, eller f\u00f6respr\u00e5kar intr\u00e5ng eller annan kr\u00e4nkning av, tredje parts r\u00e4ttigheter.<\/p>\n\n\n\n<p><strong>F\u00f6rbeh\u00e5ll f\u00f6r r\u00e4ttigheter<\/strong><\/p>\n\n\n\n<p>Vi f\u00f6rbeh\u00e5ller oss r\u00e4tten att beg\u00e4ra att du tar bort alla l\u00e4nkar eller n\u00e5gon s\u00e4rskild l\u00e4nk till v\u00e5r webbplats. Du godk\u00e4nner att omedelbart ta bort alla l\u00e4nkar till v\u00e5r webbplats p\u00e5 beg\u00e4ran. Vi f\u00f6rbeh\u00e5ller oss ocks\u00e5 r\u00e4tten att n\u00e4r som helst \u00e4ndra dessa villkor och dess l\u00e4nkningspolicy. Genom att kontinuerligt l\u00e4nka till v\u00e5r webbplats samtycker du till att vara bunden till och f\u00f6lja dessa l\u00e4nkvillkor.<\/p>\n\n\n\n<p><strong>Borttagning av l\u00e4nkar fr\u00e5n v\u00e5r webbplats<\/strong><\/p>\n\n\n\n<p>Om du hittar n\u00e5gon l\u00e4nk p\u00e5 v\u00e5r webbplats som \u00e4r st\u00f6tande av n\u00e5gon anledning, \u00e4r du fri att kontakta och informera oss n\u00e4r som helst. Vi kommer att \u00f6verv\u00e4ga f\u00f6rfr\u00e5gningar om att ta bort l\u00e4nkar, men vi \u00e4r inte skyldiga att g\u00f6ra det eller att svara dig direkt.<\/p>\n\n\n\n<p>Vi garanterar inte att informationen p\u00e5 denna webbplats \u00e4r korrekt, vi garanterar inte att den \u00e4r fullst\u00e4ndig eller korrekt, och vi lovar inte heller att se till att webbplatsen f\u00f6rblir tillg\u00e4nglig eller att materialet p\u00e5 webbplatsen h\u00e5lls uppdaterat.<\/p>\n\n\n\n<p><strong>Friskrivningsklausul<\/strong><br>I den utstr\u00e4ckning som till\u00e5ts enligt till\u00e4mplig lag utesluter vi alla utf\u00e4stelser, garantier och villkor som r\u00f6r v\u00e5r webbplats och anv\u00e4ndningen av denna webbplats. Ingenting i denna ansvarsfriskrivning kommer att:<\/p>\n\n\n\n<p>begr\u00e4nsa eller utesluta v\u00e5rt eller ert ansvar f\u00f6r d\u00f6dsfall eller personskada;<br>begr\u00e4nsa eller utesluta v\u00e5rt eller ditt ansvar f\u00f6r bedr\u00e4geri eller bedr\u00e4gligt vilseledande;<br>begr\u00e4nsa n\u00e5got av v\u00e5ra eller dina ansvar p\u00e5 n\u00e5got s\u00e4tt som inte \u00e4r till\u00e5tet enligt till\u00e4mplig lag, eller<br>utesluta n\u00e5got av v\u00e5ra eller era ansvar som inte f\u00e5r uteslutas enligt till\u00e4mplig lag.<br>De ansvarsbegr\u00e4nsningar och ansvarsf\u00f6rbud som anges i detta avsnitt och p\u00e5 andra st\u00e4llen i denna friskrivningsklausul: (a) omfattas av f\u00f6reg\u00e5ende stycke; och (b) reglerar alla skyldigheter som uppst\u00e5r enligt friskrivningsklausulen, inklusive skyldigheter som uppst\u00e5r p\u00e5 grund av avtal, skadest\u00e5nd och brott mot lagstadgad skyldighet.<br>S\u00e5 l\u00e4nge webbplatsen och informationen och tj\u00e4nsterna p\u00e5 webbplatsen tillhandah\u00e5lls kostnadsfritt \u00e4r vi inte ansvariga f\u00f6r n\u00e5gon f\u00f6rlust eller skada av n\u00e5got slag.<\/p>\n\n\n\n<p><strong>Utomr\u00e4ttslig l\u00f6sning av konsumenttvister<\/strong><\/p>\n\n\n\n<p>F\u00f6retaget MARCELINO d.o.o. i enlighet med r\u00e4ttsliga standarder erk\u00e4nner inte n\u00e5gon utf\u00f6rare av utomr\u00e4ttslig l\u00f6sning av konsumenttvister som ansvarig f\u00f6r att l\u00f6sa konsumenttvister som konsumenten kan initiera i enlighet med lagen om utomr\u00e4ttslig l\u00f6sning av konsumenttvister. F\u00f6retaget MARCELINO d.o.o., som tillhandah\u00e5ller varor och tj\u00e4nster, publicerar p\u00e5 sin webbplats en elektronisk l\u00e4nk till plattformen f\u00f6r tvistl\u00f6sning online f\u00f6r konsumenter (ODRP). Plattformen \u00e4r tillg\u00e4nglig f\u00f6r konsumenter via den elektroniska l\u00e4nken http:\/\/ec.europa.eu\/odr. Ovanst\u00e5ende f\u00f6rordning baseras p\u00e5 lagen om reglering av konsumenttvister utanf\u00f6r domstol, Europaparlamentets och r\u00e5dets f\u00f6rordning (EU) nr 524\/2013 om reglering av konsumenttvister online och om \u00e4ndring av f\u00f6rordning (EG) nr 2016\/2004 och direktivet<\/p>","protected":false},"excerpt":{"rendered":"<p>Villkor och best\u00e4mmelser V\u00e4lkommen till https:\/\/cover-flip.com\/! Dessa villkor beskriver reglerna och best\u00e4mmelserna f\u00f6r anv\u00e4ndning av MARCELINO d.o.o.. Webbplats, som finns p\u00e5 https:\/\/cover-flip.com\/. Genom att g\u00e5 in p\u00e5 denna webbplats antar vi att du accepterar dessa villkor. Forts\u00e4tt inte att anv\u00e4nda https:\/\/cover-flip.com\/ om du inte samtycker till att ta alla de villkor som anges p\u00e5 [...]<\/p>","protected":false},"author":2,"featured_media":0,"parent":0,"menu_order":0,"comment_status":"closed","ping_status":"open","template":"","meta":{"inline_featured_image":false,"ocean_post_layout":"","ocean_both_sidebars_style":"","ocean_both_sidebars_content_width":0,"ocean_both_sidebars_sidebars_width":0,"ocean_sidebar":"0","ocean_second_sidebar":"0","ocean_disable_margins":"enable","ocean_add_body_class":"","ocean_shortcode_before_top_bar":"","ocean_shortcode_after_top_bar":"","ocean_shortcode_before_header":"","ocean_shortcode_after_header":"","ocean_has_shortcode":"","ocean_shortcode_after_title":"","ocean_shortcode_before_footer_widgets":"","ocean_shortcode_after_footer_widgets":"","ocean_shortcode_before_footer_bottom":"","ocean_shortcode_after_footer_bottom":"","ocean_display_top_bar":"default","ocean_display_header":"default","ocean_header_style":"","ocean_center_header_left_menu":"0","ocean_custom_header_template":"0","ocean_custom_logo":0,"ocean_custom_retina_logo":0,"ocean_custom_logo_max_width":0,"ocean_custom_logo_tablet_max_width":0,"ocean_custom_logo_mobile_max_width":0,"ocean_custom_logo_max_height":0,"ocean_custom_logo_tablet_max_height":0,"ocean_custom_logo_mobile_max_height":0,"ocean_header_custom_menu":"0","ocean_menu_typo_font_family":"0","ocean_menu_typo_font_subset":"","ocean_menu_typo_font_size":0,"ocean_menu_typo_font_size_tablet":0,"ocean_menu_typo_font_size_mobile":0,"ocean_menu_typo_font_size_unit":"px","ocean_menu_typo_font_weight":"","ocean_menu_typo_font_weight_tablet":"","ocean_menu_typo_font_weight_mobile":"","ocean_menu_typo_transform":"","ocean_menu_typo_transform_tablet":"","ocean_menu_typo_transform_mobile":"","ocean_menu_typo_line_height":0,"ocean_menu_typo_line_height_tablet":0,"ocean_menu_typo_line_height_mobile":0,"ocean_menu_typo_line_height_unit":"","ocean_menu_typo_spacing":0,"ocean_menu_typo_spacing_tablet":0,"ocean_menu_typo_spacing_mobile":0,"ocean_menu_typo_spacing_unit":"","ocean_menu_link_color":"","ocean_menu_link_color_hover":"","ocean_menu_link_color_active":"","ocean_menu_link_background":"","ocean_menu_link_hover_background":"","ocean_menu_link_active_background":"","ocean_menu_social_links_bg":"","ocean_menu_social_hover_links_bg":"","ocean_menu_social_links_color":"","ocean_menu_social_hover_links_color":"","ocean_disable_title":"on","ocean_disable_heading":"default","ocean_post_title":"","ocean_post_subheading":"","ocean_post_title_style":"","ocean_post_title_background_color":"","ocean_post_title_background":0,"ocean_post_title_bg_image_position":"","ocean_post_title_bg_image_attachment":"","ocean_post_title_bg_image_repeat":"","ocean_post_title_bg_image_size":"","ocean_post_title_height":0,"ocean_post_title_bg_overlay":0.5,"ocean_post_title_bg_overlay_color":"","ocean_disable_breadcrumbs":"off","ocean_breadcrumbs_color":"","ocean_breadcrumbs_separator_color":"","ocean_breadcrumbs_links_color":"","ocean_breadcrumbs_links_hover_color":"","ocean_display_footer_widgets":"default","ocean_display_footer_bottom":"default","ocean_custom_footer_template":"0","footnotes":""},"aioseo_notices":[],"_links":{"self":[{"href":"https:\/\/cover-flip.com\/sv\/wp-json\/wp\/v2\/pages\/985"}],"collection":[{"href":"https:\/\/cover-flip.com\/sv\/wp-json\/wp\/v2\/pages"}],"about":[{"href":"https:\/\/cover-flip.com\/sv\/wp-json\/wp\/v2\/types\/page"}],"author":[{"embeddable":true,"href":"https:\/\/cover-flip.com\/sv\/wp-json\/wp\/v2\/users\/2"}],"replies":[{"embeddable":true,"href":"https:\/\/cover-flip.com\/sv\/wp-json\/wp\/v2\/comments?post=985"}],"version-history":[{"count":2,"href":"https:\/\/cover-flip.com\/sv\/wp-json\/wp\/v2\/pages\/985\/revisions"}],"predecessor-version":[{"id":1273,"href":"https:\/\/cover-flip.com\/sv\/wp-json\/wp\/v2\/pages\/985\/revisions\/1273"}],"wp:attachment":[{"href":"https:\/\/cover-flip.com\/sv\/wp-json\/wp\/v2\/media?parent=985"}],"curies":[{"name":"wp","href":"https:\/\/api.w.org\/{rel}","templated":true}]}}