{"id":990,"date":"2022-09-01T07:51:58","date_gmt":"2022-09-01T07:51:58","guid":{"rendered":"https:\/\/cover-flip.com\/?page_id=990"},"modified":"2022-09-06T07:07:06","modified_gmt":"2022-09-06T07:07:06","slug":"impressum","status":"publish","type":"page","link":"https:\/\/cover-flip.com\/sl\/impressum\/","title":{"rendered":"Impressum"},"content":{"rendered":"<h2 class=\"wp-block-heading\">Impressum<\/h2>\n\n\n\n<p>Spletne strani smo skupaj s ponudnikom spletnih storitev pripravili sami.<\/p>\n\n\n\n<p>Namen spletnih strani<\/p>\n\n\n\n<p>Podatki na spletni strani so predstavitvene narave na podro\u010dju osnovne dejavnosti, za katero smo registrirani - proizvodnja stavbnega in notranjega pohi\u0161tva. Prizadevamo si, da so podatki na spletnem mestu resni\u010dni, zanesljivi in kakovostni.<\/p>\n\n\n\n<p>Ne odgovarjamo za morebitne tipkarske napake, pridr\u017eujemo si pravico, da kadar koli in brez predhodnega obvestila spremenimo vsebino, \u010de ta ni v skladu s politiko na\u0161ega podjetja.<\/p>\n\n\n\n<p>Pravica do uporabe<\/p>\n\n\n\n<p>Spletna stran in vsa njena vsebina sta za\u0161\u010diteni s pravicami industrijske in intelektualne lastnine. Vse informacije, besedila, slike ali druge grafi\u010dne elemente, ki jih najdete na tem spletnem mestu, lahko uporabljate izklju\u010dno za osebno, nekomercialno uporabo in jih brez predhodnega pisnega dovoljenja upravitelja ne smete v celoti ali delno razmno\u017eevati, spreminjati, distribuirati, licencirati ali objavljati v obliki publikacij za kakr\u0161en koli namen, razen za ogled.<\/p>\n\n\n\n<p>Prevzemanje odgovornosti<\/p>\n\n\n\n<p>Pri oblikovanju spletnega mesta se trudimo zagotoviti a\u017eurnost in to\u010dnost podatkov. Za njihovo to\u010dnost in popolnost ne jam\u010dimo in ne prevzemamo nobene odgovornosti, ki bi izhajala iz njihove uporabe. Vsi uporabniki uporabljajo objavljene vsebine na lastno odgovornost.<\/p>\n\n\n\n<p>Pridr\u017eujemo si pravico, da kadar koli, na kakr\u0161en koli na\u010din, iz kakr\u0161nega koli razloga in brez predhodnega obvestila spremenimo vsebino na\u0161ih spletnih mest.<\/p>\n\n\n\n<p>Tehnolo\u0161ko izvajanje<\/p>\n\n\n\n<p>Za tehnolo\u0161ko izvedbo je poskrbelo podjetje Marcelino doo v sodelovanju z na\u0161im podjetjem.<\/p>\n\n\n\n<p>Ime podjetja<br>MARCELINO d.o.o.<\/p>\n\n\n\n<p>Naslov<br>Kranj\u010deva ulica 4, Celje, 3000,Celje, Slovenija<\/p>\n\n\n\n<p>E-naslov: jurij.cvikl@marcelino.si<br>Spletna stran: https:\/\/cover-flip.com\/<\/p>\n\n\n\n<p>Pisarna: Slovenija<\/p>\n\n\n\n<p>Dav\u010dna \u0161tevilka: SI76044157<br>Registracija: 2276038000<\/p>","protected":false},"excerpt":{"rendered":"<p>Impressum Spletne strani smo skupaj s ponudnikom spletnih storitev pripravili sami. Namen spletnih strani Podatki na spletni strani so predstavitvene narave na podro\u010dju osnovne dejavnosti, za katero smo registrirani - proizvodnja stavbnega in notranjega pohi\u0161tva. Prizadevamo si zagotoviti, da so podatki na spletnih straneh [...]<\/p>","protected":false},"author":2,"featured_media":0,"parent":0,"menu_order":0,"comment_status":"closed","ping_status":"open","template":"","meta":{"inline_featured_image":false,"ocean_post_layout":"","ocean_both_sidebars_style":"","ocean_both_sidebars_content_width":0,"ocean_both_sidebars_sidebars_width":0,"ocean_sidebar":"0","ocean_second_sidebar":"0","ocean_disable_margins":"enable","ocean_add_body_class":"","ocean_shortcode_before_top_bar":"","ocean_shortcode_after_top_bar":"","ocean_shortcode_before_header":"","ocean_shortcode_after_header":"","ocean_has_shortcode":"","ocean_shortcode_after_title":"","ocean_shortcode_before_footer_widgets":"","ocean_shortcode_after_footer_widgets":"","ocean_shortcode_before_footer_bottom":"","ocean_shortcode_after_footer_bottom":"","ocean_display_top_bar":"default","ocean_display_header":"default","ocean_header_style":"","ocean_center_header_left_menu":"0","ocean_custom_header_template":"0","ocean_custom_logo":0,"ocean_custom_retina_logo":0,"ocean_custom_logo_max_width":0,"ocean_custom_logo_tablet_max_width":0,"ocean_custom_logo_mobile_max_width":0,"ocean_custom_logo_max_height":0,"ocean_custom_logo_tablet_max_height":0,"ocean_custom_logo_mobile_max_height":0,"ocean_header_custom_menu":"0","ocean_menu_typo_font_family":"0","ocean_menu_typo_font_subset":"","ocean_menu_typo_font_size":0,"ocean_menu_typo_font_size_tablet":0,"ocean_menu_typo_font_size_mobile":0,"ocean_menu_typo_font_size_unit":"px","ocean_menu_typo_font_weight":"","ocean_menu_typo_font_weight_tablet":"","ocean_menu_typo_font_weight_mobile":"","ocean_menu_typo_transform":"","ocean_menu_typo_transform_tablet":"","ocean_menu_typo_transform_mobile":"","ocean_menu_typo_line_height":0,"ocean_menu_typo_line_height_tablet":0,"ocean_menu_typo_line_height_mobile":0,"ocean_menu_typo_line_height_unit":"","ocean_menu_typo_spacing":0,"ocean_menu_typo_spacing_tablet":0,"ocean_menu_typo_spacing_mobile":0,"ocean_menu_typo_spacing_unit":"","ocean_menu_link_color":"","ocean_menu_link_color_hover":"","ocean_menu_link_color_active":"","ocean_menu_link_background":"","ocean_menu_link_hover_background":"","ocean_menu_link_active_background":"","ocean_menu_social_links_bg":"","ocean_menu_social_hover_links_bg":"","ocean_menu_social_links_color":"","ocean_menu_social_hover_links_color":"","ocean_disable_title":"on","ocean_disable_heading":"default","ocean_post_title":"","ocean_post_subheading":"","ocean_post_title_style":"","ocean_post_title_background_color":"","ocean_post_title_background":0,"ocean_post_title_bg_image_position":"","ocean_post_title_bg_image_attachment":"","ocean_post_title_bg_image_repeat":"","ocean_post_title_bg_image_size":"","ocean_post_title_height":0,"ocean_post_title_bg_overlay":0.5,"ocean_post_title_bg_overlay_color":"","ocean_disable_breadcrumbs":"off","ocean_breadcrumbs_color":"","ocean_breadcrumbs_separator_color":"","ocean_breadcrumbs_links_color":"","ocean_breadcrumbs_links_hover_color":"","ocean_display_footer_widgets":"default","ocean_display_footer_bottom":"default","ocean_custom_footer_template":"0","footnotes":""},"aioseo_notices":[],"_links":{"self":[{"href":"https:\/\/cover-flip.com\/sl\/wp-json\/wp\/v2\/pages\/990"}],"collection":[{"href":"https:\/\/cover-flip.com\/sl\/wp-json\/wp\/v2\/pages"}],"about":[{"href":"https:\/\/cover-flip.com\/sl\/wp-json\/wp\/v2\/types\/page"}],"author":[{"embeddable":true,"href":"https:\/\/cover-flip.com\/sl\/wp-json\/wp\/v2\/users\/2"}],"replies":[{"embeddable":true,"href":"https:\/\/cover-flip.com\/sl\/wp-json\/wp\/v2\/comments?post=990"}],"version-history":[{"count":2,"href":"https:\/\/cover-flip.com\/sl\/wp-json\/wp\/v2\/pages\/990\/revisions"}],"predecessor-version":[{"id":1274,"href":"https:\/\/cover-flip.com\/sl\/wp-json\/wp\/v2\/pages\/990\/revisions\/1274"}],"wp:attachment":[{"href":"https:\/\/cover-flip.com\/sl\/wp-json\/wp\/v2\/media?parent=990"}],"curies":[{"name":"wp","href":"https:\/\/api.w.org\/{rel}","templated":true}]}}