{"id":985,"date":"2022-09-01T07:49:33","date_gmt":"2022-09-01T07:49:33","guid":{"rendered":"https:\/\/cover-flip.com\/?page_id=985"},"modified":"2022-09-02T08:43:49","modified_gmt":"2022-09-02T08:43:49","slug":"terms-and-conditions","status":"publish","type":"page","link":"https:\/\/cover-flip.com\/sl\/terms-and-conditions\/","title":{"rendered":"Pogoji in dolo\u010dila"},"content":{"rendered":"<h2 class=\"wp-block-heading\">Pogoji in dolo\u010dila<\/h2>\n\n\n\n<p><strong>Dobrodo\u0161li na https:\/\/cover-flip.com\/!<\/strong><\/p>\n\n\n\n<p>V teh pogojih so opisana pravila in predpisi za uporabo spletne strani MARCELINO d.o.o..<\/p>\n\n\n\n<p>Spletno mesto, ki se nahaja na naslovu&nbsp;<strong>https:\/\/cover-flip.com\/.<\/strong><\/p>\n\n\n\n<p>Z dostopom do tega spletnega mesta domnevamo, da se strinjate s temi pogoji in dolo\u010dili. Ne nadaljujte z uporabo&nbsp;<strong>https:\/\/cover-flip.com\/<\/strong>&nbsp;\u010de se ne strinjate z vsemi pogoji, navedenimi na tej strani.<\/p>\n\n\n\n<p>Naslednja terminologija velja za te pogoje, izjavo o zasebnosti in obvestilo o zavrnitvi odgovornosti ter vse pogodbe: V primeru, da se na tem spletnem mestu prijavite vi, se \"stranka\", \"vi\" in \"va\u0161\" nana\u0161a na vas, osebo, ki se prijavlja na to spletno mesto in izpolnjuje pogoje dru\u017ebe. \"Podjetje\", \"mi\", \"mi\", \"na\u0161e\" in \"nas\" se nana\u0161a na na\u0161e podjetje. \"Stranka\", \"Stranke\" ali \"Mi\" se nana\u0161a na stranko in na nas. Vsi izrazi se nana\u0161ajo na ponudbo, sprejem in pla\u010dilo, ki je potrebno za izvedbo postopka na\u0161e pomo\u010di stranki na najprimernej\u0161i na\u010din z izrecnim namenom izpolnitve strankine potrebe v zvezi z zagotavljanjem navedenih storitev dru\u017ebe, v skladu s prevladujo\u010dim slovenskim pravom in ob upo\u0161tevanju le-tega. Kakr\u0161na koli uporaba zgoraj navedene terminologije ali drugih besed v ednini, mno\u017eini, pisanju z veliko za\u010detnico in\/ali on\/ona ali oni, se smatra kot zamenljiva in se zato nana\u0161a na isto.<\/p>\n\n\n\n<p><strong>Pi\u0161kotki<\/strong><\/p>\n\n\n\n<p>Uporabljamo pi\u0161kotke. Z dostopom do&nbsp;<strong>https:\/\/cover-flip.com\/<\/strong>, ste se strinjali z uporabo pi\u0161kotkov v skladu s politiko zasebnosti dru\u017ebe MARCELINO d.o.o.<\/p>\n\n\n\n<p>Ve\u010dina interaktivnih spletnih mest uporablja pi\u0161kotke, ki nam omogo\u010dajo, da ob vsakem obisku pridobimo podatke o uporabniku. Na\u0161e spletno mesto uporablja pi\u0161kotke za omogo\u010danje funkcionalnosti dolo\u010denih podro\u010dij, da bi ljudem, ki obi\u0161\u010dejo na\u0161e spletno mesto, olaj\u0161ali obisk. Pi\u0161kotke lahko uporabljajo tudi nekateri na\u0161i pridru\u017eeni\/ogla\u0161evalski partnerji.<\/p>\n\n\n\n<p><strong>Licenca<\/strong><\/p>\n\n\n\n<p>\u010ce ni navedeno druga\u010de, so MARCELINO d.o.o. in\/ali njegovi dajalci licenc lastniki pravic intelektualne lastnine za vse gradivo na https:\/\/cover-flip.com\/. Vse pravice intelektualne lastnine so pridr\u017eane. Do tega lahko dostopate s spletne strani https:\/\/cover-flip.com\/. za lastno uporabo ob upo\u0161tevanju omejitev, dolo\u010denih v teh pogojih.<\/p>\n\n\n\n<p><strong>Ne smete:<\/strong><\/p>\n\n\n\n<p>Ponovna objava gradiva s spletne strani https:\/\/cover-flip.com\/.<br>prodajati, najemati ali podlicencirati gradivo s spletne strani https:\/\/cover-flip.com\/.<br>razmno\u017eevanje, podvajanje ali kopiranje gradiva s spletne strani https:\/\/cover-flip.com\/.<br>Preoblikovanje vsebine iz spletne strani https:\/\/cover-flip.com\/.<\/p>\n\n\n\n<p>Ta sporazum za\u010dne veljati z dnem podpisa tega sporazuma.<\/p>\n\n\n\n<p>Del tega spletnega mesta ponuja uporabnikom mo\u017enost, da na dolo\u010denih podro\u010djih spletnega mesta objavljajo in izmenjujejo mnenja in informacije. MARCELINO d.o.o. ne filtrira, ureja, objavlja ali pregleduje komentarjev pred njihovo prisotnostjo na spletnem mestu. Komentarji ne odra\u017eajo stali\u0161\u010d in mnenj dru\u017ebe MARCELINO d.o.o., njenih zastopnikov in\/ali podru\u017enic. Komentarji odra\u017eajo stali\u0161\u010da in mnenja osebe, ki jih je objavila. V obsegu, ki ga dovoljuje veljavna zakonodaja, MARCELINO d.o.o. ne odgovarja za Komentarje ali za kakr\u0161no koli odgovornost, \u0161kodo ali stro\u0161ke, povzro\u010dene in\/ali nastale zaradi uporabe in\/ali objave in\/ali pojava Komentarjev na tem spletnem mestu.<\/p>\n\n\n\n<p>MARCELINO d.o.o. si pridr\u017euje pravico, da spremlja vse komentarje in odstrani vse komentarje, ki se lahko \u0161tejejo za neprimerne, \u017ealjive ali povzro\u010dajo kr\u0161itev teh pogojev.<\/p>\n\n\n\n<p><strong>Zagotavljate in izjavljate, da:<\/strong><\/p>\n\n\n\n<p>Upravi\u010deni ste do objave komentarjev na na\u0161em spletnem mestu in imate za to vsa potrebna dovoljenja in soglasja;<br>Komentarji ne posegajo v nobeno pravico intelektualne lastnine, vklju\u010dno z avtorskimi pravicami, patenti ali blagovnimi znamkami katere koli tretje osebe;<br>Komentarji ne vsebujejo \u017ealjivega, obrekovalnega, \u017ealjivega, nespodobnega ali kako druga\u010de nezakonitega gradiva, ki posega v zasebnost.<br>Komentarji se ne bodo uporabljali za nagovarjanje ali spodbujanje poslovanja ali obi\u010dajev ali predstavljanje komercialnih dejavnosti ali nezakonitih dejavnosti.<\/p>\n\n\n\n<p>Dru\u017ebi MARCELINO d.o.o. podeljujete neizklju\u010dno licenco za uporabo, razmno\u017eevanje, urejanje in poobla\u0161\u010danje drugih za uporabo, razmno\u017eevanje in urejanje vseh va\u0161ih komentarjev v vseh oblikah, formatih ali medijih.<\/p>\n\n\n\n<p><strong>Hiperpovezave na na\u0161o vsebino<\/strong><\/p>\n\n\n\n<p>Naslednje organizacije se lahko pove\u017eejo z na\u0161o spletno stranjo brez predhodne pisne odobritve:<\/p>\n\n\n\n<p>vladne agencije;<br>Iskalniki;<br>Novi\u010darske organizacije;<br>Distributerji spletnih imenikov lahko vzpostavijo povezavo do na\u0161ega spletnega mesta na enak na\u010din, kot vzpostavijo povezavo do spletnih mest drugih podjetij, ki so navedena na seznamu, in<br>Akreditirana podjetja v celotnem sistemu, razen neprofitnih organizacij, dobrodelnih nakupovalnih sredi\u0161\u010d in skupin za dobrodelno zbiranje sredstev, ki ne smejo vzpostaviti hiperpovezave do na\u0161ega spletnega mesta.<\/p>\n\n\n\n<p>Te organizacije se lahko pove\u017eejo z na\u0161o doma\u010do stranjo, publikacijami ali drugimi informacijami na spletnem mestu, \u010de je povezava ustrezna: (a) ni na noben na\u010din zavajajo\u010da; (b) ne pomeni la\u017enega namigovanja na sponzorstvo, potrditev ali odobritev stranke, ki povezuje, in njenih izdelkov in\/ali storitev; in (c) spada v kontekst spletnega mesta stranke, ki povezuje.<\/p>\n\n\n\n<p>Upo\u0161tevamo in odobrimo lahko tudi druge zahteve za povezave naslednjih vrst organizacij:<\/p>\n\n\n\n<p>splo\u0161no znanih virov informacij za potro\u0161nike in\/ali podjetja;<br>comcommunity sites;<br>zdru\u017eenja ali druge skupine, ki zastopajo dobrodelne organizacije;<br>distributerji spletnih imenikov;<br>spletni portali;<br>ra\u010dunovodska, odvetni\u0161ka in svetovalna podjetja ter<br>izobra\u017eevalne ustanove in trgovinska zdru\u017eenja.<\/p>\n\n\n\n<p>Zahtevke za povezavo iz teh organizacij bomo odobrili, \u010de se bomo tako odlo\u010dili: (a) zaradi povezave ne bomo imeli neugodnega mnenja o sebi ali o na\u0161ih akreditiranih podjetjih; (b) organizacija pri nas nima negativnih zapisov; (c) korist, ki nam jo prina\u0161a vidnost hiperpovezave, odtehta odsotnost dru\u017ebe MARCELINO d.o.o.; in (d) povezava je v okviru splo\u0161nih informacij o virih.<\/p>\n\n\n\n<p>Te organizacije se lahko pove\u017eejo z na\u0161o doma\u010do stranjo, \u010de je povezava: (a) ni na noben na\u010din zavajajo\u010da; (b) ne pomeni la\u017enega namigovanja na sponzorstvo, potrditev ali odobritev stranke, na katero se povezuje, in njenih izdelkov ali storitev; in (c) spada v kontekst spletnega mesta stranke, na katero se povezuje.<\/p>\n\n\n\n<p>\u010ce ste ena od organizacij, navedenih v odstavku 2 zgoraj, in \u017eelite vzpostaviti povezavo z na\u0161im spletnim mestom, nas morate o tem obvestiti tako, da po\u0161ljete e-po\u0161to na naslov jurij.cvikl@marcelino.si. Navedite svoje ime, ime organizacije, kontaktne podatke ter URL va\u0161ega spletnega mesta, seznam vseh URL-jev, s katerih nameravate vzpostaviti povezavo do na\u0161ega spletnega mesta, in seznam URL-jev na na\u0161em spletnem mestu, na katere \u017eelite vzpostaviti povezavo. Na odgovor po\u010dakajte 2-3 tedne.<\/p>\n\n\n\n<p>Odobrene organizacije lahko vzpostavijo hiperpovezavo do na\u0161ega spletnega mesta na naslednji na\u010din:<\/p>\n\n\n\n<p>z uporabo imena na\u0161ega podjetja ali<br>z uporabo enotnega iskalnika virov, na katerega se povezuje, ali<br>z uporabo kakr\u0161nega koli drugega opisa na\u0161ega spletnega mesta, na katerega se povezuje, ki je smiseln v kontekstu in obliki vsebine na spletnem mestu stranke, ki vzpostavlja povezavo.<\/p>\n\n\n\n<p>Brez licen\u010dne pogodbe za blagovno znamko ni dovoljena uporaba logotipa ali drugih umetni\u0161kih del dru\u017ebe MARCELINO d.o.o. za povezovanje.<\/p>\n\n\n\n<p><strong>iFrames<\/strong><\/p>\n\n\n\n<p>Brez predhodne odobritve in pisnega dovoljenja ne smete ustvariti okvirov okoli na\u0161ih spletnih strani, ki na kakr\u0161en koli na\u010din spreminjajo vizualno predstavitev ali videz na\u0161e spletne strani.<\/p>\n\n\n\n<p><strong>Odgovornost za vsebino<\/strong><\/p>\n\n\n\n<p>Ne odgovarjamo za nobeno vsebino, ki se pojavi na va\u0161i spletni strani. Strinjate se, da nas boste za\u0161\u010ditili in branili pred vsemi zahtevki, ki se pojavijo na va\u0161i spletni strani. Na nobeni Spletni strani se ne smejo pojavljati povezave, ki bi se lahko razlagale kot \u017ealjive, nespodobne ali kaznive ali ki kr\u0161ijo, druga\u010de kr\u0161ijo ali zagovarjajo kr\u0161itev ali drugo kr\u0161itev pravic tretjih oseb.<\/p>\n\n\n\n<p><strong>Pridr\u017eanje pravic<\/strong><\/p>\n\n\n\n<p>Pridr\u017eujemo si pravico, da od vas zahtevamo, da odstranite vse povezave ali katero koli posamezno povezavo do na\u0161ega spletnega mesta. Potrjujete, da boste na zahtevo takoj odstranili vse povezave do na\u0161ega spletnega mesta. Prav tako si pridr\u017eujemo pravico, da kadar koli spremenimo te pogoje in politiko povezav. Z nenehnim povezovanjem z na\u0161o spletno stranjo se strinjate, da ste zavezani tem pogojem in dolo\u010dilom za povezovanje in jih upo\u0161tevate.<\/p>\n\n\n\n<p><strong>Odstranitev povezav z na\u0161ega spletnega mesta<\/strong><\/p>\n\n\n\n<p>\u010ce na na\u0161em spletnem mestu najdete povezavo, ki je iz kakr\u0161nega koli razloga \u017ealjiva, nas lahko kadar koli kontaktirate in obvestite. Pro\u0161nje za odstranitev povezav bomo preu\u010dili, vendar tega nismo dol\u017eni storiti ali vam neposredno odgovoriti.<\/p>\n\n\n\n<p>Ne zagotavljamo, da so informacije na tem spletnem mestu pravilne, ne jam\u010dimo za njihovo popolnost ali to\u010dnost; prav tako ne obljubljamo, da bo spletno mesto \u0161e naprej na voljo ali da bo gradivo na njem posodobljeno.<\/p>\n\n\n\n<p><strong>Izjava o omejitvi odgovornosti<\/strong><br>V najve\u010djem obsegu, ki ga dovoljuje veljavna zakonodaja, izklju\u010dujemo vse izjave, jamstva in pogoje v zvezi z na\u0161im spletnim mestom in uporabo tega spletnega mesta. Nobena dolo\u010dba te izjave o omejitvi odgovornosti ne bo:<\/p>\n\n\n\n<p>omejiti ali izklju\u010diti na\u0161o ali va\u0161o odgovornost za smrt ali telesno po\u0161kodbo;<br>omejiti ali izklju\u010diti na\u0161e ali va\u0161e odgovornosti za goljufijo ali goljufivo zavajanje;<br>omejiti katero koli na\u0161o ali va\u0161o odgovornost na na\u010din, ki ni dovoljen v skladu z veljavno zakonodajo; ali<br>izklju\u010duje na\u0161e ali va\u0161e obveznosti, ki jih po veljavni zakonodaji ni mogo\u010de izklju\u010diti.<br>Omejitve in prepovedi odgovornosti, dolo\u010dene v tem razdelku in drugje v tem izjavljanju o omejitvi odgovornosti: (a) so predmet prej\u0161njega odstavka; in (b) urejajo vse obveznosti, ki izhajajo iz tega izjavljanja o omejitvi odgovornosti, vklju\u010dno s pogodbenimi in od\u0161kodninskimi obveznostmi ter obveznostmi zaradi kr\u0161itve zakonskih obveznosti.<br>Dokler so spletno mesto ter informacije in storitve na njem na voljo brezpla\u010dno, nismo odgovorni za kakr\u0161no koli izgubo ali \u0161kodo.<\/p>\n\n\n\n<p><strong>Izvensodno re\u0161evanje potro\u0161ni\u0161kih sporov<\/strong><\/p>\n\n\n\n<p>Dru\u017eba MARCELINO d.o.o. v skladu s pravnimi normami ne priznava nobenega izvajalca izvensodnega re\u0161evanja potro\u0161ni\u0161kih sporov kot odgovornega za re\u0161evanje potro\u0161ni\u0161kih sporov, ki bi jih potro\u0161nik lahko spro\u017eil v skladu z Zakonom o izvensodnem re\u0161evanju potro\u0161ni\u0161kih sporov. Dru\u017eba MARCELINO d.o.o. kot ponudnik blaga in storitev na svoji spletni strani objavlja elektronsko povezavo do platforme za spletno re\u0161evanje potro\u0161ni\u0161kih sporov (ODRP). Platforma je potro\u0161nikom na voljo prek elektronske povezave http:\/\/ec.europa.eu\/odr. Navedena ureditev temelji na Zakonu o izvensodnem re\u0161evanju potro\u0161ni\u0161kih sporov, Uredbi (EU) \u0161t. 524\/2013 Evropskega parlamenta in Sveta o spletnem re\u0161evanju potro\u0161ni\u0161kih sporov ter spremembi Uredbe (ES) \u0161t. 2016\/2004 in Direktive<\/p>","protected":false},"excerpt":{"rendered":"<p>Pravila in pogoji Dobrodo\u0161li na https:\/\/cover-flip.com\/! V teh pogojih so opisana pravila in predpisi za uporabo spletne strani MARCELINO d.o.o.. Spletno mesto, ki se nahaja na naslovu https:\/\/cover-flip.com\/. Predvidevamo, da z dostopom do tega spletnega mesta sprejemate te pogoje in dolo\u010dila. Ne uporabljajte spletne strani https:\/\/cover-flip.com\/, \u010de se ne strinjate z vsemi pogoji in dolo\u010dili, navedenimi na [...]<\/p>","protected":false},"author":2,"featured_media":0,"parent":0,"menu_order":0,"comment_status":"closed","ping_status":"open","template":"","meta":{"inline_featured_image":false,"ocean_post_layout":"","ocean_both_sidebars_style":"","ocean_both_sidebars_content_width":0,"ocean_both_sidebars_sidebars_width":0,"ocean_sidebar":"0","ocean_second_sidebar":"0","ocean_disable_margins":"enable","ocean_add_body_class":"","ocean_shortcode_before_top_bar":"","ocean_shortcode_after_top_bar":"","ocean_shortcode_before_header":"","ocean_shortcode_after_header":"","ocean_has_shortcode":"","ocean_shortcode_after_title":"","ocean_shortcode_before_footer_widgets":"","ocean_shortcode_after_footer_widgets":"","ocean_shortcode_before_footer_bottom":"","ocean_shortcode_after_footer_bottom":"","ocean_display_top_bar":"default","ocean_display_header":"default","ocean_header_style":"","ocean_center_header_left_menu":"0","ocean_custom_header_template":"0","ocean_custom_logo":0,"ocean_custom_retina_logo":0,"ocean_custom_logo_max_width":0,"ocean_custom_logo_tablet_max_width":0,"ocean_custom_logo_mobile_max_width":0,"ocean_custom_logo_max_height":0,"ocean_custom_logo_tablet_max_height":0,"ocean_custom_logo_mobile_max_height":0,"ocean_header_custom_menu":"0","ocean_menu_typo_font_family":"0","ocean_menu_typo_font_subset":"","ocean_menu_typo_font_size":0,"ocean_menu_typo_font_size_tablet":0,"ocean_menu_typo_font_size_mobile":0,"ocean_menu_typo_font_size_unit":"px","ocean_menu_typo_font_weight":"","ocean_menu_typo_font_weight_tablet":"","ocean_menu_typo_font_weight_mobile":"","ocean_menu_typo_transform":"","ocean_menu_typo_transform_tablet":"","ocean_menu_typo_transform_mobile":"","ocean_menu_typo_line_height":0,"ocean_menu_typo_line_height_tablet":0,"ocean_menu_typo_line_height_mobile":0,"ocean_menu_typo_line_height_unit":"","ocean_menu_typo_spacing":0,"ocean_menu_typo_spacing_tablet":0,"ocean_menu_typo_spacing_mobile":0,"ocean_menu_typo_spacing_unit":"","ocean_menu_link_color":"","ocean_menu_link_color_hover":"","ocean_menu_link_color_active":"","ocean_menu_link_background":"","ocean_menu_link_hover_background":"","ocean_menu_link_active_background":"","ocean_menu_social_links_bg":"","ocean_menu_social_hover_links_bg":"","ocean_menu_social_links_color":"","ocean_menu_social_hover_links_color":"","ocean_disable_title":"on","ocean_disable_heading":"default","ocean_post_title":"","ocean_post_subheading":"","ocean_post_title_style":"","ocean_post_title_background_color":"","ocean_post_title_background":0,"ocean_post_title_bg_image_position":"","ocean_post_title_bg_image_attachment":"","ocean_post_title_bg_image_repeat":"","ocean_post_title_bg_image_size":"","ocean_post_title_height":0,"ocean_post_title_bg_overlay":0.5,"ocean_post_title_bg_overlay_color":"","ocean_disable_breadcrumbs":"off","ocean_breadcrumbs_color":"","ocean_breadcrumbs_separator_color":"","ocean_breadcrumbs_links_color":"","ocean_breadcrumbs_links_hover_color":"","ocean_display_footer_widgets":"default","ocean_display_footer_bottom":"default","ocean_custom_footer_template":"0","footnotes":""},"aioseo_notices":[],"_links":{"self":[{"href":"https:\/\/cover-flip.com\/sl\/wp-json\/wp\/v2\/pages\/985"}],"collection":[{"href":"https:\/\/cover-flip.com\/sl\/wp-json\/wp\/v2\/pages"}],"about":[{"href":"https:\/\/cover-flip.com\/sl\/wp-json\/wp\/v2\/types\/page"}],"author":[{"embeddable":true,"href":"https:\/\/cover-flip.com\/sl\/wp-json\/wp\/v2\/users\/2"}],"replies":[{"embeddable":true,"href":"https:\/\/cover-flip.com\/sl\/wp-json\/wp\/v2\/comments?post=985"}],"version-history":[{"count":2,"href":"https:\/\/cover-flip.com\/sl\/wp-json\/wp\/v2\/pages\/985\/revisions"}],"predecessor-version":[{"id":1273,"href":"https:\/\/cover-flip.com\/sl\/wp-json\/wp\/v2\/pages\/985\/revisions\/1273"}],"wp:attachment":[{"href":"https:\/\/cover-flip.com\/sl\/wp-json\/wp\/v2\/media?parent=985"}],"curies":[{"name":"wp","href":"https:\/\/api.w.org\/{rel}","templated":true}]}}