{"id":992,"date":"2022-09-01T07:59:48","date_gmt":"2022-09-01T07:59:48","guid":{"rendered":"https:\/\/cover-flip.com\/?page_id=992"},"modified":"2022-09-02T08:43:28","modified_gmt":"2022-09-02T08:43:28","slug":"cookie-policy","status":"publish","type":"page","link":"https:\/\/cover-flip.com\/sk\/cookie-policy\/","title":{"rendered":"Z\u00e1sady pou\u017e\u00edvania s\u00faborov cookie"},"content":{"rendered":"<h2 class=\"wp-block-heading\">Z\u00e1sady pou\u017e\u00edvania s\u00faborov cookie<\/h2>\n\n\n\n<p>Webov\u00e1 str\u00e1nka pou\u017e\u00edva s\u00fabory cookie. Pr\u00edstupom na str\u00e1nku https:\/\/cover-flip.com\/ ste vyjadrili s\u00fahlas s pou\u017e\u00edvan\u00edm s\u00faborov cookie po dohode so spolo\u010dnos\u0165ou<br>MARCELINO d.o.o., Kranj\u010deva ulica 4, Celje, 3000 Celje a z\u00e1sady ochrany osobn\u00fdch \u00fadajov na webovej str\u00e1nke. V\u00e4\u010d\u0161ina interakt\u00edvnych webov\u00fdch str\u00e1nok pou\u017e\u00edva s\u00fabory cookie, ktor\u00e9 n\u00e1m umo\u017e\u0148uj\u00fa z\u00edska\u0165 \u00fadaje o pou\u017e\u00edvate\u013eovi pri ka\u017edej n\u00e1v\u0161teve. Na na\u0161ich webov\u00fdch str\u00e1nkach pou\u017e\u00edvame s\u00fabory cookie, aby sme umo\u017enili funk\u010dnos\u0165 ur\u010dit\u00fdch oblast\u00ed a u\u013eah\u010dili n\u00e1v\u0161tevn\u00edkom n\u00e1v\u0161tevu na\u0161ich webov\u00fdch str\u00e1nok. S\u00fabory cookie tret\u00edch str\u00e1n m\u00f4\u017eu pou\u017e\u00edva\u0165 aj niektor\u00ed na\u0161i partnersk\u00ed\/reklamn\u00ed partneri.<\/p>\n\n\n\n<p>Webov\u00e1 str\u00e1nka https:\/\/cover-flip.com\/ pou\u017e\u00edva tieto s\u00fabory cookie:<\/p>\n\n\n\n<p>Povinn\u00e9 s\u00fabory cookie<\/p>\n\n\n\n<figure class=\"wp-block-table\"><table><tbody><tr><td>N\u00e1zov<\/td><td>Trvanie<\/td><td>\u00da\u010del<\/td><\/tr><tr><td>__cfduid<\/td><td>4 t\u00fd\u017edne<\/td><td>S\u00fabor cookie nastavuje spolo\u010dnos\u0165 CloudFlare. S\u00fabor cookie sa pou\u017e\u00edva na identifik\u00e1ciu jednotliv\u00fdch pou\u017e\u00edvate\u013eov pou\u017e\u00edvaj\u00facich rovnak\u00fa IP adresu a na pou\u017eitie bezpe\u010dnostn\u00fdch nastaven\u00ed pre ka\u017ed\u00e9ho z\u00e1kazn\u00edka. Nezhoduje sa s identifik\u00e1tormi pou\u017e\u00edvate\u013eov vo webovej aplik\u00e1cii a neukladaj\u00fa sa v \u0148om \u017eiadne osobn\u00e9 \u00fadaje.<\/td><\/tr><\/tbody><\/table><\/figure>\n\n\n\n<figure class=\"wp-block-table\"><table><tbody><tr><td>N\u00e1zov<\/td><td>Trvanie<\/td><td>\u00da\u010del<\/td><\/tr><tr><td>NID<\/td><td>6 mesiacov<\/td><td>Tento s\u00fabor cookie sa pou\u017e\u00edva na vytvorenie profilu na z\u00e1klade z\u00e1ujmu pou\u017e\u00edvate\u013ea a na zobrazovanie prisp\u00f4soben\u00fdch rekl\u00e1m.<\/td><\/tr><\/tbody><\/table><\/figure>","protected":false},"excerpt":{"rendered":"<p>Z\u00e1sady pou\u017e\u00edvania s\u00faborov cookie Webov\u00e1 str\u00e1nka pou\u017e\u00edva s\u00fabory cookie. Pr\u00edstupom na str\u00e1nku https:\/\/cover-flip.com\/ ste vyjadrili s\u00fahlas s pou\u017e\u00edvan\u00edm s\u00faborov cookie v s\u00falade so spolo\u010dnos\u0165ouMARCELINO d.o.o., Kranj\u010deva ulica 4, Celje, 3000 Celje a so z\u00e1sadami ochrany osobn\u00fdch \u00fadajov na webovej str\u00e1nke. V\u00e4\u010d\u0161ina interakt\u00edvnych webov\u00fdch str\u00e1nok pou\u017e\u00edva s\u00fabory cookie, ktor\u00e9 n\u00e1m umo\u017e\u0148uj\u00fa z\u00edska\u0165 \u00fadaje o pou\u017e\u00edvate\u013eovi pri ka\u017edej n\u00e1v\u0161teve. S\u00fabory cookie pou\u017e\u00edvame na [...]<\/p>","protected":false},"author":2,"featured_media":0,"parent":0,"menu_order":0,"comment_status":"closed","ping_status":"open","template":"","meta":{"inline_featured_image":false,"ocean_post_layout":"","ocean_both_sidebars_style":"","ocean_both_sidebars_content_width":0,"ocean_both_sidebars_sidebars_width":0,"ocean_sidebar":"0","ocean_second_sidebar":"0","ocean_disable_margins":"enable","ocean_add_body_class":"","ocean_shortcode_before_top_bar":"","ocean_shortcode_after_top_bar":"","ocean_shortcode_before_header":"","ocean_shortcode_after_header":"","ocean_has_shortcode":"","ocean_shortcode_after_title":"","ocean_shortcode_before_footer_widgets":"","ocean_shortcode_after_footer_widgets":"","ocean_shortcode_before_footer_bottom":"","ocean_shortcode_after_footer_bottom":"","ocean_display_top_bar":"default","ocean_display_header":"default","ocean_header_style":"","ocean_center_header_left_menu":"0","ocean_custom_header_template":"0","ocean_custom_logo":0,"ocean_custom_retina_logo":0,"ocean_custom_logo_max_width":0,"ocean_custom_logo_tablet_max_width":0,"ocean_custom_logo_mobile_max_width":0,"ocean_custom_logo_max_height":0,"ocean_custom_logo_tablet_max_height":0,"ocean_custom_logo_mobile_max_height":0,"ocean_header_custom_menu":"0","ocean_menu_typo_font_family":"0","ocean_menu_typo_font_subset":"","ocean_menu_typo_font_size":0,"ocean_menu_typo_font_size_tablet":0,"ocean_menu_typo_font_size_mobile":0,"ocean_menu_typo_font_size_unit":"px","ocean_menu_typo_font_weight":"","ocean_menu_typo_font_weight_tablet":"","ocean_menu_typo_font_weight_mobile":"","ocean_menu_typo_transform":"","ocean_menu_typo_transform_tablet":"","ocean_menu_typo_transform_mobile":"","ocean_menu_typo_line_height":0,"ocean_menu_typo_line_height_tablet":0,"ocean_menu_typo_line_height_mobile":0,"ocean_menu_typo_line_height_unit":"","ocean_menu_typo_spacing":0,"ocean_menu_typo_spacing_tablet":0,"ocean_menu_typo_spacing_mobile":0,"ocean_menu_typo_spacing_unit":"","ocean_menu_link_color":"","ocean_menu_link_color_hover":"","ocean_menu_link_color_active":"","ocean_menu_link_background":"","ocean_menu_link_hover_background":"","ocean_menu_link_active_background":"","ocean_menu_social_links_bg":"","ocean_menu_social_hover_links_bg":"","ocean_menu_social_links_color":"","ocean_menu_social_hover_links_color":"","ocean_disable_title":"on","ocean_disable_heading":"default","ocean_post_title":"","ocean_post_subheading":"","ocean_post_title_style":"","ocean_post_title_background_color":"","ocean_post_title_background":0,"ocean_post_title_bg_image_position":"","ocean_post_title_bg_image_attachment":"","ocean_post_title_bg_image_repeat":"","ocean_post_title_bg_image_size":"","ocean_post_title_height":0,"ocean_post_title_bg_overlay":0.5,"ocean_post_title_bg_overlay_color":"","ocean_disable_breadcrumbs":"off","ocean_breadcrumbs_color":"","ocean_breadcrumbs_separator_color":"","ocean_breadcrumbs_links_color":"","ocean_breadcrumbs_links_hover_color":"","ocean_display_footer_widgets":"default","ocean_display_footer_bottom":"default","ocean_custom_footer_template":"0","footnotes":""},"aioseo_notices":[],"_links":{"self":[{"href":"https:\/\/cover-flip.com\/sk\/wp-json\/wp\/v2\/pages\/992"}],"collection":[{"href":"https:\/\/cover-flip.com\/sk\/wp-json\/wp\/v2\/pages"}],"about":[{"href":"https:\/\/cover-flip.com\/sk\/wp-json\/wp\/v2\/types\/page"}],"author":[{"embeddable":true,"href":"https:\/\/cover-flip.com\/sk\/wp-json\/wp\/v2\/users\/2"}],"replies":[{"embeddable":true,"href":"https:\/\/cover-flip.com\/sk\/wp-json\/wp\/v2\/comments?post=992"}],"version-history":[{"count":2,"href":"https:\/\/cover-flip.com\/sk\/wp-json\/wp\/v2\/pages\/992\/revisions"}],"predecessor-version":[{"id":1272,"href":"https:\/\/cover-flip.com\/sk\/wp-json\/wp\/v2\/pages\/992\/revisions\/1272"}],"wp:attachment":[{"href":"https:\/\/cover-flip.com\/sk\/wp-json\/wp\/v2\/media?parent=992"}],"curies":[{"name":"wp","href":"https:\/\/api.w.org\/{rel}","templated":true}]}}