{"id":985,"date":"2022-09-01T07:49:33","date_gmt":"2022-09-01T07:49:33","guid":{"rendered":"https:\/\/cover-flip.com\/?page_id=985"},"modified":"2022-09-02T08:43:49","modified_gmt":"2022-09-02T08:43:49","slug":"terms-and-conditions","status":"publish","type":"page","link":"https:\/\/cover-flip.com\/sk\/terms-and-conditions\/","title":{"rendered":"Podmienky a pravidl\u00e1"},"content":{"rendered":"<h2 class=\"wp-block-heading\">Podmienky a pravidl\u00e1<\/h2>\n\n\n\n<p><strong>Vitajte na str\u00e1nke https:\/\/cover-flip.com\/!<\/strong><\/p>\n\n\n\n<p>V t\u00fdchto podmienkach s\u00fa uveden\u00e9 pravidl\u00e1 a predpisy pre pou\u017e\u00edvanie MARCELINO d.o.o..<\/p>\n\n\n\n<p>Webov\u00e1 lokalita sa nach\u00e1dza na adrese&nbsp;<strong>https:\/\/cover-flip.com\/.<\/strong><\/p>\n\n\n\n<p>Pr\u00edstupom na t\u00fato webov\u00fa lokalitu predpoklad\u00e1me, \u017ee s\u00fahlas\u00edte s t\u00fdmito podmienkami. Nepokra\u010dujte v pou\u017e\u00edvan\u00ed&nbsp;<strong>https:\/\/cover-flip.com\/<\/strong>&nbsp;ak nes\u00fahlas\u00edte so v\u0161etk\u00fdmi podmienkami uveden\u00fdmi na tejto str\u00e1nke.<\/p>\n\n\n\n<p>Nasleduj\u00faca terminol\u00f3gia sa vz\u0165ahuje na tieto Podmienky, Vyhl\u00e1senie o ochrane osobn\u00fdch \u00fadajov, Ozn\u00e1menie o odmietnut\u00ed zodpovednosti a v\u0161etky Zmluvy: \"Klient\", \"Vy\" a \"V\u00e1\u0161\" sa vz\u0165ahuje na V\u00e1s, osobu prihl\u00e1sen\u00fa na tejto webovej str\u00e1nke a vyhovuj\u00facu podmienkam spolo\u010dnosti. \"Spolo\u010dnos\u0165\", \"Na\u0161e\", \"My\", \"Na\u0161e\" a \"N\u00e1s\", sa vz\u0165ahuje na na\u0161u Spolo\u010dnos\u0165. \"Strana\", \"Strany\" alebo \"My\", sa vz\u0165ahuje na klienta aj na n\u00e1s. V\u0161etky pojmy sa vz\u0165ahuj\u00fa na ponuku, prijatie a odmenu za platbu potrebn\u00fa na uskuto\u010dnenie procesu na\u0161ej pomoci Klientovi najvhodnej\u0161\u00edm sp\u00f4sobom za v\u00fdslovn\u00fdm \u00fa\u010delom uspokojenia potrieb Klienta v s\u00favislosti s poskytovan\u00edm uveden\u00fdch slu\u017eieb Spolo\u010dnosti, v s\u00falade s platn\u00fdmi pr\u00e1vnymi predpismi Slovinska a na ich z\u00e1klade. Ak\u00e9ko\u013evek pou\u017eitie vy\u0161\u0161ie uvedenej terminol\u00f3gie alebo in\u00fdch slov v jednotnom \u010d\u00edsle, mno\u017enom \u010d\u00edsle, p\u00edsanie ve\u013ek\u00fdch p\u00edsmen a\/alebo on\/ona alebo oni, sa pova\u017euje za zamenite\u013en\u00e9, a preto sa vz\u0165ahuje na to ist\u00e9.<\/p>\n\n\n\n<p><strong>Cookies<\/strong><\/p>\n\n\n\n<p>Pou\u017e\u00edvame s\u00fabory cookie. Pr\u00edstupom&nbsp;<strong>https:\/\/cover-flip.com\/<\/strong>, s\u00fahlasili ste s pou\u017e\u00edvan\u00edm s\u00faborov cookie v s\u00falade so z\u00e1sadami ochrany osobn\u00fdch \u00fadajov spolo\u010dnosti MARCELINO d.o.o.<\/p>\n\n\n\n<p>V\u00e4\u010d\u0161ina interakt\u00edvnych webov\u00fdch str\u00e1nok pou\u017e\u00edva s\u00fabory cookie, ktor\u00e9 n\u00e1m umo\u017e\u0148uj\u00fa na\u010d\u00edta\u0165 \u00fadaje pou\u017e\u00edvate\u013ea pri ka\u017edej n\u00e1v\u0161teve. S\u00fabory cookie sa na na\u0161ej webovej str\u00e1nke pou\u017e\u00edvaj\u00fa na umo\u017enenie funk\u010dnosti ur\u010dit\u00fdch oblast\u00ed, aby sa u\u013eah\u010dila n\u00e1v\u0161teva na\u0161ej webovej str\u00e1nky. S\u00fabory cookie m\u00f4\u017eu pou\u017e\u00edva\u0165 aj niektor\u00ed na\u0161i partnersk\u00ed\/reklamn\u00ed partneri.<\/p>\n\n\n\n<p><strong>Licencia<\/strong><\/p>\n\n\n\n<p>Pokia\u013e nie je uveden\u00e9 inak, spolo\u010dnos\u0165 MARCELINO d.o.o. a\/alebo jej poskytovatelia licenci\u00ed vlastnia pr\u00e1va du\u0161evn\u00e9ho vlastn\u00edctva na v\u0161etok materi\u00e1l na https:\/\/cover-flip.com\/. V\u0161etky pr\u00e1va du\u0161evn\u00e9ho vlastn\u00edctva s\u00fa vyhraden\u00e9. Pr\u00edstup k nim m\u00f4\u017eete z\u00edska\u0165 zo str\u00e1nky https:\/\/cover-flip.com\/. pre svoje osobn\u00e9 pou\u017eitie s v\u00fdhradou obmedzen\u00ed stanoven\u00fdch v t\u00fdchto podmienkach.<\/p>\n\n\n\n<p><strong>Nesmiete:<\/strong><\/p>\n\n\n\n<p>Znovu publikova\u0165 materi\u00e1l z webovej str\u00e1nky https:\/\/cover-flip.com\/.<br>Pred\u00e1va\u0165, prenaj\u00edma\u0165 alebo poskytova\u0165 sublicencie na materi\u00e1l zo str\u00e1nky https:\/\/cover-flip.com\/.<br>Reprodukova\u0165, kop\u00edrova\u0165 alebo rozmno\u017eova\u0165 materi\u00e1l z webovej str\u00e1nky https:\/\/cover-flip.com\/.<br>Redistrib\u00facia obsahu zo str\u00e1nky https:\/\/cover-flip.com\/.<\/p>\n\n\n\n<p>T\u00e1to dohoda sa za\u010d\u00edna d\u0148om jej podp\u00edsania.<\/p>\n\n\n\n<p>Niektor\u00e9 \u010dasti tejto webovej str\u00e1nky pon\u00fakaj\u00fa pou\u017e\u00edvate\u013eom mo\u017enos\u0165 zverej\u0148ova\u0165 a vymie\u0148a\u0165 si n\u00e1zory a inform\u00e1cie v ur\u010dit\u00fdch oblastiach webovej str\u00e1nky. Spolo\u010dnos\u0165 MARCELINO d.o.o. nefiltruje, neupravuje, nezverej\u0148uje ani nesk\u00fama koment\u00e1re pred ich uveden\u00edm na webovej str\u00e1nke. Koment\u00e1re nevyjadruj\u00fa n\u00e1zory a stanovisk\u00e1 spolo\u010dnosti MARCELINO d.o.o., jej z\u00e1stupcov a\/alebo pridru\u017een\u00fdch spolo\u010dnost\u00ed. Koment\u00e1re vyjadruj\u00fa n\u00e1zory a stanovisk\u00e1 osoby, ktor\u00e1 ich zverejnila. V rozsahu povolenom platn\u00fdmi z\u00e1konmi spolo\u010dnos\u0165 MARCELINO d.o.o. nezodpoved\u00e1 za Koment\u00e1re ani za \u017eiadnu zodpovednos\u0165, \u0161kody alebo v\u00fddavky sp\u00f4soben\u00e9 a\/alebo vzniknut\u00e9 v d\u00f4sledku ak\u00e9hoko\u013evek pou\u017eitia a\/alebo zverejnenia a\/alebo objavenia sa Koment\u00e1rov na tejto webovej str\u00e1nke.<\/p>\n\n\n\n<p>Spolo\u010dnos\u0165 MARCELINO d.o.o. si vyhradzuje pr\u00e1vo monitorova\u0165 v\u0161etky koment\u00e1re a odstr\u00e1ni\u0165 v\u0161etky koment\u00e1re, ktor\u00e9 mo\u017eno pova\u017eova\u0165 za nevhodn\u00e9, ur\u00e1\u017eliv\u00e9 alebo sp\u00f4sobuj\u00face poru\u0161enie t\u00fdchto Podmienok.<\/p>\n\n\n\n<p><strong>Zaru\u010dujete a vyhlasujete, \u017ee:<\/strong><\/p>\n\n\n\n<p>Ste opr\u00e1vnen\u00ed uverej\u0148ova\u0165 koment\u00e1re na na\u0161ich webov\u00fdch str\u00e1nkach a m\u00e1te na to v\u0161etky potrebn\u00e9 licencie a s\u00fahlasy;<br>Koment\u00e1re nezasahuj\u00fa do \u017eiadneho pr\u00e1va du\u0161evn\u00e9ho vlastn\u00edctva vr\u00e1tane, ale bez obmedzenia, autorsk\u00fdch pr\u00e1v, patentov alebo ochrann\u00fdch zn\u00e1mok tret\u00edch str\u00e1n;<br>Koment\u00e1re neobsahuj\u00fa \u017eiadne hanliv\u00e9, ur\u00e1\u017eliv\u00e9, ur\u00e1\u017eliv\u00e9, neslu\u0161n\u00e9 alebo inak nez\u00e1konn\u00e9 materi\u00e1ly, ktor\u00e9 s\u00fa z\u00e1sahom do s\u00fakromia<br>Koment\u00e1re sa nepou\u017e\u00edvaj\u00fa na z\u00edskavanie alebo propag\u00e1ciu obchodu alebo zvykov, ani na prezent\u00e1ciu komer\u010dn\u00fdch aktiv\u00edt alebo nez\u00e1konnej \u010dinnosti.<\/p>\n\n\n\n<p>T\u00fdmto ude\u013eujete spolo\u010dnosti MARCELINO d.o.o. nev\u00fdhradn\u00fa licenciu na pou\u017e\u00edvanie, reprodukciu, \u00fapravu a opr\u00e1vnenie in\u00fdch na pou\u017e\u00edvanie, reprodukciu a \u00fapravu ak\u00fdchko\u013evek va\u0161ich koment\u00e1rov v akejko\u013evek forme, form\u00e1te alebo m\u00e9diu.<\/p>\n\n\n\n<p><strong>Hypertextov\u00e9 prepojenie na n\u00e1\u0161 obsah<\/strong><\/p>\n\n\n\n<p>Nasleduj\u00face organiz\u00e1cie m\u00f4\u017eu odkazova\u0165 na na\u0161u webov\u00fa lokalitu bez predch\u00e1dzaj\u00faceho p\u00edsomn\u00e9ho s\u00fahlasu:<\/p>\n\n\n\n<p>Vl\u00e1dne agent\u00fary;<br>Vyh\u013ead\u00e1va\u010de;<br>Spravodajsk\u00e9 organiz\u00e1cie;<br>Distrib\u00fatori online katal\u00f3gov m\u00f4\u017eu odkazova\u0165 na na\u0161u webov\u00fa lokalitu rovnak\u00fdm sp\u00f4sobom, ako odkazuj\u00fa na webov\u00e9 lokality in\u00fdch uveden\u00fdch podnikov, a<br>Akreditovan\u00e9 podniky v r\u00e1mci cel\u00e9ho syst\u00e9mu, s v\u00fdnimkou neziskov\u00fdch organiz\u00e1ci\u00ed, charitat\u00edvnych n\u00e1kupn\u00fdch centier a charitat\u00edvnych skup\u00edn, ktor\u00e9 nesm\u00fa odkazova\u0165 na na\u0161e webov\u00e9 str\u00e1nky.<\/p>\n\n\n\n<p>Tieto organiz\u00e1cie m\u00f4\u017eu odkazova\u0165 na na\u0161u domovsk\u00fa str\u00e1nku, publik\u00e1cie alebo in\u00e9 inform\u00e1cie na webovej lokalite, pokia\u013e je odkaz: (a) nie je v \u017eiadnom pr\u00edpade klamliv\u00fd; (b) nepravdivo nenazna\u010duje sponzorstvo, podporu alebo schv\u00e1lenie odkazuj\u00facej strany a jej produktov a\/alebo slu\u017eieb; a (c) zapad\u00e1 do kontextu str\u00e1nky odkazuj\u00facej strany.<\/p>\n\n\n\n<p>M\u00f4\u017eeme zv\u00e1\u017ei\u0165 a schv\u00e1li\u0165 \u010fal\u0161ie \u017eiadosti o prepojenie od nasleduj\u00facich typov organiz\u00e1ci\u00ed:<\/p>\n\n\n\n<p>v\u0161eobecne zn\u00e1me zdroje spotrebite\u013esk\u00fdch a\/alebo obchodn\u00fdch inform\u00e1ci\u00ed;<br>str\u00e1nky komunity;<br>zdru\u017eenia alebo in\u00e9 skupiny zastupuj\u00face charitat\u00edvne organiz\u00e1cie;<br>online adres\u00e1r distrib\u00fatorov;<br>internetov\u00e9 port\u00e1ly;<br>\u00fa\u010dtovn\u00edcke, pr\u00e1vne a poradensk\u00e9 firmy a<br>vzdel\u00e1vacie in\u0161tit\u00facie a obchodn\u00e9 zdru\u017eenia.<\/p>\n\n\n\n<p>\u017diadosti o prepojenie od t\u00fdchto organiz\u00e1ci\u00ed schv\u00e1lime, ak o tom rozhodneme: (d) odkaz je v kontexte v\u0161eobecn\u00fdch inform\u00e1ci\u00ed o zdrojoch, a to v pr\u00edpade, \u017ee: a) odkaz nebude p\u00f4sobi\u0165 nepriaznivo na n\u00e1s alebo na na\u0161e akreditovan\u00e9 podniky; b) organiz\u00e1cia nem\u00e1 u n\u00e1s \u017eiadne negat\u00edvne z\u00e1znamy; c) pr\u00ednos pre n\u00e1s z vidite\u013enosti hypertextov\u00e9ho odkazu kompenzuje nepr\u00edtomnos\u0165 spolo\u010dnosti MARCELINO d.o.o.; a d) odkaz je v kontexte v\u0161eobecn\u00fdch inform\u00e1ci\u00ed o zdrojoch.<\/p>\n\n\n\n<p>Tieto organiz\u00e1cie m\u00f4\u017eu odkazova\u0165 na na\u0161u domovsk\u00fa str\u00e1nku, pokia\u013e je odkaz: (a) nie je v \u017eiadnom pr\u00edpade klamliv\u00fd; (b) nepravdivo nenazna\u010duje sponzorstvo, podporu alebo schv\u00e1lenie odkazuj\u00facej strany a jej produktov alebo slu\u017eieb; a (c) zapad\u00e1 do kontextu str\u00e1nky odkazuj\u00facej strany.<\/p>\n\n\n\n<p>Ak ste jednou z organiz\u00e1ci\u00ed uveden\u00fdch v odseku 2 vy\u0161\u0161ie a m\u00e1te z\u00e1ujem o prepojenie na na\u0161u webov\u00fa str\u00e1nku, mus\u00edte n\u00e1s o tom informova\u0165 zaslan\u00edm e-mailu na adresu jurij.cvikl@marcelino.si. Uve\u010fte svoje meno, n\u00e1zov va\u0161ej organiz\u00e1cie, kontaktn\u00e9 \u00fadaje, ako aj adresu URL va\u0161ej webovej lokality, zoznam v\u0161etk\u00fdch adries URL, z ktor\u00fdch chcete odkazova\u0165 na na\u0161u webov\u00fa lokalitu, a zoznam adries URL na na\u0161ej webovej lokalite, na ktor\u00e9 chcete odkazova\u0165. Na odpove\u010f po\u010dkajte 2 - 3 t\u00fd\u017edne.<\/p>\n\n\n\n<p>Schv\u00e1len\u00e9 organiz\u00e1cie m\u00f4\u017eu na na\u0161u webov\u00fa lokalitu odkazova\u0165 takto:<\/p>\n\n\n\n<p>pou\u017e\u00edvan\u00edm n\u00e1\u0161ho obchodn\u00e9ho mena alebo<br>pou\u017eit\u00edm jednotn\u00e9ho lok\u00e1tora zdrojov, na ktor\u00fd sa odkazuje, alebo<br>Pou\u017eit\u00edm ak\u00e9hoko\u013evek in\u00e9ho popisu na\u0161ej webovej lokality, na ktor\u00fa sa odkazuje, ktor\u00fd d\u00e1va zmysel v kontexte a form\u00e1te obsahu na webovej lokalite odkazuj\u00facej strany.<\/p>\n\n\n\n<p>Bez licen\u010dnej zmluvy o ochrannej zn\u00e1mke nie je povolen\u00e9 pou\u017e\u00edva\u0165 logo spolo\u010dnosti MARCELINO d.o.o. ani in\u00e9 umeleck\u00e9 diela na prepojenie.<\/p>\n\n\n\n<p><strong>R\u00e1m\u010deky iFrame<\/strong><\/p>\n\n\n\n<p>Bez predch\u00e1dzaj\u00faceho s\u00fahlasu a p\u00edsomn\u00e9ho povolenia nesmiete na na\u0161ich webov\u00fdch str\u00e1nkach vytv\u00e1ra\u0165 r\u00e1my, ktor\u00e9 ak\u00fdmko\u013evek sp\u00f4sobom menia vizu\u00e1lnu prezent\u00e1ciu alebo vzh\u013ead na\u0161ej webovej str\u00e1nky.<\/p>\n\n\n\n<p><strong>Zodpovednos\u0165 za obsah<\/strong><\/p>\n\n\n\n<p>Nenesieme zodpovednos\u0165 za \u017eiadny obsah, ktor\u00fd sa objav\u00ed na va\u0161ej webovej lokalite. S\u00fahlas\u00edte s t\u00fdm, \u017ee n\u00e1s budete chr\u00e1ni\u0165 a br\u00e1ni\u0165 proti v\u0161etk\u00fdm n\u00e1rokom, ktor\u00e9 sa objavia na va\u0161ej webovej lokalite. Na \u017eiadnej Webovej lokalite by sa nemal(-i) objavi\u0165 odkaz(-y), ktor\u00fd(-\u00e9) by mohol(-i) by\u0165 interpretovan\u00fd(-\u00e9) ako hanliv\u00fd(-\u00e9), obsc\u00e9nny(-e) alebo trestn\u00fd(-\u00e9), alebo ktor\u00fd(-\u00e9) poru\u0161uje(-j\u00fa), inak poru\u0161uje(-j\u00fa) alebo podporuje(-j\u00fa) poru\u0161enie alebo in\u00e9 poru\u0161enie pr\u00e1v tret\u00edch str\u00e1n.<\/p>\n\n\n\n<p><strong>V\u00fdhrada pr\u00e1v<\/strong><\/p>\n\n\n\n<p>Vyhradzujeme si pr\u00e1vo po\u017eadova\u0165, aby ste odstr\u00e1nili v\u0161etky odkazy alebo ak\u00fdko\u013evek konkr\u00e9tny odkaz na na\u0161u webov\u00fa lokalitu. S\u00fahlas\u00edte s t\u00fdm, \u017ee na po\u017eiadanie okam\u017eite odstr\u00e1nite v\u0161etky odkazy na na\u0161u webov\u00fa lokalitu. Vyhradzujeme si tie\u017e pr\u00e1vo kedyko\u013evek zmeni\u0165 tieto podmienky a z\u00e1sady odkazovania. Neust\u00e1lym odkazovan\u00edm na na\u0161u Webov\u00fa lokalitu s\u00fahlas\u00edte s t\u00fdmito podmienkami odkazovania a ich dodr\u017eiavan\u00edm.<\/p>\n\n\n\n<p><strong>Odstr\u00e1nenie odkazov z na\u0161ej webovej str\u00e1nky<\/strong><\/p>\n\n\n\n<p>Ak na na\u0161ej webovej lokalite n\u00e1jdete ak\u00fdko\u013evek odkaz, ktor\u00fd je z ak\u00e9hoko\u013evek d\u00f4vodu ur\u00e1\u017eliv\u00fd, m\u00f4\u017eete n\u00e1s kedyko\u013evek kontaktova\u0165 a informova\u0165. \u017diadosti o odstr\u00e1nenie odkazov zv\u00e1\u017eime, ale nie sme povinn\u00ed tak urobi\u0165 ani v\u00e1m priamo odpoveda\u0165.<\/p>\n\n\n\n<p>Nezaru\u010dujeme, \u017ee inform\u00e1cie na tejto webovej str\u00e1nke s\u00fa spr\u00e1vne, nezaru\u010dujeme ich \u00faplnos\u0165 ani presnos\u0165, ani nes\u013eubujeme, \u017ee webov\u00e1 str\u00e1nka zostane dostupn\u00e1 alebo \u017ee materi\u00e1l na nej bude aktualizovan\u00fd.<\/p>\n\n\n\n<p><strong>Zrieknutie sa zodpovednosti<\/strong><br>V maxim\u00e1lnom rozsahu povolenom platn\u00fdmi z\u00e1konmi vylu\u010dujeme v\u0161etky vyhl\u00e1senia, z\u00e1ruky a podmienky t\u00fdkaj\u00face sa na\u0161ej webovej str\u00e1nky a pou\u017e\u00edvania tejto webovej str\u00e1nky. Ni\u010d v tomto vyhl\u00e1sen\u00ed o vyl\u00fa\u010den\u00ed zodpovednosti:<\/p>\n\n\n\n<p>obmedzi\u0165 alebo vyl\u00fa\u010di\u0165 na\u0161u alebo va\u0161u zodpovednos\u0165 za smr\u0165 alebo zranenie os\u00f4b;<br>obmedzi\u0165 alebo vyl\u00fa\u010di\u0165 na\u0161u alebo va\u0161u zodpovednos\u0165 za podvod alebo podvodn\u00e9 skreslenie;<br>obmedzova\u0165 na\u0161e alebo va\u0161e z\u00e1v\u00e4zky ak\u00fdmko\u013evek sp\u00f4sobom, ktor\u00fd nie je povolen\u00fd pod\u013ea platn\u00fdch pr\u00e1vnych predpisov, alebo<br>vyl\u00fa\u010di\u0165 ak\u00e9ko\u013evek na\u0161e alebo va\u0161e z\u00e1v\u00e4zky, ktor\u00e9 nie je mo\u017en\u00e9 vyl\u00fa\u010di\u0165 pod\u013ea platn\u00fdch pr\u00e1vnych predpisov.<br>Obmedzenia a z\u00e1kazy zodpovednosti uveden\u00e9 v tomto oddiele a na in\u00fdch miestach tohto vyhl\u00e1senia o odmietnut\u00ed zodpovednosti: (a) podliehaj\u00fa predch\u00e1dzaj\u00facemu odseku; a (b) upravuj\u00fa v\u0161etky z\u00e1v\u00e4zky vypl\u00fdvaj\u00face z tohto vyhl\u00e1senia o odmietnut\u00ed zodpovednosti vr\u00e1tane z\u00e1v\u00e4zkov vypl\u00fdvaj\u00facich zo zmluvy, z deliktu a z poru\u0161enia z\u00e1konn\u00fdch povinnost\u00ed.<br>Pokia\u013e s\u00fa webov\u00e1 str\u00e1nka a inform\u00e1cie a slu\u017eby na nej poskytovan\u00e9 bezplatne, nenesieme zodpovednos\u0165 za \u017eiadne straty ani \u0161kody ak\u00e9hoko\u013evek druhu.<\/p>\n\n\n\n<p><strong>Mimos\u00fadne rie\u0161enie spotrebite\u013esk\u00fdch sporov<\/strong><\/p>\n\n\n\n<p>Spolo\u010dnos\u0165 MARCELINO d.o.o. v s\u00falade s pr\u00e1vnymi normami neuzn\u00e1va \u017eiadneho vykon\u00e1vate\u013ea mimos\u00fadneho rie\u0161enia spotrebite\u013esk\u00fdch sporov za zodpovedn\u00e9ho za rie\u0161enie spotrebite\u013esk\u00fdch sporov, ktor\u00e9 by mohol spotrebite\u013e iniciova\u0165 v s\u00falade so z\u00e1konom o mimos\u00fadnom rie\u0161en\u00ed spotrebite\u013esk\u00fdch sporov. Spolo\u010dnos\u0165 MARCELINO d.o.o. ako poskytovate\u013e tovarov a slu\u017eieb zverej\u0148uje na svojom webovom s\u00eddle elektronick\u00fd odkaz na platformu rie\u0161enia spotrebite\u013esk\u00fdch sporov online (ODRP). Platforma je spotrebite\u013eom dostupn\u00e1 prostredn\u00edctvom elektronick\u00e9ho odkazu http:\/\/ec.europa.eu\/odr. Uveden\u00e1 \u00faprava vych\u00e1dza zo z\u00e1kona o mimos\u00fadnom rie\u0161en\u00ed spotrebite\u013esk\u00fdch sporov, nariadenia Eur\u00f3pskeho parlamentu a Rady (E\u00da) \u010d. 524\/2013 o rie\u0161en\u00ed spotrebite\u013esk\u00fdch sporov online a o zmene nariadenia (ES) \u010d. 2016\/2004 a smernice<\/p>","protected":false},"excerpt":{"rendered":"<p>V\u0161eobecn\u00e9 podmienky Vitajte na str\u00e1nke https:\/\/cover-flip.com\/! Tieto podmienky uv\u00e1dzaj\u00fa pravidl\u00e1 a predpisy pre pou\u017e\u00edvanie str\u00e1nky MARCELINO d.o.o.. Webov\u00e9 str\u00e1nky, ktor\u00e9 sa nach\u00e1dzaj\u00fa na adrese https:\/\/cover-flip.com\/. Vstupom na t\u00fato webov\u00fa str\u00e1nku predpoklad\u00e1me, \u017ee tieto podmienky prij\u00edmate. Nepokra\u010dujte v pou\u017e\u00edvan\u00ed str\u00e1nky https:\/\/cover-flip.com\/, ak nes\u00fahlas\u00edte s prijat\u00edm v\u0161etk\u00fdch podmienok uveden\u00fdch na [...]<\/p>","protected":false},"author":2,"featured_media":0,"parent":0,"menu_order":0,"comment_status":"closed","ping_status":"open","template":"","meta":{"inline_featured_image":false,"ocean_post_layout":"","ocean_both_sidebars_style":"","ocean_both_sidebars_content_width":0,"ocean_both_sidebars_sidebars_width":0,"ocean_sidebar":"0","ocean_second_sidebar":"0","ocean_disable_margins":"enable","ocean_add_body_class":"","ocean_shortcode_before_top_bar":"","ocean_shortcode_after_top_bar":"","ocean_shortcode_before_header":"","ocean_shortcode_after_header":"","ocean_has_shortcode":"","ocean_shortcode_after_title":"","ocean_shortcode_before_footer_widgets":"","ocean_shortcode_after_footer_widgets":"","ocean_shortcode_before_footer_bottom":"","ocean_shortcode_after_footer_bottom":"","ocean_display_top_bar":"default","ocean_display_header":"default","ocean_header_style":"","ocean_center_header_left_menu":"0","ocean_custom_header_template":"0","ocean_custom_logo":0,"ocean_custom_retina_logo":0,"ocean_custom_logo_max_width":0,"ocean_custom_logo_tablet_max_width":0,"ocean_custom_logo_mobile_max_width":0,"ocean_custom_logo_max_height":0,"ocean_custom_logo_tablet_max_height":0,"ocean_custom_logo_mobile_max_height":0,"ocean_header_custom_menu":"0","ocean_menu_typo_font_family":"0","ocean_menu_typo_font_subset":"","ocean_menu_typo_font_size":0,"ocean_menu_typo_font_size_tablet":0,"ocean_menu_typo_font_size_mobile":0,"ocean_menu_typo_font_size_unit":"px","ocean_menu_typo_font_weight":"","ocean_menu_typo_font_weight_tablet":"","ocean_menu_typo_font_weight_mobile":"","ocean_menu_typo_transform":"","ocean_menu_typo_transform_tablet":"","ocean_menu_typo_transform_mobile":"","ocean_menu_typo_line_height":0,"ocean_menu_typo_line_height_tablet":0,"ocean_menu_typo_line_height_mobile":0,"ocean_menu_typo_line_height_unit":"","ocean_menu_typo_spacing":0,"ocean_menu_typo_spacing_tablet":0,"ocean_menu_typo_spacing_mobile":0,"ocean_menu_typo_spacing_unit":"","ocean_menu_link_color":"","ocean_menu_link_color_hover":"","ocean_menu_link_color_active":"","ocean_menu_link_background":"","ocean_menu_link_hover_background":"","ocean_menu_link_active_background":"","ocean_menu_social_links_bg":"","ocean_menu_social_hover_links_bg":"","ocean_menu_social_links_color":"","ocean_menu_social_hover_links_color":"","ocean_disable_title":"on","ocean_disable_heading":"default","ocean_post_title":"","ocean_post_subheading":"","ocean_post_title_style":"","ocean_post_title_background_color":"","ocean_post_title_background":0,"ocean_post_title_bg_image_position":"","ocean_post_title_bg_image_attachment":"","ocean_post_title_bg_image_repeat":"","ocean_post_title_bg_image_size":"","ocean_post_title_height":0,"ocean_post_title_bg_overlay":0.5,"ocean_post_title_bg_overlay_color":"","ocean_disable_breadcrumbs":"off","ocean_breadcrumbs_color":"","ocean_breadcrumbs_separator_color":"","ocean_breadcrumbs_links_color":"","ocean_breadcrumbs_links_hover_color":"","ocean_display_footer_widgets":"default","ocean_display_footer_bottom":"default","ocean_custom_footer_template":"0","footnotes":""},"aioseo_notices":[],"_links":{"self":[{"href":"https:\/\/cover-flip.com\/sk\/wp-json\/wp\/v2\/pages\/985"}],"collection":[{"href":"https:\/\/cover-flip.com\/sk\/wp-json\/wp\/v2\/pages"}],"about":[{"href":"https:\/\/cover-flip.com\/sk\/wp-json\/wp\/v2\/types\/page"}],"author":[{"embeddable":true,"href":"https:\/\/cover-flip.com\/sk\/wp-json\/wp\/v2\/users\/2"}],"replies":[{"embeddable":true,"href":"https:\/\/cover-flip.com\/sk\/wp-json\/wp\/v2\/comments?post=985"}],"version-history":[{"count":2,"href":"https:\/\/cover-flip.com\/sk\/wp-json\/wp\/v2\/pages\/985\/revisions"}],"predecessor-version":[{"id":1273,"href":"https:\/\/cover-flip.com\/sk\/wp-json\/wp\/v2\/pages\/985\/revisions\/1273"}],"wp:attachment":[{"href":"https:\/\/cover-flip.com\/sk\/wp-json\/wp\/v2\/media?parent=985"}],"curies":[{"name":"wp","href":"https:\/\/api.w.org\/{rel}","templated":true}]}}