{"id":985,"date":"2022-09-01T07:49:33","date_gmt":"2022-09-01T07:49:33","guid":{"rendered":"https:\/\/cover-flip.com\/?page_id=985"},"modified":"2022-09-02T08:43:49","modified_gmt":"2022-09-02T08:43:49","slug":"terms-and-conditions","status":"publish","type":"page","link":"https:\/\/cover-flip.com\/pt\/terms-and-conditions\/","title":{"rendered":"Termos e condi\u00e7\u00f5es"},"content":{"rendered":"<h2 class=\"wp-block-heading\">Termos e condi\u00e7\u00f5es<\/h2>\n\n\n\n<p><strong>Bem-vindo ao https:\/\/cover-flip.com\/!<\/strong><\/p>\n\n\n\n<p>Estes termos e condi\u00e7\u00f5es descrevem as regras e regulamentos para a utiliza\u00e7\u00e3o do MARCELINO d.o.o..<\/p>\n\n\n\n<p>S\u00edtio Web, localizado em&nbsp;<strong>https:\/\/cover-flip.com\/.<\/strong><\/p>\n\n\n\n<p>Ao aceder a este s\u00edtio Web, presumimos que aceita estes termos e condi\u00e7\u00f5es. N\u00e3o continue a utilizar&nbsp;<strong>https:\/\/cover-flip.com\/<\/strong>&nbsp;se n\u00e3o concordar com todos os termos e condi\u00e7\u00f5es indicados nesta p\u00e1gina.<\/p>\n\n\n\n<p>A seguinte terminologia aplica-se aos presentes Termos e Condi\u00e7\u00f5es, Declara\u00e7\u00e3o de Privacidade e Aviso de Exonera\u00e7\u00e3o de Responsabilidade e a todos os Acordos: \"Cliente\", \"Voc\u00ea\" e \"Seu\" referem-se a si, a pessoa que acede a este s\u00edtio Web e que est\u00e1 em conformidade com os termos e condi\u00e7\u00f5es da Empresa. \"A Empresa\", \"N\u00f3s\", \"N\u00f3s\", \"Nosso\" e \"N\u00f3s\", refere-se \u00e0 nossa Empresa. \"Parte\", \"Partes\", ou \"N\u00f3s\", refere-se tanto ao Cliente como a n\u00f3s pr\u00f3prios. Todos os termos se referem \u00e0 oferta, aceita\u00e7\u00e3o e considera\u00e7\u00e3o do pagamento necess\u00e1rio para levar a cabo o processo da nossa assist\u00eancia ao Cliente da forma mais adequada com o objetivo expresso de satisfazer as necessidades do Cliente no que diz respeito \u00e0 presta\u00e7\u00e3o dos servi\u00e7os declarados da Empresa, de acordo com e sujeito \u00e0 legisla\u00e7\u00e3o em vigor na Eslov\u00e9nia. Qualquer utiliza\u00e7\u00e3o da terminologia acima referida ou de outras palavras no singular, no plural, em mai\u00fasculas e\/ou ele\/ela ou eles\/elas, s\u00e3o consideradas intercambi\u00e1veis e, por conseguinte, como referindo-se ao mesmo.<\/p>\n\n\n\n<p><strong>Biscoitos<\/strong><\/p>\n\n\n\n<p>Utilizamos cookies. Ao aceder a&nbsp;<strong>https:\/\/cover-flip.com\/<\/strong>, concordou em utilizar cookies de acordo com a Pol\u00edtica de Privacidade da MARCELINO d.o.o..<\/p>\n\n\n\n<p>A maioria dos s\u00edtios Web interactivos utiliza cookies que nos permitem recuperar os dados do utilizador em cada visita. Os cookies s\u00e3o utilizados pelo nosso s\u00edtio Web para permitir a funcionalidade de determinadas \u00e1reas e facilitar a visita das pessoas ao nosso s\u00edtio Web. Alguns dos nossos parceiros afiliados\/publicit\u00e1rios tamb\u00e9m podem utilizar cookies.<\/p>\n\n\n\n<p><strong>Licen\u00e7a<\/strong><\/p>\n\n\n\n<p>Salvo indica\u00e7\u00e3o em contr\u00e1rio, a MARCELINO d.o.o. e\/ou os seus licenciantes det\u00eam os direitos de propriedade intelectual de todo o material em https:\/\/cover-flip.com\/. Todos os direitos de propriedade intelectual s\u00e3o reservados. O utilizador pode aceder a esta p\u00e1gina a partir de https:\/\/cover-flip.com\/. para seu uso pessoal, sujeito \u00e0s restri\u00e7\u00f5es estabelecidas nestes termos e condi\u00e7\u00f5es.<\/p>\n\n\n\n<p><strong>N\u00e3o pode:<\/strong><\/p>\n\n\n\n<p>Republicar material de https:\/\/cover-flip.com\/.<br>Vender, alugar ou sublicenciar material de https:\/\/cover-flip.com\/.<br>Reproduzir, duplicar ou copiar material de https:\/\/cover-flip.com\/.<br>Redistribuir o conte\u00fado de https:\/\/cover-flip.com\/.<\/p>\n\n\n\n<p>O presente acordo tem in\u00edcio na data do mesmo.<\/p>\n\n\n\n<p>Algumas partes deste site oferecem aos utilizadores a oportunidade de publicar e trocar opini\u00f5es e informa\u00e7\u00f5es em determinadas \u00e1reas do site. A MARCELINO d.o.o. n\u00e3o filtra, edita, publica ou rev\u00ea os Coment\u00e1rios antes da sua presen\u00e7a no s\u00edtio Web. Os Coment\u00e1rios n\u00e3o reflectem os pontos de vista e opini\u00f5es da MARCELINO d.o.o., dos seus agentes e\/ou afiliados. Os coment\u00e1rios reflectem os pontos de vista e opini\u00f5es da pessoa que os publica. Na medida do permitido pelas leis aplic\u00e1veis, a MARCELINO d.o.o. n\u00e3o ser\u00e1 respons\u00e1vel pelos Coment\u00e1rios ou por qualquer responsabilidade, danos ou despesas causados e\/ou sofridos como resultado de qualquer utiliza\u00e7\u00e3o e\/ou publica\u00e7\u00e3o e\/ou aparecimento dos Coment\u00e1rios neste s\u00edtio Web.<\/p>\n\n\n\n<p>A MARCELINO d.o.o. reserva-se o direito de monitorizar todos os Coment\u00e1rios e de remover quaisquer Coment\u00e1rios que possam ser considerados inapropriados, ofensivos ou que violem estes Termos e Condi\u00e7\u00f5es.<\/p>\n\n\n\n<p><strong>O utilizador garante e declara que:<\/strong><\/p>\n\n\n\n<p>O utilizador tem o direito de publicar os Coment\u00e1rios no nosso s\u00edtio Web e possui todas as licen\u00e7as e autoriza\u00e7\u00f5es necess\u00e1rias para o fazer;<br>Os Coment\u00e1rios n\u00e3o violam qualquer direito de propriedade intelectual, incluindo, sem limita\u00e7\u00e3o, direitos de autor, patentes ou marcas registadas de terceiros;<br>Os Coment\u00e1rios n\u00e3o cont\u00eam qualquer material difamat\u00f3rio, calunioso, ofensivo, indecente ou de outra forma ilegal que constitua uma invas\u00e3o de privacidade<br>Os Coment\u00e1rios n\u00e3o ser\u00e3o utilizados para solicitar ou promover neg\u00f3cios ou costumes ou apresentar actividades comerciais ou actividades ilegais.<\/p>\n\n\n\n<p>Pelo presente, concede \u00e0 MARCELINO d.o.o. uma licen\u00e7a n\u00e3o exclusiva para utilizar, reproduzir, editar e autorizar outros a utilizar, reproduzir e editar quaisquer dos seus Coment\u00e1rios em todas e quaisquer formas, formatos ou meios.<\/p>\n\n\n\n<p><strong>Hiperliga\u00e7\u00e3o ao nosso conte\u00fado<\/strong><\/p>\n\n\n\n<p>As seguintes organiza\u00e7\u00f5es podem estabelecer liga\u00e7\u00f5es ao nosso s\u00edtio Web sem autoriza\u00e7\u00e3o pr\u00e9via por escrito:<\/p>\n\n\n\n<p>Ag\u00eancias governamentais;<br>Motores de pesquisa;<br>Organiza\u00e7\u00f5es noticiosas;<br>Os distribuidores de direct\u00f3rios em linha podem estabelecer liga\u00e7\u00f5es ao nosso s\u00edtio Web da mesma forma que estabelecem hiperliga\u00e7\u00f5es para os s\u00edtios Web de outras empresas listadas; e<br>Empresas acreditadas em todo o sistema, exceto organiza\u00e7\u00f5es sem fins lucrativos, centros comerciais de benefic\u00eancia e grupos de angaria\u00e7\u00e3o de fundos de benefic\u00eancia que n\u00e3o podem estabelecer hiperliga\u00e7\u00f5es para o nosso s\u00edtio Web.<\/p>\n\n\n\n<p>Estas organiza\u00e7\u00f5es podem estabelecer liga\u00e7\u00f5es \u00e0 nossa p\u00e1gina inicial, a publica\u00e7\u00f5es ou a outras informa\u00e7\u00f5es do s\u00edtio Web, desde que a liga\u00e7\u00e3o (a) n\u00e3o seja de forma alguma enganadora; (b) n\u00e3o implique falsamente o patroc\u00ednio, o endosso ou a aprova\u00e7\u00e3o da parte que estabelece a liga\u00e7\u00e3o e dos seus produtos e\/ou servi\u00e7os; e (c) se enquadre no contexto do s\u00edtio da parte que estabelece a liga\u00e7\u00e3o.<\/p>\n\n\n\n<p>Podemos considerar e aprovar outros pedidos de liga\u00e7\u00e3o dos seguintes tipos de organiza\u00e7\u00f5es:<\/p>\n\n\n\n<p>fontes de informa\u00e7\u00e3o comummente conhecidas dos consumidores e\/ou das empresas;<br>coms\u00edtios comunit\u00e1rios;<br>associa\u00e7\u00f5es ou outros grupos representativos de institui\u00e7\u00f5es de solidariedade social;<br>distribuidores de direct\u00f3rios em linha;<br>portais de Internet;<br>empresas de contabilidade, advocacia e consultoria; e<br>institui\u00e7\u00f5es de ensino e associa\u00e7\u00f5es profissionais.<\/p>\n\n\n\n<p>Aprovaremos os pedidos de hiperliga\u00e7\u00e3o destas organiza\u00e7\u00f5es se decidirmos que: (a) a hiperliga\u00e7\u00e3o n\u00e3o nos daria uma imagem desfavor\u00e1vel de n\u00f3s pr\u00f3prios ou das nossas empresas acreditadas; (b) a organiza\u00e7\u00e3o n\u00e3o tem quaisquer registos negativos connosco; (c) o benef\u00edcio para n\u00f3s da visibilidade da hiperliga\u00e7\u00e3o compensa a aus\u00eancia da MARCELINO d.o.o.; e (d) a hiperliga\u00e7\u00e3o est\u00e1 no contexto de informa\u00e7\u00f5es gerais sobre recursos.<\/p>\n\n\n\n<p>Estas organiza\u00e7\u00f5es podem estabelecer uma liga\u00e7\u00e3o \u00e0 nossa p\u00e1gina inicial, desde que a liga\u00e7\u00e3o: (a) n\u00e3o seja de forma alguma enganadora; (b) n\u00e3o implique falsamente o patroc\u00ednio, o endosso ou a aprova\u00e7\u00e3o da parte que estabelece a liga\u00e7\u00e3o e dos seus produtos ou servi\u00e7os; e (c) se enquadre no contexto do s\u00edtio da parte que estabelece a liga\u00e7\u00e3o.<\/p>\n\n\n\n<p>Se for uma das organiza\u00e7\u00f5es enumeradas no par\u00e1grafo 2 acima e estiver interessado em estabelecer uma liga\u00e7\u00e3o ao nosso s\u00edtio Web, deve informar-nos enviando uma mensagem de correio eletr\u00f3nico para jurij.cvikl@marcelino.si. Inclua o seu nome, o nome da sua organiza\u00e7\u00e3o, informa\u00e7\u00f5es de contacto, bem como o URL do seu s\u00edtio, uma lista de quaisquer URLs a partir dos quais pretende estabelecer uma liga\u00e7\u00e3o ao nosso s\u00edtio Web e uma lista dos URLs do nosso s\u00edtio aos quais gostaria de estabelecer uma liga\u00e7\u00e3o. Aguarde 2-3 semanas por uma resposta.<\/p>\n\n\n\n<p>As organiza\u00e7\u00f5es aprovadas podem criar hiperliga\u00e7\u00f5es para o nosso s\u00edtio Web da seguinte forma:<\/p>\n\n\n\n<p>Atrav\u00e9s da utiliza\u00e7\u00e3o da nossa denomina\u00e7\u00e3o social; ou<br>Atrav\u00e9s da utiliza\u00e7\u00e3o do localizador uniforme de recursos que est\u00e1 a ser ligado; ou<br>Atrav\u00e9s da utiliza\u00e7\u00e3o de qualquer outra descri\u00e7\u00e3o do nosso S\u00edtio Web que esteja a ser ligado e que fa\u00e7a sentido no contexto e formato do conte\u00fado do s\u00edtio da parte que estabelece a liga\u00e7\u00e3o.<\/p>\n\n\n\n<p>N\u00e3o ser\u00e1 permitida a utiliza\u00e7\u00e3o do log\u00f3tipo da MARCELINO d.o.o. ou de outro trabalho art\u00edstico para liga\u00e7\u00e3o sem um acordo de licen\u00e7a de marca registada.<\/p>\n\n\n\n<p><strong>iFrames<\/strong><\/p>\n\n\n\n<p>Sem aprova\u00e7\u00e3o pr\u00e9via e autoriza\u00e7\u00e3o por escrito, o utilizador n\u00e3o pode criar molduras em torno das nossas p\u00e1ginas Web que alterem de alguma forma a apresenta\u00e7\u00e3o visual ou o aspeto do nosso s\u00edtio Web.<\/p>\n\n\n\n<p><strong>Responsabilidade pelo conte\u00fado<\/strong><\/p>\n\n\n\n<p>N\u00e3o seremos respons\u00e1veis por qualquer conte\u00fado que apare\u00e7a no seu s\u00edtio Web. O utilizador concorda em proteger-nos e defender-nos contra todas as reclama\u00e7\u00f5es que surjam no seu s\u00edtio Web. N\u00e3o devem aparecer liga\u00e7\u00f5es em nenhum s\u00edtio Web que possam ser interpretadas como difamat\u00f3rias, obscenas ou criminosas, ou que infrinjam, violem ou defendam a infra\u00e7\u00e3o ou outra viola\u00e7\u00e3o de quaisquer direitos de terceiros.<\/p>\n\n\n\n<p><strong>Reserva de direitos<\/strong><\/p>\n\n\n\n<p>Reservamo-nos o direito de solicitar a remo\u00e7\u00e3o de todas as liga\u00e7\u00f5es ou de qualquer liga\u00e7\u00e3o espec\u00edfica ao nosso s\u00edtio Web. O utilizador aprova a remo\u00e7\u00e3o imediata de todas as liga\u00e7\u00f5es ao nosso s\u00edtio Web mediante pedido. Tamb\u00e9m nos reservamos o direito de alterar estes termos e condi\u00e7\u00f5es e a sua pol\u00edtica de liga\u00e7\u00e3o em qualquer altura. Ao estabelecer continuamente uma liga\u00e7\u00e3o ao nosso s\u00edtio Web, o utilizador concorda em respeitar e seguir estes termos e condi\u00e7\u00f5es de liga\u00e7\u00e3o.<\/p>\n\n\n\n<p><strong>Remo\u00e7\u00e3o de liga\u00e7\u00f5es do nosso s\u00edtio Web<\/strong><\/p>\n\n\n\n<p>Se encontrar uma hiperliga\u00e7\u00e3o no nosso s\u00edtio Web que seja ofensiva por qualquer motivo, pode contactar-nos e informar-nos a qualquer momento. Teremos em conta os pedidos de remo\u00e7\u00e3o de liga\u00e7\u00f5es, mas n\u00e3o somos obrigados a faz\u00ea-lo ou a responder-lhe diretamente.<\/p>\n\n\n\n<p>N\u00e3o garantimos que as informa\u00e7\u00f5es contidas neste s\u00edtio Web estejam correctas, n\u00e3o garantimos a sua exaustividade ou exatid\u00e3o; nem prometemos garantir que o s\u00edtio Web permane\u00e7a dispon\u00edvel ou que o material no s\u00edtio Web seja mantido atualizado.<\/p>\n\n\n\n<p><strong>Declara\u00e7\u00e3o de exonera\u00e7\u00e3o de responsabilidade<\/strong><br>Na medida m\u00e1xima permitida pela lei aplic\u00e1vel, exclu\u00edmos todas as representa\u00e7\u00f5es, garantias e condi\u00e7\u00f5es relacionadas com o nosso s\u00edtio Web e a utiliza\u00e7\u00e3o deste s\u00edtio Web. Nada nesta declara\u00e7\u00e3o de exonera\u00e7\u00e3o de responsabilidade ser\u00e1:<\/p>\n\n\n\n<p>limitar ou excluir a nossa ou a sua responsabilidade por morte ou danos pessoais;<br>limitar ou excluir a nossa ou a sua responsabilidade por fraude ou falsas declara\u00e7\u00f5es fraudulentas;<br>limitar qualquer uma das nossas ou das suas responsabilidades de qualquer forma que n\u00e3o seja permitida pela lei aplic\u00e1vel; ou<br>excluir qualquer responsabilidade nossa ou do utilizador que n\u00e3o possa ser exclu\u00edda ao abrigo da legisla\u00e7\u00e3o aplic\u00e1vel.<br>As limita\u00e7\u00f5es e proibi\u00e7\u00f5es de responsabilidade estabelecidas nesta sec\u00e7\u00e3o e noutras partes da presente declara\u00e7\u00e3o de exonera\u00e7\u00e3o de responsabilidade: (a) est\u00e3o sujeitas ao par\u00e1grafo anterior; e (b) regem todas as responsabilidades decorrentes da declara\u00e7\u00e3o de exonera\u00e7\u00e3o de responsabilidade, incluindo as responsabilidades decorrentes de contrato, de ato il\u00edcito e de viola\u00e7\u00e3o de deveres legais.<br>Enquanto o s\u00edtio Web e as informa\u00e7\u00f5es e servi\u00e7os nele contidos forem fornecidos gratuitamente, n\u00e3o seremos respons\u00e1veis por quaisquer perdas ou danos de qualquer natureza.<\/p>\n\n\n\n<p><strong>Resolu\u00e7\u00e3o extrajudicial de lit\u00edgios de consumo<\/strong><\/p>\n\n\n\n<p>A empresa MARCELINO d.o.o., de acordo com as normas legais, n\u00e3o reconhece qualquer executor de resolu\u00e7\u00e3o extrajudicial de lit\u00edgios de consumo como respons\u00e1vel pela resolu\u00e7\u00e3o de lit\u00edgios de consumo que o consumidor possa iniciar de acordo com a Lei sobre a Resolu\u00e7\u00e3o Extrajudicial de Lit\u00edgios de Consumo. A empresa MARCELINO d.o.o., na qualidade de fornecedor de bens e servi\u00e7os, publica no seu s\u00edtio Web uma liga\u00e7\u00e3o eletr\u00f3nica para a plataforma de resolu\u00e7\u00e3o de lit\u00edgios em linha para os consumidores (ODRP). A plataforma est\u00e1 dispon\u00edvel para os consumidores atrav\u00e9s da liga\u00e7\u00e3o eletr\u00f3nica http:\/\/ec.europa.eu\/odr. O regulamento acima referido baseia-se na Lei sobre a resolu\u00e7\u00e3o extrajudicial de lit\u00edgios de consumo, no Regulamento (UE) n.\u00ba 524\/2013 do Parlamento Europeu e do Conselho relativo \u00e0 resolu\u00e7\u00e3o em linha de lit\u00edgios de consumo e que altera o Regulamento (CE) n.\u00ba 2016\/2004 e a Diretiva<\/p>","protected":false},"excerpt":{"rendered":"<p>Termos e Condi\u00e7\u00f5es Bem-vindo ao https:\/\/cover-flip.com\/! Estes termos e condi\u00e7\u00f5es descrevem as regras e regulamentos para o uso do MARCELINO d.o.o.. Website, localizado em https:\/\/cover-flip.com\/. Ao aceder a este website, assumimos que aceita estes termos e condi\u00e7\u00f5es. N\u00e3o continue a utilizar o https:\/\/cover-flip.com\/ se n\u00e3o concordar com todos os termos e condi\u00e7\u00f5es indicados no [...]<\/p>","protected":false},"author":2,"featured_media":0,"parent":0,"menu_order":0,"comment_status":"closed","ping_status":"open","template":"","meta":{"inline_featured_image":false,"ocean_post_layout":"","ocean_both_sidebars_style":"","ocean_both_sidebars_content_width":0,"ocean_both_sidebars_sidebars_width":0,"ocean_sidebar":"0","ocean_second_sidebar":"0","ocean_disable_margins":"enable","ocean_add_body_class":"","ocean_shortcode_before_top_bar":"","ocean_shortcode_after_top_bar":"","ocean_shortcode_before_header":"","ocean_shortcode_after_header":"","ocean_has_shortcode":"","ocean_shortcode_after_title":"","ocean_shortcode_before_footer_widgets":"","ocean_shortcode_after_footer_widgets":"","ocean_shortcode_before_footer_bottom":"","ocean_shortcode_after_footer_bottom":"","ocean_display_top_bar":"default","ocean_display_header":"default","ocean_header_style":"","ocean_center_header_left_menu":"0","ocean_custom_header_template":"0","ocean_custom_logo":0,"ocean_custom_retina_logo":0,"ocean_custom_logo_max_width":0,"ocean_custom_logo_tablet_max_width":0,"ocean_custom_logo_mobile_max_width":0,"ocean_custom_logo_max_height":0,"ocean_custom_logo_tablet_max_height":0,"ocean_custom_logo_mobile_max_height":0,"ocean_header_custom_menu":"0","ocean_menu_typo_font_family":"0","ocean_menu_typo_font_subset":"","ocean_menu_typo_font_size":0,"ocean_menu_typo_font_size_tablet":0,"ocean_menu_typo_font_size_mobile":0,"ocean_menu_typo_font_size_unit":"px","ocean_menu_typo_font_weight":"","ocean_menu_typo_font_weight_tablet":"","ocean_menu_typo_font_weight_mobile":"","ocean_menu_typo_transform":"","ocean_menu_typo_transform_tablet":"","ocean_menu_typo_transform_mobile":"","ocean_menu_typo_line_height":0,"ocean_menu_typo_line_height_tablet":0,"ocean_menu_typo_line_height_mobile":0,"ocean_menu_typo_line_height_unit":"","ocean_menu_typo_spacing":0,"ocean_menu_typo_spacing_tablet":0,"ocean_menu_typo_spacing_mobile":0,"ocean_menu_typo_spacing_unit":"","ocean_menu_link_color":"","ocean_menu_link_color_hover":"","ocean_menu_link_color_active":"","ocean_menu_link_background":"","ocean_menu_link_hover_background":"","ocean_menu_link_active_background":"","ocean_menu_social_links_bg":"","ocean_menu_social_hover_links_bg":"","ocean_menu_social_links_color":"","ocean_menu_social_hover_links_color":"","ocean_disable_title":"on","ocean_disable_heading":"default","ocean_post_title":"","ocean_post_subheading":"","ocean_post_title_style":"","ocean_post_title_background_color":"","ocean_post_title_background":0,"ocean_post_title_bg_image_position":"","ocean_post_title_bg_image_attachment":"","ocean_post_title_bg_image_repeat":"","ocean_post_title_bg_image_size":"","ocean_post_title_height":0,"ocean_post_title_bg_overlay":0.5,"ocean_post_title_bg_overlay_color":"","ocean_disable_breadcrumbs":"off","ocean_breadcrumbs_color":"","ocean_breadcrumbs_separator_color":"","ocean_breadcrumbs_links_color":"","ocean_breadcrumbs_links_hover_color":"","ocean_display_footer_widgets":"default","ocean_display_footer_bottom":"default","ocean_custom_footer_template":"0","footnotes":""},"aioseo_notices":[],"_links":{"self":[{"href":"https:\/\/cover-flip.com\/pt\/wp-json\/wp\/v2\/pages\/985"}],"collection":[{"href":"https:\/\/cover-flip.com\/pt\/wp-json\/wp\/v2\/pages"}],"about":[{"href":"https:\/\/cover-flip.com\/pt\/wp-json\/wp\/v2\/types\/page"}],"author":[{"embeddable":true,"href":"https:\/\/cover-flip.com\/pt\/wp-json\/wp\/v2\/users\/2"}],"replies":[{"embeddable":true,"href":"https:\/\/cover-flip.com\/pt\/wp-json\/wp\/v2\/comments?post=985"}],"version-history":[{"count":2,"href":"https:\/\/cover-flip.com\/pt\/wp-json\/wp\/v2\/pages\/985\/revisions"}],"predecessor-version":[{"id":1273,"href":"https:\/\/cover-flip.com\/pt\/wp-json\/wp\/v2\/pages\/985\/revisions\/1273"}],"wp:attachment":[{"href":"https:\/\/cover-flip.com\/pt\/wp-json\/wp\/v2\/media?parent=985"}],"curies":[{"name":"wp","href":"https:\/\/api.w.org\/{rel}","templated":true}]}}