{"id":992,"date":"2022-09-01T07:59:48","date_gmt":"2022-09-01T07:59:48","guid":{"rendered":"https:\/\/cover-flip.com\/?page_id=992"},"modified":"2022-09-02T08:43:28","modified_gmt":"2022-09-02T08:43:28","slug":"cookie-policy","status":"publish","type":"page","link":"https:\/\/cover-flip.com\/pl\/cookie-policy\/","title":{"rendered":"Polityka dotycz\u0105ca plik\u00f3w cookie"},"content":{"rendered":"<h2 class=\"wp-block-heading\">Polityka dotycz\u0105ca plik\u00f3w cookie<\/h2>\n\n\n\n<p>Strona korzysta z plik\u00f3w cookies. Wchodz\u0105c na stron\u0119 https:\/\/cover-flip.com\/ wyra\u017casz zgod\u0119 na wykorzystywanie plik\u00f3w cookies w porozumieniu z firm\u0105<br>MARCELINO d.o.o., Kranj\u010deva ulica 4, Celje, 3000 Celje oraz polityka prywatno\u015bci na stronie internetowej. Wi\u0119kszo\u015b\u0107 interaktywnych witryn internetowych wykorzystuje pliki cookie, kt\u00f3re umo\u017cliwiaj\u0105 nam pobieranie danych u\u017cytkownika podczas ka\u017cdej wizyty. U\u017cywamy plik\u00f3w cookie na naszej stronie internetowej, aby umo\u017cliwi\u0107 funkcjonalno\u015b\u0107 niekt\u00f3rych obszar\u00f3w i u\u0142atwi\u0107 odwiedzaj\u0105cym odwiedzanie naszej strony internetowej. Niekt\u00f3rzy z naszych partner\u00f3w stowarzyszonych \/ reklamowych mog\u0105 r\u00f3wnie\u017c u\u017cywa\u0107 plik\u00f3w cookie stron trzecich.<\/p>\n\n\n\n<p>Strona internetowa https:\/\/cover-flip.com\/ wykorzystuje nast\u0119puj\u0105ce pliki cookie:<\/p>\n\n\n\n<p>Obowi\u0105zkowe pliki cookie<\/p>\n\n\n\n<figure class=\"wp-block-table\"><table><tbody><tr><td>Nazwa<\/td><td>Czas trwania<\/td><td>Cel<\/td><\/tr><tr><td>__cfduid<\/td><td>4 tygodnie<\/td><td>Plik cookie jest ustawiany przez CloudFlare. Plik cookie s\u0142u\u017cy do identyfikacji poszczeg\u00f3lnych u\u017cytkownik\u00f3w korzystaj\u0105cych z tego samego adresu IP i do stosowania ustawie\u0144 zabezpiecze\u0144 dla ka\u017cdego klienta. Nie dopasowuje identyfikator\u00f3w u\u017cytkownik\u00f3w w aplikacji internetowej i nie przechowuje \u017cadnych danych osobowych.<\/td><\/tr><\/tbody><\/table><\/figure>\n\n\n\n<figure class=\"wp-block-table\"><table><tbody><tr><td>Nazwa<\/td><td>Czas trwania<\/td><td>Cel<\/td><\/tr><tr><td>NID<\/td><td>6 miesi\u0119cy<\/td><td>Ten plik cookie s\u0142u\u017cy do profilowania na podstawie zainteresowa\u0144 u\u017cytkownika i wy\u015bwietlania mu spersonalizowanych reklam.<\/td><\/tr><\/tbody><\/table><\/figure>","protected":false},"excerpt":{"rendered":"<p>Polityka plik\u00f3w cookie Strona korzysta z plik\u00f3w cookie. Wchodz\u0105c na stron\u0119 https:\/\/cover-flip.com\/ wyra\u017casz zgod\u0119 na wykorzystywanie plik\u00f3w cookie zgodnie z umow\u0105 z firm\u0105 MARCELINO d.o.o., Kranj\u010deva ulica 4, Celje, 3000 Celje oraz polityk\u0105 prywatno\u015bci na stronie internetowej. Wi\u0119kszo\u015b\u0107 interaktywnych stron internetowych wykorzystuje pliki cookie, kt\u00f3re pozwalaj\u0105 nam pobiera\u0107 dane u\u017cytkownika przy ka\u017cdej wizycie. U\u017cywamy plik\u00f3w cookie na [...]<\/p>","protected":false},"author":2,"featured_media":0,"parent":0,"menu_order":0,"comment_status":"closed","ping_status":"open","template":"","meta":{"inline_featured_image":false,"ocean_post_layout":"","ocean_both_sidebars_style":"","ocean_both_sidebars_content_width":0,"ocean_both_sidebars_sidebars_width":0,"ocean_sidebar":"0","ocean_second_sidebar":"0","ocean_disable_margins":"enable","ocean_add_body_class":"","ocean_shortcode_before_top_bar":"","ocean_shortcode_after_top_bar":"","ocean_shortcode_before_header":"","ocean_shortcode_after_header":"","ocean_has_shortcode":"","ocean_shortcode_after_title":"","ocean_shortcode_before_footer_widgets":"","ocean_shortcode_after_footer_widgets":"","ocean_shortcode_before_footer_bottom":"","ocean_shortcode_after_footer_bottom":"","ocean_display_top_bar":"default","ocean_display_header":"default","ocean_header_style":"","ocean_center_header_left_menu":"0","ocean_custom_header_template":"0","ocean_custom_logo":0,"ocean_custom_retina_logo":0,"ocean_custom_logo_max_width":0,"ocean_custom_logo_tablet_max_width":0,"ocean_custom_logo_mobile_max_width":0,"ocean_custom_logo_max_height":0,"ocean_custom_logo_tablet_max_height":0,"ocean_custom_logo_mobile_max_height":0,"ocean_header_custom_menu":"0","ocean_menu_typo_font_family":"0","ocean_menu_typo_font_subset":"","ocean_menu_typo_font_size":0,"ocean_menu_typo_font_size_tablet":0,"ocean_menu_typo_font_size_mobile":0,"ocean_menu_typo_font_size_unit":"px","ocean_menu_typo_font_weight":"","ocean_menu_typo_font_weight_tablet":"","ocean_menu_typo_font_weight_mobile":"","ocean_menu_typo_transform":"","ocean_menu_typo_transform_tablet":"","ocean_menu_typo_transform_mobile":"","ocean_menu_typo_line_height":0,"ocean_menu_typo_line_height_tablet":0,"ocean_menu_typo_line_height_mobile":0,"ocean_menu_typo_line_height_unit":"","ocean_menu_typo_spacing":0,"ocean_menu_typo_spacing_tablet":0,"ocean_menu_typo_spacing_mobile":0,"ocean_menu_typo_spacing_unit":"","ocean_menu_link_color":"","ocean_menu_link_color_hover":"","ocean_menu_link_color_active":"","ocean_menu_link_background":"","ocean_menu_link_hover_background":"","ocean_menu_link_active_background":"","ocean_menu_social_links_bg":"","ocean_menu_social_hover_links_bg":"","ocean_menu_social_links_color":"","ocean_menu_social_hover_links_color":"","ocean_disable_title":"on","ocean_disable_heading":"default","ocean_post_title":"","ocean_post_subheading":"","ocean_post_title_style":"","ocean_post_title_background_color":"","ocean_post_title_background":0,"ocean_post_title_bg_image_position":"","ocean_post_title_bg_image_attachment":"","ocean_post_title_bg_image_repeat":"","ocean_post_title_bg_image_size":"","ocean_post_title_height":0,"ocean_post_title_bg_overlay":0.5,"ocean_post_title_bg_overlay_color":"","ocean_disable_breadcrumbs":"off","ocean_breadcrumbs_color":"","ocean_breadcrumbs_separator_color":"","ocean_breadcrumbs_links_color":"","ocean_breadcrumbs_links_hover_color":"","ocean_display_footer_widgets":"default","ocean_display_footer_bottom":"default","ocean_custom_footer_template":"0","footnotes":""},"aioseo_notices":[],"_links":{"self":[{"href":"https:\/\/cover-flip.com\/pl\/wp-json\/wp\/v2\/pages\/992"}],"collection":[{"href":"https:\/\/cover-flip.com\/pl\/wp-json\/wp\/v2\/pages"}],"about":[{"href":"https:\/\/cover-flip.com\/pl\/wp-json\/wp\/v2\/types\/page"}],"author":[{"embeddable":true,"href":"https:\/\/cover-flip.com\/pl\/wp-json\/wp\/v2\/users\/2"}],"replies":[{"embeddable":true,"href":"https:\/\/cover-flip.com\/pl\/wp-json\/wp\/v2\/comments?post=992"}],"version-history":[{"count":2,"href":"https:\/\/cover-flip.com\/pl\/wp-json\/wp\/v2\/pages\/992\/revisions"}],"predecessor-version":[{"id":1272,"href":"https:\/\/cover-flip.com\/pl\/wp-json\/wp\/v2\/pages\/992\/revisions\/1272"}],"wp:attachment":[{"href":"https:\/\/cover-flip.com\/pl\/wp-json\/wp\/v2\/media?parent=992"}],"curies":[{"name":"wp","href":"https:\/\/api.w.org\/{rel}","templated":true}]}}