{"id":992,"date":"2022-09-01T07:59:48","date_gmt":"2022-09-01T07:59:48","guid":{"rendered":"https:\/\/cover-flip.com\/?page_id=992"},"modified":"2022-09-02T08:43:28","modified_gmt":"2022-09-02T08:43:28","slug":"cookie-policy","status":"publish","type":"page","link":"https:\/\/cover-flip.com\/lv\/cookie-policy\/","title":{"rendered":"S\u012bkfailu politika"},"content":{"rendered":"<h2 class=\"wp-block-heading\">S\u012bkfailu politika<\/h2>\n\n\n\n<p>T\u012bmek\u013ca vietn\u0113 tiek izmantotas s\u012bkdatnes. Piek\u013c\u016bstot vietnei https:\/\/cover-flip.com\/, j\u016bs esat piekritis s\u012bkdat\u0146u izmanto\u0161anai, vienojoties ar uz\u0146\u0113mumu.<br>MARCELINO d.o.o., Kranj\u010deva ulica 4, Celje, 3000 Celje, un priv\u0101tuma politiku t\u012bmek\u013ca vietn\u0113. Liel\u0101kaj\u0101 da\u013c\u0101 interakt\u012bvo t\u012bmek\u013ca viet\u0146u tiek izmantoti s\u012bkfaili, kas \u013cauj ieg\u016bt lietot\u0101ja inform\u0101ciju par katru apmekl\u0113jumu. M\u0113s sav\u0101 t\u012bmek\u013ca vietn\u0113 izmantojam s\u012bkfailus, lai nodro\u0161in\u0101tu noteiktu jomu funkcionalit\u0101ti un atvieglotu apmekl\u0113t\u0101jiem m\u016bsu t\u012bmek\u013ca vietnes apmekl\u0113jumu. Da\u017ei no m\u016bsu partneru\/rekl\u0101mas partneriem var izmantot ar\u012b tre\u0161o pu\u0161u s\u012bkfailus.<\/p>\n\n\n\n<p>Vietn\u0113 https:\/\/cover-flip.com\/ tiek izmantotas \u0161\u0101das s\u012bkdatnes:<\/p>\n\n\n\n<p>Oblig\u0101t\u0101s s\u012bkdatnes<\/p>\n\n\n\n<figure class=\"wp-block-table\"><table><tbody><tr><td>Nosaukums<\/td><td>Ilgums<\/td><td>M\u0113r\u0137is<\/td><\/tr><tr><td>__cfduid<\/td><td>4 ned\u0113\u013cas<\/td><td>S\u012bkfails tiek iestat\u012bts pakalpojum\u0101 CloudFlare. \u0160is s\u012bkfails tiek izmantots, lai identific\u0113tu atsevi\u0161\u0137us lietot\u0101jus, kuri izmanto vienu un to pa\u0161u IP adresi, un lai piem\u0113rotu dro\u0161\u012bbas iestat\u012bjumus katram klientam. Tas nesakr\u012bt ar lietot\u0101ja ID t\u012bmek\u013ca lietojumprogramm\u0101 un nesaglab\u0101 nek\u0101du personisku inform\u0101ciju.<\/td><\/tr><\/tbody><\/table><\/figure>\n\n\n\n<figure class=\"wp-block-table\"><table><tbody><tr><td>Nosaukums<\/td><td>Ilgums<\/td><td>M\u0113r\u0137is<\/td><\/tr><tr><td>NID<\/td><td>6 m\u0113ne\u0161i<\/td><td>\u0160is s\u012bkfails tiek izmantots, lai veidotu profilu, pamatojoties uz lietot\u0101ja interes\u0113m, un r\u0101d\u012btu lietot\u0101jiem piel\u0101gotas rekl\u0101mas.<\/td><\/tr><\/tbody><\/table><\/figure>","protected":false},"excerpt":{"rendered":"<p>S\u012bkfailu politika \u0160aj\u0101 vietn\u0113 tiek izmantoti s\u012bkfaili. Piek\u013c\u016bstot t\u012bmek\u013ca vietnei https:\/\/cover-flip.com\/, j\u016bs esat piekritis s\u012bkdat\u0146u izmanto\u0161anai saska\u0146\u0101 ar uz\u0146\u0113mumaMARCELINO d.o.o., Kranj\u010deva ulica 4, Celje, 3000 Celje un t\u012bmek\u013ca vietnes priv\u0101tuma politiku. Liel\u0101kaj\u0101 da\u013c\u0101 interakt\u012bvo t\u012bmek\u013ca viet\u0146u tiek izmantotas s\u012bkdatnes, kas \u013cauj ieg\u016bt inform\u0101ciju par lietot\u0101ju katr\u0101 apmekl\u0113juma reiz\u0113. M\u0113s izmantojam s\u012bkdatnes [...]<\/p>","protected":false},"author":2,"featured_media":0,"parent":0,"menu_order":0,"comment_status":"closed","ping_status":"open","template":"","meta":{"inline_featured_image":false,"ocean_post_layout":"","ocean_both_sidebars_style":"","ocean_both_sidebars_content_width":0,"ocean_both_sidebars_sidebars_width":0,"ocean_sidebar":"0","ocean_second_sidebar":"0","ocean_disable_margins":"enable","ocean_add_body_class":"","ocean_shortcode_before_top_bar":"","ocean_shortcode_after_top_bar":"","ocean_shortcode_before_header":"","ocean_shortcode_after_header":"","ocean_has_shortcode":"","ocean_shortcode_after_title":"","ocean_shortcode_before_footer_widgets":"","ocean_shortcode_after_footer_widgets":"","ocean_shortcode_before_footer_bottom":"","ocean_shortcode_after_footer_bottom":"","ocean_display_top_bar":"default","ocean_display_header":"default","ocean_header_style":"","ocean_center_header_left_menu":"0","ocean_custom_header_template":"0","ocean_custom_logo":0,"ocean_custom_retina_logo":0,"ocean_custom_logo_max_width":0,"ocean_custom_logo_tablet_max_width":0,"ocean_custom_logo_mobile_max_width":0,"ocean_custom_logo_max_height":0,"ocean_custom_logo_tablet_max_height":0,"ocean_custom_logo_mobile_max_height":0,"ocean_header_custom_menu":"0","ocean_menu_typo_font_family":"0","ocean_menu_typo_font_subset":"","ocean_menu_typo_font_size":0,"ocean_menu_typo_font_size_tablet":0,"ocean_menu_typo_font_size_mobile":0,"ocean_menu_typo_font_size_unit":"px","ocean_menu_typo_font_weight":"","ocean_menu_typo_font_weight_tablet":"","ocean_menu_typo_font_weight_mobile":"","ocean_menu_typo_transform":"","ocean_menu_typo_transform_tablet":"","ocean_menu_typo_transform_mobile":"","ocean_menu_typo_line_height":0,"ocean_menu_typo_line_height_tablet":0,"ocean_menu_typo_line_height_mobile":0,"ocean_menu_typo_line_height_unit":"","ocean_menu_typo_spacing":0,"ocean_menu_typo_spacing_tablet":0,"ocean_menu_typo_spacing_mobile":0,"ocean_menu_typo_spacing_unit":"","ocean_menu_link_color":"","ocean_menu_link_color_hover":"","ocean_menu_link_color_active":"","ocean_menu_link_background":"","ocean_menu_link_hover_background":"","ocean_menu_link_active_background":"","ocean_menu_social_links_bg":"","ocean_menu_social_hover_links_bg":"","ocean_menu_social_links_color":"","ocean_menu_social_hover_links_color":"","ocean_disable_title":"on","ocean_disable_heading":"default","ocean_post_title":"","ocean_post_subheading":"","ocean_post_title_style":"","ocean_post_title_background_color":"","ocean_post_title_background":0,"ocean_post_title_bg_image_position":"","ocean_post_title_bg_image_attachment":"","ocean_post_title_bg_image_repeat":"","ocean_post_title_bg_image_size":"","ocean_post_title_height":0,"ocean_post_title_bg_overlay":0.5,"ocean_post_title_bg_overlay_color":"","ocean_disable_breadcrumbs":"off","ocean_breadcrumbs_color":"","ocean_breadcrumbs_separator_color":"","ocean_breadcrumbs_links_color":"","ocean_breadcrumbs_links_hover_color":"","ocean_display_footer_widgets":"default","ocean_display_footer_bottom":"default","ocean_custom_footer_template":"0","footnotes":""},"aioseo_notices":[],"_links":{"self":[{"href":"https:\/\/cover-flip.com\/lv\/wp-json\/wp\/v2\/pages\/992"}],"collection":[{"href":"https:\/\/cover-flip.com\/lv\/wp-json\/wp\/v2\/pages"}],"about":[{"href":"https:\/\/cover-flip.com\/lv\/wp-json\/wp\/v2\/types\/page"}],"author":[{"embeddable":true,"href":"https:\/\/cover-flip.com\/lv\/wp-json\/wp\/v2\/users\/2"}],"replies":[{"embeddable":true,"href":"https:\/\/cover-flip.com\/lv\/wp-json\/wp\/v2\/comments?post=992"}],"version-history":[{"count":2,"href":"https:\/\/cover-flip.com\/lv\/wp-json\/wp\/v2\/pages\/992\/revisions"}],"predecessor-version":[{"id":1272,"href":"https:\/\/cover-flip.com\/lv\/wp-json\/wp\/v2\/pages\/992\/revisions\/1272"}],"wp:attachment":[{"href":"https:\/\/cover-flip.com\/lv\/wp-json\/wp\/v2\/media?parent=992"}],"curies":[{"name":"wp","href":"https:\/\/api.w.org\/{rel}","templated":true}]}}