{"id":985,"date":"2022-09-01T07:49:33","date_gmt":"2022-09-01T07:49:33","guid":{"rendered":"https:\/\/cover-flip.com\/?page_id=985"},"modified":"2022-09-02T08:43:49","modified_gmt":"2022-09-02T08:43:49","slug":"terms-and-conditions","status":"publish","type":"page","link":"https:\/\/cover-flip.com\/lv\/terms-and-conditions\/","title":{"rendered":"Noteikumi un nosac\u012bjumi"},"content":{"rendered":"<h2 class=\"wp-block-heading\">Noteikumi un nosac\u012bjumi<\/h2>\n\n\n\n<p><strong>Laipni l\u016bdzam vietn\u0113 https:\/\/cover-flip.com\/!<\/strong><\/p>\n\n\n\n<p>\u0160ajos noteikumos un nosac\u012bjumos ir izkl\u0101st\u012bti MARCELINO d.o.o. lieto\u0161anas noteikumi un noteikumi.<\/p>\n\n\n\n<p>T\u012bmek\u013ca vietne, kas atrodas&nbsp;<strong>https:\/\/cover-flip.com\/.<\/strong><\/p>\n\n\n\n<p>Piek\u013c\u016bstot \u0161ai vietnei, m\u0113s pie\u0146emam, ka j\u016bs piekr\u012btat \u0161iem noteikumiem un nosac\u012bjumiem. neturpiniet izmantot&nbsp;<strong>https:\/\/cover-flip.com\/<\/strong>&nbsp;ja nepiekr\u012btat pie\u0146emt visus \u0161aj\u0101 lap\u0101 min\u0113tos noteikumus un nosac\u012bjumus.<\/p>\n\n\n\n<p>Uz \u0161iem Noteikumiem un nosac\u012bjumiem, Pazi\u0146ojumu par konfidencialit\u0101ti un Pazi\u0146ojumu par atteik\u0161anos no atbild\u012bbas, k\u0101 ar\u012b visiem L\u012bgumiem attiecas \u0161\u0101da terminolo\u0123ija: \"Klients\", \"J\u016bs\" un \"J\u016bsu\" attiecas uz Jums, personu, kas piesak\u0101s \u0161aj\u0101 t\u012bmek\u013ca vietn\u0113 un atbilst Sabiedr\u012bbas noteikumiem un nosac\u012bjumiem. \"Uz\u0146\u0113mums\", \"M\u0113s\", \"M\u0113s\", \"M\u016bsu\" un \"Mums\" attiecas uz m\u016bsu uz\u0146\u0113mumu. \"Puse\", \"Puses\" vai \"M\u0113s\" attiecas gan uz Klientu, gan uz mums. Visi termini attiecas uz pied\u0101v\u0101jumu, pie\u0146em\u0161anu un samaksu, kas nepiecie\u0161ama, lai veiktu m\u016bsu pal\u012bdz\u012bbas procesu Klientam vispiem\u0113rot\u0101kaj\u0101 veid\u0101 ar skaidru m\u0113r\u0137i apmierin\u0101t Klienta vajadz\u012bbas attiec\u012bb\u0101 uz Sabiedr\u012bbas nor\u0101d\u012bto pakalpojumu snieg\u0161anu, saska\u0146\u0101 ar Slov\u0113nij\u0101 sp\u0113k\u0101 eso\u0161ajiem ties\u012bbu aktiem un iev\u0113rojot tos. Jebkur\u0161 iepriek\u0161 min\u0113t\u0101s terminolo\u0123ijas vai citu v\u0101rdu lietojums vienskaitl\u012b, daudzskaitl\u012b, lielajiem burtiem un\/vai vi\u0146\u0161\/vi\u0146a vai vi\u0146i tiek uzskat\u012bts par savstarp\u0113ji aizvietojamu un t\u0101d\u0113j\u0101di attiecas uz to pa\u0161u.<\/p>\n\n\n\n<p><strong>S\u012bkfaili<\/strong><\/p>\n\n\n\n<p>M\u0113s izmantojam s\u012bkfailus. Piek\u013c\u016bstot&nbsp;<strong>https:\/\/cover-flip.com\/<\/strong>, j\u016bs piekrit\u0101t izmantot s\u012bkfailus saska\u0146\u0101 ar MARCELINO d.o.o. konfidencialit\u0101tes politiku.<\/p>\n\n\n\n<p>Liel\u0101kaj\u0101 da\u013c\u0101 interakt\u012bvo viet\u0146u tiek izmantoti s\u012bkfaili, lai m\u0113s var\u0113tu ieg\u016bt lietot\u0101ja inform\u0101ciju par katru apmekl\u0113jumu. S\u012bkdatnes tiek izmantotas m\u016bsu t\u012bmek\u013ca vietn\u0113, lai nodro\u0161in\u0101tu noteiktu jomu funkcionalit\u0101ti un atvieglotu m\u016bsu t\u012bmek\u013ca vietnes apmekl\u0113jumu. S\u012bkdatnes var izmantot ar\u012b da\u017ei m\u016bsu sadarb\u012bbas\/rekl\u0101mas partneri.<\/p>\n\n\n\n<p><strong>Licence<\/strong><\/p>\n\n\n\n<p>Ja vien nav nor\u0101d\u012bts cit\u0101di, intelektu\u0101l\u0101 \u012bpa\u0161uma ties\u012bbas uz visiem https:\/\/cover-flip.com\/ public\u0113tajiem materi\u0101liem pieder MARCELINO d.o.o. un\/vai t\u0101s licences dev\u0113jiem. Visas intelektu\u0101l\u0101 \u012bpa\u0161uma ties\u012bbas ir aizsarg\u0101tas. J\u016bs varat piek\u013c\u016bt \u0161im materi\u0101lam no https:\/\/cover-flip.com\/. person\u012bgai lieto\u0161anai, iev\u0113rojot \u0161ajos noteikumos un nosac\u012bjumos noteiktos ierobe\u017eojumus.<\/p>\n\n\n\n<p><strong>J\u016bs nedr\u012bkstat:<\/strong><\/p>\n\n\n\n<p>P\u0101rpublic\u0113jiet materi\u0101lu no https:\/\/cover-flip.com\/.<br>p\u0101rdot, iznom\u0101t vai licenc\u0113t materi\u0101lus no https:\/\/cover-flip.com\/.<br>Reproduc\u0113t, pavairot vai kop\u0113t materi\u0101lus no https:\/\/cover-flip.com\/.<br>P\u0101rdaliet saturu no https:\/\/cover-flip.com\/.<\/p>\n\n\n\n<p>\u0160is L\u012bgums st\u0101jas sp\u0113k\u0101 \u0161\u0101 L\u012bguma parakst\u012b\u0161anas dien\u0101.<\/p>\n\n\n\n<p>Da\u017e\u0101s \u0161\u012bs vietnes da\u013c\u0101s lietot\u0101ji var public\u0113t un apmain\u012bties ar viedok\u013ciem un inform\u0101ciju noteikt\u0101s vietnes sada\u013c\u0101s. MARCELINO d.o.o. nefiltr\u0113, neredi\u0123\u0113, nepublic\u0113 un nep\u0101rskata koment\u0101rus pirms to ievieto\u0161anas t\u012bmek\u013ca vietn\u0113. Koment\u0101ri neatspogu\u013co MARCELINO d.o.o., t\u0101s p\u0101rst\u0101vju un\/vai saist\u012bto uz\u0146\u0113mumu uzskatus un viedok\u013cus. Koment\u0101ri atspogu\u013co to personu viedok\u013cus un uzskatus, kuras tos public\u0113. Cikt\u0101l to pie\u013cauj piem\u0113rojamie ties\u012bbu akti, MARCELINO d.o.o. nav atbild\u012bga par Koment\u0101riem vai par jebk\u0101du atbild\u012bbu, zaud\u0113jumiem vai izdevumiem, kas radu\u0161ies un\/vai radu\u0161ies Koment\u0101ru izmanto\u0161anas un\/vai public\u0113\u0161anas un\/vai par\u0101d\u012b\u0161an\u0101s \u0161aj\u0101 t\u012bmek\u013ca vietn\u0113 rezult\u0101t\u0101.<\/p>\n\n\n\n<p>MARCELINO d.o.o. patur ties\u012bbas uzraudz\u012bt visus Koment\u0101rus un dz\u0113st visus Koment\u0101rus, kurus var uzskat\u012bt par nepiem\u0113rotiem, aizskaro\u0161iem vai t\u0101diem, kas p\u0101rk\u0101pj \u0161os Noteikumus un nosac\u012bjumus.<\/p>\n\n\n\n<p><strong>J\u016bs garant\u0113jat un apliecin\u0101t, ka:<\/strong><\/p>\n\n\n\n<p>Jums ir ties\u012bbas public\u0113t Koment\u0101rus m\u016bsu t\u012bmek\u013ca vietn\u0113, un jums ir visas nepiecie\u0161am\u0101s licences un piekri\u0161ana to dar\u012bt;<br>Koment\u0101ri neaizskar nek\u0101das intelektu\u0101l\u0101 \u012bpa\u0161uma ties\u012bbas, tostarp, bet ne tikai, autorties\u012bbas, patentu vai pre\u010du z\u012bmi, kas pieder jebkurai tre\u0161ajai personai;<br>Koment\u0101ri nesatur nek\u0101dus apmelojo\u0161us, apmelojo\u0161us, aizskaro\u0161us, nepiekl\u0101j\u012bgus vai cit\u0101di nelikum\u012bgus materi\u0101lus, kas aizskar priv\u0101tumu.<br>Koment\u0101ri netiks izmantoti, lai piepras\u012btu vai veicin\u0101tu uz\u0146\u0113m\u0113jdarb\u012bbu vai para\u017eas, k\u0101 ar\u012b lai atspogu\u013cotu komerci\u0101las darb\u012bbas vai nelikum\u012bgas darb\u012bbas.<\/p>\n\n\n\n<p>Ar \u0161o j\u016bs pie\u0161\u0137irat MARCELINO d.o.o. neekskluz\u012bvu licenci izmantot, reproduc\u0113t, redi\u0123\u0113t un at\u013caut citiem izmantot, reproduc\u0113t un redi\u0123\u0113t jebk\u0101dus j\u016bsu koment\u0101rus jebk\u0101d\u0101 form\u0101, form\u0101t\u0101 vai medij\u0101.<\/p>\n\n\n\n<p><strong>Hipersaites uz m\u016bsu saturu<\/strong><\/p>\n\n\n\n<p>T\u0101l\u0101k nor\u0101d\u012bt\u0101s organiz\u0101cijas var izveidot saites uz m\u016bsu T\u012bmek\u013ca vietni bez iepriek\u0161\u0113ja rakstiska apstiprin\u0101juma:<\/p>\n\n\n\n<p>Vald\u012bbas a\u0123ent\u016bras;<br>Mekl\u0113t\u0101jprogrammas;<br>Zi\u0146u organiz\u0101cijas;<br>Tie\u0161saistes katalogu izplat\u012bt\u0101ji var izveidot saiti uz m\u016bsu T\u012bmek\u013ca vietni t\u0101d\u0101 pa\u0161\u0101 veid\u0101, k\u0101 tie veido hipersaites uz citu sarakst\u0101 iek\u013cauto uz\u0146\u0113mumu T\u012bmek\u013ca vietn\u0113m; un<br>Akredit\u0113tie uz\u0146\u0113mumi vis\u0101 sist\u0113m\u0101, iz\u0146emot bezpe\u013c\u0146as organiz\u0101cijas, labdar\u012bbas tirdzniec\u012bbas centrus un labdar\u012bbas l\u012bdzek\u013cu v\u0101k\u0161anas grupas, kas nedr\u012bkst izmantot hipersaites uz m\u016bsu t\u012bmek\u013ca vietni.<\/p>\n\n\n\n<p>\u0160\u012bs organiz\u0101cijas var izveidot saiti uz m\u016bsu t\u012bmek\u013ca vietnes s\u0101kumlapu, publik\u0101cij\u0101m vai citu t\u012bmek\u013ca vietnes inform\u0101ciju, ja vien saite: (a) nek\u0101d\u0101 veid\u0101 nav maldino\u0161a; (b) nepatiesi nenor\u0101da, ka tiek sponsor\u0113ta, atbalst\u012bta vai apstiprin\u0101ta saikni saturo\u0161\u0101 puse un t\u0101s produkti un\/vai pakalpojumi; un (c) iek\u013caujas saikni saturo\u0161\u0101s puses vietnes kontekst\u0101.<\/p>\n\n\n\n<p>M\u0113s varam izskat\u012bt un apstiprin\u0101t citus saitei piepras\u012bjumus no \u0161\u0101da veida organiz\u0101cij\u0101m:<\/p>\n\n\n\n<p>pla\u0161i paz\u012bstami pat\u0113r\u0113t\u0101ju un\/vai uz\u0146\u0113mumu inform\u0101cijas avoti;<br>comcommunity vietnes;<br>asoci\u0101cijas vai citas labdar\u012bbas organiz\u0101ciju p\u0101rst\u0101v\u012bbas grupas;<br>tie\u0161saistes katalogu izplat\u012bt\u0101ji;<br>interneta port\u0101los;<br>gr\u0101matved\u012bbas, juridiskie un konsult\u0101ciju uz\u0146\u0113mumi; un<br>izgl\u012bt\u012bbas iest\u0101d\u0113m un tirdzniec\u012bbas asoci\u0101cij\u0101m.<\/p>\n\n\n\n<p>M\u0113s apstiprin\u0101sim \u0161o organiz\u0101ciju saites piepras\u012bjumus, ja pie\u0146emsim attiec\u012bgu l\u0113mumu: (a) saite nerad\u012bs mums vai m\u016bsu akredit\u0113tajiem uz\u0146\u0113mumiem nelabv\u0113l\u012bgu iespaidu; (b) organiz\u0101cijai nav negat\u012bvu ierakstu m\u016bsu kont\u0101; (c) m\u016bsu ieguvums no hipersaites redzam\u012bbas kompens\u0113 MARCELINO d.o.o. tr\u016bkumu; un (d) saite ir visp\u0101r\u0113jas resursu inform\u0101cijas kontekst\u0101.<\/p>\n\n\n\n<p>\u0160\u012bs organiz\u0101cijas var pievienot saiti uz m\u016bsu m\u0101jas lapu, ja vien saite: (a) nek\u0101d\u0101 veid\u0101 nav maldino\u0161a; (b) nepatiesi nenor\u0101da, ka t\u0101 sponsor\u0113, atbalsta vai apstiprina saikni saturo\u0161o pusi un t\u0101s produktus vai pakalpojumus; un (c) iek\u013caujas saikni saturo\u0161\u0101s puses vietnes kontekst\u0101.<\/p>\n\n\n\n<p>Ja esat viena no 2. punkt\u0101 min\u0113taj\u0101m organiz\u0101cij\u0101m un v\u0113laties izveidot saiti uz m\u016bsu vietni, jums par to j\u0101inform\u0113, nos\u016btot e-pastu uz adresi jurij.cvikl@marcelino.si. L\u016bdzu, nor\u0101diet savu v\u0101rdu, uzv\u0101rdu, organiz\u0101cijas nosaukumu, kontaktinform\u0101ciju, k\u0101 ar\u012b savas vietnes URL, sarakstu ar visiem URL, no kuriem j\u016bs pl\u0101nojat izveidot saiti uz m\u016bsu vietni, un sarakstu ar m\u016bsu vietnes URL, uz kuriem v\u0113laties izveidot saiti. Uz atbildi gaidiet 2-3 ned\u0113\u013cas.<\/p>\n\n\n\n<p>Apstiprin\u0101t\u0101s organiz\u0101cijas var izveidot hipersaites uz m\u016bsu T\u012bmek\u013ca vietni \u0161\u0101di:<\/p>\n\n\n\n<p>Izmantojot m\u016bsu uz\u0146\u0113muma nosaukumu; vai<br>izmantojot vienoto resursu mekl\u0113t\u0101ju, uz kuru ir atsauce; vai<br>Izmantojot jebkuru citu m\u016bsu T\u012bmek\u013ca vietnes aprakstu, uz kuru ir izveidotas saites, kas ir saprotams saiknes s\u016bt\u012bt\u0101jas puses t\u012bmek\u013ca vietnes satura kontekst\u0101 un form\u0101t\u0101.<\/p>\n\n\n\n<p>Ja nav nosl\u0113gts licences l\u012bgums par pre\u010du z\u012bmes izmanto\u0161anu, MARCELINO d.o.o. logotipa vai citu m\u0101kslas darbu izmanto\u0161ana sait\u0113m nav at\u013cauta.<\/p>\n\n\n\n<p><strong>iFrames<\/strong><\/p>\n\n\n\n<p>Bez iepriek\u0161\u0113ja apstiprin\u0101juma un rakstiskas at\u013caujas j\u016bs nedr\u012bkstat izveidot r\u0101mjus ap m\u016bsu T\u012bmek\u013ca vietn\u0113m, kas jebk\u0101d\u0101 veid\u0101 maina m\u016bsu T\u012bmek\u013ca vietnes vizu\u0101lo noform\u0113jumu vai izskatu.<\/p>\n\n\n\n<p><strong>Atbild\u012bba par saturu<\/strong><\/p>\n\n\n\n<p>M\u0113s neuz\u0146emamies atbild\u012bbu par jebk\u0101du saturu, kas par\u0101d\u0101s j\u016bsu T\u012bmek\u013ca vietn\u0113. J\u016bs piekr\u012btat aizsarg\u0101t un aizst\u0101v\u0113t m\u016bs pret vis\u0101m pretenzij\u0101m, kas tiek celtas j\u016bsu t\u012bmek\u013ca vietn\u0113. Nevien\u0101 T\u012bmek\u013ca vietn\u0113 nedr\u012bkst par\u0101d\u012bties saite(-es), kas var tikt interpret\u0113ta(-as) k\u0101 apmelojo\u0161a(-as), nepiekl\u0101j\u012bga(-as) vai noziedz\u012bga(-as), vai kas p\u0101rk\u0101pj, cit\u0101di p\u0101rk\u0101pj vai atbalsta jebkuras tre\u0161\u0101s personas ties\u012bbu p\u0101rk\u0101pumu vai citu p\u0101rk\u0101pumu.<\/p>\n\n\n\n<p><strong>Ties\u012bbu rezerv\u0113\u0161ana<\/strong><\/p>\n\n\n\n<p>M\u0113s paturam ties\u012bbas piepras\u012bt, lai j\u016bs dz\u0113stu visas saites vai jebkuru konkr\u0113tu saiti uz m\u016bsu T\u012bmek\u013ca vietni. J\u016bs piekr\u012btat p\u0113c piepras\u012bjuma nekav\u0113joties dz\u0113st visas saites uz m\u016bsu Vietni. M\u0113s ar\u012b paturam ties\u012bbas jebkur\u0101 laik\u0101 groz\u012bt \u0161os noteikumus un nosac\u012bjumus un to sai\u0161u politiku. Past\u0101v\u012bgi pievienojot saites uz m\u016bsu Vietni, j\u016bs piekr\u012btat iev\u0113rot un iev\u0113rot \u0161os sai\u0161u pievieno\u0161anas noteikumus un nosac\u012bjumus.<\/p>\n\n\n\n<p><strong>Saites no\u0146em\u0161ana no m\u016bsu vietnes<\/strong><\/p>\n\n\n\n<p>Ja m\u016bsu T\u012bmek\u013ca vietn\u0113 atrodat k\u0101du saiti, kas jebk\u0101da iemesla d\u0113\u013c ir aizskaro\u0161a, j\u016bs varat jebkur\u0101 br\u012bd\u012b sazin\u0101ties ar mums un inform\u0113t m\u016bs. M\u0113s izskat\u012bsim piepras\u012bjumus par sai\u0161u dz\u0113\u0161anu, ta\u010du mums nav pien\u0101kuma to dar\u012bt vai atbild\u0113t jums tie\u0161i.<\/p>\n\n\n\n<p>M\u0113s nenodro\u0161in\u0101m, ka \u0161aj\u0101 vietn\u0113 sniegt\u0101 inform\u0101cija ir pareiza, negarant\u0113jam t\u0101s piln\u012bgumu vai precizit\u0101ti, k\u0101 ar\u012b nesol\u0101m nodro\u0161in\u0101t, ka vietne b\u016bs pieejama un ka vietn\u0113 pieejamie materi\u0101li tiks atjaunin\u0101ti.<\/p>\n\n\n\n<p><strong>Atruna<\/strong><br>Piem\u0113rojamajos ties\u012bbu aktos at\u013cautaj\u0101 apm\u0113r\u0101 m\u0113s izsl\u0113dzam visus apgalvojumus, garantijas un nosac\u012bjumus, kas attiecas uz m\u016bsu vietni un \u0161\u012bs vietnes izmanto\u0161anu. Nekas \u0161aj\u0101 atrun\u0101:<\/p>\n\n\n\n<p>ierobe\u017eot vai izsl\u0113gt m\u016bsu vai j\u016bsu atbild\u012bbu par n\u0101vi vai miesas boj\u0101jumiem;<br>ierobe\u017eot vai izsl\u0113gt m\u016bsu vai j\u016bsu atbild\u012bbu par kr\u0101p\u0161anu vai kr\u0101pniecisku maldin\u0101\u0161anu;<br>ierobe\u017eot m\u016bsu vai j\u016bsu saist\u012bbas jebk\u0101d\u0101 veid\u0101, kas nav at\u013cauts saska\u0146\u0101 ar piem\u0113rojamiem ties\u012bbu aktiem; vai<br>izsl\u0113gt jebk\u0101das m\u016bsu vai j\u016bsu saist\u012bbas, kuras nevar izsl\u0113gt saska\u0146\u0101 ar piem\u0113rojamiem ties\u012bbu aktiem.<br>Atbild\u012bbas ierobe\u017eojumi un aizliegumi, kas noteikti \u0161aj\u0101 sada\u013c\u0101 un citur \u0161aj\u0101 atrun\u0101: (a) ir pak\u013cauti iepriek\u0161\u0113jam punktam; un (b) reglament\u0113 visas saist\u012bbas, kas izriet no atrunas, tostarp saist\u012bbas, kas izriet no l\u012bguma, delikta un likum\u0101 noteikt\u0101 pien\u0101kuma p\u0101rk\u0101puma.<br>Kam\u0113r t\u012bmek\u013ca vietne un taj\u0101 pieejam\u0101 inform\u0101cija un pakalpojumi tiek sniegti bez maksas, m\u0113s neesam atbild\u012bgi par jebk\u0101da veida zaud\u0113jumiem vai kait\u0113jumu.<\/p>\n\n\n\n<p><strong>Pat\u0113r\u0113t\u0101ju str\u012bdu \u0101rpustiesas iz\u0161\u0137ir\u0161ana<\/strong><\/p>\n\n\n\n<p>Uz\u0146\u0113mums MARCELINO d.o.o. saska\u0146\u0101 ar ties\u012bbu norm\u0101m neatz\u012bst nevienu pat\u0113r\u0113t\u0101ju \u0101rpustiesas str\u012bdu risin\u0101\u0161anas izpild\u012bt\u0101ju par atbild\u012bgu par pat\u0113r\u0113t\u0101ju str\u012bdu risin\u0101\u0161anu, ko pat\u0113r\u0113t\u0101js var\u0113tu ierosin\u0101t saska\u0146\u0101 ar Pat\u0113r\u0113t\u0101ju str\u012bdu \u0101rpustiesas risin\u0101\u0161anas likumu. Uz\u0146\u0113mums MARCELINO d.o.o. k\u0101 pre\u010du un pakalpojumu sniedz\u0113js sav\u0101 t\u012bmek\u013ca vietn\u0113 public\u0113 elektronisku saiti uz pat\u0113r\u0113t\u0101ju str\u012bdu iz\u0161\u0137ir\u0161anas platformu tie\u0161saist\u0113 (ODRP). Platforma ir pieejama pat\u0113r\u0113t\u0101jiem, izmantojot elektronisko saiti http:\/\/ec.europa.eu\/odr. Min\u0113tais regul\u0113jums ir balst\u012bts uz likumu par \u0101rpustiesas pat\u0113r\u0113t\u0101ju str\u012bdu iz\u0161\u0137ir\u0161anu, Eiropas Parlamenta un Padomes Regulu (ES) Nr. 524\/2013 par pat\u0113r\u0113t\u0101ju str\u012bdu iz\u0161\u0137ir\u0161anu tie\u0161saist\u0113, ar ko groza Regulu (EK) Nr. 2016\/2004 un direkt\u012bvu.<\/p>","protected":false},"excerpt":{"rendered":"<p>Noteikumi un nosac\u012bjumi Laipni l\u016bgti vietn\u0113 https:\/\/cover-flip.com\/! \u0160ajos noteikumos un nosac\u012bjumos ir izkl\u0101st\u012bti MARCELINO d.o.o. lieto\u0161anas noteikumi un noteikumi. t\u012bmek\u013ca vietnes, kas atrodas https:\/\/cover-flip.com\/. Piek\u013c\u016bstot \u0161ai vietnei, m\u0113s pie\u0146emam, ka j\u016bs piekr\u012btat \u0161iem noteikumiem un nosac\u012bjumiem. Ja nepiekr\u012btat pie\u0146emt visus noteikumus un nosac\u012bjumus, kas izkl\u0101st\u012bti vietn\u0113 https:\/\/cover-flip.com\/, neturpiniet to izmantot. [...]<\/p>","protected":false},"author":2,"featured_media":0,"parent":0,"menu_order":0,"comment_status":"closed","ping_status":"open","template":"","meta":{"inline_featured_image":false,"ocean_post_layout":"","ocean_both_sidebars_style":"","ocean_both_sidebars_content_width":0,"ocean_both_sidebars_sidebars_width":0,"ocean_sidebar":"0","ocean_second_sidebar":"0","ocean_disable_margins":"enable","ocean_add_body_class":"","ocean_shortcode_before_top_bar":"","ocean_shortcode_after_top_bar":"","ocean_shortcode_before_header":"","ocean_shortcode_after_header":"","ocean_has_shortcode":"","ocean_shortcode_after_title":"","ocean_shortcode_before_footer_widgets":"","ocean_shortcode_after_footer_widgets":"","ocean_shortcode_before_footer_bottom":"","ocean_shortcode_after_footer_bottom":"","ocean_display_top_bar":"default","ocean_display_header":"default","ocean_header_style":"","ocean_center_header_left_menu":"0","ocean_custom_header_template":"0","ocean_custom_logo":0,"ocean_custom_retina_logo":0,"ocean_custom_logo_max_width":0,"ocean_custom_logo_tablet_max_width":0,"ocean_custom_logo_mobile_max_width":0,"ocean_custom_logo_max_height":0,"ocean_custom_logo_tablet_max_height":0,"ocean_custom_logo_mobile_max_height":0,"ocean_header_custom_menu":"0","ocean_menu_typo_font_family":"0","ocean_menu_typo_font_subset":"","ocean_menu_typo_font_size":0,"ocean_menu_typo_font_size_tablet":0,"ocean_menu_typo_font_size_mobile":0,"ocean_menu_typo_font_size_unit":"px","ocean_menu_typo_font_weight":"","ocean_menu_typo_font_weight_tablet":"","ocean_menu_typo_font_weight_mobile":"","ocean_menu_typo_transform":"","ocean_menu_typo_transform_tablet":"","ocean_menu_typo_transform_mobile":"","ocean_menu_typo_line_height":0,"ocean_menu_typo_line_height_tablet":0,"ocean_menu_typo_line_height_mobile":0,"ocean_menu_typo_line_height_unit":"","ocean_menu_typo_spacing":0,"ocean_menu_typo_spacing_tablet":0,"ocean_menu_typo_spacing_mobile":0,"ocean_menu_typo_spacing_unit":"","ocean_menu_link_color":"","ocean_menu_link_color_hover":"","ocean_menu_link_color_active":"","ocean_menu_link_background":"","ocean_menu_link_hover_background":"","ocean_menu_link_active_background":"","ocean_menu_social_links_bg":"","ocean_menu_social_hover_links_bg":"","ocean_menu_social_links_color":"","ocean_menu_social_hover_links_color":"","ocean_disable_title":"on","ocean_disable_heading":"default","ocean_post_title":"","ocean_post_subheading":"","ocean_post_title_style":"","ocean_post_title_background_color":"","ocean_post_title_background":0,"ocean_post_title_bg_image_position":"","ocean_post_title_bg_image_attachment":"","ocean_post_title_bg_image_repeat":"","ocean_post_title_bg_image_size":"","ocean_post_title_height":0,"ocean_post_title_bg_overlay":0.5,"ocean_post_title_bg_overlay_color":"","ocean_disable_breadcrumbs":"off","ocean_breadcrumbs_color":"","ocean_breadcrumbs_separator_color":"","ocean_breadcrumbs_links_color":"","ocean_breadcrumbs_links_hover_color":"","ocean_display_footer_widgets":"default","ocean_display_footer_bottom":"default","ocean_custom_footer_template":"0","footnotes":""},"aioseo_notices":[],"_links":{"self":[{"href":"https:\/\/cover-flip.com\/lv\/wp-json\/wp\/v2\/pages\/985"}],"collection":[{"href":"https:\/\/cover-flip.com\/lv\/wp-json\/wp\/v2\/pages"}],"about":[{"href":"https:\/\/cover-flip.com\/lv\/wp-json\/wp\/v2\/types\/page"}],"author":[{"embeddable":true,"href":"https:\/\/cover-flip.com\/lv\/wp-json\/wp\/v2\/users\/2"}],"replies":[{"embeddable":true,"href":"https:\/\/cover-flip.com\/lv\/wp-json\/wp\/v2\/comments?post=985"}],"version-history":[{"count":2,"href":"https:\/\/cover-flip.com\/lv\/wp-json\/wp\/v2\/pages\/985\/revisions"}],"predecessor-version":[{"id":1273,"href":"https:\/\/cover-flip.com\/lv\/wp-json\/wp\/v2\/pages\/985\/revisions\/1273"}],"wp:attachment":[{"href":"https:\/\/cover-flip.com\/lv\/wp-json\/wp\/v2\/media?parent=985"}],"curies":[{"name":"wp","href":"https:\/\/api.w.org\/{rel}","templated":true}]}}