{"id":992,"date":"2022-09-01T07:59:48","date_gmt":"2022-09-01T07:59:48","guid":{"rendered":"https:\/\/cover-flip.com\/?page_id=992"},"modified":"2022-09-02T08:43:28","modified_gmt":"2022-09-02T08:43:28","slug":"cookie-policy","status":"publish","type":"page","link":"https:\/\/cover-flip.com\/lt\/cookie-policy\/","title":{"rendered":"Slapuk\u0173 politika"},"content":{"rendered":"<h2 class=\"wp-block-heading\">Slapuk\u0173 politika<\/h2>\n\n\n\n<p>Svetain\u0117je naudojami slapukai. Prisijungdami prie https:\/\/cover-flip.com\/ j\u016bs sutikote su slapuk\u0173 naudojimu pagal susitarim\u0105 su bendrove.<br>MARCELINO d.o.o., Kranj\u010deva ulica 4, Celje, 3000 Celje, ir privatumo politika svetain\u0117je. Daugumoje interaktyvi\u0173 svetaini\u0173 naudojami slapukai, kurie leid\u017eia gauti naudotojo duomenis kiekvieno apsilankymo metu. Savo interneto svetain\u0117je naudojame slapukus, kad b\u016bt\u0173 \u012fgalintas tam tikr\u0173 sri\u010di\u0173 funkcionalumas ir kad lankytojams b\u016bt\u0173 lengviau lankytis m\u016bs\u0173 svetain\u0117je. Kai kurie m\u016bs\u0173 partneriai \/ reklamos partneriai taip pat gali naudoti tre\u010di\u0173j\u0173 \u0161ali\u0173 slapukus.<\/p>\n\n\n\n<p>Svetain\u0117je https:\/\/cover-flip.com\/ naudojami \u0161ie slapukai:<\/p>\n\n\n\n<p>Privalomi slapukai<\/p>\n\n\n\n<figure class=\"wp-block-table\"><table><tbody><tr><td>Pavadinimas<\/td><td>Trukm\u0117<\/td><td>Tikslas<\/td><\/tr><tr><td>__cfduid<\/td><td>4 savait\u0117s<\/td><td>Slapuk\u0105 nustato \"CloudFlare\". Slapukas naudojamas atskiriems naudotojams, naudojantiems t\u0105 pat\u012f IP adres\u0105, identifikuoti ir kiekvienam klientui taikyti saugumo nustatymus. Jis nesutampa su naudotojo ID \u017einiatinklio programoje ir nesaugo jokios asmenin\u0117s informacijos.<\/td><\/tr><\/tbody><\/table><\/figure>\n\n\n\n<figure class=\"wp-block-table\"><table><tbody><tr><td>Pavadinimas<\/td><td>Trukm\u0117<\/td><td>Tikslas<\/td><\/tr><tr><td>NID<\/td><td>6 m\u0117nesiai<\/td><td>\u0160is slapukas naudojamas profiliui pagal naudotojo interesus sudaryti ir naudotojams rodyti pritaikytus skelbimus.<\/td><\/tr><\/tbody><\/table><\/figure>","protected":false},"excerpt":{"rendered":"<p>Slapuk\u0173 politika Svetain\u0117je naudojami slapukai. Prisijungdami prie https:\/\/cover-flip.com\/ j\u016bs sutikote su slapuk\u0173 naudojimu pagal \u012fmon\u0117sMARCELINO d.o.o., Kranj\u010deva ulica 4, Celje, 3000 Celje ir svetain\u0117je pateikt\u0105 privatumo politik\u0105. Daugumoje interaktyvi\u0173 svetaini\u0173 naudojami slapukai, kurie leid\u017eia gauti naudotojo duomenis kiekvieno apsilankymo metu. Mes naudojame slapukus [...]<\/p>","protected":false},"author":2,"featured_media":0,"parent":0,"menu_order":0,"comment_status":"closed","ping_status":"open","template":"","meta":{"inline_featured_image":false,"ocean_post_layout":"","ocean_both_sidebars_style":"","ocean_both_sidebars_content_width":0,"ocean_both_sidebars_sidebars_width":0,"ocean_sidebar":"0","ocean_second_sidebar":"0","ocean_disable_margins":"enable","ocean_add_body_class":"","ocean_shortcode_before_top_bar":"","ocean_shortcode_after_top_bar":"","ocean_shortcode_before_header":"","ocean_shortcode_after_header":"","ocean_has_shortcode":"","ocean_shortcode_after_title":"","ocean_shortcode_before_footer_widgets":"","ocean_shortcode_after_footer_widgets":"","ocean_shortcode_before_footer_bottom":"","ocean_shortcode_after_footer_bottom":"","ocean_display_top_bar":"default","ocean_display_header":"default","ocean_header_style":"","ocean_center_header_left_menu":"0","ocean_custom_header_template":"0","ocean_custom_logo":0,"ocean_custom_retina_logo":0,"ocean_custom_logo_max_width":0,"ocean_custom_logo_tablet_max_width":0,"ocean_custom_logo_mobile_max_width":0,"ocean_custom_logo_max_height":0,"ocean_custom_logo_tablet_max_height":0,"ocean_custom_logo_mobile_max_height":0,"ocean_header_custom_menu":"0","ocean_menu_typo_font_family":"0","ocean_menu_typo_font_subset":"","ocean_menu_typo_font_size":0,"ocean_menu_typo_font_size_tablet":0,"ocean_menu_typo_font_size_mobile":0,"ocean_menu_typo_font_size_unit":"px","ocean_menu_typo_font_weight":"","ocean_menu_typo_font_weight_tablet":"","ocean_menu_typo_font_weight_mobile":"","ocean_menu_typo_transform":"","ocean_menu_typo_transform_tablet":"","ocean_menu_typo_transform_mobile":"","ocean_menu_typo_line_height":0,"ocean_menu_typo_line_height_tablet":0,"ocean_menu_typo_line_height_mobile":0,"ocean_menu_typo_line_height_unit":"","ocean_menu_typo_spacing":0,"ocean_menu_typo_spacing_tablet":0,"ocean_menu_typo_spacing_mobile":0,"ocean_menu_typo_spacing_unit":"","ocean_menu_link_color":"","ocean_menu_link_color_hover":"","ocean_menu_link_color_active":"","ocean_menu_link_background":"","ocean_menu_link_hover_background":"","ocean_menu_link_active_background":"","ocean_menu_social_links_bg":"","ocean_menu_social_hover_links_bg":"","ocean_menu_social_links_color":"","ocean_menu_social_hover_links_color":"","ocean_disable_title":"on","ocean_disable_heading":"default","ocean_post_title":"","ocean_post_subheading":"","ocean_post_title_style":"","ocean_post_title_background_color":"","ocean_post_title_background":0,"ocean_post_title_bg_image_position":"","ocean_post_title_bg_image_attachment":"","ocean_post_title_bg_image_repeat":"","ocean_post_title_bg_image_size":"","ocean_post_title_height":0,"ocean_post_title_bg_overlay":0.5,"ocean_post_title_bg_overlay_color":"","ocean_disable_breadcrumbs":"off","ocean_breadcrumbs_color":"","ocean_breadcrumbs_separator_color":"","ocean_breadcrumbs_links_color":"","ocean_breadcrumbs_links_hover_color":"","ocean_display_footer_widgets":"default","ocean_display_footer_bottom":"default","ocean_custom_footer_template":"0","footnotes":""},"aioseo_notices":[],"_links":{"self":[{"href":"https:\/\/cover-flip.com\/lt\/wp-json\/wp\/v2\/pages\/992"}],"collection":[{"href":"https:\/\/cover-flip.com\/lt\/wp-json\/wp\/v2\/pages"}],"about":[{"href":"https:\/\/cover-flip.com\/lt\/wp-json\/wp\/v2\/types\/page"}],"author":[{"embeddable":true,"href":"https:\/\/cover-flip.com\/lt\/wp-json\/wp\/v2\/users\/2"}],"replies":[{"embeddable":true,"href":"https:\/\/cover-flip.com\/lt\/wp-json\/wp\/v2\/comments?post=992"}],"version-history":[{"count":2,"href":"https:\/\/cover-flip.com\/lt\/wp-json\/wp\/v2\/pages\/992\/revisions"}],"predecessor-version":[{"id":1272,"href":"https:\/\/cover-flip.com\/lt\/wp-json\/wp\/v2\/pages\/992\/revisions\/1272"}],"wp:attachment":[{"href":"https:\/\/cover-flip.com\/lt\/wp-json\/wp\/v2\/media?parent=992"}],"curies":[{"name":"wp","href":"https:\/\/api.w.org\/{rel}","templated":true}]}}