{"id":985,"date":"2022-09-01T07:49:33","date_gmt":"2022-09-01T07:49:33","guid":{"rendered":"https:\/\/cover-flip.com\/?page_id=985"},"modified":"2022-09-02T08:43:49","modified_gmt":"2022-09-02T08:43:49","slug":"terms-and-conditions","status":"publish","type":"page","link":"https:\/\/cover-flip.com\/lt\/terms-and-conditions\/","title":{"rendered":"Taisykl\u0117s ir s\u0105lygos"},"content":{"rendered":"<h2 class=\"wp-block-heading\">Taisykl\u0117s ir s\u0105lygos<\/h2>\n\n\n\n<p><strong>Sveiki atvyk\u0119 \u012f https:\/\/cover-flip.com\/!<\/strong><\/p>\n\n\n\n<p>\u0160iose s\u0105lygose i\u0161d\u0117stytos MARCELINO d.o.o. naudojimo taisykl\u0117s ir nuostatos.<\/p>\n\n\n\n<p>Svetain\u0117, esanti adresu&nbsp;<strong>https:\/\/cover-flip.com\/.<\/strong><\/p>\n\n\n\n<p>Jei lankot\u0117s \u0161ioje svetain\u0117je, manome, kad sutinkate su \u0161iomis s\u0105lygomis ir nuostatomis. Toliau nesinaudokite&nbsp;<strong>https:\/\/cover-flip.com\/<\/strong>&nbsp;jei nesutinkate laikytis vis\u0173 \u0161iame puslapyje nurodyt\u0173 s\u0105lyg\u0173.<\/p>\n\n\n\n<p>\u0160ioms S\u0105lygoms ir nuostatoms, privatumo parei\u0161kimui, prane\u0161imui apie atsakomyb\u0117s atsisakym\u0105 ir visoms Sutartims taikoma \u0161i terminologija: \"Klientas\", \"J\u016bs\" ir \"J\u016bs\u0173\" rei\u0161kia Jus, asmen\u012f, prisijungus\u012f prie \u0161ios svetain\u0117s ir atitinkant\u012f Bendrov\u0117s s\u0105lygas. \"Bendrov\u0117\", \"Mes\", \"Mes\", \"M\u016bs\u0173\" ir \"Mus\" rei\u0161kia m\u016bs\u0173 Bendrov\u0119. \"\u0160alis\", \"\u0160alys\" arba \"Mes\" rei\u0161kia Klient\u0105 ir mus. Visos s\u0105vokos rei\u0161kia pasi\u016blym\u0105, pri\u0117mim\u0105 ir apmok\u0117jim\u0105, b\u016btin\u0105 m\u016bs\u0173 pagalbos Klientui procesui prad\u0117ti tinkamiausiu b\u016bdu, siekiant ai\u0161kaus tikslo - patenkinti Kliento poreikius, susijusius su Bendrov\u0117s nurodyt\u0173 paslaug\u0173 teikimu, vadovaujantis ir atsi\u017evelgiant \u012f Slov\u0117nijoje galiojan\u010dius \u012fstatymus. Bet koks pirmiau nurodyt\u0173 termin\u0173 ar kit\u0173 \u017eod\u017ei\u0173 vartojimas vienaskaitos, daugiskaitos, did\u017eiosios raid\u0117s ir (arba) jis (ji) ar jie yra laikomi pakei\u010diamais ir tod\u0117l rei\u0161kia t\u0105 pat\u012f.<\/p>\n\n\n\n<p><strong>Slapukai<\/strong><\/p>\n\n\n\n<p>Naudojame slapukus. Prisijungdami&nbsp;<strong>https:\/\/cover-flip.com\/<\/strong>, sutikote naudoti slapukus pagal MARCELINO d.o.o. privatumo politik\u0105.<\/p>\n\n\n\n<p>Daugumoje interaktyvi\u0173j\u0173 svetaini\u0173 naudojami slapukai, kad gal\u0117tume gauti naudotojo duomenis kiekvieno apsilankymo metu. M\u016bs\u0173 svetain\u0117je slapukai naudojami tam tikr\u0173 sri\u010di\u0173 funkcijoms \u012fgalinti, kad m\u016bs\u0173 svetain\u0117je besilankantiems \u017emon\u0117ms b\u016bt\u0173 papras\u010diau. Kai kurie m\u016bs\u0173 partneriai ir (arba) reklamos partneriai taip pat gali naudoti slapukus.<\/p>\n\n\n\n<p><strong>Licencija<\/strong><\/p>\n\n\n\n<p>Jei nenurodyta kitaip, MARCELINO d.o.o. ir (arba) jos licencij\u0173 teik\u0117jams priklauso intelektin\u0117s nuosavyb\u0117s teis\u0117s \u012f vis\u0105 https:\/\/cover-flip.com\/ esan\u010di\u0105 med\u017eiag\u0105. Visos intelektin\u0117s nuosavyb\u0117s teis\u0117s yra saugomos. Prieiga i\u0161 https:\/\/cover-flip.com\/. galite naudotis savo asmeniniam naudojimui, laikydamiesi \u0161iose s\u0105lygose nustatyt\u0173 apribojim\u0173.<\/p>\n\n\n\n<p><strong>Negalima:<\/strong><\/p>\n\n\n\n<p>Perspausdinkite med\u017eiag\u0105 i\u0161 https:\/\/cover-flip.com\/.<br>Parduoti, nuomoti ar sublicencijuoti med\u017eiag\u0105 i\u0161 https:\/\/cover-flip.com\/.<br>Dauginti, kopijuoti ar kopijuoti med\u017eiag\u0105 i\u0161 https:\/\/cover-flip.com\/.<br>Perskirstykite turin\u012f i\u0161 https:\/\/cover-flip.com\/.<\/p>\n\n\n\n<p>\u0160is Susitarimas \u012fsigalioja nuo jo pasira\u0161ymo dienos.<\/p>\n\n\n\n<p>Kai kuriose \u0161ios svetain\u0117s dalyse naudotojams suteikiama galimyb\u0117 skelbti ir keistis nuomon\u0117mis bei informacija tam tikrose svetain\u0117s vietose. MARCELINO d.o.o. nefiltruoja, neredaguoja, neskelbia ir neper\u017ei\u016bri komentar\u0173 prie\u0161 juos pateikiant svetain\u0117je. Komentarai neatspindi MARCELINO d.o.o., jos atstov\u0173 ir (arba) filial\u0173 po\u017ei\u016bri\u0173 ir nuomoni\u0173. Komentarai atspindi juos paskelbusio asmens po\u017ei\u016br\u012f ir nuomon\u0119. Tiek, kiek leid\u017eia galiojantys \u012fstatymai, MARCELINO d.o.o. neatsako u\u017e Komentarus ar bet koki\u0105 atsakomyb\u0119, \u017eal\u0105 ar i\u0161laidas, atsiradusias ir (arba) patirtas d\u0117l bet kokio Komentar\u0173 naudojimo ir (arba) skelbimo ir (arba) pasirodymo \u0161ioje svetain\u0117je.<\/p>\n\n\n\n<p>MARCELINO d.o.o. pasilieka teis\u0119 steb\u0117ti visus komentarus ir pa\u0161alinti bet kokius komentarus, kurie gali b\u016bti laikomi netinkamais, \u012f\u017eeid\u017eian\u010diais arba pa\u017eeid\u017eian\u010diais \u0161ias Taisykles ir s\u0105lygas.<\/p>\n\n\n\n<p><strong>J\u016bs garantuojate ir patvirtinate, kad:<\/strong><\/p>\n\n\n\n<p>J\u016bs turite teis\u0119 skelbti komentarus m\u016bs\u0173 svetain\u0117je ir turite visas tam reikalingas licencijas ir sutikimus;<br>Komentarai nepa\u017eeid\u017eia joki\u0173 intelektin\u0117s nuosavyb\u0117s teisi\u0173, \u012fskaitant, bet neapsiribojant, tre\u010diosios \u0161alies autori\u0173 teises, patentus ar preki\u0173 \u017eenklus;<br>Komentaruose n\u0117ra jokios \u0161mei\u017eiki\u0161kos, \u012f\u017eeid\u017eian\u010dios, \u012f\u017eeid\u017eian\u010dios, nepadorios ar kitaip neteis\u0117tos med\u017eiagos, kuri pa\u017eeid\u017eia privatum\u0105.<br>Komentarai nebus naudojami pra\u0161yti ar reklamuoti versl\u0105 ar papro\u010dius arba pristatyti komercin\u0119 veikl\u0105 ar neteis\u0117t\u0105 veikl\u0105.<\/p>\n\n\n\n<p>J\u016bs suteikiate MARCELINO d.o.o. nei\u0161imtin\u0119 licencij\u0105 naudoti, atkurti, redaguoti ir leisti kitiems naudoti, atkurti ir redaguoti bet kokius j\u016bs\u0173 komentarus bet kokiomis formomis, formatais ar laikmenomis.<\/p>\n\n\n\n<p><strong>Nuorodos \u012f m\u016bs\u0173 turin\u012f<\/strong><\/p>\n\n\n\n<p>Toliau i\u0161vardytos organizacijos gali pateikti nuorodas \u012f m\u016bs\u0173 Svetain\u0119 be i\u0161ankstinio ra\u0161ti\u0161ko sutikimo:<\/p>\n\n\n\n<p>Vyriausybin\u0117s agent\u016bros;<br>Paie\u0161kos varikliai;<br>Naujien\u0173 organizacijos;<br>Internetini\u0173 \u017einyn\u0173 platintojai gali pateikti nuorodas \u012f m\u016bs\u0173 Svetain\u0119 taip pat, kaip ir nuorodas \u012f kit\u0173 \u012f s\u0105ra\u0161\u0105 \u012ftraukt\u0173 \u012fmoni\u0173 Svetaines; ir<br>Visos sistemos akredituotos \u012fmon\u0117s, i\u0161skyrus ne pelno siekian\u010dias organizacijas, labdaros prekybos centrus ir labdaros l\u0117\u0161\u0173 rinkimo grupes, kurios negali pateikti nuorod\u0173 \u012f m\u016bs\u0173 svetain\u0119.<\/p>\n\n\n\n<p>\u0160ios organizacijos gali pateikti nuorodas \u012f m\u016bs\u0173 pagrindin\u012f puslap\u012f, leidinius ar kit\u0105 Svetain\u0117s informacij\u0105, jei nuoroda yra: (a) jokiu b\u016bdu n\u0117ra apgaulinga; (b) klaidingai nerei\u0161kia, kad nuorod\u0105 pateikusi \u0161alis ir jos produktai ir (arba) paslaugos yra remiami, patvirtinami ar patvirtinami; ir (c) atitinka nuorod\u0105 pateikusios \u0161alies svetain\u0117s kontekst\u0105.<\/p>\n\n\n\n<p>Galime apsvarstyti ir patvirtinti kit\u0173 tip\u0173 organizacij\u0173 pra\u0161ymus d\u0117l nuorod\u0173:<\/p>\n\n\n\n<p>visuotinai \u017einomus vartotoj\u0173 ir (arba) verslo informacijos \u0161altinius;<br>bendruomen\u0117s svetaines;<br>asociacijos ar kitos labdaros organizacijoms atstovaujan\u010dios grup\u0117s;<br>internetini\u0173 katalog\u0173 platintojai;<br>interneto portalai;<br>apskaitos, teis\u0117s ir konsultacin\u0117s \u012fmon\u0117s.<br>\u0161vietimo \u012fstaigoms ir prekybos asociacijoms.<\/p>\n\n\n\n<p>\u0160i\u0173 organizacij\u0173 nuorod\u0173 pra\u0161ymus patvirtinsime, jei taip nuspr\u0119sime: (a) d\u0117l nuorodos mes nepateiksime neigiamos informacijos apie save ar m\u016bs\u0173 akredituotas \u012fmones; (b) organizacija neturi joki\u0173 neigiam\u0173 \u012fra\u0161\u0173 m\u016bs\u0173 at\u017evilgiu; (c) mums teikiama nauda d\u0117l nuorodos matomumo kompensuoja MARCELINO d.o.o. nebuvim\u0105; ir (d) nuoroda yra bendro pob\u016bd\u017eio informacijos apie i\u0161teklius kontekste.<\/p>\n\n\n\n<p>\u0160ios organizacijos gali pateikti nuorod\u0105 \u012f m\u016bs\u0173 pagrindin\u012f puslap\u012f, jei nuoroda: (a) jokiu b\u016bdu n\u0117ra apgaulinga; (b) klaidingai nerei\u0161kia, kad nuorod\u0105 pateikusi \u0161alis ir jos produktai ar paslaugos yra remiami, patvirtinami ar patvirtinami; ir (c) atitinka nuorod\u0105 pateikusios \u0161alies svetain\u0117s kontekst\u0105.<\/p>\n\n\n\n<p>Jei esate viena i\u0161 2 dalyje i\u0161vardyt\u0173 organizacij\u0173 ir norite pateikti nuorod\u0105 \u012f m\u016bs\u0173 svetain\u0119, turite mus apie tai informuoti el. pa\u0161tu jurij.cvikl@marcelino.si. Nurodykite savo vard\u0105, pavard\u0119, organizacijos pavadinim\u0105, kontaktin\u0119 informacij\u0105, taip pat savo svetain\u0117s URL, vis\u0173 URL, i\u0161 kuri\u0173 ketinate pateikti nuorod\u0105 \u012f m\u016bs\u0173 svetain\u0119, s\u0105ra\u0161\u0105 ir m\u016bs\u0173 svetain\u0117s URL, \u012f kuriuos nor\u0117tum\u0117te pateikti nuorod\u0105, s\u0105ra\u0161\u0105. Atsakymo laukite 2-3 savaites.<\/p>\n\n\n\n<p>Patvirtintos organizacijos gali pateikti hipersaitus \u012f m\u016bs\u0173 Svetain\u0119 taip:<\/p>\n\n\n\n<p>naudojant m\u016bs\u0173 \u012fmon\u0117s pavadinim\u0105; arba<br>naudojant vienod\u0105 i\u0161tekli\u0173 lokatori\u0173, \u012f kur\u012f pateikiama nuoroda; arba<br>Naudojant bet kok\u012f kit\u0105 m\u016bs\u0173 Svetain\u0117s, \u012f kuri\u0105 pateikiama nuoroda, apra\u0161ym\u0105, kuris yra prasmingas pagal nuorodos pateik\u0117jo svetain\u0117s turinio kontekst\u0105 ir format\u0105.<\/p>\n\n\n\n<p>MARCELINO d.o.o. logotipo ar kito meno k\u016brinio neleid\u017eiama naudoti nuorodoms, jei n\u0117ra sudaryta preki\u0173 \u017eenklo licencijos sutartis.<\/p>\n\n\n\n<p><strong>iR\u0117meliai<\/strong><\/p>\n\n\n\n<p>Be i\u0161ankstinio patvirtinimo ir ra\u0161ti\u0161ko leidimo negalite kurti r\u0117meli\u0173 aplink m\u016bs\u0173 Svetaines, kurie kaip nors pakeist\u0173 m\u016bs\u0173 Svetain\u0117s vaizdin\u012f pateikim\u0105 ar i\u0161vaizd\u0105.<\/p>\n\n\n\n<p><strong>Atsakomyb\u0117 u\u017e turin\u012f<\/strong><\/p>\n\n\n\n<p>Mes neatsakome u\u017e jok\u012f turin\u012f, kuris pateikiamas j\u016bs\u0173 Svetain\u0117je. J\u016bs sutinkate mus apsaugoti ir ginti nuo vis\u0173 pretenzij\u0173, kylan\u010di\u0173 j\u016bs\u0173 Interneto svetain\u0117je. Jokioje Svetain\u0117je netur\u0117t\u0173 b\u016bti nuorod\u0173, kurios gali b\u016bti interpretuojamos kaip \u0161mei\u017eiki\u0161kos, nepadorios ar nusikalstamos, pa\u017eeid\u017eian\u010dios, kitaip pa\u017eeid\u017eian\u010dios ar skatinan\u010dios pa\u017eeisti ar kitaip pa\u017eeisti tre\u010di\u0173j\u0173 \u0161ali\u0173 teises.<\/p>\n\n\n\n<p><strong>Teisi\u0173 i\u0161lyga<\/strong><\/p>\n\n\n\n<p>Pasiliekame teis\u0119 reikalauti, kad pa\u0161alintum\u0117te visas nuorodas arba bet kuri\u0105 konkre\u010di\u0105 nuorod\u0105 \u012f m\u016bs\u0173 Svetain\u0119. J\u016bs sutinkate nedelsiant pa\u0161alinti visas nuorodas \u012f m\u016bs\u0173 Svetain\u0119, jei to pra\u0161oma. Mes taip pat pasiliekame teis\u0119 bet kuriuo metu pakeisti \u0161ias s\u0105lygas ir nuorod\u0173 politik\u0105. Nuolat si\u0173sdami nuorodas \u012f m\u016bs\u0173 Svetain\u0119, j\u016bs sutinkate laikytis \u0161i\u0173 nuorod\u0173 teikimo s\u0105lyg\u0173 ir nuostat\u0173.<\/p>\n\n\n\n<p><strong>Nuorod\u0173 pa\u0161alinimas i\u0161 m\u016bs\u0173 svetain\u0117s<\/strong><\/p>\n\n\n\n<p>Jei m\u016bs\u0173 Svetain\u0117je aptiksite nuorod\u0105, kuri d\u0117l koki\u0173 nors prie\u017eas\u010di\u0173 yra \u012f\u017eeid\u017eianti, galite bet kuriuo metu susisiekti su mumis ir prane\u0161ti mums. Apsvarstysime pra\u0161ymus pa\u0161alinti nuorodas, ta\u010diau neprivalome to padaryti arba atsakyti jums tiesiogiai.<\/p>\n\n\n\n<p>Mes neu\u017etikriname, kad \u0161ioje svetain\u0117je pateikta informacija yra teisinga, negarantuojame jos i\u0161samumo ar tikslumo; taip pat ne\u017eadame u\u017etikrinti, kad svetain\u0117 i\u0161liks prieinama arba kad joje pateikta med\u017eiaga bus nuolat atnaujinama.<\/p>\n\n\n\n<p><strong>Atsakomyb\u0117s apribojimas<\/strong><br>Kiek tai leid\u017eia galiojantys \u012fstatymai, mes atmetame visus parei\u0161kimus, garantijas ir s\u0105lygas, susijusias su m\u016bs\u0173 svetaine ir \u0161ios svetain\u0117s naudojimu. Jokia \u0161ios atsakomyb\u0117s atsisakymo nuostata:<\/p>\n\n\n\n<p>apriboti ar panaikinti m\u016bs\u0173 ar j\u016bs\u0173 atsakomyb\u0119 u\u017e mirt\u012f ar k\u016bno su\u017ealojim\u0105;<br>apriboti ar panaikinti m\u016bs\u0173 ar j\u016bs\u0173 atsakomyb\u0119 u\u017e suk\u010diavim\u0105 ar apgauling\u0105 klaidinim\u0105;<br>apriboti bet kokius m\u016bs\u0173 ar j\u016bs\u0173 \u012fsipareigojimus bet kokiu b\u016bdu, kuris n\u0117ra leid\u017eiamas pagal galiojan\u010dius \u012fstatymus; arba<br>netaikyti joki\u0173 m\u016bs\u0173 ar j\u016bs\u0173 \u012fsipareigojim\u0173, kuri\u0173 negalima netaikyti pagal galiojan\u010dius \u012fstatymus.<br>\u0160iame skirsnyje ir kitose \u0161io atsisakymo nuo atsakomyb\u0117s vietose nustatyti atsakomyb\u0117s apribojimai ir draudimai: (a) taikomi atsi\u017evelgiant \u012f ankstesn\u0119 pastraip\u0105; ir (b) taikomi visiems \u012fsipareigojimams, atsirandantiems pagal atsisakym\u0105 nuo atsakomyb\u0117s, \u012fskaitant \u012fsipareigojimus, atsirandan\u010dius pagal sutart\u012f, deliktin\u0119 atsakomyb\u0119 ir d\u0117l \u012fstatymuose nustatyt\u0173 pareig\u0173 pa\u017eeidimo.<br>Kol svetain\u0117 ir joje esanti informacija bei paslaugos teikiamos nemokamai, mes neatsakome u\u017e jokius bet kokio pob\u016bd\u017eio nuostolius ar \u017eal\u0105.<\/p>\n\n\n\n<p><strong>Vartojimo gin\u010d\u0173 neteisminis sprendimas<\/strong><\/p>\n\n\n\n<p>Bendrov\u0117 MARCELINO d.o.o., vadovaudamasi teis\u0117s normomis, nepripa\u017e\u012fsta n\u0117 vieno vartojimo gin\u010d\u0173 neteisminio sprendimo vykdytojo atsakingu u\u017e vartojimo gin\u010d\u0173, kuriuos vartotojas gali inicijuoti pagal Vartojimo gin\u010d\u0173 neteisminio sprendimo \u012fstatym\u0105, sprendim\u0105. Bendrov\u0117 MARCELINO d.o.o., kaip preki\u0173 ir paslaug\u0173 teik\u0117ja, savo interneto svetain\u0117je skelbia elektronin\u0119 nuorod\u0105 \u012f internetin\u0119 vartotoj\u0173 gin\u010d\u0173 sprendimo platform\u0105 (ODRP). Vartotojai su \u0161ia platforma gali susipa\u017einti naudodamiesi elektronine nuoroda http:\/\/ec.europa.eu\/odr. \u0160is reglamentas grind\u017eiamas Vartojimo gin\u010d\u0173 neteisminio sprendimo \u012fstatymu, Europos Parlamento ir Tarybos reglamentu (ES) Nr. 524\/2013 d\u0117l vartotoj\u0173 gin\u010d\u0173 sprendimo internetu, kuriuo i\u0161 dalies kei\u010diamas Reglamentas (EB) Nr. 2016\/2004 ir Direktyva<\/p>","protected":false},"excerpt":{"rendered":"<p>Taisykl\u0117s ir s\u0105lygos Sveiki atvyk\u0119 \u012f https:\/\/cover-flip.com\/! \u0160iose s\u0105lygose i\u0161d\u0117stytos naudojimosi MARCELINO d.o.o. taisykl\u0117mis ir nuostatomis. Svetaine, esan\u010dia adresu https:\/\/cover-flip.com\/. Naudodamiesi \u0161ia svetaine laikome, kad sutinkate su \u0161iomis s\u0105lygomis ir nuostatomis. Toliau nesinaudokite https:\/\/cover-flip.com\/, jei nesutinkate laikytis vis\u0173 taisykli\u0173 ir s\u0105lyg\u0173, nurodyt\u0173 [...].<\/p>","protected":false},"author":2,"featured_media":0,"parent":0,"menu_order":0,"comment_status":"closed","ping_status":"open","template":"","meta":{"inline_featured_image":false,"ocean_post_layout":"","ocean_both_sidebars_style":"","ocean_both_sidebars_content_width":0,"ocean_both_sidebars_sidebars_width":0,"ocean_sidebar":"0","ocean_second_sidebar":"0","ocean_disable_margins":"enable","ocean_add_body_class":"","ocean_shortcode_before_top_bar":"","ocean_shortcode_after_top_bar":"","ocean_shortcode_before_header":"","ocean_shortcode_after_header":"","ocean_has_shortcode":"","ocean_shortcode_after_title":"","ocean_shortcode_before_footer_widgets":"","ocean_shortcode_after_footer_widgets":"","ocean_shortcode_before_footer_bottom":"","ocean_shortcode_after_footer_bottom":"","ocean_display_top_bar":"default","ocean_display_header":"default","ocean_header_style":"","ocean_center_header_left_menu":"0","ocean_custom_header_template":"0","ocean_custom_logo":0,"ocean_custom_retina_logo":0,"ocean_custom_logo_max_width":0,"ocean_custom_logo_tablet_max_width":0,"ocean_custom_logo_mobile_max_width":0,"ocean_custom_logo_max_height":0,"ocean_custom_logo_tablet_max_height":0,"ocean_custom_logo_mobile_max_height":0,"ocean_header_custom_menu":"0","ocean_menu_typo_font_family":"0","ocean_menu_typo_font_subset":"","ocean_menu_typo_font_size":0,"ocean_menu_typo_font_size_tablet":0,"ocean_menu_typo_font_size_mobile":0,"ocean_menu_typo_font_size_unit":"px","ocean_menu_typo_font_weight":"","ocean_menu_typo_font_weight_tablet":"","ocean_menu_typo_font_weight_mobile":"","ocean_menu_typo_transform":"","ocean_menu_typo_transform_tablet":"","ocean_menu_typo_transform_mobile":"","ocean_menu_typo_line_height":0,"ocean_menu_typo_line_height_tablet":0,"ocean_menu_typo_line_height_mobile":0,"ocean_menu_typo_line_height_unit":"","ocean_menu_typo_spacing":0,"ocean_menu_typo_spacing_tablet":0,"ocean_menu_typo_spacing_mobile":0,"ocean_menu_typo_spacing_unit":"","ocean_menu_link_color":"","ocean_menu_link_color_hover":"","ocean_menu_link_color_active":"","ocean_menu_link_background":"","ocean_menu_link_hover_background":"","ocean_menu_link_active_background":"","ocean_menu_social_links_bg":"","ocean_menu_social_hover_links_bg":"","ocean_menu_social_links_color":"","ocean_menu_social_hover_links_color":"","ocean_disable_title":"on","ocean_disable_heading":"default","ocean_post_title":"","ocean_post_subheading":"","ocean_post_title_style":"","ocean_post_title_background_color":"","ocean_post_title_background":0,"ocean_post_title_bg_image_position":"","ocean_post_title_bg_image_attachment":"","ocean_post_title_bg_image_repeat":"","ocean_post_title_bg_image_size":"","ocean_post_title_height":0,"ocean_post_title_bg_overlay":0.5,"ocean_post_title_bg_overlay_color":"","ocean_disable_breadcrumbs":"off","ocean_breadcrumbs_color":"","ocean_breadcrumbs_separator_color":"","ocean_breadcrumbs_links_color":"","ocean_breadcrumbs_links_hover_color":"","ocean_display_footer_widgets":"default","ocean_display_footer_bottom":"default","ocean_custom_footer_template":"0","footnotes":""},"aioseo_notices":[],"_links":{"self":[{"href":"https:\/\/cover-flip.com\/lt\/wp-json\/wp\/v2\/pages\/985"}],"collection":[{"href":"https:\/\/cover-flip.com\/lt\/wp-json\/wp\/v2\/pages"}],"about":[{"href":"https:\/\/cover-flip.com\/lt\/wp-json\/wp\/v2\/types\/page"}],"author":[{"embeddable":true,"href":"https:\/\/cover-flip.com\/lt\/wp-json\/wp\/v2\/users\/2"}],"replies":[{"embeddable":true,"href":"https:\/\/cover-flip.com\/lt\/wp-json\/wp\/v2\/comments?post=985"}],"version-history":[{"count":2,"href":"https:\/\/cover-flip.com\/lt\/wp-json\/wp\/v2\/pages\/985\/revisions"}],"predecessor-version":[{"id":1273,"href":"https:\/\/cover-flip.com\/lt\/wp-json\/wp\/v2\/pages\/985\/revisions\/1273"}],"wp:attachment":[{"href":"https:\/\/cover-flip.com\/lt\/wp-json\/wp\/v2\/media?parent=985"}],"curies":[{"name":"wp","href":"https:\/\/api.w.org\/{rel}","templated":true}]}}