{"id":992,"date":"2022-09-01T07:59:48","date_gmt":"2022-09-01T07:59:48","guid":{"rendered":"https:\/\/cover-flip.com\/?page_id=992"},"modified":"2022-09-02T08:43:28","modified_gmt":"2022-09-02T08:43:28","slug":"cookie-policy","status":"publish","type":"page","link":"https:\/\/cover-flip.com\/hu\/cookie-policy\/","title":{"rendered":"Cookie szab\u00e1lyzat"},"content":{"rendered":"<h2 class=\"wp-block-heading\">Cookie szab\u00e1lyzat<\/h2>\n\n\n\n<p>A weboldal s\u00fctiket haszn\u00e1l. A https:\/\/cover-flip.com\/ oldalra val\u00f3 bel\u00e9p\u00e9ssel \u00d6n a c\u00e9ggel egyet\u00e9rt\u00e9sben beleegyezett a cookie-k haszn\u00e1lat\u00e1ba.<br>MARCELINO d.o.o., Kranj\u010deva ulica 4, Celje, 3000 Celje \u00e9s a weboldalon tal\u00e1lhat\u00f3 adatv\u00e9delmi szab\u00e1lyzat. A legt\u00f6bb interakt\u00edv weboldal s\u00fctiket haszn\u00e1l, amelyek lehet\u0151v\u00e9 teszik sz\u00e1munkra, hogy minden egyes l\u00e1togat\u00e1skor lek\u00e9rdezz\u00fck a felhaszn\u00e1l\u00f3 adatait. Weboldalunkon s\u00fctiket haszn\u00e1lunk, hogy lehet\u0151v\u00e9 tegy\u00fck bizonyos ter\u00fcletek m\u0171k\u00f6d\u00e9s\u00e9t, \u00e9s megk\u00f6nny\u00edts\u00fck a l\u00e1togat\u00f3k sz\u00e1m\u00e1ra a weboldalunk l\u00e1togat\u00e1s\u00e1t. N\u00e9h\u00e1ny affiliate \/ hirdet\u00e9si partner\u00fcnk is haszn\u00e1lhat harmadik f\u00e9lt\u0151l sz\u00e1rmaz\u00f3 s\u00fctiket.<\/p>\n\n\n\n<p>A https:\/\/cover-flip.com\/ weboldal a k\u00f6vetkez\u0151 s\u00fctiket haszn\u00e1lja:<\/p>\n\n\n\n<p>K\u00f6telez\u0151 s\u00fctik<\/p>\n\n\n\n<figure class=\"wp-block-table\"><table><tbody><tr><td>N\u00e9v<\/td><td>Id\u0151tartam<\/td><td>C\u00e9l<\/td><\/tr><tr><td>__cfduid<\/td><td>4 h\u00e9t<\/td><td>A CloudFlare cookie-t \u00e1ll\u00edt be. A cookie-t az azonos IP-c\u00edmet haszn\u00e1l\u00f3 egyes felhaszn\u00e1l\u00f3k azonos\u00edt\u00e1s\u00e1ra \u00e9s az egyes \u00fcgyfelek biztons\u00e1gi be\u00e1ll\u00edt\u00e1sainak alkalmaz\u00e1s\u00e1ra haszn\u00e1lj\u00e1k. Nem egyezik a webes alkalmaz\u00e1s felhaszn\u00e1l\u00f3i azonos\u00edt\u00f3ival, \u00e9s nem t\u00e1rol szem\u00e9lyes adatokat.<\/td><\/tr><\/tbody><\/table><\/figure>\n\n\n\n<figure class=\"wp-block-table\"><table><tbody><tr><td>N\u00e9v<\/td><td>Id\u0151tartam<\/td><td>C\u00e9l<\/td><\/tr><tr><td>NID<\/td><td>6 h\u00f3nap<\/td><td>Ezt a s\u00fctit a felhaszn\u00e1l\u00f3 \u00e9rdekl\u0151d\u00e9se alapj\u00e1n t\u00f6rt\u00e9n\u0151 profiloz\u00e1sra \u00e9s a felhaszn\u00e1l\u00f3knak szem\u00e9lyre szabott hirdet\u00e9sek megjelen\u00edt\u00e9s\u00e9re haszn\u00e1lj\u00e1k.<\/td><\/tr><\/tbody><\/table><\/figure>","protected":false},"excerpt":{"rendered":"<p>Cookie-szab\u00e1lyzat A weboldal cookie-kat haszn\u00e1l. A https:\/\/cover-flip.com\/ oldalra val\u00f3 bel\u00e9p\u00e9ssel \u00d6n beleegyezik a cookie-k haszn\u00e1lat\u00e1ba, a c\u00e9ggel egyet\u00e9rt\u00e9sbenMARCELINO d.o.o., Kranj\u010deva ulica 4, Celje, 3000 Celje \u00e9s a weboldalon tal\u00e1lhat\u00f3 adatv\u00e9delmi ir\u00e1nyelvekkel. A legt\u00f6bb interakt\u00edv weboldal s\u00fctiket haszn\u00e1l, amelyek lehet\u0151v\u00e9 teszik, hogy minden egyes l\u00e1togat\u00e1skor lek\u00e9rdezz\u00fck a felhaszn\u00e1l\u00f3 adatait. Mi s\u00fctiket haszn\u00e1lunk [...]<\/p>","protected":false},"author":2,"featured_media":0,"parent":0,"menu_order":0,"comment_status":"closed","ping_status":"open","template":"","meta":{"inline_featured_image":false,"ocean_post_layout":"","ocean_both_sidebars_style":"","ocean_both_sidebars_content_width":0,"ocean_both_sidebars_sidebars_width":0,"ocean_sidebar":"0","ocean_second_sidebar":"0","ocean_disable_margins":"enable","ocean_add_body_class":"","ocean_shortcode_before_top_bar":"","ocean_shortcode_after_top_bar":"","ocean_shortcode_before_header":"","ocean_shortcode_after_header":"","ocean_has_shortcode":"","ocean_shortcode_after_title":"","ocean_shortcode_before_footer_widgets":"","ocean_shortcode_after_footer_widgets":"","ocean_shortcode_before_footer_bottom":"","ocean_shortcode_after_footer_bottom":"","ocean_display_top_bar":"default","ocean_display_header":"default","ocean_header_style":"","ocean_center_header_left_menu":"0","ocean_custom_header_template":"0","ocean_custom_logo":0,"ocean_custom_retina_logo":0,"ocean_custom_logo_max_width":0,"ocean_custom_logo_tablet_max_width":0,"ocean_custom_logo_mobile_max_width":0,"ocean_custom_logo_max_height":0,"ocean_custom_logo_tablet_max_height":0,"ocean_custom_logo_mobile_max_height":0,"ocean_header_custom_menu":"0","ocean_menu_typo_font_family":"0","ocean_menu_typo_font_subset":"","ocean_menu_typo_font_size":0,"ocean_menu_typo_font_size_tablet":0,"ocean_menu_typo_font_size_mobile":0,"ocean_menu_typo_font_size_unit":"px","ocean_menu_typo_font_weight":"","ocean_menu_typo_font_weight_tablet":"","ocean_menu_typo_font_weight_mobile":"","ocean_menu_typo_transform":"","ocean_menu_typo_transform_tablet":"","ocean_menu_typo_transform_mobile":"","ocean_menu_typo_line_height":0,"ocean_menu_typo_line_height_tablet":0,"ocean_menu_typo_line_height_mobile":0,"ocean_menu_typo_line_height_unit":"","ocean_menu_typo_spacing":0,"ocean_menu_typo_spacing_tablet":0,"ocean_menu_typo_spacing_mobile":0,"ocean_menu_typo_spacing_unit":"","ocean_menu_link_color":"","ocean_menu_link_color_hover":"","ocean_menu_link_color_active":"","ocean_menu_link_background":"","ocean_menu_link_hover_background":"","ocean_menu_link_active_background":"","ocean_menu_social_links_bg":"","ocean_menu_social_hover_links_bg":"","ocean_menu_social_links_color":"","ocean_menu_social_hover_links_color":"","ocean_disable_title":"on","ocean_disable_heading":"default","ocean_post_title":"","ocean_post_subheading":"","ocean_post_title_style":"","ocean_post_title_background_color":"","ocean_post_title_background":0,"ocean_post_title_bg_image_position":"","ocean_post_title_bg_image_attachment":"","ocean_post_title_bg_image_repeat":"","ocean_post_title_bg_image_size":"","ocean_post_title_height":0,"ocean_post_title_bg_overlay":0.5,"ocean_post_title_bg_overlay_color":"","ocean_disable_breadcrumbs":"off","ocean_breadcrumbs_color":"","ocean_breadcrumbs_separator_color":"","ocean_breadcrumbs_links_color":"","ocean_breadcrumbs_links_hover_color":"","ocean_display_footer_widgets":"default","ocean_display_footer_bottom":"default","ocean_custom_footer_template":"0","footnotes":""},"aioseo_notices":[],"_links":{"self":[{"href":"https:\/\/cover-flip.com\/hu\/wp-json\/wp\/v2\/pages\/992"}],"collection":[{"href":"https:\/\/cover-flip.com\/hu\/wp-json\/wp\/v2\/pages"}],"about":[{"href":"https:\/\/cover-flip.com\/hu\/wp-json\/wp\/v2\/types\/page"}],"author":[{"embeddable":true,"href":"https:\/\/cover-flip.com\/hu\/wp-json\/wp\/v2\/users\/2"}],"replies":[{"embeddable":true,"href":"https:\/\/cover-flip.com\/hu\/wp-json\/wp\/v2\/comments?post=992"}],"version-history":[{"count":2,"href":"https:\/\/cover-flip.com\/hu\/wp-json\/wp\/v2\/pages\/992\/revisions"}],"predecessor-version":[{"id":1272,"href":"https:\/\/cover-flip.com\/hu\/wp-json\/wp\/v2\/pages\/992\/revisions\/1272"}],"wp:attachment":[{"href":"https:\/\/cover-flip.com\/hu\/wp-json\/wp\/v2\/media?parent=992"}],"curies":[{"name":"wp","href":"https:\/\/api.w.org\/{rel}","templated":true}]}}