{"id":985,"date":"2022-09-01T07:49:33","date_gmt":"2022-09-01T07:49:33","guid":{"rendered":"https:\/\/cover-flip.com\/?page_id=985"},"modified":"2022-09-02T08:43:49","modified_gmt":"2022-09-02T08:43:49","slug":"terms-and-conditions","status":"publish","type":"page","link":"https:\/\/cover-flip.com\/hu\/terms-and-conditions\/","title":{"rendered":"Felt\u00e9telek \u00e9s felt\u00e9telek"},"content":{"rendered":"<h2 class=\"wp-block-heading\">Felt\u00e9telek \u00e9s felt\u00e9telek<\/h2>\n\n\n\n<p><strong>\u00dcdv\u00f6z\u00f6lj\u00fck a https:\/\/cover-flip.com\/ oldalon!<\/strong><\/p>\n\n\n\n<p>Ezek a felt\u00e9telek a MARCELINO d.o.o. haszn\u00e1lat\u00e1nak szab\u00e1lyait \u00e9s szab\u00e1lyait tartalmazz\u00e1k.<\/p>\n\n\n\n<p>Weboldal, a k\u00f6vetkez\u0151 c\u00edmen&nbsp;<strong>https:\/\/cover-flip.com\/.<\/strong><\/p>\n\n\n\n<p>A weboldalra val\u00f3 bel\u00e9p\u00e9ssel felt\u00e9telezz\u00fck, hogy \u00d6n elfogadja ezeket a felt\u00e9teleket. Ne haszn\u00e1lja tov\u00e1bb&nbsp;<strong>https:\/\/cover-flip.com\/<\/strong>&nbsp;ha nem \u00e9rt egyet az ezen az oldalon szerepl\u0151 \u00f6sszes felt\u00e9tel elfogad\u00e1s\u00e1val.<\/p>\n\n\n\n<p>A k\u00f6vetkez\u0151 terminol\u00f3gia vonatkozik a jelen \u00c1ltal\u00e1nos Szerz\u0151d\u00e9si Felt\u00e9telekre, az Adatv\u00e9delmi Nyilatkozatra \u00e9s a Jogi nyilatkozatra, valamint az \u00f6sszes Meg\u00e1llapod\u00e1sra: Az \"\u00dcgyf\u00e9l\", \"\u00d6n\" \u00e9s \"\u00d6n\" az \u00d6nre, a weboldalon bejelentkezett \u00e9s a T\u00e1rsas\u00e1g \u00e1ltal\u00e1nos szerz\u0151d\u00e9si felt\u00e9teleinek megfelel\u0151 szem\u00e9lyre vonatkozik. \"A T\u00e1rsas\u00e1g\", \"Mi\", \"Mi\", \"Mi\" \u00e9s \"Mi\", a T\u00e1rsas\u00e1gunkra utal. \"F\u00e9l\", \"Felek\" vagy \"Mi\", az \u00dcgyf\u00e9lre \u00e9s r\u00e1nk egyar\u00e1nt vonatkozik. Minden kifejez\u00e9s az aj\u00e1nlatra, elfogad\u00e1sra \u00e9s a fizet\u00e9s ellen\u00e9rt\u00e9k\u00e9re vonatkozik, amely ahhoz sz\u00fcks\u00e9ges, hogy az \u00dcgyf\u00e9lnek ny\u00fajtott seg\u00edts\u00e9g\u00fcnk folyamat\u00e1t a legmegfelel\u0151bb m\u00f3don v\u00e9gezz\u00fck el, kifejezetten az \u00dcgyf\u00e9l ig\u00e9nyeinek kiel\u00e9g\u00edt\u00e9se c\u00e9lj\u00e1b\u00f3l, a T\u00e1rsas\u00e1g \u00e1ltal megadott szolg\u00e1ltat\u00e1sok ny\u00fajt\u00e1sa tekintet\u00e9ben, a Szlov\u00e9ni\u00e1ban hat\u00e1lyos joggal \u00f6sszhangban \u00e9s annak f\u00fcggv\u00e9ny\u00e9ben. A fenti terminol\u00f3gia vagy m\u00e1s szavak haszn\u00e1lata egyes sz\u00e1mban, t\u00f6bbes sz\u00e1mban, nagybet\u0171s \u00edr\u00e1sm\u00f3dban \u00e9s\/vagy \u0151 vagy \u0151k, felcser\u00e9lhet\u0151nek tekintend\u0151, \u00e9s ez\u00e9rt ugyanarra vonatkozik.<\/p>\n\n\n\n<p><strong>S\u00fctik<\/strong><\/p>\n\n\n\n<p>S\u00fctiket haszn\u00e1lunk. Azzal, hogy bel\u00e9p&nbsp;<strong>https:\/\/cover-flip.com\/<\/strong>, \u00d6n beleegyezett, hogy a MARCELINO d.o.o. adatv\u00e9delmi szab\u00e1lyzat\u00e1nak megfelel\u0151en haszn\u00e1lja a cookie-kat.<\/p>\n\n\n\n<p>A legt\u00f6bb interakt\u00edv weboldal s\u00fctiket haszn\u00e1l, hogy minden egyes l\u00e1togat\u00e1skor lek\u00e9rdezhess\u00fck a felhaszn\u00e1l\u00f3 adatait. Weboldalunk cookie-kat haszn\u00e1l, hogy lehet\u0151v\u00e9 tegye bizonyos ter\u00fcletek m\u0171k\u00f6d\u00e9s\u00e9t, hogy megk\u00f6nny\u00edtse a weboldalunkra l\u00e1togat\u00f3 emberek sz\u00e1m\u00e1ra. Egyes kapcsolt\/rekl\u00e1moz\u00f3 partnereink is haszn\u00e1lhatnak s\u00fctiket.<\/p>\n\n\n\n<p><strong>Licenc<\/strong><\/p>\n\n\n\n<p>Elt\u00e9r\u0151 rendelkez\u00e9s hi\u00e1ny\u00e1ban a MARCELINO d.o.o. \u00e9s\/vagy licencad\u00f3i rendelkeznek a szellemi tulajdonjogokkal a https:\/\/cover-flip.com\/ weboldalon tal\u00e1lhat\u00f3 \u00f6sszes anyag tekintet\u00e9ben. Minden szellemi tulajdonjog fenntartva. \u00d6n a https:\/\/cover-flip.com\/. oldalr\u00f3l saj\u00e1t szem\u00e9lyes haszn\u00e1latra a jelen \u00e1ltal\u00e1nos szerz\u0151d\u00e9si felt\u00e9telekben meghat\u00e1rozott korl\u00e1toz\u00e1soknak megfelel\u0151en f\u00e9rhet hozz\u00e1.<\/p>\n\n\n\n<p><strong>Nem szabad:<\/strong><\/p>\n\n\n\n<p>A https:\/\/cover-flip.com\/ honlapon tal\u00e1lhat\u00f3 anyagok \u00fajrak\u00f6zl\u00e9se.<br>A https:\/\/cover-flip.com\/ anyag\u00e1nak elad\u00e1sa, b\u00e9rbead\u00e1sa vagy al-licencbe ad\u00e1sa.<br>A https:\/\/cover-flip.com\/ oldalr\u00f3l sz\u00e1rmaz\u00f3 anyagok m\u00e1sol\u00e1sa, sokszoros\u00edt\u00e1sa vagy m\u00e1sol\u00e1sa.<br>A https:\/\/cover-flip.com\/ oldal tartalm\u00e1nak \u00fajraeloszt\u00e1sa.<\/p>\n\n\n\n<p>Ez a meg\u00e1llapod\u00e1s e meg\u00e1llapod\u00e1s napj\u00e1n kezd\u0151dik.<\/p>\n\n\n\n<p>A weboldal egyes r\u00e9szei lehet\u0151s\u00e9get biztos\u00edtanak a felhaszn\u00e1l\u00f3k sz\u00e1m\u00e1ra, hogy a weboldal bizonyos ter\u00fcletein v\u00e9lem\u00e9nyeket \u00e9s inform\u00e1ci\u00f3kat tegyenek k\u00f6zz\u00e9 \u00e9s cser\u00e9ljenek ki. A MARCELINO d.o.o. nem sz\u0171ri, nem szerkeszti, nem teszi k\u00f6zz\u00e9 \u00e9s nem vizsg\u00e1lja fel\u00fcl a hozz\u00e1sz\u00f3l\u00e1sokat a weboldalon val\u00f3 megjelen\u00e9s\u00fck el\u0151tt. A megjegyz\u00e9sek nem t\u00fckr\u00f6zik a MARCELINO d.o.o., annak \u00fcgyn\u00f6kei \u00e9s\/vagy kapcsolt v\u00e1llalkoz\u00e1sai n\u00e9zeteit \u00e9s v\u00e9lem\u00e9ny\u00e9t. A megjegyz\u00e9sek a v\u00e9lem\u00e9ny\u00fcket \u00e9s v\u00e9lem\u00e9ny\u00fcket k\u00f6zz\u00e9tev\u0151 szem\u00e9ly n\u00e9zeteit \u00e9s v\u00e9lem\u00e9ny\u00e9t t\u00fckr\u00f6zik. Az alkalmazand\u00f3 jogszab\u00e1lyok \u00e1ltal megengedett m\u00e9rt\u00e9kben a MARCELINO d.o.o. nem v\u00e1llal felel\u0151ss\u00e9get a megjegyz\u00e9sek\u00e9rt, illetve a megjegyz\u00e9seknek a weboldalon val\u00f3 felhaszn\u00e1l\u00e1sa \u00e9s\/vagy k\u00f6zz\u00e9t\u00e9tele \u00e9s\/vagy megjelen\u00e9se miatt okozott \u00e9s\/vagy elszenvedett felel\u0151ss\u00e9gek\u00e9rt, k\u00e1rok\u00e9rt vagy k\u00f6lts\u00e9gek\u00e9rt.<\/p>\n\n\n\n<p>A MARCELINO d.o.o. fenntartja a jogot, hogy ellen\u0151rizze az \u00f6sszes hozz\u00e1sz\u00f3l\u00e1st, \u00e9s elt\u00e1vol\u00edtson minden olyan hozz\u00e1sz\u00f3l\u00e1st, amely nem megfelel\u0151nek, s\u00e9rt\u0151nek tekinthet\u0151, vagy s\u00e9rti a jelen \u00c1ltal\u00e1nos Szerz\u0151d\u00e9si Felt\u00e9teleket.<\/p>\n\n\n\n<p><strong>\u00d6n garant\u00e1lja \u00e9s kijelenti, hogy:<\/strong><\/p>\n\n\n\n<p>\u00d6n jogosult arra, hogy a megjegyz\u00e9seket a weboldalunkon k\u00f6zz\u00e9tegye, \u00e9s rendelkezik az ehhez sz\u00fcks\u00e9ges enged\u00e9lyekkel \u00e9s hozz\u00e1j\u00e1rul\u00e1sokkal;<br>A Hozz\u00e1sz\u00f3l\u00e1sok nem s\u00e9rtik a szellemi tulajdonjogokat, bele\u00e9rtve, de nem kiz\u00e1r\u00f3lagosan a szerz\u0151i jogokat, szabadalmakat vagy harmadik felek v\u00e9djegyeit;<br>A hozz\u00e1sz\u00f3l\u00e1sok nem tartalmaznak r\u00e1galmaz\u00f3, becs\u00fclets\u00e9rt\u0151, s\u00e9rt\u0151, illetlen vagy m\u00e1s m\u00f3don jogellenes, a mag\u00e1n\u00e9letet s\u00e9rt\u0151 anyagot.<br>A Hozz\u00e1sz\u00f3l\u00e1sok nem haszn\u00e1lhat\u00f3k \u00fczleti vagy szok\u00e1s szerinti \u00fczletszerz\u00e9sre vagy rekl\u00e1moz\u00e1sra, illetve kereskedelmi tev\u00e9kenys\u00e9gek vagy jogellenes tev\u00e9kenys\u00e9gek bemutat\u00e1s\u00e1ra.<\/p>\n\n\n\n<p>\u00d6n ezennel nem kiz\u00e1r\u00f3lagos enged\u00e9lyt ad a MARCELINO d.o.o.-nak arra, hogy b\u00e1rmilyen form\u00e1ban, form\u00e1tumban vagy m\u00e9di\u00e1ban felhaszn\u00e1lja, reproduk\u00e1lja, szerkessze \u00e9s felhatalmazza m\u00e1sokat, hogy felhaszn\u00e1lj\u00e1k, reproduk\u00e1lj\u00e1k \u00e9s szerkessz\u00e9k az \u00d6n hozz\u00e1sz\u00f3l\u00e1sait.<\/p>\n\n\n\n<p><strong>Hiperhivatkoz\u00e1s a tartalmainkra<\/strong><\/p>\n\n\n\n<p>A k\u00f6vetkez\u0151 szervezetek el\u0151zetes \u00edr\u00e1sbeli j\u00f3v\u00e1hagy\u00e1s n\u00e9lk\u00fcl hivatkozhatnak a Weboldalunkra:<\/p>\n\n\n\n<p>Korm\u00e1nyzati szervek;<br>Keres\u0151motorok;<br>H\u00edrszervezetek;<br>Az online k\u00f6nyvt\u00e1rak forgalmaz\u00f3i ugyan\u00fagy hivatkozhatnak a Weboldalunkra, mint ahogyan m\u00e1s felsorolt v\u00e1llalkoz\u00e1sok Weboldalaira is hiperhivatkoznak; \u00e9s<br>Rendszerszint\u0171 akkredit\u00e1lt v\u00e1llalkoz\u00e1sok, kiv\u00e9ve a nem profitorient\u00e1lt szervezetek, j\u00f3t\u00e9konys\u00e1gi bev\u00e1s\u00e1rl\u00f3k\u00f6zpontok \u00e9s j\u00f3t\u00e9konys\u00e1gi adom\u00e1nygy\u0171jt\u0151 csoportok, amelyek nem hivatkozhatnak a weboldalunkra.<\/p>\n\n\n\n<p>Ezek a szervezetek hivatkozhatnak a honlapunkra, kiadv\u00e1nyainkra vagy a Weboldal egy\u00e9b inform\u00e1ci\u00f3ira, amennyiben a hivatkoz\u00e1s: (a) semmilyen m\u00f3don nem megt\u00e9veszt\u0151; (b) nem sugallja hamisan a linkel\u0151 f\u00e9l \u00e9s term\u00e9kei \u00e9s\/vagy szolg\u00e1ltat\u00e1sai szponzor\u00e1l\u00e1s\u00e1t, j\u00f3v\u00e1hagy\u00e1s\u00e1t vagy j\u00f3v\u00e1hagy\u00e1s\u00e1t; \u00e9s (c) illeszkedik a linkel\u0151 f\u00e9l webhely\u00e9nek kontextus\u00e1ba.<\/p>\n\n\n\n<p>A k\u00f6vetkez\u0151 t\u00edpus\u00fa szervezetek egy\u00e9b linkk\u00e9relmeit is figyelembe vehetj\u00fck \u00e9s j\u00f3v\u00e1hagyhatjuk:<\/p>\n\n\n\n<p>\u00e1ltal\u00e1nosan ismert fogyaszt\u00f3i \u00e9s\/vagy \u00fczleti inform\u00e1ci\u00f3s forr\u00e1sok;<br>comk\u00f6z\u00f6ss\u00e9gi oldalak;<br>egyes\u00fcletek vagy m\u00e1s, j\u00f3t\u00e9konys\u00e1gi szervezeteket k\u00e9pvisel\u0151 csoportok;<br>online c\u00edmt\u00e1r forgalmaz\u00f3k;<br>internetes port\u00e1lok;<br>k\u00f6nyvel\u0151-, \u00fcgyv\u00e9di \u00e9s tan\u00e1csad\u00f3 c\u00e9gek; \u00e9s<br>oktat\u00e1si int\u00e9zm\u00e9nyek \u00e9s szakmai sz\u00f6vets\u00e9gek.<\/p>\n\n\n\n<p>Ezen szervezetek linkk\u00e9relmeit j\u00f3v\u00e1hagyjuk, ha \u00fagy d\u00f6nt\u00fcnk: (a) a link nem vetne r\u00e1nk vagy akkredit\u00e1lt v\u00e1llalkoz\u00e1sainkra n\u00e9zve kedvez\u0151tlen f\u00e9nyt; (b) a szervezetnek nincs negat\u00edv el\u0151\u00e9lete vel\u00fcnk szemben; (c) a hiperlink l\u00e1that\u00f3s\u00e1g\u00e1b\u00f3l sz\u00e1rmaz\u00f3 el\u0151ny sz\u00e1munkra kompenz\u00e1lja a MARCELINO d.o.o. hi\u00e1ny\u00e1t; \u00e9s (d) a link \u00e1ltal\u00e1nos forr\u00e1sinform\u00e1ci\u00f3kkal \u00f6sszef\u00fcgg\u00e9sben van.<\/p>\n\n\n\n<p>Ezek a szervezetek hivatkozhatnak a honlapunkra, amennyiben a hivatkoz\u00e1s: (a) semmilyen m\u00f3don nem megt\u00e9veszt\u0151; (b) nem sugallja hamisan a hivatkoz\u00f3 f\u00e9l \u00e9s term\u00e9kei vagy szolg\u00e1ltat\u00e1sai szponzor\u00e1l\u00e1s\u00e1t, j\u00f3v\u00e1hagy\u00e1s\u00e1t vagy j\u00f3v\u00e1hagy\u00e1s\u00e1t; \u00e9s (c) illeszkedik a hivatkoz\u00f3 f\u00e9l oldal\u00e1nak kontextus\u00e1ba.<\/p>\n\n\n\n<p>Ha \u00d6n a fenti 2. bekezd\u00e9sben felsorolt szervezetek egyike, \u00e9s szeretne hivatkozni a weboldalunkra, akkor err\u0151l a jurij.cvikl@marcelino.si e-mail c\u00edmen kell t\u00e1j\u00e9koztatnia minket. K\u00e9rj\u00fck, adja meg az \u00d6n nev\u00e9t, szervezet\u00e9nek nev\u00e9t, el\u00e9rhet\u0151s\u00e9g\u00e9t, valamint a honlapja URL-c\u00edm\u00e9t, tov\u00e1bb\u00e1 azoknak az URL-c\u00edmeknek a list\u00e1j\u00e1t, amelyekr\u0151l a honlapunkra k\u00edv\u00e1n hivatkozni, valamint a honlapunkon tal\u00e1lhat\u00f3 azon URL-c\u00edmek list\u00e1j\u00e1t, amelyekre hivatkozni k\u00edv\u00e1n. V\u00e1rjon 2-3 hetet a v\u00e1laszra.<\/p>\n\n\n\n<p>Az enged\u00e9lyezett szervezetek az al\u00e1bbiak szerint hiperlinkelhetnek a Weboldalunkra:<\/p>\n\n\n\n<p>A c\u00e9gnev\u00fcnk haszn\u00e1lat\u00e1val; vagy<br>a hivatkozott egys\u00e9ges forr\u00e1skeres\u0151 haszn\u00e1lat\u00e1val; vagy<br>A hivatkozott weboldalunk b\u00e1rmely m\u00e1s olyan le\u00edr\u00e1s\u00e1nak haszn\u00e1lat\u00e1val, amely a hivatkoz\u00f3 f\u00e9l weboldal\u00e1n tal\u00e1lhat\u00f3 tartalom kontextus\u00e1ban \u00e9s form\u00e1tum\u00e1ban \u00e9rtelmes.<\/p>\n\n\n\n<p>A MARCELINO d.o.o. log\u00f3j\u00e1nak vagy m\u00e1s grafik\u00e1j\u00e1nak felhaszn\u00e1l\u00e1sa linkel\u00e9sre nem enged\u00e9lyezett v\u00e9djegyhaszn\u00e1lati licencszerz\u0151d\u00e9s hi\u00e1ny\u00e1ban.<\/p>\n\n\n\n<p><strong>iFrames<\/strong><\/p>\n\n\n\n<p>El\u0151zetes j\u00f3v\u00e1hagy\u00e1s \u00e9s \u00edr\u00e1sbeli enged\u00e9ly n\u00e9lk\u00fcl nem hozhat l\u00e9tre olyan kereteket a Weboldalaink k\u00f6r\u00fcl, amelyek b\u00e1rmilyen m\u00f3don megv\u00e1ltoztatj\u00e1k a Weboldalunk vizu\u00e1lis megjelen\u00e9s\u00e9t vagy megjelen\u00e9s\u00e9t.<\/p>\n\n\n\n<p><strong>Tartalmi felel\u0151ss\u00e9g<\/strong><\/p>\n\n\n\n<p>Nem v\u00e1llalunk felel\u0151ss\u00e9get az \u00d6n weboldal\u00e1n megjelen\u0151 tartalmak\u00e9rt. \u00d6n v\u00e1llalja, hogy megv\u00e9d minket minden olyan \u00e1ll\u00edt\u00e1ssal szemben, amely az \u00d6n Weboldal\u00e1n megjelenik. Nem jelenhetnek meg olyan link(ek) a Weboldalon, amelyek becs\u00fclets\u00e9rt\u0151nek, obszc\u00e9nnek vagy b\u0171ncselekm\u00e9nynek \u00e9rtelmezhet\u0151k, vagy amelyek harmadik f\u00e9l jogait s\u00e9rtik, m\u00e1s m\u00f3don s\u00e9rtik, vagy azok megs\u00e9rt\u00e9s\u00e9t vagy m\u00e1s m\u00f3don t\u00f6rt\u00e9n\u0151 megs\u00e9rt\u00e9s\u00e9t szorgalmazz\u00e1k.<\/p>\n\n\n\n<p><strong>Jogfenntart\u00e1s<\/strong><\/p>\n\n\n\n<p>Fenntartjuk a jogot arra, hogy a Weboldalunkra mutat\u00f3 \u00f6sszes link vagy b\u00e1rmely konkr\u00e9t link elt\u00e1vol\u00edt\u00e1s\u00e1t k\u00e9rhess\u00fck. \u00d6n beleegyezik, hogy k\u00e9r\u00e9sre azonnal elt\u00e1vol\u00edtja a Weboldalunkra mutat\u00f3 \u00f6sszes linket. Fenntartjuk tov\u00e1bb\u00e1 a jogot, hogy ezeket a felt\u00e9teleket \u00e9s a linkel\u00e9si politik\u00e1t b\u00e1rmikor m\u00f3dos\u00edthassuk. A Weboldalunkra t\u00f6rt\u00e9n\u0151 folyamatos hivatkoz\u00e1ssal \u00d6n elfogadja, hogy a jelen linkel\u00e9si felt\u00e9teleket \u00e9s kik\u00f6t\u00e9seket betartja \u00e9s betartatja.<\/p>\n\n\n\n<p><strong>Linkek elt\u00e1vol\u00edt\u00e1sa a weboldalunkr\u00f3l<\/strong><\/p>\n\n\n\n<p>Ha b\u00e1rmilyen okb\u00f3l s\u00e9rt\u0151 linket tal\u00e1l a Weboldalunkon, b\u00e1rmikor kapcsolatba l\u00e9phet vel\u00fcnk \u00e9s t\u00e1j\u00e9koztathat minket. Megfontoljuk a linkek elt\u00e1vol\u00edt\u00e1s\u00e1ra vonatkoz\u00f3 k\u00e9r\u00e9seket, de nem vagyunk k\u00f6telesek erre, illetve nem vagyunk k\u00f6telesek k\u00f6zvetlen\u00fcl \u00d6nnek v\u00e1laszolni.<\/p>\n\n\n\n<p>Nem biztos\u00edtjuk, hogy a weboldalon tal\u00e1lhat\u00f3 inform\u00e1ci\u00f3k helyesek, nem garant\u00e1ljuk azok teljess\u00e9g\u00e9t vagy pontoss\u00e1g\u00e1t; \u00e9s nem v\u00e1llalunk garanci\u00e1t arra sem, hogy a weboldal el\u00e9rhet\u0151 marad, illetve hogy a weboldalon tal\u00e1lhat\u00f3 anyagokat naprak\u00e9szen tartjuk.<\/p>\n\n\n\n<p><strong>Felel\u0151ss\u00e9gi nyilatkozat<\/strong><br>Az alkalmazand\u00f3 jog \u00e1ltal megengedett legnagyobb m\u00e9rt\u00e9kben kiz\u00e1runk minden, a weboldalunkkal \u00e9s a weboldal haszn\u00e1lat\u00e1val kapcsolatos kijelent\u00e9st, garanci\u00e1t \u00e9s felt\u00e9telt. A jelen kiz\u00e1r\u00f3 nyilatkozatban foglaltak k\u00f6z\u00fcl semmi sem:<\/p>\n\n\n\n<p>korl\u00e1tozza vagy kiz\u00e1rja a mi vagy az \u00d6n felel\u0151ss\u00e9g\u00e9t a hal\u00e1l\u00e9rt vagy szem\u00e9lyi s\u00e9r\u00fcl\u00e9s\u00e9rt;<br>korl\u00e1tozza vagy kiz\u00e1rja a mi vagy az \u00d6n felel\u0151ss\u00e9g\u00e9t a csal\u00e1s\u00e9rt vagy csal\u00e1rd f\u00e9lrevezet\u00e9s\u00e9rt;<br>b\u00e1rmelyik\u00fcnk vagy az \u00d6n felel\u0151ss\u00e9g\u00e9t b\u00e1rmilyen m\u00f3don korl\u00e1tozni, ami nem megengedett az alkalmazand\u00f3 jogszab\u00e1lyok szerint; vagy<br>kiz\u00e1rja a mi vagy az \u00d6n felel\u0151ss\u00e9g\u00e9t, amely az alkalmazand\u00f3 jog szerint nem z\u00e1rhat\u00f3 ki.<br>A felel\u0151ss\u00e9g korl\u00e1toz\u00e1sai \u00e9s tilalmai, amelyek ebben a szakaszban \u00e9s a jelen nyilatkozatban m\u00e1shol szerepelnek: (a) az el\u0151z\u0151 bekezd\u00e9s hat\u00e1lya al\u00e1 tartoznak; \u00e9s (b) a nyilatkozatb\u00f3l ered\u0151 minden felel\u0151ss\u00e9gre vonatkoznak, bele\u00e9rtve a szerz\u0151d\u00e9sb\u0151l, a jogellenes k\u00e1rokoz\u00e1sb\u00f3l \u00e9s a t\u00f6rv\u00e9nyes k\u00f6telezetts\u00e9g megszeg\u00e9s\u00e9b\u0151l ered\u0151 felel\u0151ss\u00e9get is.<br>Am\u00edg a weboldal \u00e9s a weboldalon tal\u00e1lhat\u00f3 inform\u00e1ci\u00f3k \u00e9s szolg\u00e1ltat\u00e1sok ingyenesen \u00e1llnak rendelkez\u00e9sre, nem v\u00e1llalunk felel\u0151ss\u00e9get semmilyen vesztes\u00e9g\u00e9rt vagy k\u00e1r\u00e9rt.<\/p>\n\n\n\n<p><strong>Fogyaszt\u00f3i jogvit\u00e1k peren k\u00edv\u00fcli rendez\u00e9se<\/strong><\/p>\n\n\n\n<p>A MARCELINO d.o.o. t\u00e1rsas\u00e1g a jogi norm\u00e1knak megfelel\u0151en nem ismeri el a fogyaszt\u00f3i jogvit\u00e1k b\u00edr\u00f3s\u00e1gon k\u00edv\u00fcli rendez\u00e9s\u00e9nek v\u00e9grehajt\u00f3j\u00e1t, mint a fogyaszt\u00f3i jogvit\u00e1k b\u00edr\u00f3s\u00e1gon k\u00edv\u00fcli rendez\u00e9s\u00e9r\u0151l sz\u00f3l\u00f3 t\u00f6rv\u00e9ny \u00e9rtelm\u00e9ben a fogyaszt\u00f3 \u00e1ltal esetlegesen kezdem\u00e9nyezett fogyaszt\u00f3i jogvit\u00e1k rendez\u00e9s\u00e9nek felel\u0151s\u00e9t. A MARCELINO d.o.o. v\u00e1llalat, mint \u00e1ru- \u00e9s szolg\u00e1ltat\u00e1sny\u00fajt\u00f3 a honlapj\u00e1n elektronikus linket tesz k\u00f6zz\u00e9 a fogyaszt\u00f3k online vitarendez\u00e9si platformj\u00e1ra (ODRP). A platform a fogyaszt\u00f3k sz\u00e1m\u00e1ra a http:\/\/ec.europa.eu\/odr elektronikus linken kereszt\u00fcl \u00e9rhet\u0151 el. A fenti szab\u00e1lyoz\u00e1s a fogyaszt\u00f3i jogvit\u00e1k b\u00edr\u00f3s\u00e1gon k\u00edv\u00fcli rendez\u00e9s\u00e9r\u0151l sz\u00f3l\u00f3 t\u00f6rv\u00e9nyen, a fogyaszt\u00f3i jogvit\u00e1k online rendez\u00e9s\u00e9r\u0151l \u00e9s a 2016\/2004\/EK rendelet m\u00f3dos\u00edt\u00e1s\u00e1r\u00f3l sz\u00f3l\u00f3 524\/2013\/EU eur\u00f3pai parlamenti \u00e9s tan\u00e1csi rendeleten, valamint az ir\u00e1nyelv<\/p>","protected":false},"excerpt":{"rendered":"<p>\u00c1ltal\u00e1nos Szerz\u0151d\u00e9si Felt\u00e9telek \u00dcdv\u00f6z\u00f6lj\u00fck a https:\/\/cover-flip.com\/ oldalon! Ezek a felt\u00e9telek a MARCELINO d.o.o. haszn\u00e1lat\u00e1nak szab\u00e1lyait \u00e9s el\u0151\u00edr\u00e1sait tartalmazz\u00e1k. Honlap, amely a https:\/\/cover-flip.com\/ c\u00edmen tal\u00e1lhat\u00f3. A weboldalra val\u00f3 bel\u00e9p\u00e9ssel felt\u00e9telezz\u00fck, hogy \u00d6n elfogadja ezeket a felt\u00e9teleket. Ne haszn\u00e1lja tov\u00e1bb a https:\/\/cover-flip.com\/ oldalt, ha nem \u00e9rt egyet a [...]<\/p>","protected":false},"author":2,"featured_media":0,"parent":0,"menu_order":0,"comment_status":"closed","ping_status":"open","template":"","meta":{"inline_featured_image":false,"ocean_post_layout":"","ocean_both_sidebars_style":"","ocean_both_sidebars_content_width":0,"ocean_both_sidebars_sidebars_width":0,"ocean_sidebar":"0","ocean_second_sidebar":"0","ocean_disable_margins":"enable","ocean_add_body_class":"","ocean_shortcode_before_top_bar":"","ocean_shortcode_after_top_bar":"","ocean_shortcode_before_header":"","ocean_shortcode_after_header":"","ocean_has_shortcode":"","ocean_shortcode_after_title":"","ocean_shortcode_before_footer_widgets":"","ocean_shortcode_after_footer_widgets":"","ocean_shortcode_before_footer_bottom":"","ocean_shortcode_after_footer_bottom":"","ocean_display_top_bar":"default","ocean_display_header":"default","ocean_header_style":"","ocean_center_header_left_menu":"0","ocean_custom_header_template":"0","ocean_custom_logo":0,"ocean_custom_retina_logo":0,"ocean_custom_logo_max_width":0,"ocean_custom_logo_tablet_max_width":0,"ocean_custom_logo_mobile_max_width":0,"ocean_custom_logo_max_height":0,"ocean_custom_logo_tablet_max_height":0,"ocean_custom_logo_mobile_max_height":0,"ocean_header_custom_menu":"0","ocean_menu_typo_font_family":"0","ocean_menu_typo_font_subset":"","ocean_menu_typo_font_size":0,"ocean_menu_typo_font_size_tablet":0,"ocean_menu_typo_font_size_mobile":0,"ocean_menu_typo_font_size_unit":"px","ocean_menu_typo_font_weight":"","ocean_menu_typo_font_weight_tablet":"","ocean_menu_typo_font_weight_mobile":"","ocean_menu_typo_transform":"","ocean_menu_typo_transform_tablet":"","ocean_menu_typo_transform_mobile":"","ocean_menu_typo_line_height":0,"ocean_menu_typo_line_height_tablet":0,"ocean_menu_typo_line_height_mobile":0,"ocean_menu_typo_line_height_unit":"","ocean_menu_typo_spacing":0,"ocean_menu_typo_spacing_tablet":0,"ocean_menu_typo_spacing_mobile":0,"ocean_menu_typo_spacing_unit":"","ocean_menu_link_color":"","ocean_menu_link_color_hover":"","ocean_menu_link_color_active":"","ocean_menu_link_background":"","ocean_menu_link_hover_background":"","ocean_menu_link_active_background":"","ocean_menu_social_links_bg":"","ocean_menu_social_hover_links_bg":"","ocean_menu_social_links_color":"","ocean_menu_social_hover_links_color":"","ocean_disable_title":"on","ocean_disable_heading":"default","ocean_post_title":"","ocean_post_subheading":"","ocean_post_title_style":"","ocean_post_title_background_color":"","ocean_post_title_background":0,"ocean_post_title_bg_image_position":"","ocean_post_title_bg_image_attachment":"","ocean_post_title_bg_image_repeat":"","ocean_post_title_bg_image_size":"","ocean_post_title_height":0,"ocean_post_title_bg_overlay":0.5,"ocean_post_title_bg_overlay_color":"","ocean_disable_breadcrumbs":"off","ocean_breadcrumbs_color":"","ocean_breadcrumbs_separator_color":"","ocean_breadcrumbs_links_color":"","ocean_breadcrumbs_links_hover_color":"","ocean_display_footer_widgets":"default","ocean_display_footer_bottom":"default","ocean_custom_footer_template":"0","footnotes":""},"aioseo_notices":[],"_links":{"self":[{"href":"https:\/\/cover-flip.com\/hu\/wp-json\/wp\/v2\/pages\/985"}],"collection":[{"href":"https:\/\/cover-flip.com\/hu\/wp-json\/wp\/v2\/pages"}],"about":[{"href":"https:\/\/cover-flip.com\/hu\/wp-json\/wp\/v2\/types\/page"}],"author":[{"embeddable":true,"href":"https:\/\/cover-flip.com\/hu\/wp-json\/wp\/v2\/users\/2"}],"replies":[{"embeddable":true,"href":"https:\/\/cover-flip.com\/hu\/wp-json\/wp\/v2\/comments?post=985"}],"version-history":[{"count":2,"href":"https:\/\/cover-flip.com\/hu\/wp-json\/wp\/v2\/pages\/985\/revisions"}],"predecessor-version":[{"id":1273,"href":"https:\/\/cover-flip.com\/hu\/wp-json\/wp\/v2\/pages\/985\/revisions\/1273"}],"wp:attachment":[{"href":"https:\/\/cover-flip.com\/hu\/wp-json\/wp\/v2\/media?parent=985"}],"curies":[{"name":"wp","href":"https:\/\/api.w.org\/{rel}","templated":true}]}}