{"id":992,"date":"2022-09-01T07:59:48","date_gmt":"2022-09-01T07:59:48","guid":{"rendered":"https:\/\/cover-flip.com\/?page_id=992"},"modified":"2022-09-02T08:43:28","modified_gmt":"2022-09-02T08:43:28","slug":"cookie-policy","status":"publish","type":"page","link":"https:\/\/cover-flip.com\/fi\/cookie-policy\/","title":{"rendered":"Ev\u00e4stek\u00e4yt\u00e4nt\u00f6"},"content":{"rendered":"<h2 class=\"wp-block-heading\">Ev\u00e4stek\u00e4yt\u00e4nt\u00f6<\/h2>\n\n\n\n<p>Sivusto k\u00e4ytt\u00e4\u00e4 ev\u00e4steit\u00e4. K\u00e4ytt\u00e4m\u00e4ll\u00e4 sivustoa https:\/\/cover-flip.com\/ olet hyv\u00e4ksynyt ev\u00e4steiden k\u00e4yt\u00f6n yhteisymm\u00e4rryksess\u00e4 yrityksen kanssa.<br>MARCELINO d.o.o., Kranj\u010deva ulica 4, Celje, 3000 Celje ja verkkosivuston tietosuojak\u00e4yt\u00e4nt\u00f6. Useimmat interaktiiviset verkkosivustot k\u00e4ytt\u00e4v\u00e4t ev\u00e4steit\u00e4, joiden avulla voimme hakea k\u00e4ytt\u00e4j\u00e4n tiedot jokaiselta k\u00e4ynnilt\u00e4. K\u00e4yt\u00e4mme verkkosivustollamme ev\u00e4steit\u00e4, jotta tietyt alueet toimisivat ja jotta k\u00e4vij\u00f6iden olisi helpompi vierailla verkkosivustollamme. My\u00f6s jotkut kumppanimme \/ mainoskumppanimme saattavat k\u00e4ytt\u00e4\u00e4 kolmannen osapuolen ev\u00e4steit\u00e4.<\/p>\n\n\n\n<p>Verkkosivusto https:\/\/cover-flip.com\/ k\u00e4ytt\u00e4\u00e4 seuraavia ev\u00e4steit\u00e4:<\/p>\n\n\n\n<p>Pakolliset ev\u00e4steet<\/p>\n\n\n\n<figure class=\"wp-block-table\"><table><tbody><tr><td>Nimi<\/td><td>Kesto<\/td><td>K\u00e4ytt\u00f6tarkoitus<\/td><\/tr><tr><td>__cfduid<\/td><td>4 viikkoa<\/td><td>CloudFlare asettaa ev\u00e4steen. Ev\u00e4steen avulla tunnistetaan yksitt\u00e4iset k\u00e4ytt\u00e4j\u00e4t, jotka k\u00e4ytt\u00e4v\u00e4t samaa IP-osoitetta, ja sovelletaan kunkin asiakkaan suojausasetuksia. Se ei vastaa k\u00e4ytt\u00e4j\u00e4tunnuksia verkkosovelluksessa eik\u00e4 tallenna mit\u00e4\u00e4n henkil\u00f6kohtaisia tietoja.<\/td><\/tr><\/tbody><\/table><\/figure>\n\n\n\n<figure class=\"wp-block-table\"><table><tbody><tr><td>Nimi<\/td><td>Kesto<\/td><td>K\u00e4ytt\u00f6tarkoitus<\/td><\/tr><tr><td>NID<\/td><td>6 kuukautta<\/td><td>T\u00e4t\u00e4 ev\u00e4stett\u00e4 k\u00e4ytet\u00e4\u00e4n k\u00e4ytt\u00e4j\u00e4n kiinnostuksen kohteiden perusteella tapahtuvaan profilointiin ja r\u00e4\u00e4t\u00e4l\u00f6ityjen mainosten n\u00e4ytt\u00e4miseen k\u00e4ytt\u00e4jille.<\/td><\/tr><\/tbody><\/table><\/figure>","protected":false},"excerpt":{"rendered":"<p>Ev\u00e4stek\u00e4yt\u00e4nt\u00f6 Sivusto k\u00e4ytt\u00e4\u00e4 ev\u00e4steit\u00e4. K\u00e4ytt\u00e4ess\u00e4si sivustoa https:\/\/cover-flip.com\/ olet hyv\u00e4ksynyt ev\u00e4steiden k\u00e4yt\u00f6n yrityksen MARCELINO d.o.o., Kranj\u010deva ulica 4, Celje, 3000 Celje ja verkkosivuston tietosuojak\u00e4yt\u00e4nn\u00f6n mukaisesti. Useimmat vuorovaikutteiset verkkosivustot k\u00e4ytt\u00e4v\u00e4t ev\u00e4steit\u00e4, joiden avulla voimme hakea k\u00e4ytt\u00e4j\u00e4n tiedot jokaiselta k\u00e4ynnilt\u00e4. Me k\u00e4yt\u00e4mme ev\u00e4steit\u00e4 [...]<\/p>","protected":false},"author":2,"featured_media":0,"parent":0,"menu_order":0,"comment_status":"closed","ping_status":"open","template":"","meta":{"inline_featured_image":false,"ocean_post_layout":"","ocean_both_sidebars_style":"","ocean_both_sidebars_content_width":0,"ocean_both_sidebars_sidebars_width":0,"ocean_sidebar":"0","ocean_second_sidebar":"0","ocean_disable_margins":"enable","ocean_add_body_class":"","ocean_shortcode_before_top_bar":"","ocean_shortcode_after_top_bar":"","ocean_shortcode_before_header":"","ocean_shortcode_after_header":"","ocean_has_shortcode":"","ocean_shortcode_after_title":"","ocean_shortcode_before_footer_widgets":"","ocean_shortcode_after_footer_widgets":"","ocean_shortcode_before_footer_bottom":"","ocean_shortcode_after_footer_bottom":"","ocean_display_top_bar":"default","ocean_display_header":"default","ocean_header_style":"","ocean_center_header_left_menu":"0","ocean_custom_header_template":"0","ocean_custom_logo":0,"ocean_custom_retina_logo":0,"ocean_custom_logo_max_width":0,"ocean_custom_logo_tablet_max_width":0,"ocean_custom_logo_mobile_max_width":0,"ocean_custom_logo_max_height":0,"ocean_custom_logo_tablet_max_height":0,"ocean_custom_logo_mobile_max_height":0,"ocean_header_custom_menu":"0","ocean_menu_typo_font_family":"0","ocean_menu_typo_font_subset":"","ocean_menu_typo_font_size":0,"ocean_menu_typo_font_size_tablet":0,"ocean_menu_typo_font_size_mobile":0,"ocean_menu_typo_font_size_unit":"px","ocean_menu_typo_font_weight":"","ocean_menu_typo_font_weight_tablet":"","ocean_menu_typo_font_weight_mobile":"","ocean_menu_typo_transform":"","ocean_menu_typo_transform_tablet":"","ocean_menu_typo_transform_mobile":"","ocean_menu_typo_line_height":0,"ocean_menu_typo_line_height_tablet":0,"ocean_menu_typo_line_height_mobile":0,"ocean_menu_typo_line_height_unit":"","ocean_menu_typo_spacing":0,"ocean_menu_typo_spacing_tablet":0,"ocean_menu_typo_spacing_mobile":0,"ocean_menu_typo_spacing_unit":"","ocean_menu_link_color":"","ocean_menu_link_color_hover":"","ocean_menu_link_color_active":"","ocean_menu_link_background":"","ocean_menu_link_hover_background":"","ocean_menu_link_active_background":"","ocean_menu_social_links_bg":"","ocean_menu_social_hover_links_bg":"","ocean_menu_social_links_color":"","ocean_menu_social_hover_links_color":"","ocean_disable_title":"on","ocean_disable_heading":"default","ocean_post_title":"","ocean_post_subheading":"","ocean_post_title_style":"","ocean_post_title_background_color":"","ocean_post_title_background":0,"ocean_post_title_bg_image_position":"","ocean_post_title_bg_image_attachment":"","ocean_post_title_bg_image_repeat":"","ocean_post_title_bg_image_size":"","ocean_post_title_height":0,"ocean_post_title_bg_overlay":0.5,"ocean_post_title_bg_overlay_color":"","ocean_disable_breadcrumbs":"off","ocean_breadcrumbs_color":"","ocean_breadcrumbs_separator_color":"","ocean_breadcrumbs_links_color":"","ocean_breadcrumbs_links_hover_color":"","ocean_display_footer_widgets":"default","ocean_display_footer_bottom":"default","ocean_custom_footer_template":"0","footnotes":""},"aioseo_notices":[],"_links":{"self":[{"href":"https:\/\/cover-flip.com\/fi\/wp-json\/wp\/v2\/pages\/992"}],"collection":[{"href":"https:\/\/cover-flip.com\/fi\/wp-json\/wp\/v2\/pages"}],"about":[{"href":"https:\/\/cover-flip.com\/fi\/wp-json\/wp\/v2\/types\/page"}],"author":[{"embeddable":true,"href":"https:\/\/cover-flip.com\/fi\/wp-json\/wp\/v2\/users\/2"}],"replies":[{"embeddable":true,"href":"https:\/\/cover-flip.com\/fi\/wp-json\/wp\/v2\/comments?post=992"}],"version-history":[{"count":2,"href":"https:\/\/cover-flip.com\/fi\/wp-json\/wp\/v2\/pages\/992\/revisions"}],"predecessor-version":[{"id":1272,"href":"https:\/\/cover-flip.com\/fi\/wp-json\/wp\/v2\/pages\/992\/revisions\/1272"}],"wp:attachment":[{"href":"https:\/\/cover-flip.com\/fi\/wp-json\/wp\/v2\/media?parent=992"}],"curies":[{"name":"wp","href":"https:\/\/api.w.org\/{rel}","templated":true}]}}