{"id":990,"date":"2022-09-01T07:51:58","date_gmt":"2022-09-01T07:51:58","guid":{"rendered":"https:\/\/cover-flip.com\/?page_id=990"},"modified":"2022-09-06T07:07:06","modified_gmt":"2022-09-06T07:07:06","slug":"impressum","status":"publish","type":"page","link":"https:\/\/cover-flip.com\/fi\/impressum\/","title":{"rendered":"Impressum"},"content":{"rendered":"<h2 class=\"wp-block-heading\">Impressum<\/h2>\n\n\n\n<p>Valmistelimme verkkosivut itse yhdess\u00e4 verkkopalveluntarjoajan kanssa.<\/p>\n\n\n\n<p>Verkkosivustojen tarkoitus<\/p>\n\n\n\n<p>Verkkosivuston tiedot ovat esittelyluonteisia sen perustoiminnan alalla, jota varten meid\u00e4t on rekister\u00f6ity - rakennus- ja sisustuskalusteiden valmistus. Olemme sitoutuneet varmistamaan, ett\u00e4 verkkosivuston tiedot ovat totuudenmukaisia, luotettavia ja laadukkaita.<\/p>\n\n\n\n<p>Emme ole vastuussa mahdollisista kirjoitusvirheist\u00e4, pid\u00e4t\u00e4mme oikeuden muuttaa sis\u00e4lt\u00f6\u00e4 milloin tahansa ja ilman ennakkoilmoitusta, jos se ei ole yhti\u00f6mme politiikan mukaista.<\/p>\n\n\n\n<p>K\u00e4ytt\u00f6oikeus<\/p>\n\n\n\n<p>Verkkosivusto ja sen koko sis\u00e4lt\u00f6 on suojattu teollis- ja tekij\u00e4noikeuksilla. Kaikkia t\u00e4ll\u00e4 verkkosivustolla olevia tietoja, tekstej\u00e4, kuvia tai muita graafisia elementtej\u00e4 saa k\u00e4ytt\u00e4\u00e4 yksinomaan henkil\u00f6kohtaiseen, ei-kaupalliseen k\u00e4ytt\u00f6\u00f6n, eik\u00e4 niit\u00e4 saa kokonaan tai osittain j\u00e4ljent\u00e4\u00e4, muokata, levitt\u00e4\u00e4, lisensoida tai julkaista julkaisujen muodossa mihink\u00e4\u00e4n muuhun tarkoitukseen kuin katseluun ilman yll\u00e4pit\u00e4j\u00e4n etuk\u00e4teen antamaa kirjallista lupaa.<\/p>\n\n\n\n<p>Vastuun ottaminen<\/p>\n\n\n\n<p>Kun suunnittelemme verkkosivustoa, pyrimme varmistamaan tietojen ajantasaisuuden ja tarkkuuden. Emme takaa niiden tarkkuutta ja t\u00e4ydellisyytt\u00e4 emmek\u00e4 ota vastuuta niiden k\u00e4yt\u00f6st\u00e4. Kaikki k\u00e4ytt\u00e4j\u00e4t k\u00e4ytt\u00e4v\u00e4t julkaistua sis\u00e4lt\u00f6\u00e4 omalla vastuullaan.<\/p>\n\n\n\n<p>Pid\u00e4t\u00e4mme oikeuden muuttaa verkkosivustojemme sis\u00e4lt\u00f6\u00e4 milloin tahansa, mill\u00e4 tahansa tavalla, mist\u00e4 tahansa syyst\u00e4 ja ilman ennakkoilmoitusta.<\/p>\n\n\n\n<p>Teknologinen toteutus<\/p>\n\n\n\n<p>Teknologisen toteutuksen toimitti Marcelino doo -yritys yhteisty\u00f6ss\u00e4 yrityksemme kanssa.<\/p>\n\n\n\n<p>Yrityksen nimi<br>MARCELINO d.o.o.<\/p>\n\n\n\n<p>Osoite<br>Kranj\u010deva ulica 4, Celje, 3000,Celje, Slovenija<\/p>\n\n\n\n<p>S\u00e4hk\u00f6posti: jurij.cvikl@marcelino.si<br>Verkkosivusto: https:\/\/cover-flip.com\/<\/p>\n\n\n\n<p>Toimisto: Slovenija<\/p>\n\n\n\n<p>Veronumero: SI76044157<br>Rekister\u00f6inti: 2276038000<\/p>","protected":false},"excerpt":{"rendered":"<p>Impressum Valmistelimme verkkosivut itse yhdess\u00e4 verkkopalveluntarjoajan kanssa. Verkkosivujen tarkoitus Verkkosivujen tiedot ovat esittelyluonteisia sen perustoiminnan alalla, jota varten meid\u00e4t on rekister\u00f6ity - rakennus- ja sisustuskalusteiden valmistus. Olemme sitoutuneet varmistamaan, ett\u00e4 tiedot [...]<\/p>","protected":false},"author":2,"featured_media":0,"parent":0,"menu_order":0,"comment_status":"closed","ping_status":"open","template":"","meta":{"inline_featured_image":false,"ocean_post_layout":"","ocean_both_sidebars_style":"","ocean_both_sidebars_content_width":0,"ocean_both_sidebars_sidebars_width":0,"ocean_sidebar":"0","ocean_second_sidebar":"0","ocean_disable_margins":"enable","ocean_add_body_class":"","ocean_shortcode_before_top_bar":"","ocean_shortcode_after_top_bar":"","ocean_shortcode_before_header":"","ocean_shortcode_after_header":"","ocean_has_shortcode":"","ocean_shortcode_after_title":"","ocean_shortcode_before_footer_widgets":"","ocean_shortcode_after_footer_widgets":"","ocean_shortcode_before_footer_bottom":"","ocean_shortcode_after_footer_bottom":"","ocean_display_top_bar":"default","ocean_display_header":"default","ocean_header_style":"","ocean_center_header_left_menu":"0","ocean_custom_header_template":"0","ocean_custom_logo":0,"ocean_custom_retina_logo":0,"ocean_custom_logo_max_width":0,"ocean_custom_logo_tablet_max_width":0,"ocean_custom_logo_mobile_max_width":0,"ocean_custom_logo_max_height":0,"ocean_custom_logo_tablet_max_height":0,"ocean_custom_logo_mobile_max_height":0,"ocean_header_custom_menu":"0","ocean_menu_typo_font_family":"0","ocean_menu_typo_font_subset":"","ocean_menu_typo_font_size":0,"ocean_menu_typo_font_size_tablet":0,"ocean_menu_typo_font_size_mobile":0,"ocean_menu_typo_font_size_unit":"px","ocean_menu_typo_font_weight":"","ocean_menu_typo_font_weight_tablet":"","ocean_menu_typo_font_weight_mobile":"","ocean_menu_typo_transform":"","ocean_menu_typo_transform_tablet":"","ocean_menu_typo_transform_mobile":"","ocean_menu_typo_line_height":0,"ocean_menu_typo_line_height_tablet":0,"ocean_menu_typo_line_height_mobile":0,"ocean_menu_typo_line_height_unit":"","ocean_menu_typo_spacing":0,"ocean_menu_typo_spacing_tablet":0,"ocean_menu_typo_spacing_mobile":0,"ocean_menu_typo_spacing_unit":"","ocean_menu_link_color":"","ocean_menu_link_color_hover":"","ocean_menu_link_color_active":"","ocean_menu_link_background":"","ocean_menu_link_hover_background":"","ocean_menu_link_active_background":"","ocean_menu_social_links_bg":"","ocean_menu_social_hover_links_bg":"","ocean_menu_social_links_color":"","ocean_menu_social_hover_links_color":"","ocean_disable_title":"on","ocean_disable_heading":"default","ocean_post_title":"","ocean_post_subheading":"","ocean_post_title_style":"","ocean_post_title_background_color":"","ocean_post_title_background":0,"ocean_post_title_bg_image_position":"","ocean_post_title_bg_image_attachment":"","ocean_post_title_bg_image_repeat":"","ocean_post_title_bg_image_size":"","ocean_post_title_height":0,"ocean_post_title_bg_overlay":0.5,"ocean_post_title_bg_overlay_color":"","ocean_disable_breadcrumbs":"off","ocean_breadcrumbs_color":"","ocean_breadcrumbs_separator_color":"","ocean_breadcrumbs_links_color":"","ocean_breadcrumbs_links_hover_color":"","ocean_display_footer_widgets":"default","ocean_display_footer_bottom":"default","ocean_custom_footer_template":"0","footnotes":""},"aioseo_notices":[],"_links":{"self":[{"href":"https:\/\/cover-flip.com\/fi\/wp-json\/wp\/v2\/pages\/990"}],"collection":[{"href":"https:\/\/cover-flip.com\/fi\/wp-json\/wp\/v2\/pages"}],"about":[{"href":"https:\/\/cover-flip.com\/fi\/wp-json\/wp\/v2\/types\/page"}],"author":[{"embeddable":true,"href":"https:\/\/cover-flip.com\/fi\/wp-json\/wp\/v2\/users\/2"}],"replies":[{"embeddable":true,"href":"https:\/\/cover-flip.com\/fi\/wp-json\/wp\/v2\/comments?post=990"}],"version-history":[{"count":2,"href":"https:\/\/cover-flip.com\/fi\/wp-json\/wp\/v2\/pages\/990\/revisions"}],"predecessor-version":[{"id":1274,"href":"https:\/\/cover-flip.com\/fi\/wp-json\/wp\/v2\/pages\/990\/revisions\/1274"}],"wp:attachment":[{"href":"https:\/\/cover-flip.com\/fi\/wp-json\/wp\/v2\/media?parent=990"}],"curies":[{"name":"wp","href":"https:\/\/api.w.org\/{rel}","templated":true}]}}