{"id":985,"date":"2022-09-01T07:49:33","date_gmt":"2022-09-01T07:49:33","guid":{"rendered":"https:\/\/cover-flip.com\/?page_id=985"},"modified":"2022-09-02T08:43:49","modified_gmt":"2022-09-02T08:43:49","slug":"terms-and-conditions","status":"publish","type":"page","link":"https:\/\/cover-flip.com\/fi\/terms-and-conditions\/","title":{"rendered":"Ehdot ja edellytykset"},"content":{"rendered":"<h2 class=\"wp-block-heading\">Ehdot ja edellytykset<\/h2>\n\n\n\n<p><strong>Tervetuloa osoitteeseen https:\/\/cover-flip.com\/!<\/strong><\/p>\n\n\n\n<p>N\u00e4iss\u00e4 ehdoissa esitet\u00e4\u00e4n MARCELINO d.o.o.:n k\u00e4ytt\u00f6\u00e4 koskevat s\u00e4\u00e4nn\u00f6t ja m\u00e4\u00e4r\u00e4ykset.<\/p>\n\n\n\n<p>Verkkosivusto, joka sijaitsee osoitteessa&nbsp;<strong>https:\/\/cover-flip.com\/.<\/strong><\/p>\n\n\n\n<p>K\u00e4ytt\u00e4m\u00e4ll\u00e4 t\u00e4t\u00e4 verkkosivustoa oletamme, ett\u00e4 hyv\u00e4ksyt n\u00e4m\u00e4 ehdot. \u00c4l\u00e4 jatka k\u00e4ytt\u00f6\u00e4&nbsp;<strong>https:\/\/cover-flip.com\/<\/strong>&nbsp;jos et hyv\u00e4ksy kaikkia t\u00e4ll\u00e4 sivulla mainittuja ehtoja.<\/p>\n\n\n\n<p>Seuraavaa terminologiaa sovelletaan n\u00e4ihin k\u00e4ytt\u00f6ehtoihin, tietosuojaselosteeseen ja vastuuvapauslausekkeeseen sek\u00e4 kaikkiin sopimuksiin: \"Asiakas\", \"Sin\u00e4\" ja \"Sinun\" viittaa sinuun, henkil\u00f6\u00f6n, joka kirjautuu t\u00e4lle verkkosivustolle ja noudattaa Yhti\u00f6n ehtoja. \"Yritys\", \"Me\", \"Me\", \"Meid\u00e4n\" ja \"Me\" viittaa yritykseemme. \"Osapuoli\", \"Osapuolet\" tai \"Me\", viittaa sek\u00e4 asiakkaaseen ett\u00e4 meihin. Kaikilla termeill\u00e4 tarkoitetaan tarjousta, hyv\u00e4ksynt\u00e4\u00e4 ja maksun suorittamista, joka on tarpeen, jotta voimme tarjota asiakkaalle apuamme mahdollisimman tarkoituksenmukaisella tavalla nimenomaisena tarkoituksena t\u00e4ytt\u00e4\u00e4 asiakkaan tarpeet, jotka liittyv\u00e4t yhti\u00f6n tarjoamiin palveluihin, Slovenian voimassa olevan lains\u00e4\u00e4d\u00e4nn\u00f6n mukaisesti ja sen mukaisesti. Kaikki edell\u00e4 mainittujen termien tai muiden sanojen k\u00e4ytt\u00f6 yksik\u00f6ss\u00e4, monikossa, isolla alkukirjaimella ja\/tai h\u00e4nell\u00e4 tai heill\u00e4 katsotaan vaihdettaviksi ja siten viittaaviksi samaan.<\/p>\n\n\n\n<p><strong>Ev\u00e4steet<\/strong><\/p>\n\n\n\n<p>K\u00e4yt\u00e4mme ev\u00e4steit\u00e4. K\u00e4ytt\u00e4m\u00e4ll\u00e4&nbsp;<strong>https:\/\/cover-flip.com\/<\/strong>, suostuit k\u00e4ytt\u00e4m\u00e4\u00e4n ev\u00e4steit\u00e4 MARCELINO d.o.o.:n tietosuojak\u00e4yt\u00e4nn\u00f6n mukaisesti.<\/p>\n\n\n\n<p>Useimmat interaktiiviset verkkosivustot k\u00e4ytt\u00e4v\u00e4t ev\u00e4steit\u00e4, joiden avulla voimme hakea k\u00e4ytt\u00e4j\u00e4n tiedot jokaista vierailua varten. Verkkosivustomme k\u00e4ytt\u00e4\u00e4 ev\u00e4steit\u00e4 tiettyjen alueiden toiminnallisuuden mahdollistamiseksi, jotta verkkosivustollamme vierailevien ihmisten olisi helpompi k\u00e4ytt\u00e4\u00e4 niit\u00e4. My\u00f6s jotkut kumppanimme\/mainoskumppanimme saattavat k\u00e4ytt\u00e4\u00e4 ev\u00e4steit\u00e4.<\/p>\n\n\n\n<p><strong>Lisenssi<\/strong><\/p>\n\n\n\n<p>Ellei toisin mainita, MARCELINO d.o.o. ja\/tai sen lisenssinantajat omistavat kaiken https:\/\/cover-flip.com\/ -sivustolla olevan materiaalin immateriaalioikeudet. Kaikki immateriaalioikeudet on pid\u00e4tetty. Voit k\u00e4ytt\u00e4\u00e4 t\u00e4t\u00e4 sivustoa osoitteesta https:\/\/cover-flip.com\/. omaan henkil\u00f6kohtaiseen k\u00e4ytt\u00f6\u00f6si n\u00e4iss\u00e4 k\u00e4ytt\u00f6ehdoissa asetettujen rajoitusten mukaisesti.<\/p>\n\n\n\n<p><strong>Et saa:<\/strong><\/p>\n\n\n\n<p>Julkaise uudelleen aineistoa osoitteesta https:\/\/cover-flip.com\/.<br>Myyd\u00e4, vuokrata tai alilisensoida https:\/\/cover-flip.com\/:n materiaalia.<br>J\u00e4ljent\u00e4\u00e4, monistaa tai kopioida materiaalia osoitteesta https:\/\/cover-flip.com\/.<br>Jaa sis\u00e4lt\u00f6\u00e4 uudelleen osoitteesta https:\/\/cover-flip.com\/.<\/p>\n\n\n\n<p>T\u00e4m\u00e4 sopimus alkaa t\u00e4m\u00e4n sopimuksen tekop\u00e4iv\u00e4n\u00e4.<\/p>\n\n\n\n<p>T\u00e4m\u00e4n verkkosivuston osissa k\u00e4ytt\u00e4jill\u00e4 on mahdollisuus l\u00e4hett\u00e4\u00e4 ja vaihtaa mielipiteit\u00e4 ja tietoja tietyill\u00e4 verkkosivuston alueilla. MARCELINO d.o.o. ei suodata, muokkaa, julkaise tai tarkista kommentteja ennen niiden esitt\u00e4mist\u00e4 verkkosivustolla. Kommentit eiv\u00e4t heijasta MARCELINO d.o.o.:n, sen edustajien ja\/tai tyt\u00e4ryhti\u00f6iden n\u00e4kemyksi\u00e4 ja mielipiteit\u00e4. Kommentit heijastavat n\u00e4kemyksi\u00e4\u00e4n ja mielipiteit\u00e4\u00e4n julkaisevan henkil\u00f6n n\u00e4kemyksi\u00e4 ja mielipiteit\u00e4. Sovellettavien lakien sallimissa rajoissa MARCELINO d.o.o. ei ole vastuussa kommenteista tai mist\u00e4\u00e4n vastuusta, vahingoista tai kuluista, jotka aiheutuvat ja\/tai joita aiheutuu kommenttien k\u00e4yt\u00f6st\u00e4 ja\/tai julkaisemisesta ja\/tai esiintymisest\u00e4 t\u00e4ll\u00e4 verkkosivustolla.<\/p>\n\n\n\n<p>MARCELINO d.o.o. pid\u00e4tt\u00e4\u00e4 oikeuden valvoa kaikkia kommentteja ja poistaa kaikki kommentit, joita voidaan pit\u00e4\u00e4 sopimattomina, loukkaavina tai jotka rikkovat n\u00e4it\u00e4 k\u00e4ytt\u00f6ehtoja.<\/p>\n\n\n\n<p><strong>Vakuutat ja vakuutat, ett\u00e4:<\/strong><\/p>\n\n\n\n<p>Sinulla on oikeus julkaista kommentteja verkkosivustollamme ja sinulla on kaikki tarvittavat luvat ja suostumukset siihen;<br>Kommentit eiv\u00e4t loukkaa mink\u00e4\u00e4n kolmannen osapuolen immateriaalioikeuksia, mukaan lukien rajoituksetta tekij\u00e4noikeudet, patentit tai tavaramerkit;<br>Kommentit eiv\u00e4t sis\u00e4ll\u00e4 kunnianloukkaavaa, herjaavaa, loukkaavaa, s\u00e4\u00e4dyt\u00f6nt\u00e4 tai muutoin lainvastaista materiaalia, joka loukkaa yksityisyytt\u00e4.<br>Kommentteja ei k\u00e4ytet\u00e4 liiketoiminnan tai tapojen pyyt\u00e4miseen tai edist\u00e4miseen tai kaupallisen toiminnan tai laittoman toiminnan esitt\u00e4miseen.<\/p>\n\n\n\n<p>T\u00e4ten annat MARCELINO d.o.o.:lle ei-yksinomaisen lisenssin k\u00e4ytt\u00e4\u00e4, j\u00e4ljent\u00e4\u00e4, muokata ja antaa muille luvan k\u00e4ytt\u00e4\u00e4, j\u00e4ljent\u00e4\u00e4 ja muokata kommenttejasi miss\u00e4 tahansa muodossa, muodossa tai mediassa.<\/p>\n\n\n\n<p><strong>Hyperlinkitys sis\u00e4lt\u00f6\u00f6mme<\/strong><\/p>\n\n\n\n<p>Seuraavat organisaatiot voivat linkitt\u00e4\u00e4 verkkosivustollemme ilman kirjallista lupaa:<\/p>\n\n\n\n<p>Valtion virastot;<br>Hakukoneet;<br>Uutisorganisaatiot;<br>Verkkohakemistojen jakelijat voivat linkitt\u00e4\u00e4 verkkosivuillemme samalla tavalla kuin ne linkitt\u00e4v\u00e4t muiden listattujen yritysten verkkosivuille; ja<br>J\u00e4rjestelm\u00e4n laajuiset akkreditoidut yritykset lukuun ottamatta voittoa tavoittelemattomia j\u00e4rjest\u00f6j\u00e4, hyv\u00e4ntekev\u00e4isyysostoskeskuksia ja hyv\u00e4ntekev\u00e4isyysker\u00e4ysryhmi\u00e4, jotka eiv\u00e4t saa luoda hyperlinkkej\u00e4 verkkosivustollemme.<\/p>\n\n\n\n<p>N\u00e4m\u00e4 organisaatiot voivat linkitt\u00e4\u00e4 kotisivuillemme, julkaisuihin tai muihin verkkosivuston tietoihin niin kauan kuin linkki on olemassa: (a) ei ole mill\u00e4\u00e4n tavoin harhaanjohtava, (b) ei anna v\u00e4\u00e4r\u00e4\u00e4 kuvaa linkin antavan osapuolen ja sen tuotteiden ja\/tai palveluiden sponsoroinnista, hyv\u00e4ksymisest\u00e4 tai hyv\u00e4ksynn\u00e4st\u00e4 ja (c) sopii linkin antavan osapuolen sivuston yhteyteen.<\/p>\n\n\n\n<p>Voimme harkita ja hyv\u00e4ksy\u00e4 muita linkkipyynt\u00f6j\u00e4 seuraavantyyppisilt\u00e4 organisaatioilta:<\/p>\n\n\n\n<p>yleisesti tunnetut kuluttajien ja\/tai yritysten tietol\u00e4hteet;<br>comyhteis\u00f6n sivustot;<br>yhdistykset tai muut hyv\u00e4ntekev\u00e4isyysj\u00e4rjest\u00f6j\u00e4 edustavat ryhm\u00e4t;<br>verkkohakemiston jakelijat;<br>Internet-portaalit;<br>kirjanpito-, laki- ja konsulttiyritykset; ja<br>oppilaitokset ja ammattij\u00e4rjest\u00f6t.<\/p>\n\n\n\n<p>Hyv\u00e4ksymme n\u00e4iden organisaatioiden linkkipyynn\u00f6t, jos p\u00e4\u00e4t\u00e4mme niin: (a) linkki ei saisi meit\u00e4 n\u00e4ytt\u00e4m\u00e4\u00e4n ep\u00e4edulliselta itsest\u00e4mme tai akkreditoiduista yrityksist\u00e4mme, (b) organisaatiolla ei ole negatiivisia tietoja meist\u00e4, (c) hyperlinkin n\u00e4kyvyydest\u00e4 meille koituva hy\u00f6ty kompensoi MARCELINO d.o.o.:n poissaolon ja (d) linkki liittyy yleisiin resurssitietoihin.<\/p>\n\n\n\n<p>N\u00e4m\u00e4 organisaatiot voivat linkitt\u00e4\u00e4 kotisivuillemme niin kauan kuin linkki: (a) ei ole mill\u00e4\u00e4n tavalla harhaanjohtava; (b) ei anna v\u00e4\u00e4r\u00e4\u00e4 kuvaa linkin antavan osapuolen ja sen tuotteiden tai palveluiden sponsoroinnista, tukemisesta tai hyv\u00e4ksymisest\u00e4; ja (c) sopii linkin antavan osapuolen sivuston yhteyteen.<\/p>\n\n\n\n<p>Jos olet yksi edell\u00e4 kohdassa 2 luetelluista organisaatioista ja olet kiinnostunut linkitt\u00e4misest\u00e4 verkkosivustollemme, sinun on ilmoitettava siit\u00e4 meille l\u00e4hett\u00e4m\u00e4ll\u00e4 s\u00e4hk\u00f6postia osoitteeseen jurij.cvikl@marcelino.si. Liit\u00e4 mukaan nimesi, organisaatiosi nimi, yhteystietosi sek\u00e4 sivustosi URL-osoite, luettelo kaikista URL-osoitteista, joista aiot linkitt\u00e4\u00e4 sivustollemme, ja luettelo sivustomme URL-osoitteista, joihin haluat linkitt\u00e4\u00e4. Odota vastausta 2-3 viikkoa.<\/p>\n\n\n\n<p>Hyv\u00e4ksytyt organisaatiot voivat luoda hyperlinkkej\u00e4 verkkosivustollemme seuraavasti:<\/p>\n\n\n\n<p>Yritysnime\u00e4mme k\u00e4ytt\u00e4m\u00e4ll\u00e4; tai<br>k\u00e4ytt\u00e4m\u00e4ll\u00e4 yhten\u00e4ist\u00e4 resurssinhakutunnusta, johon linkki on osoitettu; tai<br>K\u00e4ytt\u00e4m\u00e4ll\u00e4 mit\u00e4 tahansa muuta linkitett\u00e4v\u00e4n verkkosivustomme kuvausta, joka on j\u00e4rkev\u00e4\u00e4 linkin tarjoavan osapuolen sivuston sis\u00e4ll\u00f6n kontekstissa ja muodossa.<\/p>\n\n\n\n<p>MARCELINO d.o.o.:n logon tai muun taideteoksen k\u00e4ytt\u00f6 linkitt\u00e4miseen ei ole sallittua ilman tavaramerkin lisenssisopimusta.<\/p>\n\n\n\n<p><strong>iFrames<\/strong><\/p>\n\n\n\n<p>Ilman ennakkosuostumusta ja kirjallista lupaa et saa luoda verkkosivujemme ymp\u00e4rille kehyksi\u00e4, jotka muuttavat verkkosivujemme visuaalista esitystapaa tai ulkoasua mill\u00e4\u00e4n tavalla.<\/p>\n\n\n\n<p><strong>Sis\u00e4lt\u00f6vastuu<\/strong><\/p>\n\n\n\n<p>Emme ole vastuussa verkkosivustollasi olevasta sis\u00e4ll\u00f6st\u00e4. Sitoudut suojaamaan ja puolustamaan meit\u00e4 kaikilta v\u00e4itteilt\u00e4, jotka nousevat verkkosivustollesi. Verkkosivustolla ei saa olla linkkej\u00e4, jotka voidaan tulkita herjaaviksi, s\u00e4\u00e4dytt\u00f6miksi tai rikollisiksi tai jotka loukkaavat tai muutoin rikkovat kolmansien osapuolten oikeuksia tai puoltavat niiden loukkaamista tai muuta rikkomista.<\/p>\n\n\n\n<p><strong>Oikeuksien varaaminen<\/strong><\/p>\n\n\n\n<p>Pid\u00e4t\u00e4mme oikeuden pyyt\u00e4\u00e4 sinua poistamaan kaikki linkit tai mink\u00e4 tahansa tietyn linkin verkkosivustollemme. Suostut poistamaan v\u00e4litt\u00f6m\u00e4sti kaikki linkit verkkosivustollemme pyynn\u00f6st\u00e4. Pid\u00e4t\u00e4mme my\u00f6s oikeuden muuttaa n\u00e4it\u00e4 ehtoja ja sen linkitysk\u00e4yt\u00e4nt\u00f6\u00e4 milloin tahansa. Linkitt\u00e4m\u00e4ll\u00e4 jatkuvasti verkkosivustollemme suostut noudattamaan n\u00e4it\u00e4 linkitysehtoja ja sitoudut noudattamaan niit\u00e4.<\/p>\n\n\n\n<p><strong>Linkkien poistaminen verkkosivustoltamme<\/strong><\/p>\n\n\n\n<p>Jos l\u00f6yd\u00e4t verkkosivustollamme linkin, joka on jostain syyst\u00e4 loukkaava, voit vapaasti ottaa yhteytt\u00e4 ja ilmoittaa meille milloin tahansa. Harkitsemme pyynt\u00f6j\u00e4 linkkien poistamiseksi, mutta emme ole velvollisia poistamaan niit\u00e4 tai vastaamaan sinulle suoraan.<\/p>\n\n\n\n<p>Emme takaa, ett\u00e4 t\u00e4ll\u00e4 verkkosivustolla olevat tiedot ovat oikeita, emmek\u00e4 takaa niiden t\u00e4ydellisyytt\u00e4 tai tarkkuutta, emmek\u00e4 lupaa varmistaa, ett\u00e4 verkkosivusto pysyy saatavilla tai ett\u00e4 verkkosivustolla oleva materiaali pidet\u00e4\u00e4n ajan tasalla.<\/p>\n\n\n\n<p><strong>Vastuuvapauslauseke<\/strong><br>Sovellettavan lain sallimissa rajoissa suljemme pois kaikki verkkosivustoomme ja sen k\u00e4ytt\u00f6\u00f6n liittyv\u00e4t vakuutukset, takuut ja ehdot. Mik\u00e4\u00e4n t\u00e4ss\u00e4 vastuuvapauslausekkeessa ei:<\/p>\n\n\n\n<p>rajoittaa tai sulkea pois meid\u00e4n tai teid\u00e4n vastuunne kuolemasta tai henkil\u00f6vahingosta;<br>rajoittaa tai sulkea pois meid\u00e4n tai teid\u00e4n vastuunne petoksesta tai vilpillisest\u00e4 harhaanjohtamisesta;<br>rajoittaa meid\u00e4n tai sinun vastuitasi mill\u00e4\u00e4n tavalla, joka ei ole sovellettavan lain mukaan sallittua; tai<br>sulkea pois meid\u00e4n tai teid\u00e4n vastuumme, joita ei voida sulkea pois sovellettavan lain nojalla.<br>T\u00e4ss\u00e4 kohdassa ja muualla t\u00e4ss\u00e4 vastuuvapauslausekkeessa esitetyt vastuunrajoitukset ja -kiellot: (a) ovat edellisen kohdan alaisia; ja (b) koskevat kaikkia vastuita, jotka johtuvat vastuuvapauslausekkeesta, mukaan lukien sopimuksesta, vahingonkorvausvelvollisuudesta ja lakis\u00e4\u00e4teisen velvollisuuden rikkomisesta johtuvat vastuut.<br>Niin kauan kuin verkkosivusto ja sen sis\u00e4lt\u00e4m\u00e4t tiedot ja palvelut ovat maksuttomia, emme ole vastuussa mist\u00e4\u00e4n menetyksest\u00e4 tai vahingosta.<\/p>\n\n\n\n<p><strong>Kuluttajariitojen ratkaiseminen tuomioistuinten ulkopuolella<\/strong><\/p>\n\n\n\n<p>MARCELINO d.o.o. -yritys ei tunnusta oikeudellisten normien mukaisesti ket\u00e4\u00e4n kuluttajariitojen tuomioistuinten ulkopuolisen sovittelun toteuttajaa vastuulliseksi ratkaisemaan kuluttajariitoja, jotka kuluttaja saattaa k\u00e4ynnist\u00e4\u00e4 kuluttajariitojen tuomioistuinten ulkopuolista sovittelua koskevan lain mukaisesti. Yritys MARCELINO d.o.o. tavaroiden ja palvelujen tarjoajana julkaisee verkkosivustollaan s\u00e4hk\u00f6isen linkin kuluttajille tarkoitettuun verkkov\u00e4litteiseen riidanratkaisufoorumiin (ODRP). Foorumi on kuluttajien saatavilla s\u00e4hk\u00f6isen linkin kautta http:\/\/ec.europa.eu\/odr. Edell\u00e4 mainittu asetus perustuu kuluttajariitojen tuomioistuinten ulkopuolisesta riitojenratkaisusta annettuun lakiin, kuluttajariitojen verkkov\u00e4litteisest\u00e4 riitojenratkaisusta ja asetuksen (EY) N:o 2016\/2004 muuttamisesta annettuun Euroopan parlamentin ja neuvoston asetukseen (EU) N:o 524\/2013 ja direktiiviin<\/p>","protected":false},"excerpt":{"rendered":"<p>K\u00e4ytt\u00f6ehdot Tervetuloa osoitteeseen https:\/\/cover-flip.com\/! N\u00e4iss\u00e4 ehdoissa esitet\u00e4\u00e4n MARCELINO d.o.o.:n k\u00e4ytt\u00f6\u00e4 koskevat s\u00e4\u00e4nn\u00f6t ja m\u00e4\u00e4r\u00e4ykset. Verkkosivustoa, joka sijaitsee osoitteessa https:\/\/cover-flip.com\/. K\u00e4ytt\u00e4m\u00e4ll\u00e4 t\u00e4t\u00e4 verkkosivustoa oletamme, ett\u00e4 hyv\u00e4ksyt n\u00e4m\u00e4 ehdot. \u00c4l\u00e4 jatka https:\/\/cover-flip.com\/ k\u00e4ytt\u00f6\u00e4, jos et hyv\u00e4ksy kaikkia [...]<\/p>","protected":false},"author":2,"featured_media":0,"parent":0,"menu_order":0,"comment_status":"closed","ping_status":"open","template":"","meta":{"inline_featured_image":false,"ocean_post_layout":"","ocean_both_sidebars_style":"","ocean_both_sidebars_content_width":0,"ocean_both_sidebars_sidebars_width":0,"ocean_sidebar":"0","ocean_second_sidebar":"0","ocean_disable_margins":"enable","ocean_add_body_class":"","ocean_shortcode_before_top_bar":"","ocean_shortcode_after_top_bar":"","ocean_shortcode_before_header":"","ocean_shortcode_after_header":"","ocean_has_shortcode":"","ocean_shortcode_after_title":"","ocean_shortcode_before_footer_widgets":"","ocean_shortcode_after_footer_widgets":"","ocean_shortcode_before_footer_bottom":"","ocean_shortcode_after_footer_bottom":"","ocean_display_top_bar":"default","ocean_display_header":"default","ocean_header_style":"","ocean_center_header_left_menu":"0","ocean_custom_header_template":"0","ocean_custom_logo":0,"ocean_custom_retina_logo":0,"ocean_custom_logo_max_width":0,"ocean_custom_logo_tablet_max_width":0,"ocean_custom_logo_mobile_max_width":0,"ocean_custom_logo_max_height":0,"ocean_custom_logo_tablet_max_height":0,"ocean_custom_logo_mobile_max_height":0,"ocean_header_custom_menu":"0","ocean_menu_typo_font_family":"0","ocean_menu_typo_font_subset":"","ocean_menu_typo_font_size":0,"ocean_menu_typo_font_size_tablet":0,"ocean_menu_typo_font_size_mobile":0,"ocean_menu_typo_font_size_unit":"px","ocean_menu_typo_font_weight":"","ocean_menu_typo_font_weight_tablet":"","ocean_menu_typo_font_weight_mobile":"","ocean_menu_typo_transform":"","ocean_menu_typo_transform_tablet":"","ocean_menu_typo_transform_mobile":"","ocean_menu_typo_line_height":0,"ocean_menu_typo_line_height_tablet":0,"ocean_menu_typo_line_height_mobile":0,"ocean_menu_typo_line_height_unit":"","ocean_menu_typo_spacing":0,"ocean_menu_typo_spacing_tablet":0,"ocean_menu_typo_spacing_mobile":0,"ocean_menu_typo_spacing_unit":"","ocean_menu_link_color":"","ocean_menu_link_color_hover":"","ocean_menu_link_color_active":"","ocean_menu_link_background":"","ocean_menu_link_hover_background":"","ocean_menu_link_active_background":"","ocean_menu_social_links_bg":"","ocean_menu_social_hover_links_bg":"","ocean_menu_social_links_color":"","ocean_menu_social_hover_links_color":"","ocean_disable_title":"on","ocean_disable_heading":"default","ocean_post_title":"","ocean_post_subheading":"","ocean_post_title_style":"","ocean_post_title_background_color":"","ocean_post_title_background":0,"ocean_post_title_bg_image_position":"","ocean_post_title_bg_image_attachment":"","ocean_post_title_bg_image_repeat":"","ocean_post_title_bg_image_size":"","ocean_post_title_height":0,"ocean_post_title_bg_overlay":0.5,"ocean_post_title_bg_overlay_color":"","ocean_disable_breadcrumbs":"off","ocean_breadcrumbs_color":"","ocean_breadcrumbs_separator_color":"","ocean_breadcrumbs_links_color":"","ocean_breadcrumbs_links_hover_color":"","ocean_display_footer_widgets":"default","ocean_display_footer_bottom":"default","ocean_custom_footer_template":"0","footnotes":""},"aioseo_notices":[],"_links":{"self":[{"href":"https:\/\/cover-flip.com\/fi\/wp-json\/wp\/v2\/pages\/985"}],"collection":[{"href":"https:\/\/cover-flip.com\/fi\/wp-json\/wp\/v2\/pages"}],"about":[{"href":"https:\/\/cover-flip.com\/fi\/wp-json\/wp\/v2\/types\/page"}],"author":[{"embeddable":true,"href":"https:\/\/cover-flip.com\/fi\/wp-json\/wp\/v2\/users\/2"}],"replies":[{"embeddable":true,"href":"https:\/\/cover-flip.com\/fi\/wp-json\/wp\/v2\/comments?post=985"}],"version-history":[{"count":2,"href":"https:\/\/cover-flip.com\/fi\/wp-json\/wp\/v2\/pages\/985\/revisions"}],"predecessor-version":[{"id":1273,"href":"https:\/\/cover-flip.com\/fi\/wp-json\/wp\/v2\/pages\/985\/revisions\/1273"}],"wp:attachment":[{"href":"https:\/\/cover-flip.com\/fi\/wp-json\/wp\/v2\/media?parent=985"}],"curies":[{"name":"wp","href":"https:\/\/api.w.org\/{rel}","templated":true}]}}