{"id":992,"date":"2022-09-01T07:59:48","date_gmt":"2022-09-01T07:59:48","guid":{"rendered":"https:\/\/cover-flip.com\/?page_id=992"},"modified":"2022-09-02T08:43:28","modified_gmt":"2022-09-02T08:43:28","slug":"cookie-policy","status":"publish","type":"page","link":"https:\/\/cover-flip.com\/et\/cookie-policy\/","title":{"rendered":"K\u00fcpsiste poliitika"},"content":{"rendered":"<h2 class=\"wp-block-heading\">K\u00fcpsiste poliitika<\/h2>\n\n\n\n<p>Veebisait kasutab k\u00fcpsiseid. Kui k\u00fclastate veebilehte https:\/\/cover-flip.com\/, siis olete n\u00f5ustunud k\u00fcpsiste kasutamisega kokkuleppel ettev\u00f5ttega.<br>MARCELINO d.o.o., Kranj\u010deva ulica 4, Celje, 3000 Celje ja veebisaidil olev privaatsuspoliitika. Enamik interaktiivseid veebisaite kasutab k\u00fcpsiseid, mis v\u00f5imaldavad meil iga k\u00fclastuse puhul kasutaja andmeid k\u00e4tte saada. Me kasutame oma veebisaidil k\u00fcpsiseid, et v\u00f5imaldada teatud valdkondade funktsionaalsust ja h\u00f5lbustada k\u00fclastajate jaoks meie veebisaidi k\u00fclastamist. M\u00f5ned meie partnerid \/ reklaamipartnerid v\u00f5ivad samuti kasutada kolmanda osapoole k\u00fcpsiseid.<\/p>\n\n\n\n<p>Veebisait https:\/\/cover-flip.com\/ kasutab j\u00e4rgmisi k\u00fcpsiseid:<\/p>\n\n\n\n<p>Kohustuslikud k\u00fcpsised<\/p>\n\n\n\n<figure class=\"wp-block-table\"><table><tbody><tr><td>Nimi<\/td><td>Kestus<\/td><td>Eesm\u00e4rk<\/td><\/tr><tr><td>__cfduid<\/td><td>4 n\u00e4dalat<\/td><td>CloudFlare seab k\u00fcpsise. K\u00fcpsist kasutatakse sama IP-aadressi kasutavate \u00fcksikute kasutajate tuvastamiseks ja iga kliendi turvas\u00e4tete kohaldamiseks. See ei vasta veebirakenduse kasutajatunnustele ja ei salvesta mingeid isikuandmeid.<\/td><\/tr><\/tbody><\/table><\/figure>\n\n\n\n<figure class=\"wp-block-table\"><table><tbody><tr><td>Nimi<\/td><td>Kestus<\/td><td>Eesm\u00e4rk<\/td><\/tr><tr><td>NID<\/td><td>6 kuud<\/td><td>Seda k\u00fcpsist kasutatakse kasutaja huvidest l\u00e4htuva profiili koostamiseks ja kasutajatele kohandatud reklaamide n\u00e4itamiseks.<\/td><\/tr><\/tbody><\/table><\/figure>","protected":false},"excerpt":{"rendered":"<p>K\u00fcpsiste poliitika Veebileht kasutab k\u00fcpsiseid. Saates veebilehele https:\/\/cover-flip.com\/, olete n\u00f5ustunud k\u00fcpsiste kasutamisega koosk\u00f5las ettev\u00f5tte MARCELINO d.o.o., Kranj\u010deva ulica 4, Celje, 3000 Celje ja veebilehel oleva privaatsuspoliitikaga. Enamik interaktiivseid veebisaite kasutab k\u00fcpsiseid, mis v\u00f5imaldavad meil iga k\u00fclastuse puhul kasutaja andmeid v\u00e4lja otsida. Me kasutame k\u00fcpsiseid [...]<\/p>","protected":false},"author":2,"featured_media":0,"parent":0,"menu_order":0,"comment_status":"closed","ping_status":"open","template":"","meta":{"inline_featured_image":false,"ocean_post_layout":"","ocean_both_sidebars_style":"","ocean_both_sidebars_content_width":0,"ocean_both_sidebars_sidebars_width":0,"ocean_sidebar":"0","ocean_second_sidebar":"0","ocean_disable_margins":"enable","ocean_add_body_class":"","ocean_shortcode_before_top_bar":"","ocean_shortcode_after_top_bar":"","ocean_shortcode_before_header":"","ocean_shortcode_after_header":"","ocean_has_shortcode":"","ocean_shortcode_after_title":"","ocean_shortcode_before_footer_widgets":"","ocean_shortcode_after_footer_widgets":"","ocean_shortcode_before_footer_bottom":"","ocean_shortcode_after_footer_bottom":"","ocean_display_top_bar":"default","ocean_display_header":"default","ocean_header_style":"","ocean_center_header_left_menu":"0","ocean_custom_header_template":"0","ocean_custom_logo":0,"ocean_custom_retina_logo":0,"ocean_custom_logo_max_width":0,"ocean_custom_logo_tablet_max_width":0,"ocean_custom_logo_mobile_max_width":0,"ocean_custom_logo_max_height":0,"ocean_custom_logo_tablet_max_height":0,"ocean_custom_logo_mobile_max_height":0,"ocean_header_custom_menu":"0","ocean_menu_typo_font_family":"0","ocean_menu_typo_font_subset":"","ocean_menu_typo_font_size":0,"ocean_menu_typo_font_size_tablet":0,"ocean_menu_typo_font_size_mobile":0,"ocean_menu_typo_font_size_unit":"px","ocean_menu_typo_font_weight":"","ocean_menu_typo_font_weight_tablet":"","ocean_menu_typo_font_weight_mobile":"","ocean_menu_typo_transform":"","ocean_menu_typo_transform_tablet":"","ocean_menu_typo_transform_mobile":"","ocean_menu_typo_line_height":0,"ocean_menu_typo_line_height_tablet":0,"ocean_menu_typo_line_height_mobile":0,"ocean_menu_typo_line_height_unit":"","ocean_menu_typo_spacing":0,"ocean_menu_typo_spacing_tablet":0,"ocean_menu_typo_spacing_mobile":0,"ocean_menu_typo_spacing_unit":"","ocean_menu_link_color":"","ocean_menu_link_color_hover":"","ocean_menu_link_color_active":"","ocean_menu_link_background":"","ocean_menu_link_hover_background":"","ocean_menu_link_active_background":"","ocean_menu_social_links_bg":"","ocean_menu_social_hover_links_bg":"","ocean_menu_social_links_color":"","ocean_menu_social_hover_links_color":"","ocean_disable_title":"on","ocean_disable_heading":"default","ocean_post_title":"","ocean_post_subheading":"","ocean_post_title_style":"","ocean_post_title_background_color":"","ocean_post_title_background":0,"ocean_post_title_bg_image_position":"","ocean_post_title_bg_image_attachment":"","ocean_post_title_bg_image_repeat":"","ocean_post_title_bg_image_size":"","ocean_post_title_height":0,"ocean_post_title_bg_overlay":0.5,"ocean_post_title_bg_overlay_color":"","ocean_disable_breadcrumbs":"off","ocean_breadcrumbs_color":"","ocean_breadcrumbs_separator_color":"","ocean_breadcrumbs_links_color":"","ocean_breadcrumbs_links_hover_color":"","ocean_display_footer_widgets":"default","ocean_display_footer_bottom":"default","ocean_custom_footer_template":"0","footnotes":""},"aioseo_notices":[],"_links":{"self":[{"href":"https:\/\/cover-flip.com\/et\/wp-json\/wp\/v2\/pages\/992"}],"collection":[{"href":"https:\/\/cover-flip.com\/et\/wp-json\/wp\/v2\/pages"}],"about":[{"href":"https:\/\/cover-flip.com\/et\/wp-json\/wp\/v2\/types\/page"}],"author":[{"embeddable":true,"href":"https:\/\/cover-flip.com\/et\/wp-json\/wp\/v2\/users\/2"}],"replies":[{"embeddable":true,"href":"https:\/\/cover-flip.com\/et\/wp-json\/wp\/v2\/comments?post=992"}],"version-history":[{"count":2,"href":"https:\/\/cover-flip.com\/et\/wp-json\/wp\/v2\/pages\/992\/revisions"}],"predecessor-version":[{"id":1272,"href":"https:\/\/cover-flip.com\/et\/wp-json\/wp\/v2\/pages\/992\/revisions\/1272"}],"wp:attachment":[{"href":"https:\/\/cover-flip.com\/et\/wp-json\/wp\/v2\/media?parent=992"}],"curies":[{"name":"wp","href":"https:\/\/api.w.org\/{rel}","templated":true}]}}