{"id":985,"date":"2022-09-01T07:49:33","date_gmt":"2022-09-01T07:49:33","guid":{"rendered":"https:\/\/cover-flip.com\/?page_id=985"},"modified":"2022-09-02T08:43:49","modified_gmt":"2022-09-02T08:43:49","slug":"terms-and-conditions","status":"publish","type":"page","link":"https:\/\/cover-flip.com\/et\/terms-and-conditions\/","title":{"rendered":"Tingimused"},"content":{"rendered":"<h2 class=\"wp-block-heading\">Tingimused<\/h2>\n\n\n\n<p><strong>Tere tulemast aadressile https:\/\/cover-flip.com\/!<\/strong><\/p>\n\n\n\n<p>K\u00e4esolevad tingimused kirjeldavad MARCELINO d.o.o. kasutamise eeskirju ja eeskirju.<\/p>\n\n\n\n<p>Veebileht, mis asub aadressil&nbsp;<strong>https:\/\/cover-flip.com\/.<\/strong><\/p>\n\n\n\n<p>Selle veebisaidi k\u00fclastamisega eeldame, et n\u00f5ustute nende tingimustega. \u00c4rge j\u00e4tkake kasutamist&nbsp;<strong>https:\/\/cover-flip.com\/<\/strong>&nbsp;kui te ei n\u00f5ustu v\u00f5tma k\u00f5iki sellel lehek\u00fcljel esitatud tingimusi.<\/p>\n\n\n\n<p>J\u00e4rgnev terminoloogia kehtib k\u00e4esolevate tingimuste, privaatsusavalduse ja loobumise teatise ning k\u00f5igi lepingute kohta: \"Klient\", \"teie\" ja \"teie\" viitab teile, isikule, kes on logitud sellele veebisaidile ja j\u00e4rgib ettev\u00f5tte tingimusi. \"Ettev\u00f5te\", \"Meie\", \"Meie\", \"Meie\" ja \"Me\" viitab meie ettev\u00f5ttele. \"Pool\", \"Pooled\" v\u00f5i \"Meie\", viitab nii Kliendile kui ka meile. K\u00f5ik terminid viitavad pakkumisele, vastuv\u00f5tmisele ja tasumise arvestamisele, mis on vajalik selleks, et viia l\u00e4bi meie abi kliendile k\u00f5ige asjakohasemal viisil, et t\u00e4ita kliendi vajadusi seoses ettev\u00f5tte poolt osutatud teenuste osutamisega, koosk\u00f5las ja vastavalt Sloveenia kehtivatele \u00f5igusaktidele. Eespool nimetatud terminoloogia v\u00f5i muude s\u00f5nade kasutamine ainsuses, mitmuses, suurt\u00e4htedega ja\/v\u00f5i ta\/seda v\u00f5i nad, on k\u00e4sitletav vahetatavana ja seega viidates samale.<\/p>\n\n\n\n<p><strong>K\u00fcpsised<\/strong><\/p>\n\n\n\n<p>Me kasutame k\u00fcpsiseid. Juurdep\u00e4\u00e4suga&nbsp;<strong>https:\/\/cover-flip.com\/<\/strong>n\u00f5ustute k\u00fcpsiste kasutamisega koosk\u00f5las MARCELINO d.o.o. privaatsuspoliitikaga.<\/p>\n\n\n\n<p>Enamik interaktiivseid veebisaite kasutab k\u00fcpsiseid, mis v\u00f5imaldavad meil iga k\u00fclastuse puhul kasutaja andmeid k\u00e4tte saada. Meie veebisait kasutab k\u00fcpsiseid, et v\u00f5imaldada teatud valdkondade funktsionaalsust, et h\u00f5lbustada meie veebisaidi k\u00fclastavate inimeste t\u00f6\u00f6d. M\u00f5ned meie partnerid\/reklaamipartnerid v\u00f5ivad samuti kasutada k\u00fcpsiseid.<\/p>\n\n\n\n<p><strong>Litsents<\/strong><\/p>\n\n\n\n<p>Kui ei ole m\u00e4rgitud teisiti, kuuluvad intellektuaalomandi \u00f5igused kogu https:\/\/cover-flip.com\/ lehel oleva materjali osas MARCELINO d.o.o. ja\/v\u00f5i tema litsentsiandjatele. K\u00f5ik intellektuaalomandi \u00f5igused on reserveeritud. Te v\u00f5ite kasutada seda veebilehte https:\/\/cover-flip.com\/. isiklikuks kasutamiseks vastavalt k\u00e4esolevates tingimustes s\u00e4testatud piirangutele.<\/p>\n\n\n\n<p><strong>Te ei tohi:<\/strong><\/p>\n\n\n\n<p>Avaldage uuesti materjalid aadressilt https:\/\/cover-flip.com\/.<br>M\u00fc\u00fca, rentida v\u00f5i all-litsentseerida materjali https:\/\/cover-flip.com\/.<br>reprodutseerida, paljundada v\u00f5i kopeerida materjali aadressilt https:\/\/cover-flip.com\/.<br>Jagage sisu \u00fcmber aadressilt https:\/\/cover-flip.com\/.<\/p>\n\n\n\n<p>K\u00e4esolev leping algab k\u00e4esoleva lepingu s\u00f5lmimise kuup\u00e4eval.<\/p>\n\n\n\n<p>Selle veebisaidi osad pakuvad kasutajatele v\u00f5imalust avaldada ja vahetada arvamusi ja teavet veebisaidi teatud valdkondades. MARCELINO d.o.o. ei filtreeri, redigeeri, avalda ega vaata kommentaare enne nende avaldamist veebilehel l\u00e4bi. Kommentaarid ei kajasta MARCELINO d.o.o., tema esindajate ja\/v\u00f5i sidusettev\u00f5tete seisukohti ja arvamusi. Kommentaarid kajastavad nende arvamusi ja seisukohti avaldanud isiku seisukohti ja arvamusi. MARCELINO d.o.o. ei vastuta kohaldatavate seadustega lubatud ulatuses kommentaaride eest ega mis tahes vastutuse, kahju v\u00f5i kulude eest, mis on p\u00f5hjustatud ja\/v\u00f5i kantud kommentaaride kasutamise ja\/v\u00f5i avaldamise ja\/v\u00f5i sellel veebisaidil esinemise tagaj\u00e4rjel.<\/p>\n\n\n\n<p>MARCELINO d.o.o. j\u00e4tab endale \u00f5iguse j\u00e4lgida k\u00f5iki kommentaare ja eemaldada k\u00f5ik kommentaarid, mida v\u00f5ib pidada ebasobivaks, solvavaks v\u00f5i mis rikuvad neid tingimusi.<\/p>\n\n\n\n<p><strong>Te garanteerite ja kinnitate, et:<\/strong><\/p>\n\n\n\n<p>Teil on \u00f5igus avaldada kommentaare meie veebisaidil ja teil on selleks k\u00f5ik vajalikud litsentsid ja n\u00f5usolekud;<br>Kommentaarid ei riku \u00fchtegi intellektuaalomandi \u00f5igust, sealhulgas, kuid mitte ainult, kolmandate isikute autori\u00f5igusi, patente v\u00f5i kaubam\u00e4rke;<br>Kommentaarid ei sisalda laimavat, laimavat, solvavat, ebas\u00fcndsat v\u00f5i muul viisil ebaseaduslikku materjali, mis on eraelu puutumatuse rikkumine.<br>Kommentaarid ei kasutata \u00e4ritegevuse v\u00f5i tavade taotlemiseks v\u00f5i edendamiseks ega \u00e4ritegevuse v\u00f5i ebaseadusliku tegevuse tutvustamiseks.<\/p>\n\n\n\n<p>K\u00e4esolevaga annate MARCELINO d.o.o.'le mitteeksklusiivse litsentsi kasutada, reprodutseerida, muuta ja lubada teistel kasutada, reprodutseerida ja muuta teie kommentaare mis tahes vormis, formaadis v\u00f5i meedias.<\/p>\n\n\n\n<p><strong>H\u00fcperlinkid meie sisule<\/strong><\/p>\n\n\n\n<p>J\u00e4rgmised organisatsioonid v\u00f5ivad meie veebisaidile linkida ilma eelneva kirjaliku n\u00f5usolekuta:<\/p>\n\n\n\n<p>Valitsusasutused;<br>Otsingumootorid;<br>Uudisteorganisatsioonid;<br>Veebikataloogide levitajad v\u00f5ivad linkida meie veebisaidile samamoodi, nagu nad loovad h\u00fcperlingid teiste loetletud ettev\u00f5tete veebisaitidele; ja<br>S\u00fcsteemi lai akrediteeritud ettev\u00f5tted, v\u00e4lja arvatud mittetulundus\u00fchingud, heategevuslikud kaubanduskeskused ja heategevusgrupid, mis ei tohi meie veebisaidile h\u00fcperlinki luua.<\/p>\n\n\n\n<p>Need organisatsioonid v\u00f5ivad linkida meie kodulehele, v\u00e4ljaannetele v\u00f5i muule veebisaidi teabele, kui link on olemas: (a) ei ole mingil viisil petlik; (b) ei viita ekslikult linkiva osapoole ja tema toodete ja\/v\u00f5i teenuste sponsorlusele, kinnitamisele v\u00f5i heakskiitmisele; ja (c) sobib linkiva osapoole veebilehe konteksti.<\/p>\n\n\n\n<p>Me v\u00f5ime kaaluda ja heaks kiita ka muud t\u00fc\u00fcpi organisatsioonide lingitaotlusi:<\/p>\n\n\n\n<p>\u00fcldtuntud tarbija- ja\/v\u00f5i \u00e4riteabeallikad;<br>comcommunity saidid;<br>\u00fchendused v\u00f5i muud heategevusorganisatsioone esindavad r\u00fchmad;<br>online kataloogi levitajad;<br>internetiportaalid;<br>raamatupidamis-, \u00f5igus- ja konsultatsioonifirmad ning<br>haridusasutused ja kutse\u00fchingud.<\/p>\n\n\n\n<p>Me kiidame nende organisatsioonide lingitaotlused heaks, kui me nii otsustame: (a) link ei lase meid v\u00f5i meie akrediteeritud ettev\u00f5tteid ebasoodsalt n\u00e4idata; (b) organisatsioonil ei ole meie juures negatiivseid andmeid; (c) h\u00fcperlingi n\u00e4htavusest saadav kasu meile kompenseerib MARCELINO d.o.o. puudumise; ja (d) link on \u00fcldise ressursiteabe kontekstis.<\/p>\n\n\n\n<p>Need organisatsioonid v\u00f5ivad meie kodulehele linkida, kui link on olemas: (a) ei ole mingil moel petlik; (b) ei viita ekslikult linkiva osapoole ja tema toodete v\u00f5i teenuste sponsorlusele, kinnitamisele v\u00f5i heakskiitmisele; ja (c) sobib linkiva osapoole veebilehe konteksti.<\/p>\n\n\n\n<p>Kui te olete \u00fcks eespool punktis 2 loetletud organisatsioonidest ja olete huvitatud meie veebisaidi linkimisest, peate meid sellest teavitama, saates e-kirja aadressil jurij.cvikl@marcelino.si. Palun lisage oma nimi, oma organisatsiooni nimi, kontaktandmed ning oma veebilehe URL, nimekiri URL-idest, kust te kavatsete meie veebilehele linkida, ja nimekiri meie veebilehe URL-idest, millele soovite linkida. Oodake vastust 2-3 n\u00e4dalat.<\/p>\n\n\n\n<p>Heakskiidetud organisatsioonid v\u00f5ivad meie veebisaidile h\u00fcperlingi luua j\u00e4rgmiselt:<\/p>\n\n\n\n<p>Meie \u00e4rinime kasutamine v\u00f5i<br>Kasutades \u00fchtset ressursilokatsiooni, millele on viidatud, v\u00f5i<br>Kasutades mis tahes muud meie veebisaidi kirjeldust, millele on lingitud, mis on m\u00f5ttekas linkiva osapoole saidi sisu kontekstis ja formaadis.<\/p>\n\n\n\n<p>MARCELINO d.o.o. logo v\u00f5i muu kujunduse kasutamine linkimiseks ei ole lubatud, kui puudub kaubam\u00e4rgi litsentsileping.<\/p>\n\n\n\n<p><strong>iFrames<\/strong><\/p>\n\n\n\n<p>Ilma eelneva n\u00f5usoleku ja kirjaliku loata ei tohi te luua meie veebilehtede \u00fcmber raame, mis muudavad kuidagi meie veebilehe visuaalset esitlust v\u00f5i v\u00e4limust.<\/p>\n\n\n\n<p><strong>Sisuline vastutus<\/strong><\/p>\n\n\n\n<p>Me ei vastuta mis tahes sisu eest, mis ilmub teie veebisaidil. Te n\u00f5ustute kaitsma ja kaitsma meid k\u00f5igi n\u00f5uete vastu, mis on t\u00f5usnud teie veebisaidil. Veebilehel ei tohi olla \u00fchtegi linki, mida v\u00f5ib t\u00f5lgendada kui laimavat, r\u00f5vedat v\u00f5i kuritegelikku v\u00f5i mis rikub, rikub muul viisil v\u00f5i propageerib kolmandate isikute \u00f5iguste rikkumist v\u00f5i muud rikkumist.<\/p>\n\n\n\n<p><strong>\u00d5iguste reserveerimine<\/strong><\/p>\n\n\n\n<p>Meil on \u00f5igus n\u00f5uda, et eemaldaksite k\u00f5ik lingid v\u00f5i m\u00f5ne konkreetse lingi meie veebisaidile. Te n\u00f5ustute n\u00f5udmise korral viivitamatult eemaldama k\u00f5ik lingid meie veebisaidile. Samuti j\u00e4tame endale \u00f5iguse igal ajal muuta neid tingimusi ja linkimise poliitikat. J\u00e4tkuvalt meie veebisaidile linkides n\u00f5ustute, et olete seotud ja j\u00e4rgite neid linkimistingimusi.<\/p>\n\n\n\n<p><strong>Linkide eemaldamine meie veebisaidilt<\/strong><\/p>\n\n\n\n<p>Kui leiate meie veebisaidil mis tahes p\u00f5hjusel solvava lingi, v\u00f5ite meiega igal hetkel \u00fchendust v\u00f5tta ja meid teavitada. Me kaalume taotlusi linkide eemaldamiseks, kuid me ei ole kohustatud seda tegema ega teile otse vastama.<\/p>\n\n\n\n<p>Me ei taga, et sellel veebisaidil olev teave on \u00f5ige, me ei garanteeri selle t\u00e4ielikkust v\u00f5i t\u00e4psust; samuti ei luba me tagada, et veebisait j\u00e4\u00e4b k\u00e4ttesaadavaks v\u00f5i et veebisaidil olev materjal on ajakohane.<\/p>\n\n\n\n<p><strong>Vastutusn\u00f5ue<\/strong><br>Kohaldatava \u00f5igusega lubatud ulatuses v\u00e4listame k\u00f5ik meie veebilehe ja selle kasutamisega seotud kinnitused, garantiid ja tingimused. Mitte miski selles vastutuse v\u00e4listamise avalduses ei ole:<\/p>\n\n\n\n<p>piirata v\u00f5i v\u00e4listada meie v\u00f5i teie vastutust surma v\u00f5i kehavigastuse eest;<br>piirata v\u00f5i v\u00e4listada meie v\u00f5i teie vastutust pettuse v\u00f5i petturliku v\u00e4\u00e4rkajastamise eest;<br>piirata meie v\u00f5i teie kohustusi mis tahes viisil, mis ei ole kohaldatava \u00f5iguse kohaselt lubatud; v\u00f5i<br>v\u00e4listada mis tahes meie v\u00f5i teie kohustusi, mida ei saa kehtiva \u00f5iguse alusel v\u00e4listada.<br>K\u00e4esolevas jaos ja mujal k\u00e4esolevas vastutuse v\u00e4listamise osas s\u00e4testatud vastutuse piirangud ja keelud: (a) kuuluvad eelneva l\u00f5ike kohaldamisalasse ja (b) reguleerivad k\u00f5iki vastutuse v\u00e4listamisest tulenevaid kohustusi, sealhulgas lepingust, delikti\u00f5igusest ja seadusj\u00e4rgsete kohustuste rikkumisest tulenevaid kohustusi.<br>Kuni veebileht ning veebilehel olev teave ja teenused on tasuta, ei vastuta me mis tahes liiki kahjude eest.<\/p>\n\n\n\n<p><strong>Tarbijavaidluste kohtuv\u00e4line lahendamine<\/strong><\/p>\n\n\n\n<p>Ettev\u00f5te MARCELINO d.o.o. ei tunnusta vastavalt \u00f5igusnormidele \u00fchtegi tarbijavaidluste kohtuv\u00e4lise lahendamise t\u00e4itjat, kes vastutaks tarbijavaidluste lahendamise eest, mille tarbija v\u00f5ib algatada vastavalt tarbijavaidluste kohtuv\u00e4lise lahendamise seadusele. Ettev\u00f5te MARCELINO d.o.o. kui kaupade ja teenuste pakkuja avaldab oma veebisaidil elektroonilise lingi tarbijate veebip\u00f5hisele vaidluste lahendamise platvormile (ODRP). Platvorm on tarbijatele k\u00e4ttesaadav elektroonilise lingi kaudu http:\/\/ec.europa.eu\/odr. Eespool nimetatud m\u00e4\u00e4rus p\u00f5hineb tarbijavaidluste kohtuv\u00e4lise lahendamise seadusel, Euroopa Parlamendi ja n\u00f5ukogu m\u00e4\u00e4rusel (EL) nr 524\/2013, mis k\u00e4sitleb tarbijavaidluste veebip\u00f5hist lahendamist ning millega muudetakse m\u00e4\u00e4rust (E\u00dc) nr 2016\/2004 ja direktiivi<\/p>","protected":false},"excerpt":{"rendered":"<p>Tingimused Tere tulemast veebilehele https:\/\/cover-flip.com\/! K\u00e4esolevad tingimused kirjeldavad MARCELINO d.o.o. kasutamise reegleid ja eeskirju. Veebileht, mis asub aadressil https:\/\/cover-flip.com\/. Veebilehe k\u00fclastamisega eeldame, et te n\u00f5ustute nende tingimustega. \u00c4rge j\u00e4tkake https:\/\/cover-flip.com\/ kasutamist, kui te ei n\u00f5ustu v\u00f5tma k\u00f5iki [...]<\/p>","protected":false},"author":2,"featured_media":0,"parent":0,"menu_order":0,"comment_status":"closed","ping_status":"open","template":"","meta":{"inline_featured_image":false,"ocean_post_layout":"","ocean_both_sidebars_style":"","ocean_both_sidebars_content_width":0,"ocean_both_sidebars_sidebars_width":0,"ocean_sidebar":"0","ocean_second_sidebar":"0","ocean_disable_margins":"enable","ocean_add_body_class":"","ocean_shortcode_before_top_bar":"","ocean_shortcode_after_top_bar":"","ocean_shortcode_before_header":"","ocean_shortcode_after_header":"","ocean_has_shortcode":"","ocean_shortcode_after_title":"","ocean_shortcode_before_footer_widgets":"","ocean_shortcode_after_footer_widgets":"","ocean_shortcode_before_footer_bottom":"","ocean_shortcode_after_footer_bottom":"","ocean_display_top_bar":"default","ocean_display_header":"default","ocean_header_style":"","ocean_center_header_left_menu":"0","ocean_custom_header_template":"0","ocean_custom_logo":0,"ocean_custom_retina_logo":0,"ocean_custom_logo_max_width":0,"ocean_custom_logo_tablet_max_width":0,"ocean_custom_logo_mobile_max_width":0,"ocean_custom_logo_max_height":0,"ocean_custom_logo_tablet_max_height":0,"ocean_custom_logo_mobile_max_height":0,"ocean_header_custom_menu":"0","ocean_menu_typo_font_family":"0","ocean_menu_typo_font_subset":"","ocean_menu_typo_font_size":0,"ocean_menu_typo_font_size_tablet":0,"ocean_menu_typo_font_size_mobile":0,"ocean_menu_typo_font_size_unit":"px","ocean_menu_typo_font_weight":"","ocean_menu_typo_font_weight_tablet":"","ocean_menu_typo_font_weight_mobile":"","ocean_menu_typo_transform":"","ocean_menu_typo_transform_tablet":"","ocean_menu_typo_transform_mobile":"","ocean_menu_typo_line_height":0,"ocean_menu_typo_line_height_tablet":0,"ocean_menu_typo_line_height_mobile":0,"ocean_menu_typo_line_height_unit":"","ocean_menu_typo_spacing":0,"ocean_menu_typo_spacing_tablet":0,"ocean_menu_typo_spacing_mobile":0,"ocean_menu_typo_spacing_unit":"","ocean_menu_link_color":"","ocean_menu_link_color_hover":"","ocean_menu_link_color_active":"","ocean_menu_link_background":"","ocean_menu_link_hover_background":"","ocean_menu_link_active_background":"","ocean_menu_social_links_bg":"","ocean_menu_social_hover_links_bg":"","ocean_menu_social_links_color":"","ocean_menu_social_hover_links_color":"","ocean_disable_title":"on","ocean_disable_heading":"default","ocean_post_title":"","ocean_post_subheading":"","ocean_post_title_style":"","ocean_post_title_background_color":"","ocean_post_title_background":0,"ocean_post_title_bg_image_position":"","ocean_post_title_bg_image_attachment":"","ocean_post_title_bg_image_repeat":"","ocean_post_title_bg_image_size":"","ocean_post_title_height":0,"ocean_post_title_bg_overlay":0.5,"ocean_post_title_bg_overlay_color":"","ocean_disable_breadcrumbs":"off","ocean_breadcrumbs_color":"","ocean_breadcrumbs_separator_color":"","ocean_breadcrumbs_links_color":"","ocean_breadcrumbs_links_hover_color":"","ocean_display_footer_widgets":"default","ocean_display_footer_bottom":"default","ocean_custom_footer_template":"0","footnotes":""},"aioseo_notices":[],"_links":{"self":[{"href":"https:\/\/cover-flip.com\/et\/wp-json\/wp\/v2\/pages\/985"}],"collection":[{"href":"https:\/\/cover-flip.com\/et\/wp-json\/wp\/v2\/pages"}],"about":[{"href":"https:\/\/cover-flip.com\/et\/wp-json\/wp\/v2\/types\/page"}],"author":[{"embeddable":true,"href":"https:\/\/cover-flip.com\/et\/wp-json\/wp\/v2\/users\/2"}],"replies":[{"embeddable":true,"href":"https:\/\/cover-flip.com\/et\/wp-json\/wp\/v2\/comments?post=985"}],"version-history":[{"count":2,"href":"https:\/\/cover-flip.com\/et\/wp-json\/wp\/v2\/pages\/985\/revisions"}],"predecessor-version":[{"id":1273,"href":"https:\/\/cover-flip.com\/et\/wp-json\/wp\/v2\/pages\/985\/revisions\/1273"}],"wp:attachment":[{"href":"https:\/\/cover-flip.com\/et\/wp-json\/wp\/v2\/media?parent=985"}],"curies":[{"name":"wp","href":"https:\/\/api.w.org\/{rel}","templated":true}]}}