{"id":990,"date":"2022-09-01T07:51:58","date_gmt":"2022-09-01T07:51:58","guid":{"rendered":"https:\/\/cover-flip.com\/?page_id=990"},"modified":"2022-09-06T07:07:06","modified_gmt":"2022-09-06T07:07:06","slug":"impressum","status":"publish","type":"page","link":"https:\/\/cover-flip.com\/es\/impressum\/","title":{"rendered":"Impressum"},"content":{"rendered":"<h2 class=\"wp-block-heading\">Impressum<\/h2>\n\n\n\n<p>Preparamos los sitios web nosotros mismos junto con el proveedor de servicios web.<\/p>\n\n\n\n<p>La finalidad de los sitios web<\/p>\n\n\n\n<p>Los datos del sitio web tienen car\u00e1cter de presentaci\u00f3n en el \u00e1mbito de la actividad b\u00e1sica para la que estamos registrados: la producci\u00f3n de muebles de construcci\u00f3n e interiores. Nos comprometemos a garantizar que la informaci\u00f3n del sitio web sea veraz, fiable y de calidad.<\/p>\n\n\n\n<p>No nos hacemos responsables de los errores tipogr\u00e1ficos, nos reservamos el derecho de cambiar el contenido en cualquier momento y sin previo aviso, si no est\u00e1 de acuerdo con nuestra pol\u00edtica de empresa.<\/p>\n\n\n\n<p>Derecho de uso<\/p>\n\n\n\n<p>El sitio web y todo su contenido est\u00e1n protegidos por derechos de propiedad industrial e intelectual. Cualquier informaci\u00f3n, texto, im\u00e1genes u otros elementos gr\u00e1ficos que se encuentren en este sitio web pueden ser utilizados exclusivamente para su uso personal y no comercial, y no pueden ser reproducidos, modificados, distribuidos, licenciados o editados en forma de publicaciones para cualquier otro fin que no sea el de su visualizaci\u00f3n, sin la previa autorizaci\u00f3n por escrito del Administrador.<\/p>\n\n\n\n<p>Asumir la responsabilidad<\/p>\n\n\n\n<p>Al dise\u00f1ar un sitio web, tratamos de garantizar la actualizaci\u00f3n y exactitud de los datos. No garantizamos su exactitud e integridad y no asumimos ninguna responsabilidad derivada de su uso. Todos los usuarios utilizan los contenidos publicados bajo su propia responsabilidad.<\/p>\n\n\n\n<p>Nos reservamos el derecho a modificar el contenido de nuestros sitios web en cualquier momento, de cualquier manera, por cualquier motivo y sin previo aviso.<\/p>\n\n\n\n<p>Implementaci\u00f3n tecnol\u00f3gica<\/p>\n\n\n\n<p>La implementaci\u00f3n tecnol\u00f3gica fue proporcionada por la empresa Marcelino doo en cooperaci\u00f3n con nuestra empresa.<\/p>\n\n\n\n<p>Nombre de la empresa<br>MARCELINO d.o.o.<\/p>\n\n\n\n<p>Direcci\u00f3n<br>Kranj\u010deva ulica 4, Celje, 3000,Celje, Slovenija<\/p>\n\n\n\n<p>Correo electr\u00f3nico: jurij.cvikl@marcelino.si<br>P\u00e1gina web: https:\/\/cover-flip.com\/<\/p>\n\n\n\n<p>Oficina: Slovenija<\/p>\n\n\n\n<p>N\u00famero de impuesto: SI76044157<br>Registro: 2276038000<\/p>","protected":false},"excerpt":{"rendered":"<p>Impressum Preparamos los sitios web nosotros mismos junto con el proveedor de servicios web. Finalidad de las p\u00e1ginas web Los datos de las p\u00e1ginas web tienen car\u00e1cter de presentaci\u00f3n en el \u00e1mbito de la actividad b\u00e1sica para la que estamos registrados: la producci\u00f3n de muebles de construcci\u00f3n e interiores. Nos comprometemos a garantizar que la informaci\u00f3n [...]<\/p>","protected":false},"author":2,"featured_media":0,"parent":0,"menu_order":0,"comment_status":"closed","ping_status":"open","template":"","meta":{"inline_featured_image":false,"ocean_post_layout":"","ocean_both_sidebars_style":"","ocean_both_sidebars_content_width":0,"ocean_both_sidebars_sidebars_width":0,"ocean_sidebar":"0","ocean_second_sidebar":"0","ocean_disable_margins":"enable","ocean_add_body_class":"","ocean_shortcode_before_top_bar":"","ocean_shortcode_after_top_bar":"","ocean_shortcode_before_header":"","ocean_shortcode_after_header":"","ocean_has_shortcode":"","ocean_shortcode_after_title":"","ocean_shortcode_before_footer_widgets":"","ocean_shortcode_after_footer_widgets":"","ocean_shortcode_before_footer_bottom":"","ocean_shortcode_after_footer_bottom":"","ocean_display_top_bar":"default","ocean_display_header":"default","ocean_header_style":"","ocean_center_header_left_menu":"0","ocean_custom_header_template":"0","ocean_custom_logo":0,"ocean_custom_retina_logo":0,"ocean_custom_logo_max_width":0,"ocean_custom_logo_tablet_max_width":0,"ocean_custom_logo_mobile_max_width":0,"ocean_custom_logo_max_height":0,"ocean_custom_logo_tablet_max_height":0,"ocean_custom_logo_mobile_max_height":0,"ocean_header_custom_menu":"0","ocean_menu_typo_font_family":"0","ocean_menu_typo_font_subset":"","ocean_menu_typo_font_size":0,"ocean_menu_typo_font_size_tablet":0,"ocean_menu_typo_font_size_mobile":0,"ocean_menu_typo_font_size_unit":"px","ocean_menu_typo_font_weight":"","ocean_menu_typo_font_weight_tablet":"","ocean_menu_typo_font_weight_mobile":"","ocean_menu_typo_transform":"","ocean_menu_typo_transform_tablet":"","ocean_menu_typo_transform_mobile":"","ocean_menu_typo_line_height":0,"ocean_menu_typo_line_height_tablet":0,"ocean_menu_typo_line_height_mobile":0,"ocean_menu_typo_line_height_unit":"","ocean_menu_typo_spacing":0,"ocean_menu_typo_spacing_tablet":0,"ocean_menu_typo_spacing_mobile":0,"ocean_menu_typo_spacing_unit":"","ocean_menu_link_color":"","ocean_menu_link_color_hover":"","ocean_menu_link_color_active":"","ocean_menu_link_background":"","ocean_menu_link_hover_background":"","ocean_menu_link_active_background":"","ocean_menu_social_links_bg":"","ocean_menu_social_hover_links_bg":"","ocean_menu_social_links_color":"","ocean_menu_social_hover_links_color":"","ocean_disable_title":"on","ocean_disable_heading":"default","ocean_post_title":"","ocean_post_subheading":"","ocean_post_title_style":"","ocean_post_title_background_color":"","ocean_post_title_background":0,"ocean_post_title_bg_image_position":"","ocean_post_title_bg_image_attachment":"","ocean_post_title_bg_image_repeat":"","ocean_post_title_bg_image_size":"","ocean_post_title_height":0,"ocean_post_title_bg_overlay":0.5,"ocean_post_title_bg_overlay_color":"","ocean_disable_breadcrumbs":"off","ocean_breadcrumbs_color":"","ocean_breadcrumbs_separator_color":"","ocean_breadcrumbs_links_color":"","ocean_breadcrumbs_links_hover_color":"","ocean_display_footer_widgets":"default","ocean_display_footer_bottom":"default","ocean_custom_footer_template":"0","footnotes":""},"aioseo_notices":[],"_links":{"self":[{"href":"https:\/\/cover-flip.com\/es\/wp-json\/wp\/v2\/pages\/990"}],"collection":[{"href":"https:\/\/cover-flip.com\/es\/wp-json\/wp\/v2\/pages"}],"about":[{"href":"https:\/\/cover-flip.com\/es\/wp-json\/wp\/v2\/types\/page"}],"author":[{"embeddable":true,"href":"https:\/\/cover-flip.com\/es\/wp-json\/wp\/v2\/users\/2"}],"replies":[{"embeddable":true,"href":"https:\/\/cover-flip.com\/es\/wp-json\/wp\/v2\/comments?post=990"}],"version-history":[{"count":2,"href":"https:\/\/cover-flip.com\/es\/wp-json\/wp\/v2\/pages\/990\/revisions"}],"predecessor-version":[{"id":1274,"href":"https:\/\/cover-flip.com\/es\/wp-json\/wp\/v2\/pages\/990\/revisions\/1274"}],"wp:attachment":[{"href":"https:\/\/cover-flip.com\/es\/wp-json\/wp\/v2\/media?parent=990"}],"curies":[{"name":"wp","href":"https:\/\/api.w.org\/{rel}","templated":true}]}}