{"id":990,"date":"2022-09-01T07:51:58","date_gmt":"2022-09-01T07:51:58","guid":{"rendered":"https:\/\/cover-flip.com\/?page_id=990"},"modified":"2022-09-06T07:07:06","modified_gmt":"2022-09-06T07:07:06","slug":"impressum","status":"publish","type":"page","link":"https:\/\/cover-flip.com\/da\/impressum\/","title":{"rendered":"Impressum"},"content":{"rendered":"<h2 class=\"wp-block-heading\">Impressum<\/h2>\n\n\n\n<p>Vi udarbejdede selv hjemmesiderne sammen med webserviceudbyderen.<\/p>\n\n\n\n<p>Form\u00e5let med hjemmesider<\/p>\n\n\n\n<p>Dataene p\u00e5 hjemmesiden er af pr\u00e6sentationskarakter inden for den grundl\u00e6ggende aktivitet, som vi er registreret for - produktion af bygnings- og interi\u00f8rm\u00f8bler. Vi forpligter os til at sikre, at oplysningerne p\u00e5 hjemmesiden er sande, p\u00e5lidelige og af god kvalitet.<\/p>\n\n\n\n<p>Vi er ikke ansvarlige for eventuelle typografiske fejl, og vi forbeholder os ret til at \u00e6ndre indholdet til enhver tid og uden forudg\u00e5ende varsel, hvis det ikke er i overensstemmelse med vores virksomhedspolitik.<\/p>\n\n\n\n<p>Ret til brug<\/p>\n\n\n\n<p>Hjemmesiden og alt dens indhold er beskyttet af industrielle og intellektuelle ejendomsrettigheder. Alle oplysninger, tekster, billeder eller andre grafiske elementer, der findes p\u00e5 denne hjemmeside, m\u00e5 udelukkende bruges til personlig, ikke-kommerciel brug og m\u00e5 ikke, hverken helt eller delvist, reproduceres, \u00e6ndres, distribueres, licenseres eller offentligg\u00f8res i form af publikationer til andre form\u00e5l end visning uden forudg\u00e5ende skriftlig tilladelse fra administratoren.<\/p>\n\n\n\n<p>At tage ansvar<\/p>\n\n\n\n<p>N\u00e5r vi designer en hjemmeside, fors\u00f8ger vi at sikre, at dataene er opdaterede og n\u00f8jagtige. Vi garanterer ikke deres n\u00f8jagtighed og fuldst\u00e6ndighed og p\u00e5tager os intet ansvar i forbindelse med deres anvendelse. Alle brugere anvender det offentliggjorte indhold p\u00e5 egen risiko.<\/p>\n\n\n\n<p>Vi forbeholder os ret til at \u00e6ndre indholdet p\u00e5 vores hjemmesider til enhver tid, p\u00e5 enhver m\u00e5de, af enhver grund og uden forudg\u00e5ende varsel.<\/p>\n\n\n\n<p>Teknologisk implementering<\/p>\n\n\n\n<p>Den teknologiske implementering blev leveret af virksomheden Marcelino doo i samarbejde med vores virksomhed.<\/p>\n\n\n\n<p>Virksomhedens navn<br>MARCELINO d.o.o.<\/p>\n\n\n\n<p>Adresse<br>Kranj\u010deva ulica 4, Celje, 3000,Celje, Slovenija<\/p>\n\n\n\n<p>E-mail: jurij.cvikl@marcelino.si<br>Hjemmeside: https:\/\/cover-flip.com\/<\/p>\n\n\n\n<p>Kontor: Slovenija<\/p>\n\n\n\n<p>Skattenummer: SI76044157<br>Tilmelding: 2276038000<\/p>","protected":false},"excerpt":{"rendered":"<p>Impressum Vi har selv udarbejdet hjemmesiderne sammen med webserviceudbyderen. Hjemmesidernes form\u00e5l Dataene p\u00e5 hjemmesiden er af pr\u00e6sentationskarakter inden for den grundl\u00e6ggende aktivitet, som vi er registreret for - produktion af bygnings- og interi\u00f8rm\u00f8bler. Vi er forpligtet til at sikre, at oplysningerne p\u00e5 [...]<\/p>","protected":false},"author":2,"featured_media":0,"parent":0,"menu_order":0,"comment_status":"closed","ping_status":"open","template":"","meta":{"inline_featured_image":false,"ocean_post_layout":"","ocean_both_sidebars_style":"","ocean_both_sidebars_content_width":0,"ocean_both_sidebars_sidebars_width":0,"ocean_sidebar":"0","ocean_second_sidebar":"0","ocean_disable_margins":"enable","ocean_add_body_class":"","ocean_shortcode_before_top_bar":"","ocean_shortcode_after_top_bar":"","ocean_shortcode_before_header":"","ocean_shortcode_after_header":"","ocean_has_shortcode":"","ocean_shortcode_after_title":"","ocean_shortcode_before_footer_widgets":"","ocean_shortcode_after_footer_widgets":"","ocean_shortcode_before_footer_bottom":"","ocean_shortcode_after_footer_bottom":"","ocean_display_top_bar":"default","ocean_display_header":"default","ocean_header_style":"","ocean_center_header_left_menu":"0","ocean_custom_header_template":"0","ocean_custom_logo":0,"ocean_custom_retina_logo":0,"ocean_custom_logo_max_width":0,"ocean_custom_logo_tablet_max_width":0,"ocean_custom_logo_mobile_max_width":0,"ocean_custom_logo_max_height":0,"ocean_custom_logo_tablet_max_height":0,"ocean_custom_logo_mobile_max_height":0,"ocean_header_custom_menu":"0","ocean_menu_typo_font_family":"0","ocean_menu_typo_font_subset":"","ocean_menu_typo_font_size":0,"ocean_menu_typo_font_size_tablet":0,"ocean_menu_typo_font_size_mobile":0,"ocean_menu_typo_font_size_unit":"px","ocean_menu_typo_font_weight":"","ocean_menu_typo_font_weight_tablet":"","ocean_menu_typo_font_weight_mobile":"","ocean_menu_typo_transform":"","ocean_menu_typo_transform_tablet":"","ocean_menu_typo_transform_mobile":"","ocean_menu_typo_line_height":0,"ocean_menu_typo_line_height_tablet":0,"ocean_menu_typo_line_height_mobile":0,"ocean_menu_typo_line_height_unit":"","ocean_menu_typo_spacing":0,"ocean_menu_typo_spacing_tablet":0,"ocean_menu_typo_spacing_mobile":0,"ocean_menu_typo_spacing_unit":"","ocean_menu_link_color":"","ocean_menu_link_color_hover":"","ocean_menu_link_color_active":"","ocean_menu_link_background":"","ocean_menu_link_hover_background":"","ocean_menu_link_active_background":"","ocean_menu_social_links_bg":"","ocean_menu_social_hover_links_bg":"","ocean_menu_social_links_color":"","ocean_menu_social_hover_links_color":"","ocean_disable_title":"on","ocean_disable_heading":"default","ocean_post_title":"","ocean_post_subheading":"","ocean_post_title_style":"","ocean_post_title_background_color":"","ocean_post_title_background":0,"ocean_post_title_bg_image_position":"","ocean_post_title_bg_image_attachment":"","ocean_post_title_bg_image_repeat":"","ocean_post_title_bg_image_size":"","ocean_post_title_height":0,"ocean_post_title_bg_overlay":0.5,"ocean_post_title_bg_overlay_color":"","ocean_disable_breadcrumbs":"off","ocean_breadcrumbs_color":"","ocean_breadcrumbs_separator_color":"","ocean_breadcrumbs_links_color":"","ocean_breadcrumbs_links_hover_color":"","ocean_display_footer_widgets":"default","ocean_display_footer_bottom":"default","ocean_custom_footer_template":"0","footnotes":""},"aioseo_notices":[],"_links":{"self":[{"href":"https:\/\/cover-flip.com\/da\/wp-json\/wp\/v2\/pages\/990"}],"collection":[{"href":"https:\/\/cover-flip.com\/da\/wp-json\/wp\/v2\/pages"}],"about":[{"href":"https:\/\/cover-flip.com\/da\/wp-json\/wp\/v2\/types\/page"}],"author":[{"embeddable":true,"href":"https:\/\/cover-flip.com\/da\/wp-json\/wp\/v2\/users\/2"}],"replies":[{"embeddable":true,"href":"https:\/\/cover-flip.com\/da\/wp-json\/wp\/v2\/comments?post=990"}],"version-history":[{"count":2,"href":"https:\/\/cover-flip.com\/da\/wp-json\/wp\/v2\/pages\/990\/revisions"}],"predecessor-version":[{"id":1274,"href":"https:\/\/cover-flip.com\/da\/wp-json\/wp\/v2\/pages\/990\/revisions\/1274"}],"wp:attachment":[{"href":"https:\/\/cover-flip.com\/da\/wp-json\/wp\/v2\/media?parent=990"}],"curies":[{"name":"wp","href":"https:\/\/api.w.org\/{rel}","templated":true}]}}