{"id":985,"date":"2022-09-01T07:49:33","date_gmt":"2022-09-01T07:49:33","guid":{"rendered":"https:\/\/cover-flip.com\/?page_id=985"},"modified":"2022-09-02T08:43:49","modified_gmt":"2022-09-02T08:43:49","slug":"terms-and-conditions","status":"publish","type":"page","link":"https:\/\/cover-flip.com\/da\/terms-and-conditions\/","title":{"rendered":"Vilk\u00e5r og betingelser"},"content":{"rendered":"<h2 class=\"wp-block-heading\">Vilk\u00e5r og betingelser<\/h2>\n\n\n\n<p><strong>Velkommen til https:\/\/cover-flip.com\/!<\/strong><\/p>\n\n\n\n<p>Disse vilk\u00e5r og betingelser beskriver regler og bestemmelser for brug af MARCELINO d.o.o..<\/p>\n\n\n\n<p>Hjemmeside, som findes p\u00e5&nbsp;<strong>https:\/\/cover-flip.com\/.<\/strong><\/p>\n\n\n\n<p>Ved at tilg\u00e5 denne hjemmeside antager vi, at du accepterer disse vilk\u00e5r og betingelser. Forts\u00e6t ikke med at bruge&nbsp;<strong>https:\/\/cover-flip.com\/<\/strong>&nbsp;hvis du ikke accepterer alle de vilk\u00e5r og betingelser, der er angivet p\u00e5 denne side.<\/p>\n\n\n\n<p>F\u00f8lgende terminologi g\u00e6lder for disse vilk\u00e5r og betingelser, fortrolighedserkl\u00e6ring og meddelelse om ansvarsfraskrivelse og alle aftaler: \"Klient\", \"Du\" og \"Din\" henviser til dig, den person, der logger p\u00e5 denne hjemmeside og overholder virksomhedens vilk\u00e5r og betingelser. \"Virksomheden\", \"os selv\", \"vi\", \"vores\" og \"os\" henviser til vores virksomhed. \"Part\", \"Parter\" eller \"Os\" henviser til b\u00e5de kunden og os selv. Alle udtryk henviser til tilbud, accept og overvejelse af betaling, der er n\u00f8dvendig for at gennemf\u00f8re processen med vores assistance til klienten p\u00e5 den mest hensigtsm\u00e6ssige m\u00e5de med det udtrykkelige form\u00e5l at opfylde klientens behov med hensyn til levering af virksomhedens angivne tjenester i overensstemmelse med og underlagt g\u00e6ldende lov i Slovenien. Enhver brug af ovenst\u00e5ende terminologi eller andre ord i ental, flertal, store bogstaver og\/eller han\/hun eller de betragtes som udskiftelige og derfor som henvisende til det samme.<\/p>\n\n\n\n<p><strong>Sm\u00e5kager<\/strong><\/p>\n\n\n\n<p>Vi benytter os af cookies. Ved at tilg\u00e5&nbsp;<strong>https:\/\/cover-flip.com\/<\/strong>, accepterede du at bruge cookies i overensstemmelse med MARCELINO d.o.o.s privatlivspolitik.<\/p>\n\n\n\n<p>De fleste interaktive hjemmesider bruger cookies, s\u00e5 vi kan hente brugerens oplysninger ved hvert bes\u00f8g. Cookies bruges af vores hjemmeside til at aktivere funktionaliteten af visse omr\u00e5der for at g\u00f8re det lettere for folk, der bes\u00f8ger vores hjemmeside. Nogle af vores affilierede\/annonceringspartnere kan ogs\u00e5 bruge cookies.<\/p>\n\n\n\n<p><strong>Licens<\/strong><\/p>\n\n\n\n<p>Medmindre andet er angivet, ejer MARCELINO d.o.o. og\/eller dets licensgivere de intellektuelle ejendomsrettigheder til alt materiale p\u00e5 https:\/\/cover-flip.com\/. Alle intellektuelle ejendomsrettigheder er forbeholdt. Du kan f\u00e5 adgang til dette fra https:\/\/cover-flip.com\/. til din egen personlige brug underlagt de begr\u00e6nsninger, der er fastsat i disse vilk\u00e5r og betingelser.<\/p>\n\n\n\n<p><strong>Det m\u00e5 du ikke:<\/strong><\/p>\n\n\n\n<p>Genudgiv materiale fra https:\/\/cover-flip.com\/.<br>S\u00e6lge, udleje eller underlicensere materiale fra https:\/\/cover-flip.com\/.<br>Reproducere, duplikere eller kopiere materiale fra https:\/\/cover-flip.com\/.<br>Videredistribuere indhold fra https:\/\/cover-flip.com\/.<\/p>\n\n\n\n<p>Denne aftale tr\u00e6der i kraft p\u00e5 datoen herfor.<\/p>\n\n\n\n<p>Dele af dette websted giver brugerne mulighed for at sende og udveksle meninger og oplysninger p\u00e5 visse omr\u00e5der af webstedet. MARCELINO d.o.o. filtrerer, redigerer, offentligg\u00f8r eller gennemg\u00e5r ikke kommentarer f\u00f8r deres tilstedev\u00e6relse p\u00e5 hjemmesiden. Kommentarer afspejler ikke synspunkter og meninger fra MARCELINO d.o.o., dets agenter og\/eller tilknyttede selskaber. Kommentarer afspejler synspunkter og meninger fra den person, der sender deres synspunkter og meninger. I det omfang det er tilladt i henhold til g\u00e6ldende love, er MARCELINO d.o.o. ikke ansvarlig for kommentarerne eller for noget ansvar, skader eller udgifter for\u00e5rsaget og \/ eller lidt som f\u00f8lge af enhver brug af og \/ eller udstationering af og \/ eller udseende af kommentarerne p\u00e5 dette websted.<\/p>\n\n\n\n<p>MARCELINO d.o.o. forbeholder sig ret til at overv\u00e5ge alle kommentarer og til at fjerne kommentarer, der kan betragtes som upassende, st\u00f8dende eller for\u00e5rsager brud p\u00e5 disse vilk\u00e5r og betingelser.<\/p>\n\n\n\n<p><strong>Du garanterer og erkl\u00e6rer, at:<\/strong><\/p>\n\n\n\n<p>Du har ret til at poste kommentarerne p\u00e5 vores hjemmeside og har alle n\u00f8dvendige licenser og tilladelser til at g\u00f8re det;<br>Kommentarerne kr\u00e6nker ikke nogen intellektuel ejendomsret, herunder uden begr\u00e6nsning ophavsret, patent eller varem\u00e6rke tilh\u00f8rende nogen tredjepart;<br>Kommentarerne indeholder ikke \u00e6rekr\u00e6nkende, injurierende, st\u00f8dende, uanst\u00e6ndigt eller p\u00e5 anden m\u00e5de ulovligt materiale, som er en kr\u00e6nkelse af privatlivets fred.<br>Kommentarerne vil ikke blive brugt til at anmode om eller promovere forretning eller skik eller pr\u00e6sentere kommercielle aktiviteter eller ulovlig aktivitet.<\/p>\n\n\n\n<p>Du giver hermed MARCELINO d.o.o. en ikke-eksklusiv licens til at bruge, reproducere, redigere og autorisere andre til at bruge, reproducere og redigere enhver af dine kommentarer i enhver form, format eller medie.<\/p>\n\n\n\n<p><strong>Hyperlink til vores indhold<\/strong><\/p>\n\n\n\n<p>F\u00f8lgende organisationer kan linke til vores hjemmeside uden forudg\u00e5ende skriftlig godkendelse:<\/p>\n\n\n\n<p>Offentlige myndigheder;<br>S\u00f8gemaskiner;<br>Nyhedsorganisationer;<br>Online katalogdistribut\u00f8rer kan linke til vores hjemmeside p\u00e5 samme m\u00e5de, som de hyperlinker til hjemmesiderne for andre opf\u00f8rte virksomheder; og<br>Akkrediterede virksomheder i hele systemet, undtagen non-profit organisationer, velg\u00f8renhedsindk\u00f8bscentre og velg\u00f8renhedsindsamlingsgrupper, som ikke m\u00e5 hyperlinke til vores hjemmeside.<\/p>\n\n\n\n<p>Disse organisationer kan linke til vores hjemmeside, til publikationer eller til andre oplysninger p\u00e5 hjemmesiden, s\u00e5 l\u00e6nge linket: (a) ikke p\u00e5 nogen m\u00e5de er vildledende; (b) ikke fejlagtigt antyder sponsorering, st\u00f8tte eller godkendelse af den linkende part og dennes produkter og\/eller tjenester; og (c) passer ind i sammenh\u00e6ngen p\u00e5 den linkende parts side.<\/p>\n\n\n\n<p>Vi kan overveje og godkende andre anmodninger om links fra f\u00f8lgende typer af organisationer:<\/p>\n\n\n\n<p>almindeligt kendte forbruger- og\/eller forretningsinformationskilder;<br>comf\u00e6llesskabssider;<br>foreninger eller andre grupper, der repr\u00e6senterer velg\u00f8renhedsorganisationer;<br>distribut\u00f8rer af online kataloger;<br>internetportaler;<br>revisions-, advokat- og konsulentfirmaer; og<br>uddannelsesinstitutioner og brancheorganisationer.<\/p>\n\n\n\n<p>Vi vil godkende linkanmodninger fra disse organisationer, hvis vi beslutter, at: (a) linket ikke vil f\u00e5 os til at se d\u00e5rligt ud for os selv eller for vores akkrediterede virksomheder; (b) organisationen ikke har nogen negative optegnelser med os; (c) fordelen for os fra synligheden af hyperlinket kompenserer for frav\u00e6ret af MARCELINO d.o.o.; og (d) linket er i forbindelse med generel ressourceinformation.<\/p>\n\n\n\n<p>Disse organisationer kan linke til vores hjemmeside, s\u00e5 l\u00e6nge linket: (a) ikke p\u00e5 nogen m\u00e5de er vildledende; (b) ikke fejlagtigt antyder sponsorering, st\u00f8tte eller godkendelse af den linkende part og dennes produkter eller tjenester; og (c) passer ind i konteksten p\u00e5 den linkende parts side.<\/p>\n\n\n\n<p>Hvis du er en af de organisationer, der er anf\u00f8rt i punkt 2 ovenfor, og er interesseret i at linke til vores hjemmeside, skal du informere os ved at sende en e-mail til jurij.cvikl@marcelino.si. Medsend venligst dit navn, din organisations navn, kontaktoplysninger samt URL'en p\u00e5 dit websted, en liste over eventuelle URL'er, hvorfra du har til hensigt at linke til vores websted, og en liste over de URL'er p\u00e5 vores websted, som du gerne vil linke til. Vent 2-3 uger p\u00e5 et svar.<\/p>\n\n\n\n<p>Godkendte organisationer kan hyperlinke til vores hjemmeside som f\u00f8lger:<\/p>\n\n\n\n<p>Ved brug af vores firmanavn; eller<br>Ved brug af den ensartede ressourcelokator, der linkes til; eller<br>Ved brug af enhver anden beskrivelse af vores websted, der linkes til, som giver mening inden for konteksten og formatet af indholdet p\u00e5 den linkende parts websted.<\/p>\n\n\n\n<p>Ingen brug af MARCELINO d.o.o.'s logo eller andre illustrationer vil blive tilladt til linking uden en varem\u00e6rkelicensaftale.<\/p>\n\n\n\n<p><strong>iFrames<\/strong><\/p>\n\n\n\n<p>Uden forudg\u00e5ende godkendelse og skriftlig tilladelse m\u00e5 du ikke oprette rammer omkring vores websider, der p\u00e5 nogen m\u00e5de \u00e6ndrer den visuelle pr\u00e6sentation eller udseendet af vores websted.<\/p>\n\n\n\n<p><strong>Ansvar for indhold<\/strong><\/p>\n\n\n\n<p>Vi kan ikke holdes ansvarlige for noget indhold, der vises p\u00e5 din hjemmeside. Du accepterer at beskytte og forsvare os mod alle krav, der rejses p\u00e5 din hjemmeside. Der m\u00e5 ikke vises link(s) p\u00e5 nogen hjemmeside, der kan fortolkes som injurierende, uanst\u00e6ndig eller kriminel, eller som kr\u00e6nker, p\u00e5 anden m\u00e5de overtr\u00e6der, eller opfordrer til kr\u00e6nkelse eller anden overtr\u00e6delse af tredjeparts rettigheder.<\/p>\n\n\n\n<p><strong>Forbehold af rettigheder<\/strong><\/p>\n\n\n\n<p>Vi forbeholder os ret til at anmode dig om at fjerne alle links eller et bestemt link til vores hjemmeside. Du godkender straks at fjerne alle links til vores hjemmeside efter anmodning. Vi forbeholder os ogs\u00e5 ret til at \u00e6ndre disse vilk\u00e5r og betingelser og linkpolitikken til enhver tid. Ved l\u00f8bende at linke til vores hjemmeside accepterer du at v\u00e6re bundet af og f\u00f8lge disse vilk\u00e5r og betingelser for linking.<\/p>\n\n\n\n<p><strong>Fjernelse af links fra vores hjemmeside<\/strong><\/p>\n\n\n\n<p>Hvis du finder et link p\u00e5 vores hjemmeside, der af en eller anden grund er st\u00f8dende, er du velkommen til at kontakte og informere os n\u00e5r som helst. Vi vil overveje anmodninger om at fjerne links, men vi er ikke forpligtede til det eller til at svare dig direkte.<\/p>\n\n\n\n<p>Vi sikrer ikke, at oplysningerne p\u00e5 denne hjemmeside er korrekte, vi garanterer ikke for deres fuldst\u00e6ndighed eller n\u00f8jagtighed, og vi lover heller ikke at sikre, at hjemmesiden forbliver tilg\u00e6ngelig, eller at materialet p\u00e5 hjemmesiden holdes opdateret.<\/p>\n\n\n\n<p><strong>Ansvarsfraskrivelse<\/strong><br>I det omfang det er tilladt i henhold til g\u00e6ldende lov, udelukker vi alle erkl\u00e6ringer, garantier og betingelser i forbindelse med vores hjemmeside og brugen af denne hjemmeside. Intet i denne ansvarsfraskrivelse vil:<\/p>\n\n\n\n<p>begr\u00e6nse eller udelukke vores eller dit ansvar for d\u00f8d eller personskade;<br>begr\u00e6nse eller udelukke vores eller dit ansvar for bedrageri eller svigagtig vildledning;<br>begr\u00e6nse noget af vores eller dit ansvar p\u00e5 nogen m\u00e5de, der ikke er tilladt i henhold til g\u00e6ldende lovgivning; eller<br>udelukke nogen af vores eller dine forpligtelser, som ikke kan udelukkes i henhold til g\u00e6ldende lov.<br>De ansvarsbegr\u00e6nsninger og -forbud, der er angivet i dette afsnit og andre steder i denne ansvarsfraskrivelse: (a) er underlagt det foreg\u00e5ende afsnit; og (b) regulerer alle forpligtelser, der opst\u00e5r i henhold til ansvarsfraskrivelsen, herunder forpligtelser, der opst\u00e5r i kontrakt, i erstatning og for brud p\u00e5 lovbestemt pligt.<br>S\u00e5 l\u00e6nge hjemmesiden og oplysningerne og tjenesterne p\u00e5 hjemmesiden stilles gratis til r\u00e5dighed, er vi ikke ansvarlige for tab eller skader af nogen art.<\/p>\n\n\n\n<p><strong>Udenretslig l\u00f8sning af forbrugertvister<\/strong><\/p>\n\n\n\n<p>Virksomheden MARCELINO d.o.o. anerkender i overensstemmelse med juridiske standarder ikke nogen eksekut\u00f8r af udenretslig bil\u00e6ggelse af forbrugertvister som ansvarlig for at l\u00f8se forbrugertvister, som forbrugeren m\u00e5tte indlede i overensstemmelse med loven om udenretslig bil\u00e6ggelse af forbrugertvister. Virksomheden MARCELINO d.o.o., som udbyder af varer og tjenester, offentligg\u00f8r p\u00e5 sin hjemmeside et elektronisk link til online-tvistbil\u00e6ggelsesplatformen for forbrugere (ODRP). Platformen er tilg\u00e6ngelig for forbrugere via det elektroniske link http:\/\/ec.europa.eu\/odr. Ovenst\u00e5ende forordning er baseret p\u00e5 loven om udenretslig bil\u00e6ggelse af tvister p\u00e5 forbrugeromr\u00e5det, Europa-Parlamentets og R\u00e5dets forordning (EU) nr. 524\/2013 om onlinetvistbil\u00e6ggelse i forbindelse med tvister p\u00e5 forbrugeromr\u00e5det og om \u00e6ndring af forordning (EF) nr. 2016\/2004 og direktivet om forbrugerbeskyttelse.<\/p>","protected":false},"excerpt":{"rendered":"<p>Vilk\u00e5r og betingelser Velkommen til https:\/\/cover-flip.com\/! Disse vilk\u00e5r og betingelser skitserer regler og bestemmelser for brug af MARCELINO d.o.o.. Website, der er placeret p\u00e5 https:\/\/cover-flip.com\/. Ved at tilg\u00e5 denne hjemmeside antager vi, at du accepterer disse vilk\u00e5r og betingelser. Forts\u00e6t ikke med at bruge https:\/\/cover-flip.com\/, hvis du ikke er enig i at tage alle de vilk\u00e5r og betingelser, der er angivet p\u00e5 [...]<\/p>","protected":false},"author":2,"featured_media":0,"parent":0,"menu_order":0,"comment_status":"closed","ping_status":"open","template":"","meta":{"inline_featured_image":false,"ocean_post_layout":"","ocean_both_sidebars_style":"","ocean_both_sidebars_content_width":0,"ocean_both_sidebars_sidebars_width":0,"ocean_sidebar":"0","ocean_second_sidebar":"0","ocean_disable_margins":"enable","ocean_add_body_class":"","ocean_shortcode_before_top_bar":"","ocean_shortcode_after_top_bar":"","ocean_shortcode_before_header":"","ocean_shortcode_after_header":"","ocean_has_shortcode":"","ocean_shortcode_after_title":"","ocean_shortcode_before_footer_widgets":"","ocean_shortcode_after_footer_widgets":"","ocean_shortcode_before_footer_bottom":"","ocean_shortcode_after_footer_bottom":"","ocean_display_top_bar":"default","ocean_display_header":"default","ocean_header_style":"","ocean_center_header_left_menu":"0","ocean_custom_header_template":"0","ocean_custom_logo":0,"ocean_custom_retina_logo":0,"ocean_custom_logo_max_width":0,"ocean_custom_logo_tablet_max_width":0,"ocean_custom_logo_mobile_max_width":0,"ocean_custom_logo_max_height":0,"ocean_custom_logo_tablet_max_height":0,"ocean_custom_logo_mobile_max_height":0,"ocean_header_custom_menu":"0","ocean_menu_typo_font_family":"0","ocean_menu_typo_font_subset":"","ocean_menu_typo_font_size":0,"ocean_menu_typo_font_size_tablet":0,"ocean_menu_typo_font_size_mobile":0,"ocean_menu_typo_font_size_unit":"px","ocean_menu_typo_font_weight":"","ocean_menu_typo_font_weight_tablet":"","ocean_menu_typo_font_weight_mobile":"","ocean_menu_typo_transform":"","ocean_menu_typo_transform_tablet":"","ocean_menu_typo_transform_mobile":"","ocean_menu_typo_line_height":0,"ocean_menu_typo_line_height_tablet":0,"ocean_menu_typo_line_height_mobile":0,"ocean_menu_typo_line_height_unit":"","ocean_menu_typo_spacing":0,"ocean_menu_typo_spacing_tablet":0,"ocean_menu_typo_spacing_mobile":0,"ocean_menu_typo_spacing_unit":"","ocean_menu_link_color":"","ocean_menu_link_color_hover":"","ocean_menu_link_color_active":"","ocean_menu_link_background":"","ocean_menu_link_hover_background":"","ocean_menu_link_active_background":"","ocean_menu_social_links_bg":"","ocean_menu_social_hover_links_bg":"","ocean_menu_social_links_color":"","ocean_menu_social_hover_links_color":"","ocean_disable_title":"on","ocean_disable_heading":"default","ocean_post_title":"","ocean_post_subheading":"","ocean_post_title_style":"","ocean_post_title_background_color":"","ocean_post_title_background":0,"ocean_post_title_bg_image_position":"","ocean_post_title_bg_image_attachment":"","ocean_post_title_bg_image_repeat":"","ocean_post_title_bg_image_size":"","ocean_post_title_height":0,"ocean_post_title_bg_overlay":0.5,"ocean_post_title_bg_overlay_color":"","ocean_disable_breadcrumbs":"off","ocean_breadcrumbs_color":"","ocean_breadcrumbs_separator_color":"","ocean_breadcrumbs_links_color":"","ocean_breadcrumbs_links_hover_color":"","ocean_display_footer_widgets":"default","ocean_display_footer_bottom":"default","ocean_custom_footer_template":"0","footnotes":""},"aioseo_notices":[],"_links":{"self":[{"href":"https:\/\/cover-flip.com\/da\/wp-json\/wp\/v2\/pages\/985"}],"collection":[{"href":"https:\/\/cover-flip.com\/da\/wp-json\/wp\/v2\/pages"}],"about":[{"href":"https:\/\/cover-flip.com\/da\/wp-json\/wp\/v2\/types\/page"}],"author":[{"embeddable":true,"href":"https:\/\/cover-flip.com\/da\/wp-json\/wp\/v2\/users\/2"}],"replies":[{"embeddable":true,"href":"https:\/\/cover-flip.com\/da\/wp-json\/wp\/v2\/comments?post=985"}],"version-history":[{"count":2,"href":"https:\/\/cover-flip.com\/da\/wp-json\/wp\/v2\/pages\/985\/revisions"}],"predecessor-version":[{"id":1273,"href":"https:\/\/cover-flip.com\/da\/wp-json\/wp\/v2\/pages\/985\/revisions\/1273"}],"wp:attachment":[{"href":"https:\/\/cover-flip.com\/da\/wp-json\/wp\/v2\/media?parent=985"}],"curies":[{"name":"wp","href":"https:\/\/api.w.org\/{rel}","templated":true}]}}