{"id":990,"date":"2022-09-01T07:51:58","date_gmt":"2022-09-01T07:51:58","guid":{"rendered":"https:\/\/cover-flip.com\/?page_id=990"},"modified":"2022-09-06T07:07:06","modified_gmt":"2022-09-06T07:07:06","slug":"impressum","status":"publish","type":"page","link":"https:\/\/cover-flip.com\/cs\/impressum\/","title":{"rendered":"Impressum"},"content":{"rendered":"<h2 class=\"wp-block-heading\">Impressum<\/h2>\n\n\n\n<p>Webov\u00e9 str\u00e1nky jsme p\u0159ipravili sami spole\u010dn\u011b s poskytovatelem webov\u00fdch slu\u017eeb.<\/p>\n\n\n\n<p>\u00da\u010del webov\u00fdch str\u00e1nek<\/p>\n\n\n\n<p>\u00dadaje na webov\u00fdch str\u00e1nk\u00e1ch maj\u00ed prezenta\u010dn\u00ed charakter v oblasti z\u00e1kladn\u00ed \u010dinnosti, pro kterou jsme zaregistrov\u00e1ni - v\u00fdroba stavebn\u00edho a interi\u00e9rov\u00e9ho n\u00e1bytku. Db\u00e1me na to, aby informace na webov\u00fdch str\u00e1nk\u00e1ch byly pravdiv\u00e9, spolehliv\u00e9 a kvalitn\u00ed.<\/p>\n\n\n\n<p>Neneseme odpov\u011bdnost za p\u0159\u00edpadn\u00e9 tiskov\u00e9 chyby, vyhrazujeme si pr\u00e1vo kdykoli a bez p\u0159edchoz\u00edho upozorn\u011bn\u00ed zm\u011bnit obsah, pokud nebude v souladu s politikou na\u0161\u00ed spole\u010dnosti.<\/p>\n\n\n\n<p>Pr\u00e1vo na u\u017e\u00edv\u00e1n\u00ed<\/p>\n\n\n\n<p>Webov\u00e9 str\u00e1nky a ve\u0161ker\u00fd jejich obsah jsou chr\u00e1n\u011bny pr\u00e1vy pr\u016fmyslov\u00e9ho a du\u0161evn\u00edho vlastnictv\u00ed. Ve\u0161ker\u00e9 informace, texty, obr\u00e1zky nebo jin\u00e9 grafick\u00e9 prvky, kter\u00e9 se nach\u00e1zej\u00ed na t\u011bchto webov\u00fdch str\u00e1nk\u00e1ch, lze pou\u017e\u00edvat v\u00fdhradn\u011b pro osobn\u00ed nekomer\u010dn\u00ed pou\u017eit\u00ed a bez p\u0159edchoz\u00edho p\u00edsemn\u00e9ho souhlasu spr\u00e1vce je nelze vcelku ani z\u010d\u00e1sti reprodukovat, upravovat, distribuovat, licencovat nebo zve\u0159ej\u0148ovat ve form\u011b publikac\u00ed pro jin\u00e9 \u00fa\u010dely ne\u017e prohl\u00ed\u017een\u00ed.<\/p>\n\n\n\n<p>P\u0159evzet\u00ed odpov\u011bdnosti<\/p>\n\n\n\n<p>P\u0159i tvorb\u011b webov\u00fdch str\u00e1nek se sna\u017e\u00edme zajistit aktu\u00e1lnost a p\u0159esnost \u00fadaj\u016f. Nezaru\u010dujeme jejich p\u0159esnost a \u00faplnost a nep\u0159eb\u00edr\u00e1me \u017e\u00e1dnou odpov\u011bdnost vypl\u00fdvaj\u00edc\u00ed z jejich pou\u017eit\u00ed. V\u0161ichni u\u017eivatel\u00e9 pou\u017e\u00edvaj\u00ed zve\u0159ejn\u011bn\u00fd obsah na vlastn\u00ed nebezpe\u010d\u00ed.<\/p>\n\n\n\n<p>Vyhrazujeme si pr\u00e1vo kdykoli, jak\u00fdmkoli zp\u016fsobem, z jak\u00e9hokoli d\u016fvodu a bez p\u0159edchoz\u00edho upozorn\u011bn\u00ed zm\u011bnit obsah na\u0161ich webov\u00fdch str\u00e1nek.<\/p>\n\n\n\n<p>Technologick\u00e9 proveden\u00ed<\/p>\n\n\n\n<p>Technologickou realizaci zajistila firma Marcelino doo ve spolupr\u00e1ci s na\u0161\u00ed spole\u010dnost\u00ed.<\/p>\n\n\n\n<p>N\u00e1zev spole\u010dnosti<br>MARCELINO d.o.o.<\/p>\n\n\n\n<p>Adresa<br>Kranj\u010deva ulica 4, Celje, 3000,Celje, Slovinsko<\/p>\n\n\n\n<p>E-mail: jurij.cvikl@marcelino.si<br>Webov\u00e9 str\u00e1nky: https:\/\/cover-flip.com\/<\/p>\n\n\n\n<p>Kancel\u00e1\u0159: Slovenija<\/p>\n\n\n\n<p>Da\u0148ov\u00e9 \u010d\u00edslo: SI76044157<br>Registrace: 2276038000<\/p>","protected":false},"excerpt":{"rendered":"<p>Impressum Webov\u00e9 str\u00e1nky jsme p\u0159ipravili sami spole\u010dn\u011b s poskytovatelem webov\u00fdch slu\u017eeb. \u00da\u010del webov\u00fdch str\u00e1nek \u00dadaje na webov\u00fdch str\u00e1nk\u00e1ch maj\u00ed prezenta\u010dn\u00ed charakter v oblasti z\u00e1kladn\u00ed \u010dinnosti, pro kterou jsme registrovan\u00ed - v\u00fdroba stavebn\u00edho a interi\u00e9rov\u00e9ho n\u00e1bytku. Sna\u017e\u00edme se, aby informace na t\u011bchto str\u00e1nk\u00e1ch byly [...].<\/p>","protected":false},"author":2,"featured_media":0,"parent":0,"menu_order":0,"comment_status":"closed","ping_status":"open","template":"","meta":{"inline_featured_image":false,"ocean_post_layout":"","ocean_both_sidebars_style":"","ocean_both_sidebars_content_width":0,"ocean_both_sidebars_sidebars_width":0,"ocean_sidebar":"0","ocean_second_sidebar":"0","ocean_disable_margins":"enable","ocean_add_body_class":"","ocean_shortcode_before_top_bar":"","ocean_shortcode_after_top_bar":"","ocean_shortcode_before_header":"","ocean_shortcode_after_header":"","ocean_has_shortcode":"","ocean_shortcode_after_title":"","ocean_shortcode_before_footer_widgets":"","ocean_shortcode_after_footer_widgets":"","ocean_shortcode_before_footer_bottom":"","ocean_shortcode_after_footer_bottom":"","ocean_display_top_bar":"default","ocean_display_header":"default","ocean_header_style":"","ocean_center_header_left_menu":"0","ocean_custom_header_template":"0","ocean_custom_logo":0,"ocean_custom_retina_logo":0,"ocean_custom_logo_max_width":0,"ocean_custom_logo_tablet_max_width":0,"ocean_custom_logo_mobile_max_width":0,"ocean_custom_logo_max_height":0,"ocean_custom_logo_tablet_max_height":0,"ocean_custom_logo_mobile_max_height":0,"ocean_header_custom_menu":"0","ocean_menu_typo_font_family":"0","ocean_menu_typo_font_subset":"","ocean_menu_typo_font_size":0,"ocean_menu_typo_font_size_tablet":0,"ocean_menu_typo_font_size_mobile":0,"ocean_menu_typo_font_size_unit":"px","ocean_menu_typo_font_weight":"","ocean_menu_typo_font_weight_tablet":"","ocean_menu_typo_font_weight_mobile":"","ocean_menu_typo_transform":"","ocean_menu_typo_transform_tablet":"","ocean_menu_typo_transform_mobile":"","ocean_menu_typo_line_height":0,"ocean_menu_typo_line_height_tablet":0,"ocean_menu_typo_line_height_mobile":0,"ocean_menu_typo_line_height_unit":"","ocean_menu_typo_spacing":0,"ocean_menu_typo_spacing_tablet":0,"ocean_menu_typo_spacing_mobile":0,"ocean_menu_typo_spacing_unit":"","ocean_menu_link_color":"","ocean_menu_link_color_hover":"","ocean_menu_link_color_active":"","ocean_menu_link_background":"","ocean_menu_link_hover_background":"","ocean_menu_link_active_background":"","ocean_menu_social_links_bg":"","ocean_menu_social_hover_links_bg":"","ocean_menu_social_links_color":"","ocean_menu_social_hover_links_color":"","ocean_disable_title":"on","ocean_disable_heading":"default","ocean_post_title":"","ocean_post_subheading":"","ocean_post_title_style":"","ocean_post_title_background_color":"","ocean_post_title_background":0,"ocean_post_title_bg_image_position":"","ocean_post_title_bg_image_attachment":"","ocean_post_title_bg_image_repeat":"","ocean_post_title_bg_image_size":"","ocean_post_title_height":0,"ocean_post_title_bg_overlay":0.5,"ocean_post_title_bg_overlay_color":"","ocean_disable_breadcrumbs":"off","ocean_breadcrumbs_color":"","ocean_breadcrumbs_separator_color":"","ocean_breadcrumbs_links_color":"","ocean_breadcrumbs_links_hover_color":"","ocean_display_footer_widgets":"default","ocean_display_footer_bottom":"default","ocean_custom_footer_template":"0","footnotes":""},"aioseo_notices":[],"_links":{"self":[{"href":"https:\/\/cover-flip.com\/cs\/wp-json\/wp\/v2\/pages\/990"}],"collection":[{"href":"https:\/\/cover-flip.com\/cs\/wp-json\/wp\/v2\/pages"}],"about":[{"href":"https:\/\/cover-flip.com\/cs\/wp-json\/wp\/v2\/types\/page"}],"author":[{"embeddable":true,"href":"https:\/\/cover-flip.com\/cs\/wp-json\/wp\/v2\/users\/2"}],"replies":[{"embeddable":true,"href":"https:\/\/cover-flip.com\/cs\/wp-json\/wp\/v2\/comments?post=990"}],"version-history":[{"count":2,"href":"https:\/\/cover-flip.com\/cs\/wp-json\/wp\/v2\/pages\/990\/revisions"}],"predecessor-version":[{"id":1274,"href":"https:\/\/cover-flip.com\/cs\/wp-json\/wp\/v2\/pages\/990\/revisions\/1274"}],"wp:attachment":[{"href":"https:\/\/cover-flip.com\/cs\/wp-json\/wp\/v2\/media?parent=990"}],"curies":[{"name":"wp","href":"https:\/\/api.w.org\/{rel}","templated":true}]}}