{"id":985,"date":"2022-09-01T07:49:33","date_gmt":"2022-09-01T07:49:33","guid":{"rendered":"https:\/\/cover-flip.com\/?page_id=985"},"modified":"2022-09-02T08:43:49","modified_gmt":"2022-09-02T08:43:49","slug":"terms-and-conditions","status":"publish","type":"page","link":"https:\/\/cover-flip.com\/cs\/terms-and-conditions\/","title":{"rendered":"Podm\u00ednky a pravidla"},"content":{"rendered":"<h2 class=\"wp-block-heading\">Podm\u00ednky a pravidla<\/h2>\n\n\n\n<p><strong>V\u00edtejte na https:\/\/cover-flip.com\/!<\/strong><\/p>\n\n\n\n<p>Tyto podm\u00ednky stanovuj\u00ed pravidla a p\u0159edpisy pro pou\u017e\u00edv\u00e1n\u00ed str\u00e1nek MARCELINO d.o.o..<\/p>\n\n\n\n<p>Webov\u00e9 str\u00e1nky se nach\u00e1zej\u00ed na adrese&nbsp;<strong>https:\/\/cover-flip.com\/.<\/strong><\/p>\n\n\n\n<p>Vstupem na tyto webov\u00e9 str\u00e1nky p\u0159edpokl\u00e1d\u00e1me, \u017ee tyto podm\u00ednky p\u0159ij\u00edm\u00e1te. Nepokra\u010dujte v pou\u017e\u00edv\u00e1n\u00ed&nbsp;<strong>https:\/\/cover-flip.com\/<\/strong>&nbsp;pokud nesouhlas\u00edte se v\u0161emi podm\u00ednkami uveden\u00fdmi na t\u00e9to str\u00e1nce.<\/p>\n\n\n\n<p>N\u00e1sleduj\u00edc\u00ed terminologie se vztahuje na tyto smluvn\u00ed podm\u00ednky, prohl\u00e1\u0161en\u00ed o ochran\u011b osobn\u00edch \u00fadaj\u016f a ozn\u00e1men\u00ed o vylou\u010den\u00ed odpov\u011bdnosti a na v\u0161echny smlouvy: \"Klient\", \"Vy\" a \"V\u00e1\u0161\" se vztahuje na V\u00e1s, osobu, kter\u00e1 se p\u0159ihl\u00e1s\u00ed na t\u011bchto webov\u00fdch str\u00e1nk\u00e1ch a dodr\u017euje podm\u00ednky spole\u010dnosti. \"Spole\u010dnost\", \"Na\u0161e\", \"My\", \"Na\u0161e\" a \"N\u00e1s\" odkazuje na na\u0161i Spole\u010dnost. \"Strana\", \"Strany\" nebo \"My\", odkazuje na klienta i na n\u00e1s. V\u0161echny pojmy se vztahuj\u00ed k nab\u00eddce, p\u0159ijet\u00ed a \u00fahrad\u011b plateb nezbytn\u00fdch k uskute\u010dn\u011bn\u00ed procesu na\u0161\u00ed pomoci Klientovi nejvhodn\u011bj\u0161\u00edm zp\u016fsobem za v\u00fdslovn\u00fdm \u00fa\u010delem uspokojen\u00ed pot\u0159eb Klienta, pokud jde o poskytov\u00e1n\u00ed uveden\u00fdch slu\u017eeb Spole\u010dnosti, v souladu s platn\u00fdm slovinsk\u00fdm pr\u00e1vem a s jeho v\u00fdhradou. Jak\u00e9koli pou\u017eit\u00ed v\u00fd\u0161e uveden\u00e9 terminologie nebo jin\u00fdch slov v jednotn\u00e9m \u010d\u00edsle, mno\u017en\u00e9m \u010d\u00edsle, psan\u00ed velk\u00fdch p\u00edsmen a\/nebo on\/ona nebo oni, se pova\u017euje za zam\u011bniteln\u00e9, a tud\u00ed\u017e se vztahuje na tot\u00e9\u017e.<\/p>\n\n\n\n<p><strong>Soubory cookie<\/strong><\/p>\n\n\n\n<p>Pou\u017e\u00edv\u00e1me soubory cookie. P\u0159\u00edstupem&nbsp;<strong>https:\/\/cover-flip.com\/<\/strong>, souhlasili jste s pou\u017e\u00edv\u00e1n\u00edm soubor\u016f cookie v souladu se Z\u00e1sadami ochrany osobn\u00edch \u00fadaj\u016f spole\u010dnosti MARCELINO d.o.o..<\/p>\n\n\n\n<p>V\u011bt\u0161ina interaktivn\u00edch webov\u00fdch str\u00e1nek pou\u017e\u00edv\u00e1 soubory cookie, kter\u00e9 n\u00e1m umo\u017e\u0148uj\u00ed z\u00edskat \u00fadaje o u\u017eivateli p\u0159i ka\u017ed\u00e9 n\u00e1v\u0161t\u011bv\u011b. Na\u0161e webov\u00e9 str\u00e1nky pou\u017e\u00edvaj\u00ed soubory cookie k umo\u017en\u011bn\u00ed funk\u010dnosti ur\u010dit\u00fdch oblast\u00ed, aby se usnadnila n\u00e1v\u0161t\u011bva na\u0161ich webov\u00fdch str\u00e1nek. Soubory cookie mohou pou\u017e\u00edvat tak\u00e9 n\u011bkte\u0159\u00ed na\u0161i affiliate\/reklamn\u00ed partne\u0159i.<\/p>\n\n\n\n<p><strong>Licence<\/strong><\/p>\n\n\n\n<p>Nen\u00ed-li uvedeno jinak, spole\u010dnost MARCELINO d.o.o. a\/nebo jej\u00ed poskytovatel\u00e9 licenc\u00ed vlastn\u00ed pr\u00e1va du\u0161evn\u00edho vlastnictv\u00ed ke v\u0161em materi\u00e1l\u016fm na https:\/\/cover-flip.com\/. Ve\u0161ker\u00e1 pr\u00e1va du\u0161evn\u00edho vlastnictv\u00ed jsou vyhrazena. P\u0159\u00edstup na str\u00e1nky https:\/\/cover-flip.com\/. je mo\u017en\u00fd pro vlastn\u00ed pot\u0159ebu s v\u00fdhradou omezen\u00ed stanoven\u00fdch v t\u011bchto podm\u00ednk\u00e1ch.<\/p>\n\n\n\n<p><strong>Nesm\u00edte:<\/strong><\/p>\n\n\n\n<p>Znovu publikovat materi\u00e1ly z https:\/\/cover-flip.com\/.<br>Prod\u00e1vat, pronaj\u00edmat nebo poskytovat sublicence na materi\u00e1l z https:\/\/cover-flip.com\/.<br>Reprodukovat, duplikovat nebo kop\u00edrovat materi\u00e1ly z https:\/\/cover-flip.com\/.<br>Redistribuujte obsah z webu https:\/\/cover-flip.com\/.<\/p>\n\n\n\n<p>Tato dohoda za\u010d\u00edn\u00e1 platit dnem jej\u00edho podpisu.<\/p>\n\n\n\n<p>N\u011bkter\u00e9 \u010d\u00e1sti t\u011bchto webov\u00fdch str\u00e1nek nab\u00edzej\u00ed u\u017eivatel\u016fm mo\u017enost zve\u0159ej\u0148ovat a vym\u011b\u0148ovat si n\u00e1zory a informace v ur\u010dit\u00fdch oblastech webov\u00fdch str\u00e1nek. Spole\u010dnost MARCELINO d.o.o. nefiltruje, neupravuje, nezve\u0159ej\u0148uje ani nep\u0159ezkoum\u00e1v\u00e1 koment\u00e1\u0159e p\u0159ed jejich uveden\u00edm na webov\u00fdch str\u00e1nk\u00e1ch. Koment\u00e1\u0159e nevyjad\u0159uj\u00ed n\u00e1zory a stanoviska spole\u010dnosti MARCELINO d.o.o., jej\u00edch z\u00e1stupc\u016f a\/nebo p\u0159idru\u017een\u00fdch spole\u010dnost\u00ed. Koment\u00e1\u0159e odr\u00e1\u017eej\u00ed n\u00e1zory a stanoviska osoby, kter\u00e1 je zve\u0159ejnila. V rozsahu povolen\u00e9m p\u0159\u00edslu\u0161n\u00fdmi pr\u00e1vn\u00edmi p\u0159edpisy nenese spole\u010dnost MARCELINO d.o.o. odpov\u011bdnost za Koment\u00e1\u0159e ani za jakoukoli odpov\u011bdnost, \u0161kody nebo v\u00fddaje zp\u016fsoben\u00e9 a\/nebo vznikl\u00e9 v d\u016fsledku pou\u017eit\u00ed a\/nebo zve\u0159ejn\u011bn\u00ed a\/nebo v\u00fdskytu Koment\u00e1\u0159\u016f na t\u011bchto webov\u00fdch str\u00e1nk\u00e1ch.<\/p>\n\n\n\n<p>Spole\u010dnost MARCELINO d.o.o. si vyhrazuje pr\u00e1vo sledovat v\u0161echny koment\u00e1\u0159e a odstranit v\u0161echny koment\u00e1\u0159e, kter\u00e9 lze pova\u017eovat za nevhodn\u00e9, ur\u00e1\u017eliv\u00e9 nebo kter\u00e9 zp\u016fsobuj\u00ed poru\u0161en\u00ed t\u011bchto podm\u00ednek.<\/p>\n\n\n\n<p><strong>Zaru\u010dujete a prohla\u0161ujete, \u017ee:<\/strong><\/p>\n\n\n\n<p>Jste opr\u00e1vn\u011bni zve\u0159ej\u0148ovat koment\u00e1\u0159e na na\u0161ich webov\u00fdch str\u00e1nk\u00e1ch a m\u00e1te k tomu v\u0161echny pot\u0159ebn\u00e9 licence a souhlasy;<br>Koment\u00e1\u0159e nezasahuj\u00ed do \u017e\u00e1dn\u00e9ho pr\u00e1va du\u0161evn\u00edho vlastnictv\u00ed, mimo jin\u00e9 do autorsk\u00fdch pr\u00e1v, patent\u016f nebo ochrann\u00fdch zn\u00e1mek t\u0159et\u00edch stran;<br>Koment\u00e1\u0159e neobsahuj\u00ed \u017e\u00e1dn\u00fd hanliv\u00fd, pomlouva\u010dn\u00fd, ur\u00e1\u017eliv\u00fd, neslu\u0161n\u00fd nebo jinak protipr\u00e1vn\u00ed materi\u00e1l, kter\u00fd by byl z\u00e1sahem do soukrom\u00ed.<br>Koment\u00e1\u0159e nebudou pou\u017e\u00edv\u00e1ny k z\u00edsk\u00e1v\u00e1n\u00ed nebo propagaci obchodu nebo zvyklost\u00ed nebo k prezentaci komer\u010dn\u00edch aktivit nebo nez\u00e1konn\u00e9 \u010dinnosti.<\/p>\n\n\n\n<p>T\u00edmto ud\u011blujete spole\u010dnosti MARCELINO d.o.o. nev\u00fdhradn\u00ed licenci k pou\u017eit\u00ed, reprodukci, \u00faprav\u011b a k opr\u00e1vn\u011bn\u00ed ostatn\u00edch k pou\u017eit\u00ed, reprodukci a \u00faprav\u011b jak\u00fdchkoli va\u0161ich koment\u00e1\u0159\u016f v jak\u00e9koli form\u011b, form\u00e1tu nebo m\u00e9diu.<\/p>\n\n\n\n<p><strong>Hypertextov\u00e9 odkazy na n\u00e1\u0161 obsah<\/strong><\/p>\n\n\n\n<p>N\u00e1sleduj\u00edc\u00ed organizace mohou odkazovat na na\u0161e webov\u00e9 str\u00e1nky bez p\u0159edchoz\u00edho p\u00edsemn\u00e9ho souhlasu:<\/p>\n\n\n\n<p>Vl\u00e1dn\u00ed agentury;<br>Vyhled\u00e1va\u010de;<br>Zpravodajsk\u00e9 organizace;<br>Distributo\u0159i online adres\u00e1\u0159\u016f mohou odkazovat na na\u0161e webov\u00e9 str\u00e1nky stejn\u00fdm zp\u016fsobem, jak\u00fdm odkazuj\u00ed na webov\u00e9 str\u00e1nky ostatn\u00edch uveden\u00fdch podnik\u016f; a<br>Akreditovan\u00e9 podniky v r\u00e1mci cel\u00e9ho syst\u00e9mu, s v\u00fdjimkou neziskov\u00fdch organizac\u00ed, charitativn\u00edch n\u00e1kupn\u00edch center a skupin pro z\u00edsk\u00e1v\u00e1n\u00ed finan\u010dn\u00edch prost\u0159edk\u016f na charitativn\u00ed \u00fa\u010dely, kter\u00e9 nesm\u011bj\u00ed odkazovat na na\u0161e webov\u00e9 str\u00e1nky.<\/p>\n\n\n\n<p>Tyto organizace mohou odkazovat na na\u0161i domovskou str\u00e1nku, na publikace nebo na jin\u00e9 informace na webov\u00fdch str\u00e1nk\u00e1ch, pokud je tento odkaz: (a) nen\u00ed v \u017e\u00e1dn\u00e9m p\u0159\u00edpad\u011b klamav\u00fd; (b) nepravdiv\u011b neimplikuje sponzorstv\u00ed, podporu nebo schv\u00e1len\u00ed odkazuj\u00edc\u00ed strany a jej\u00edch produkt\u016f a\/nebo slu\u017eeb; a (c) zapad\u00e1 do kontextu str\u00e1nek odkazuj\u00edc\u00ed strany.<\/p>\n\n\n\n<p>M\u016f\u017eeme zv\u00e1\u017eit a schv\u00e1lit dal\u0161\u00ed \u017e\u00e1dosti o propojen\u00ed od n\u00e1sleduj\u00edc\u00edch typ\u016f organizac\u00ed:<\/p>\n\n\n\n<p>b\u011b\u017en\u011b zn\u00e1m\u00e9 zdroje spot\u0159ebitelsk\u00fdch a\/nebo obchodn\u00edch informac\u00ed;<br>str\u00e1nky komunity;<br>sdru\u017een\u00ed nebo jin\u00fdch skupin zastupuj\u00edc\u00edch charitativn\u00ed organizace;<br>online adres\u00e1\u0159 distributor\u016f;<br>internetov\u00e9 port\u00e1ly;<br>\u00fa\u010detn\u00ed, pr\u00e1vn\u00ed a poradensk\u00e9 firmy a<br>vzd\u011bl\u00e1vac\u00ed instituce a obchodn\u00ed sdru\u017een\u00ed.<\/p>\n\n\n\n<p>\u017d\u00e1dosti o propojen\u00ed od t\u011bchto organizac\u00ed schv\u00e1l\u00edme, pokud o tom rozhodneme: d) odkaz je v kontextu obecn\u00fdch informac\u00ed o zdroj\u00edch. (a) odkaz nezp\u016fsob\u00ed nep\u0159\u00edzniv\u00fd dojem o n\u00e1s nebo o na\u0161ich akreditovan\u00fdch podnic\u00edch; (b) organizace u n\u00e1s nem\u00e1 \u017e\u00e1dn\u00e9 negativn\u00ed z\u00e1znamy; (c) p\u0159\u00ednos pro n\u00e1s z viditelnosti hypertextov\u00e9ho odkazu kompenzuje absenci MARCELINO d.o.o.; a (d) odkaz je v kontextu obecn\u00fdch informac\u00ed o zdroj\u00edch.<\/p>\n\n\n\n<p>Tyto organizace mohou odkazovat na na\u0161i domovskou str\u00e1nku, pokud odkaz: (a) nen\u00ed v \u017e\u00e1dn\u00e9m p\u0159\u00edpad\u011b klamav\u00fd; (b) nepravdiv\u011b neimplikuje sponzorstv\u00ed, podporu nebo schv\u00e1len\u00ed odkazuj\u00edc\u00ed strany a jej\u00edch produkt\u016f nebo slu\u017eeb; a (c) zapad\u00e1 do kontextu str\u00e1nek odkazuj\u00edc\u00ed strany.<\/p>\n\n\n\n<p>Pokud jste jednou z organizac\u00ed uveden\u00fdch v odstavci 2 v\u00fd\u0161e a m\u00e1te z\u00e1jem o propojen\u00ed s na\u0161imi webov\u00fdmi str\u00e1nkami, mus\u00edte n\u00e1s o tom informovat zasl\u00e1n\u00edm e-mailu na adresu jurij.cvikl@marcelino.si. Uve\u010fte pros\u00edm sv\u00e9 jm\u00e9no, n\u00e1zev organizace, kontaktn\u00ed \u00fadaje a tak\u00e9 adresu URL va\u0161\u00ed str\u00e1nky, seznam v\u0161ech adres URL, ze kter\u00fdch hodl\u00e1te na na\u0161e webov\u00e9 str\u00e1nky odkazovat, a seznam adres URL na na\u0161ich str\u00e1nk\u00e1ch, na kter\u00e9 chcete odkazovat. Na odpov\u011b\u010f po\u010dkejte 2-3 t\u00fddny.<\/p>\n\n\n\n<p>Schv\u00e1len\u00e9 organizace mohou na na\u0161e webov\u00e9 str\u00e1nky odkazovat takto:<\/p>\n\n\n\n<p>pou\u017e\u00edv\u00e1n\u00edm n\u00e1zvu na\u0161\u00ed spole\u010dnosti; nebo<br>Pou\u017eit\u00edm jednotn\u00e9ho lok\u00e1toru zdroj\u016f, na kter\u00fd je odkazov\u00e1no, nebo<br>Pou\u017eit\u00edm jak\u00e9hokoli jin\u00e9ho popisu na\u0161ich webov\u00fdch str\u00e1nek, na kter\u00e9 je odkazov\u00e1no, kter\u00fd d\u00e1v\u00e1 smysl v kontextu a form\u00e1tu obsahu na str\u00e1nk\u00e1ch odkazuj\u00edc\u00ed strany.<\/p>\n\n\n\n<p>Bez licen\u010dn\u00ed smlouvy na ochrannou zn\u00e1mku nen\u00ed povoleno pou\u017e\u00edvat logo spole\u010dnosti MARCELINO d.o.o. ani jin\u00e1 um\u011bleck\u00e1 d\u00edla pro odkazov\u00e1n\u00ed.<\/p>\n\n\n\n<p><strong>iFrames<\/strong><\/p>\n\n\n\n<p>Bez p\u0159edchoz\u00edho souhlasu a p\u00edsemn\u00e9ho povolen\u00ed nesm\u00edte kolem na\u0161ich webov\u00fdch str\u00e1nek vytv\u00e1\u0159et r\u00e1my, kter\u00e9 by jak\u00fdmkoli zp\u016fsobem m\u011bnily vizu\u00e1ln\u00ed prezentaci nebo vzhled na\u0161ich webov\u00fdch str\u00e1nek.<\/p>\n\n\n\n<p><strong>Odpov\u011bdnost za obsah<\/strong><\/p>\n\n\n\n<p>Neneseme odpov\u011bdnost za \u017e\u00e1dn\u00fd obsah, kter\u00fd se objev\u00ed na va\u0161ich webov\u00fdch str\u00e1nk\u00e1ch. Souhlas\u00edte s t\u00edm, \u017ee n\u00e1s budete chr\u00e1nit a br\u00e1nit proti v\u0161em n\u00e1rok\u016fm, kter\u00e9 na va\u0161ich Webov\u00fdch str\u00e1nk\u00e1ch vznikaj\u00ed. Na \u017e\u00e1dn\u00e9 Webov\u00e9 str\u00e1nce by se nem\u011bl objevit odkaz(y), kter\u00fd by mohl b\u00fdt vykl\u00e1d\u00e1n jako hanliv\u00fd, obsc\u00e9nn\u00ed nebo trestn\u00fd, nebo kter\u00fd poru\u0161uje, jinak poru\u0161uje nebo propaguje poru\u0161en\u00ed nebo jin\u00e9 poru\u0161en\u00ed pr\u00e1v t\u0159et\u00edch stran.<\/p>\n\n\n\n<p><strong>V\u00fdhrada pr\u00e1v<\/strong><\/p>\n\n\n\n<p>Vyhrazujeme si pr\u00e1vo po\u017e\u00e1dat v\u00e1s o odstran\u011bn\u00ed v\u0161ech odkaz\u016f nebo jak\u00e9hokoli konkr\u00e9tn\u00edho odkazu na na\u0161e webov\u00e9 str\u00e1nky. Souhlas\u00edte s t\u00edm, \u017ee na po\u017e\u00e1d\u00e1n\u00ed okam\u017eit\u011b odstran\u00edte v\u0161echny odkazy na na\u0161e Webov\u00e9 str\u00e1nky. Vyhrazujeme si tak\u00e9 pr\u00e1vo tyto podm\u00ednky a z\u00e1sady odkazov\u00e1n\u00ed kdykoli zm\u011bnit. Neust\u00e1l\u00fdm odkazov\u00e1n\u00edm na na\u0161e Webov\u00e9 str\u00e1nky souhlas\u00edte s t\u00edm, \u017ee se budete \u0159\u00eddit t\u011bmito podm\u00ednkami odkazov\u00e1n\u00ed.<\/p>\n\n\n\n<p><strong>Odstran\u011bn\u00ed odkaz\u016f z na\u0161ich webov\u00fdch str\u00e1nek<\/strong><\/p>\n\n\n\n<p>Pokud na na\u0161ich webov\u00fdch str\u00e1nk\u00e1ch najdete odkaz, kter\u00fd je z jak\u00e9hokoli d\u016fvodu ur\u00e1\u017eliv\u00fd, m\u016f\u017eete n\u00e1s kdykoli kontaktovat a informovat. \u017d\u00e1dosti o odstran\u011bn\u00ed odkaz\u016f zv\u00e1\u017e\u00edme, ale nejsme povinni tak u\u010dinit ani v\u00e1m p\u0159\u00edmo odpov\u011bd\u011bt.<\/p>\n\n\n\n<p>Nezaru\u010dujeme, \u017ee informace na t\u011bchto webov\u00fdch str\u00e1nk\u00e1ch jsou spr\u00e1vn\u00e9, neru\u010d\u00edme za jejich \u00faplnost nebo p\u0159esnost, ani neslibujeme, \u017ee webov\u00e9 str\u00e1nky z\u016fstanou dostupn\u00e9 nebo \u017ee materi\u00e1l na nich bude aktualizov\u00e1n.<\/p>\n\n\n\n<p><strong>Odm\u00edtnut\u00ed odpov\u011bdnosti<\/strong><br>V maxim\u00e1ln\u00edm rozsahu povolen\u00e9m platn\u00fdmi z\u00e1kony vylu\u010dujeme ve\u0161ker\u00e1 prohl\u00e1\u0161en\u00ed, z\u00e1ruky a podm\u00ednky t\u00fdkaj\u00edc\u00ed se na\u0161ich webov\u00fdch str\u00e1nek a jejich pou\u017e\u00edv\u00e1n\u00ed. \u017d\u00e1dn\u00e9 z ustanoven\u00ed tohoto prohl\u00e1\u0161en\u00ed o vylou\u010den\u00ed odpov\u011bdnosti se nevztahuje na:<\/p>\n\n\n\n<p>omezit nebo vylou\u010dit na\u0161i nebo va\u0161i odpov\u011bdnost za smrt nebo \u00fajmu na zdrav\u00ed;<br>omezit nebo vylou\u010dit na\u0161i nebo va\u0161i odpov\u011bdnost za podvod nebo podvodn\u00e9 zkreslen\u00ed;<br>omezovat na\u0161e nebo va\u0161e z\u00e1vazky jak\u00fdmkoli zp\u016fsobem, kter\u00fd nen\u00ed povolen platn\u00fdmi pr\u00e1vn\u00edmi p\u0159edpisy; nebo<br>vylou\u010den\u00ed na\u0161ich nebo va\u0161ich z\u00e1vazk\u016f, kter\u00e9 nelze vylou\u010dit podle platn\u00fdch pr\u00e1vn\u00edch p\u0159edpis\u016f.<br>Omezen\u00ed a z\u00e1kazy odpov\u011bdnosti uveden\u00e9 v tomto odd\u00edle a na jin\u00fdch m\u00edstech tohoto prohl\u00e1\u0161en\u00ed o vylou\u010den\u00ed odpov\u011bdnosti: (a) podl\u00e9haj\u00ed p\u0159edchoz\u00edmu odstavci; a (b) \u0159\u00edd\u00ed se jimi v\u0161echny z\u00e1vazky vypl\u00fdvaj\u00edc\u00ed z tohoto prohl\u00e1\u0161en\u00ed o vylou\u010den\u00ed odpov\u011bdnosti, v\u010detn\u011b z\u00e1vazk\u016f vypl\u00fdvaj\u00edc\u00edch ze smlouvy, z deliktu a z poru\u0161en\u00ed z\u00e1konn\u00e9 povinnosti.<br>Dokud jsou webov\u00e9 str\u00e1nky a informace a slu\u017eby na nich poskytov\u00e1ny bezplatn\u011b, neneseme odpov\u011bdnost za jakoukoli ztr\u00e1tu nebo \u0161kodu jak\u00e9koli povahy.<\/p>\n\n\n\n<p><strong>Mimosoudn\u00ed \u0159e\u0161en\u00ed spot\u0159ebitelsk\u00fdch spor\u016f<\/strong><\/p>\n\n\n\n<p>Spole\u010dnost MARCELINO d.o.o. v souladu s pr\u00e1vn\u00edmi normami neuzn\u00e1v\u00e1 \u017e\u00e1dn\u00e9ho vykonavatele mimosoudn\u00edho \u0159e\u0161en\u00ed spot\u0159ebitelsk\u00fdch spor\u016f jako odpov\u011bdn\u00e9ho za \u0159e\u0161en\u00ed spot\u0159ebitelsk\u00fdch spor\u016f, kter\u00e9 by mohl spot\u0159ebitel iniciovat v souladu se z\u00e1konem o mimosoudn\u00edm \u0159e\u0161en\u00ed spot\u0159ebitelsk\u00fdch spor\u016f. Spole\u010dnost MARCELINO d.o.o. jako poskytovatel zbo\u017e\u00ed a slu\u017eeb zve\u0159ej\u0148uje na sv\u00fdch internetov\u00fdch str\u00e1nk\u00e1ch elektronick\u00fd odkaz na platformu pro \u0159e\u0161en\u00ed spot\u0159ebitelsk\u00fdch spor\u016f on-line (ODRP). Platforma je spot\u0159ebitel\u016fm p\u0159\u00edstupn\u00e1 prost\u0159ednictv\u00edm elektronick\u00e9ho odkazu http:\/\/ec.europa.eu\/odr. V\u00fd\u0161e uveden\u00e1 \u00faprava vych\u00e1z\u00ed ze z\u00e1kona o mimosoudn\u00edm \u0159e\u0161en\u00ed spot\u0159ebitelsk\u00fdch spor\u016f, na\u0159\u00edzen\u00ed Evropsk\u00e9ho parlamentu a Rady (EU) \u010d. 524\/2013 o \u0159e\u0161en\u00ed spot\u0159ebitelsk\u00fdch spor\u016f on-line a o zm\u011bn\u011b na\u0159\u00edzen\u00ed (ES) \u010d. 2016\/2004 a sm\u011brnice<\/p>","protected":false},"excerpt":{"rendered":"<p>Smluvn\u00ed podm\u00ednky V\u00edtejte na str\u00e1nk\u00e1ch https:\/\/cover-flip.com\/! Tyto podm\u00ednky stanovuj\u00ed pravidla a p\u0159edpisy pro pou\u017e\u00edv\u00e1n\u00ed str\u00e1nek MARCELINO d.o.o.. Webov\u00e9 str\u00e1nky, kter\u00e9 se nach\u00e1zej\u00ed na adrese https:\/\/cover-flip.com\/. Vstupem na tyto webov\u00e9 str\u00e1nky p\u0159edpokl\u00e1d\u00e1me, \u017ee tyto podm\u00ednky p\u0159ij\u00edm\u00e1te. Nepokra\u010dujte v pou\u017e\u00edv\u00e1n\u00ed str\u00e1nek https:\/\/cover-flip.com\/, pokud nesouhlas\u00edte s p\u0159ijet\u00edm v\u0161ech podm\u00ednek uveden\u00fdch na [...].<\/p>","protected":false},"author":2,"featured_media":0,"parent":0,"menu_order":0,"comment_status":"closed","ping_status":"open","template":"","meta":{"inline_featured_image":false,"ocean_post_layout":"","ocean_both_sidebars_style":"","ocean_both_sidebars_content_width":0,"ocean_both_sidebars_sidebars_width":0,"ocean_sidebar":"0","ocean_second_sidebar":"0","ocean_disable_margins":"enable","ocean_add_body_class":"","ocean_shortcode_before_top_bar":"","ocean_shortcode_after_top_bar":"","ocean_shortcode_before_header":"","ocean_shortcode_after_header":"","ocean_has_shortcode":"","ocean_shortcode_after_title":"","ocean_shortcode_before_footer_widgets":"","ocean_shortcode_after_footer_widgets":"","ocean_shortcode_before_footer_bottom":"","ocean_shortcode_after_footer_bottom":"","ocean_display_top_bar":"default","ocean_display_header":"default","ocean_header_style":"","ocean_center_header_left_menu":"0","ocean_custom_header_template":"0","ocean_custom_logo":0,"ocean_custom_retina_logo":0,"ocean_custom_logo_max_width":0,"ocean_custom_logo_tablet_max_width":0,"ocean_custom_logo_mobile_max_width":0,"ocean_custom_logo_max_height":0,"ocean_custom_logo_tablet_max_height":0,"ocean_custom_logo_mobile_max_height":0,"ocean_header_custom_menu":"0","ocean_menu_typo_font_family":"0","ocean_menu_typo_font_subset":"","ocean_menu_typo_font_size":0,"ocean_menu_typo_font_size_tablet":0,"ocean_menu_typo_font_size_mobile":0,"ocean_menu_typo_font_size_unit":"px","ocean_menu_typo_font_weight":"","ocean_menu_typo_font_weight_tablet":"","ocean_menu_typo_font_weight_mobile":"","ocean_menu_typo_transform":"","ocean_menu_typo_transform_tablet":"","ocean_menu_typo_transform_mobile":"","ocean_menu_typo_line_height":0,"ocean_menu_typo_line_height_tablet":0,"ocean_menu_typo_line_height_mobile":0,"ocean_menu_typo_line_height_unit":"","ocean_menu_typo_spacing":0,"ocean_menu_typo_spacing_tablet":0,"ocean_menu_typo_spacing_mobile":0,"ocean_menu_typo_spacing_unit":"","ocean_menu_link_color":"","ocean_menu_link_color_hover":"","ocean_menu_link_color_active":"","ocean_menu_link_background":"","ocean_menu_link_hover_background":"","ocean_menu_link_active_background":"","ocean_menu_social_links_bg":"","ocean_menu_social_hover_links_bg":"","ocean_menu_social_links_color":"","ocean_menu_social_hover_links_color":"","ocean_disable_title":"on","ocean_disable_heading":"default","ocean_post_title":"","ocean_post_subheading":"","ocean_post_title_style":"","ocean_post_title_background_color":"","ocean_post_title_background":0,"ocean_post_title_bg_image_position":"","ocean_post_title_bg_image_attachment":"","ocean_post_title_bg_image_repeat":"","ocean_post_title_bg_image_size":"","ocean_post_title_height":0,"ocean_post_title_bg_overlay":0.5,"ocean_post_title_bg_overlay_color":"","ocean_disable_breadcrumbs":"off","ocean_breadcrumbs_color":"","ocean_breadcrumbs_separator_color":"","ocean_breadcrumbs_links_color":"","ocean_breadcrumbs_links_hover_color":"","ocean_display_footer_widgets":"default","ocean_display_footer_bottom":"default","ocean_custom_footer_template":"0","footnotes":""},"aioseo_notices":[],"_links":{"self":[{"href":"https:\/\/cover-flip.com\/cs\/wp-json\/wp\/v2\/pages\/985"}],"collection":[{"href":"https:\/\/cover-flip.com\/cs\/wp-json\/wp\/v2\/pages"}],"about":[{"href":"https:\/\/cover-flip.com\/cs\/wp-json\/wp\/v2\/types\/page"}],"author":[{"embeddable":true,"href":"https:\/\/cover-flip.com\/cs\/wp-json\/wp\/v2\/users\/2"}],"replies":[{"embeddable":true,"href":"https:\/\/cover-flip.com\/cs\/wp-json\/wp\/v2\/comments?post=985"}],"version-history":[{"count":2,"href":"https:\/\/cover-flip.com\/cs\/wp-json\/wp\/v2\/pages\/985\/revisions"}],"predecessor-version":[{"id":1273,"href":"https:\/\/cover-flip.com\/cs\/wp-json\/wp\/v2\/pages\/985\/revisions\/1273"}],"wp:attachment":[{"href":"https:\/\/cover-flip.com\/cs\/wp-json\/wp\/v2\/media?parent=985"}],"curies":[{"name":"wp","href":"https:\/\/api.w.org\/{rel}","templated":true}]}}